{"id":5161,"date":"2025-11-12T09:43:24","date_gmt":"2025-11-12T08:43:24","guid":{"rendered":"https:\/\/abstyleitalia.it\/?post_type=product&#038;p=5161"},"modified":"2025-11-12T09:45:14","modified_gmt":"2025-11-12T08:45:14","slug":"fresh-it-primer-pre-shampoo-suave","status":"publish","type":"product","link":"https:\/\/abstyleitalia.it\/pt-pt\/products\/treatments-pt\/nectar-oil-pt\/fresh-it-primer-pre-shampoo-suave\/","title":{"rendered":"Fresh It \u2013 Primer Pr\u00e9-Shampoo Suave"},"content":{"rendered":"<ul>\n<li style=\"font-weight: 400;\" aria-level=\"1\"><span style=\"font-weight: 400;\">Enriquecido com \u00d3leo Essencial de Melaleuca: purificante e refrescante, para um couro cabeludo que volta a respirar.<\/span><\/li>\n<li style=\"font-weight: 400;\" aria-level=\"1\"><span style=\"font-weight: 400;\">Remove impurezas e ac\u00famulos invis\u00edveis que o shampoo sozinho n\u00e3o consegue eliminar.<\/span><\/li>\n<li style=\"font-weight: 400;\" aria-level=\"1\"><span style=\"font-weight: 400;\">Proporciona uma sensa\u00e7\u00e3o imediata de leveza e frescor.<\/span><\/li>\n<li style=\"font-weight: 400;\" aria-level=\"1\"><span style=\"font-weight: 400;\">Primeiro passo fundamental para ampliar os benef\u00edcios dos tratamentos seguintes das linhas Pure e Nectar Oil.<\/span><\/li>\n<\/ul>\n","protected":false},"excerpt":{"rendered":"<p><span style=\"font-weight: 400;\">Smog, sebo, res\u00edduos de produtos: inimigos invis\u00edveis que sufocam o couro cabeludo e apagam o brilho dos cabelos. <strong>Fresh It<\/strong> \u00e9 a resposta imediata. Um primer pr\u00e9-shampoo suave, por\u00e9m poderoso, que libera a pele do couro cabeludo e devolve aos cabelos nova energia e vitalidade.<\/span><\/p>\n<p><span style=\"font-weight: 400;\">150 ml<\/span><\/p>\n","protected":false},"featured_media":5164,"comment_status":"closed","ping_status":"closed","template":"","meta":[],"product_brand":[],"product_cat":[431,432,433,434,435,436,437,440,439],"product_tag":[],"class_list":{"0":"post-5161","1":"product","2":"type-product","3":"status-publish","4":"has-post-thumbnail","6":"product_cat-nectar-oil-pt","7":"product_cat-pure-color-pt","8":"product_cat-pure-curl-pt","9":"product_cat-pure-intensive-pt","10":"product_cat-pure-liss-pt","11":"product_cat-pure-nutri-pt","12":"product_cat-pure-remove-pt","13":"product_cat-silver-pt","14":"product_cat-treit-pt","15":"description-off","17":"first","18":"instock","19":"shipping-taxable","20":"product-type-simple"},"yoast_head":"<!-- This site is optimized with the Yoast SEO plugin v26.8 - https:\/\/yoast.com\/product\/yoast-seo-wordpress\/ -->\n<title>Fresh It \u2013 Primer Pr\u00e9-Shampoo Suave<\/title>\n<meta name=\"description\" content=\"Fresh It \u00e9 a resposta imediata. Um primer pr\u00e9-shampoo suave, por\u00e9m poderoso, que libera a pele do couro cabeludo e devolve aos cabelos nova energia e vitalidade.\" \/>\n<meta name=\"robots\" content=\"index, follow, max-snippet:-1, max-image-preview:large, max-video-preview:-1\" \/>\n<link rel=\"canonical\" href=\"https:\/\/abstyleitalia.it\/pt-pt\/products\/treatments-pt\/nectar-oil-pt\/fresh-it-primer-pre-shampoo-suave\/\" \/>\n<meta property=\"og:locale\" content=\"pt_PT\" \/>\n<meta property=\"og:type\" content=\"article\" \/>\n<meta property=\"og:title\" content=\"Fresh It \u2013 Primer Pr\u00e9-Shampoo Suave\" \/>\n<meta property=\"og:description\" content=\"Fresh It \u00e9 a resposta imediata. Um primer pr\u00e9-shampoo suave, por\u00e9m poderoso, que libera a pele do couro cabeludo e devolve aos cabelos nova energia e vitalidade.\" \/>\n<meta property=\"og:url\" content=\"https:\/\/abstyleitalia.it\/pt-pt\/products\/treatments-pt\/nectar-oil-pt\/fresh-it-primer-pre-shampoo-suave\/\" \/>\n<meta property=\"og:site_name\" content=\"ABstyle\" \/>\n<meta property=\"article:modified_time\" content=\"2025-11-12T08:45:14+00:00\" \/>\n<meta property=\"og:image\" content=\"https:\/\/abstyleitalia.it\/wp-content\/uploads\/2025\/11\/fresh-it-.png\" \/>\n\t<meta property=\"og:image:width\" content=\"600\" \/>\n\t<meta property=\"og:image:height\" content=\"600\" \/>\n\t<meta property=\"og:image:type\" content=\"image\/png\" \/>\n<meta name=\"twitter:card\" content=\"summary_large_image\" \/>\n<script type=\"application\/ld+json\" class=\"yoast-schema-graph\">{\"@context\":\"https:\/\/schema.org\",\"@graph\":[{\"@type\":\"WebPage\",\"@id\":\"https:\/\/abstyleitalia.it\/pt-pt\/products\/treatments-pt\/nectar-oil-pt\/fresh-it-primer-pre-shampoo-suave\/\",\"url\":\"https:\/\/abstyleitalia.it\/pt-pt\/products\/treatments-pt\/nectar-oil-pt\/fresh-it-primer-pre-shampoo-suave\/\",\"name\":\"Fresh It \u2013 Primer Pr\u00e9-Shampoo Suave\",\"isPartOf\":{\"@id\":\"https:\/\/abstyleitalia.it\/pt-pt\/#website\"},\"primaryImageOfPage\":{\"@id\":\"https:\/\/abstyleitalia.it\/pt-pt\/products\/treatments-pt\/nectar-oil-pt\/fresh-it-primer-pre-shampoo-suave\/#primaryimage\"},\"image\":{\"@id\":\"https:\/\/abstyleitalia.it\/pt-pt\/products\/treatments-pt\/nectar-oil-pt\/fresh-it-primer-pre-shampoo-suave\/#primaryimage\"},\"thumbnailUrl\":\"https:\/\/abstyleitalia.it\/wp-content\/uploads\/2025\/11\/fresh-it-.png\",\"datePublished\":\"2025-11-12T08:43:24+00:00\",\"dateModified\":\"2025-11-12T08:45:14+00:00\",\"description\":\"Fresh It \u00e9 a resposta imediata. Um primer pr\u00e9-shampoo suave, por\u00e9m poderoso, que libera a pele do couro cabeludo e devolve aos cabelos nova energia e vitalidade.\",\"breadcrumb\":{\"@id\":\"https:\/\/abstyleitalia.it\/pt-pt\/products\/treatments-pt\/nectar-oil-pt\/fresh-it-primer-pre-shampoo-suave\/#breadcrumb\"},\"inLanguage\":\"pt-PT\",\"potentialAction\":[{\"@type\":\"ReadAction\",\"target\":[\"https:\/\/abstyleitalia.it\/pt-pt\/products\/treatments-pt\/nectar-oil-pt\/fresh-it-primer-pre-shampoo-suave\/\"]}]},{\"@type\":\"ImageObject\",\"inLanguage\":\"pt-PT\",\"@id\":\"https:\/\/abstyleitalia.it\/pt-pt\/products\/treatments-pt\/nectar-oil-pt\/fresh-it-primer-pre-shampoo-suave\/#primaryimage\",\"url\":\"https:\/\/abstyleitalia.it\/wp-content\/uploads\/2025\/11\/fresh-it-.png\",\"contentUrl\":\"https:\/\/abstyleitalia.it\/wp-content\/uploads\/2025\/11\/fresh-it-.png\",\"width\":600,\"height\":600},{\"@type\":\"BreadcrumbList\",\"@id\":\"https:\/\/abstyleitalia.it\/pt-pt\/products\/treatments-pt\/nectar-oil-pt\/fresh-it-primer-pre-shampoo-suave\/#breadcrumb\",\"itemListElement\":[{\"@type\":\"ListItem\",\"position\":1,\"name\":\"Home\",\"item\":\"https:\/\/abstyleitalia.it\/pt-pt\/\"},{\"@type\":\"ListItem\",\"position\":2,\"name\":\"Produtos\",\"item\":\"https:\/\/abstyleitalia.it\/pt-pt\/produtos\/\"},{\"@type\":\"ListItem\",\"position\":3,\"name\":\"Fresh It \u2013 Primer Pr\u00e9-Shampoo Suave\"}]},{\"@type\":\"WebSite\",\"@id\":\"https:\/\/abstyleitalia.it\/pt-pt\/#website\",\"url\":\"https:\/\/abstyleitalia.it\/pt-pt\/\",\"name\":\"ABstyle\",\"description\":\"One more time for you\",\"publisher\":{\"@id\":\"https:\/\/abstyleitalia.it\/pt-pt\/#organization\"},\"potentialAction\":[{\"@type\":\"SearchAction\",\"target\":{\"@type\":\"EntryPoint\",\"urlTemplate\":\"https:\/\/abstyleitalia.it\/pt-pt\/?s={search_term_string}\"},\"query-input\":{\"@type\":\"PropertyValueSpecification\",\"valueRequired\":true,\"valueName\":\"search_term_string\"}}],\"inLanguage\":\"pt-PT\"},{\"@type\":\"Organization\",\"@id\":\"https:\/\/abstyleitalia.it\/pt-pt\/#organization\",\"name\":\"ABSTYLE\",\"url\":\"https:\/\/abstyleitalia.it\/pt-pt\/\",\"logo\":{\"@type\":\"ImageObject\",\"inLanguage\":\"pt-PT\",\"@id\":\"https:\/\/abstyleitalia.it\/pt-pt\/#\/schema\/logo\/image\/\",\"url\":\"https:\/\/abstyleitalia.it\/wp-content\/uploads\/2017\/11\/ab-style-logo-76x76.png\",\"contentUrl\":\"https:\/\/abstyleitalia.it\/wp-content\/uploads\/2017\/11\/ab-style-logo-76x76.png\",\"width\":76,\"height\":76,\"caption\":\"ABSTYLE\"},\"image\":{\"@id\":\"https:\/\/abstyleitalia.it\/pt-pt\/#\/schema\/logo\/image\/\"}}]}<\/script>\n<!-- \/ Yoast SEO plugin. -->","yoast_head_json":{"title":"Fresh It \u2013 Primer Pr\u00e9-Shampoo Suave","description":"Fresh It \u00e9 a resposta imediata. Um primer pr\u00e9-shampoo suave, por\u00e9m poderoso, que libera a pele do couro cabeludo e devolve aos cabelos nova energia e vitalidade.","robots":{"index":"index","follow":"follow","max-snippet":"max-snippet:-1","max-image-preview":"max-image-preview:large","max-video-preview":"max-video-preview:-1"},"canonical":"https:\/\/abstyleitalia.it\/pt-pt\/products\/treatments-pt\/nectar-oil-pt\/fresh-it-primer-pre-shampoo-suave\/","og_locale":"pt_PT","og_type":"article","og_title":"Fresh It \u2013 Primer Pr\u00e9-Shampoo Suave","og_description":"Fresh It \u00e9 a resposta imediata. Um primer pr\u00e9-shampoo suave, por\u00e9m poderoso, que libera a pele do couro cabeludo e devolve aos cabelos nova energia e vitalidade.","og_url":"https:\/\/abstyleitalia.it\/pt-pt\/products\/treatments-pt\/nectar-oil-pt\/fresh-it-primer-pre-shampoo-suave\/","og_site_name":"ABstyle","article_modified_time":"2025-11-12T08:45:14+00:00","og_image":[{"width":600,"height":600,"url":"https:\/\/abstyleitalia.it\/wp-content\/uploads\/2025\/11\/fresh-it-.png","type":"image\/png"}],"twitter_card":"summary_large_image","schema":{"@context":"https:\/\/schema.org","@graph":[{"@type":"WebPage","@id":"https:\/\/abstyleitalia.it\/pt-pt\/products\/treatments-pt\/nectar-oil-pt\/fresh-it-primer-pre-shampoo-suave\/","url":"https:\/\/abstyleitalia.it\/pt-pt\/products\/treatments-pt\/nectar-oil-pt\/fresh-it-primer-pre-shampoo-suave\/","name":"Fresh It \u2013 Primer Pr\u00e9-Shampoo Suave","isPartOf":{"@id":"https:\/\/abstyleitalia.it\/pt-pt\/#website"},"primaryImageOfPage":{"@id":"https:\/\/abstyleitalia.it\/pt-pt\/products\/treatments-pt\/nectar-oil-pt\/fresh-it-primer-pre-shampoo-suave\/#primaryimage"},"image":{"@id":"https:\/\/abstyleitalia.it\/pt-pt\/products\/treatments-pt\/nectar-oil-pt\/fresh-it-primer-pre-shampoo-suave\/#primaryimage"},"thumbnailUrl":"https:\/\/abstyleitalia.it\/wp-content\/uploads\/2025\/11\/fresh-it-.png","datePublished":"2025-11-12T08:43:24+00:00","dateModified":"2025-11-12T08:45:14+00:00","description":"Fresh It \u00e9 a resposta imediata. Um primer pr\u00e9-shampoo suave, por\u00e9m poderoso, que libera a pele do couro cabeludo e devolve aos cabelos nova energia e vitalidade.","breadcrumb":{"@id":"https:\/\/abstyleitalia.it\/pt-pt\/products\/treatments-pt\/nectar-oil-pt\/fresh-it-primer-pre-shampoo-suave\/#breadcrumb"},"inLanguage":"pt-PT","potentialAction":[{"@type":"ReadAction","target":["https:\/\/abstyleitalia.it\/pt-pt\/products\/treatments-pt\/nectar-oil-pt\/fresh-it-primer-pre-shampoo-suave\/"]}]},{"@type":"ImageObject","inLanguage":"pt-PT","@id":"https:\/\/abstyleitalia.it\/pt-pt\/products\/treatments-pt\/nectar-oil-pt\/fresh-it-primer-pre-shampoo-suave\/#primaryimage","url":"https:\/\/abstyleitalia.it\/wp-content\/uploads\/2025\/11\/fresh-it-.png","contentUrl":"https:\/\/abstyleitalia.it\/wp-content\/uploads\/2025\/11\/fresh-it-.png","width":600,"height":600},{"@type":"BreadcrumbList","@id":"https:\/\/abstyleitalia.it\/pt-pt\/products\/treatments-pt\/nectar-oil-pt\/fresh-it-primer-pre-shampoo-suave\/#breadcrumb","itemListElement":[{"@type":"ListItem","position":1,"name":"Home","item":"https:\/\/abstyleitalia.it\/pt-pt\/"},{"@type":"ListItem","position":2,"name":"Produtos","item":"https:\/\/abstyleitalia.it\/pt-pt\/produtos\/"},{"@type":"ListItem","position":3,"name":"Fresh It \u2013 Primer Pr\u00e9-Shampoo Suave"}]},{"@type":"WebSite","@id":"https:\/\/abstyleitalia.it\/pt-pt\/#website","url":"https:\/\/abstyleitalia.it\/pt-pt\/","name":"ABstyle","description":"One more time for you","publisher":{"@id":"https:\/\/abstyleitalia.it\/pt-pt\/#organization"},"potentialAction":[{"@type":"SearchAction","target":{"@type":"EntryPoint","urlTemplate":"https:\/\/abstyleitalia.it\/pt-pt\/?s={search_term_string}"},"query-input":{"@type":"PropertyValueSpecification","valueRequired":true,"valueName":"search_term_string"}}],"inLanguage":"pt-PT"},{"@type":"Organization","@id":"https:\/\/abstyleitalia.it\/pt-pt\/#organization","name":"ABSTYLE","url":"https:\/\/abstyleitalia.it\/pt-pt\/","logo":{"@type":"ImageObject","inLanguage":"pt-PT","@id":"https:\/\/abstyleitalia.it\/pt-pt\/#\/schema\/logo\/image\/","url":"https:\/\/abstyleitalia.it\/wp-content\/uploads\/2017\/11\/ab-style-logo-76x76.png","contentUrl":"https:\/\/abstyleitalia.it\/wp-content\/uploads\/2017\/11\/ab-style-logo-76x76.png","width":76,"height":76,"caption":"ABSTYLE"},"image":{"@id":"https:\/\/abstyleitalia.it\/pt-pt\/#\/schema\/logo\/image\/"}}]}},"_links":{"self":[{"href":"https:\/\/abstyleitalia.it\/pt-pt\/wp-json\/wp\/v2\/product\/5161","targetHints":{"allow":["GET"]}}],"collection":[{"href":"https:\/\/abstyleitalia.it\/pt-pt\/wp-json\/wp\/v2\/product"}],"about":[{"href":"https:\/\/abstyleitalia.it\/pt-pt\/wp-json\/wp\/v2\/types\/product"}],"replies":[{"embeddable":true,"href":"https:\/\/abstyleitalia.it\/pt-pt\/wp-json\/wp\/v2\/comments?post=5161"}],"wp:featuredmedia":[{"embeddable":true,"href":"https:\/\/abstyleitalia.it\/pt-pt\/wp-json\/wp\/v2\/media\/5164"}],"wp:attachment":[{"href":"https:\/\/abstyleitalia.it\/pt-pt\/wp-json\/wp\/v2\/media?parent=5161"}],"wp:term":[{"taxonomy":"product_brand","embeddable":true,"href":"https:\/\/abstyleitalia.it\/pt-pt\/wp-json\/wp\/v2\/product_brand?post=5161"},{"taxonomy":"product_cat","embeddable":true,"href":"https:\/\/abstyleitalia.it\/pt-pt\/wp-json\/wp\/v2\/product_cat?post=5161"},{"taxonomy":"product_tag","embeddable":true,"href":"https:\/\/abstyleitalia.it\/pt-pt\/wp-json\/wp\/v2\/product_tag?post=5161"}],"curies":[{"name":"wp","href":"https:\/\/api.w.org\/{rel}","templated":true}]}}