{"id":5108,"date":"2024-11-06T10:02:50","date_gmt":"2024-10-29T13:56:16","guid":{"rendered":"https:\/\/abstyleitalia.it\/?post_type=product&#038;p=5108"},"modified":"2024-11-06T10:09:21","modified_gmt":"2024-11-06T09:09:21","slug":"wave-style-neutralizante-cosmetico","status":"publish","type":"product","link":"https:\/\/abstyleitalia.it\/pt-pt\/products\/salon-technics-pt\/permanente-pt\/wave-style-neutralizante-cosmetico\/","title":{"rendered":"Wave Style Neutralizante cosm\u00e9tico"},"content":{"rendered":"<p>Garante uma <strong>fixa\u00e7\u00e3o perfeita<\/strong><\/p>\n<p>Indicado para<strong> todos os tipos de cabelo<\/strong><\/p>\n","protected":false},"excerpt":{"rendered":"<p>O neutralizante <strong>Wave Style<\/strong> \u00e9 uma lo\u00e7\u00e3o especialmente formulada para <strong>permanentes<\/strong>.<\/p>\n<p>Gra\u00e7as \u00e0 sua composi\u00e7\u00e3o enriquecida com <strong>ch\u00e1 verde<\/strong>, neutraliza os res\u00edduos alcalinos, garantindo <strong>ondas impec\u00e1veis<\/strong>.<\/p>\n<p>&nbsp;<\/p>\n<p>Formato de 1000 ml<\/p>\n","protected":false},"featured_media":5120,"comment_status":"closed","ping_status":"closed","template":"","meta":[],"product_brand":[],"product_cat":[429,425],"product_tag":[],"class_list":{"0":"post-5108","1":"product","2":"type-product","3":"status-publish","4":"has-post-thumbnail","6":"product_cat-permanente-pt","7":"product_cat-salon-technics-pt","8":"description-off","10":"first","11":"instock","12":"shipping-taxable","13":"product-type-simple"},"yoast_head":"<!-- This site is optimized with the Yoast SEO plugin v26.8 - https:\/\/yoast.com\/product\/yoast-seo-wordpress\/ -->\n<title>ABstyle | Wave Style Neutralizante cosm\u00e9tico<\/title>\n<meta name=\"description\" content=\"O neutralizante cosm\u00e9tico Wave Style \u00e9 uma lo\u00e7\u00e3o especialmente formulada para permanentes.\" \/>\n<meta name=\"robots\" content=\"index, follow, max-snippet:-1, max-image-preview:large, max-video-preview:-1\" \/>\n<link rel=\"canonical\" href=\"https:\/\/abstyleitalia.it\/pt-pt\/products\/salon-technics-pt\/permanente-pt\/wave-style-neutralizante-cosmetico\/\" \/>\n<meta property=\"og:locale\" content=\"pt_PT\" \/>\n<meta property=\"og:type\" content=\"article\" \/>\n<meta property=\"og:title\" content=\"ABstyle | Wave Style Neutralizante cosm\u00e9tico\" \/>\n<meta property=\"og:description\" content=\"O neutralizante cosm\u00e9tico Wave Style \u00e9 uma lo\u00e7\u00e3o especialmente formulada para permanentes.\" \/>\n<meta property=\"og:url\" content=\"https:\/\/abstyleitalia.it\/pt-pt\/products\/salon-technics-pt\/permanente-pt\/wave-style-neutralizante-cosmetico\/\" \/>\n<meta property=\"og:site_name\" content=\"ABstyle\" \/>\n<meta property=\"article:modified_time\" content=\"2024-11-06T09:09:21+00:00\" \/>\n<meta property=\"og:image\" content=\"https:\/\/abstyleitalia.it\/wp-content\/uploads\/2024\/10\/31014_abstyle_wavestyle_cosmetic_neutralizer_fix_1000ml.png\" \/>\n\t<meta property=\"og:image:width\" content=\"800\" \/>\n\t<meta property=\"og:image:height\" content=\"800\" \/>\n\t<meta property=\"og:image:type\" content=\"image\/png\" \/>\n<meta name=\"twitter:card\" content=\"summary_large_image\" \/>\n<meta name=\"twitter:label1\" content=\"Tempo estimado de leitura\" \/>\n\t<meta name=\"twitter:data1\" content=\"1 minuto\" \/>\n<script type=\"application\/ld+json\" class=\"yoast-schema-graph\">{\"@context\":\"https:\/\/schema.org\",\"@graph\":[{\"@type\":\"WebPage\",\"@id\":\"https:\/\/abstyleitalia.it\/pt-pt\/products\/salon-technics-pt\/permanente-pt\/wave-style-neutralizante-cosmetico\/\",\"url\":\"https:\/\/abstyleitalia.it\/pt-pt\/products\/salon-technics-pt\/permanente-pt\/wave-style-neutralizante-cosmetico\/\",\"name\":\"ABstyle | Wave Style Neutralizante cosm\u00e9tico\",\"isPartOf\":{\"@id\":\"https:\/\/abstyleitalia.it\/pt-pt\/#website\"},\"primaryImageOfPage\":{\"@id\":\"https:\/\/abstyleitalia.it\/pt-pt\/products\/salon-technics-pt\/permanente-pt\/wave-style-neutralizante-cosmetico\/#primaryimage\"},\"image\":{\"@id\":\"https:\/\/abstyleitalia.it\/pt-pt\/products\/salon-technics-pt\/permanente-pt\/wave-style-neutralizante-cosmetico\/#primaryimage\"},\"thumbnailUrl\":\"https:\/\/abstyleitalia.it\/wp-content\/uploads\/2024\/10\/31014_abstyle_wavestyle_cosmetic_neutralizer_fix_1000ml.png\",\"datePublished\":\"2024-10-29T13:56:16+00:00\",\"dateModified\":\"2024-11-06T09:09:21+00:00\",\"description\":\"O neutralizante cosm\u00e9tico Wave Style \u00e9 uma lo\u00e7\u00e3o especialmente formulada para permanentes.\",\"breadcrumb\":{\"@id\":\"https:\/\/abstyleitalia.it\/pt-pt\/products\/salon-technics-pt\/permanente-pt\/wave-style-neutralizante-cosmetico\/#breadcrumb\"},\"inLanguage\":\"pt-PT\",\"potentialAction\":[{\"@type\":\"ReadAction\",\"target\":[\"https:\/\/abstyleitalia.it\/pt-pt\/products\/salon-technics-pt\/permanente-pt\/wave-style-neutralizante-cosmetico\/\"]}]},{\"@type\":\"ImageObject\",\"inLanguage\":\"pt-PT\",\"@id\":\"https:\/\/abstyleitalia.it\/pt-pt\/products\/salon-technics-pt\/permanente-pt\/wave-style-neutralizante-cosmetico\/#primaryimage\",\"url\":\"https:\/\/abstyleitalia.it\/wp-content\/uploads\/2024\/10\/31014_abstyle_wavestyle_cosmetic_neutralizer_fix_1000ml.png\",\"contentUrl\":\"https:\/\/abstyleitalia.it\/wp-content\/uploads\/2024\/10\/31014_abstyle_wavestyle_cosmetic_neutralizer_fix_1000ml.png\",\"width\":800,\"height\":800},{\"@type\":\"BreadcrumbList\",\"@id\":\"https:\/\/abstyleitalia.it\/pt-pt\/products\/salon-technics-pt\/permanente-pt\/wave-style-neutralizante-cosmetico\/#breadcrumb\",\"itemListElement\":[{\"@type\":\"ListItem\",\"position\":1,\"name\":\"Home\",\"item\":\"https:\/\/abstyleitalia.it\/pt-pt\/\"},{\"@type\":\"ListItem\",\"position\":2,\"name\":\"Produtos\",\"item\":\"https:\/\/abstyleitalia.it\/pt-pt\/produtos\/\"},{\"@type\":\"ListItem\",\"position\":3,\"name\":\"Wave Style Neutralizante cosm\u00e9tico\"}]},{\"@type\":\"WebSite\",\"@id\":\"https:\/\/abstyleitalia.it\/pt-pt\/#website\",\"url\":\"https:\/\/abstyleitalia.it\/pt-pt\/\",\"name\":\"ABstyle\",\"description\":\"One more time for you\",\"publisher\":{\"@id\":\"https:\/\/abstyleitalia.it\/pt-pt\/#organization\"},\"potentialAction\":[{\"@type\":\"SearchAction\",\"target\":{\"@type\":\"EntryPoint\",\"urlTemplate\":\"https:\/\/abstyleitalia.it\/pt-pt\/?s={search_term_string}\"},\"query-input\":{\"@type\":\"PropertyValueSpecification\",\"valueRequired\":true,\"valueName\":\"search_term_string\"}}],\"inLanguage\":\"pt-PT\"},{\"@type\":\"Organization\",\"@id\":\"https:\/\/abstyleitalia.it\/pt-pt\/#organization\",\"name\":\"ABSTYLE\",\"url\":\"https:\/\/abstyleitalia.it\/pt-pt\/\",\"logo\":{\"@type\":\"ImageObject\",\"inLanguage\":\"pt-PT\",\"@id\":\"https:\/\/abstyleitalia.it\/pt-pt\/#\/schema\/logo\/image\/\",\"url\":\"https:\/\/abstyleitalia.it\/wp-content\/uploads\/2017\/11\/ab-style-logo-76x76.png\",\"contentUrl\":\"https:\/\/abstyleitalia.it\/wp-content\/uploads\/2017\/11\/ab-style-logo-76x76.png\",\"width\":76,\"height\":76,\"caption\":\"ABSTYLE\"},\"image\":{\"@id\":\"https:\/\/abstyleitalia.it\/pt-pt\/#\/schema\/logo\/image\/\"}}]}<\/script>\n<!-- \/ Yoast SEO plugin. -->","yoast_head_json":{"title":"ABstyle | Wave Style Neutralizante cosm\u00e9tico","description":"O neutralizante cosm\u00e9tico Wave Style \u00e9 uma lo\u00e7\u00e3o especialmente formulada para permanentes.","robots":{"index":"index","follow":"follow","max-snippet":"max-snippet:-1","max-image-preview":"max-image-preview:large","max-video-preview":"max-video-preview:-1"},"canonical":"https:\/\/abstyleitalia.it\/pt-pt\/products\/salon-technics-pt\/permanente-pt\/wave-style-neutralizante-cosmetico\/","og_locale":"pt_PT","og_type":"article","og_title":"ABstyle | Wave Style Neutralizante cosm\u00e9tico","og_description":"O neutralizante cosm\u00e9tico Wave Style \u00e9 uma lo\u00e7\u00e3o especialmente formulada para permanentes.","og_url":"https:\/\/abstyleitalia.it\/pt-pt\/products\/salon-technics-pt\/permanente-pt\/wave-style-neutralizante-cosmetico\/","og_site_name":"ABstyle","article_modified_time":"2024-11-06T09:09:21+00:00","og_image":[{"width":800,"height":800,"url":"https:\/\/abstyleitalia.it\/wp-content\/uploads\/2024\/10\/31014_abstyle_wavestyle_cosmetic_neutralizer_fix_1000ml.png","type":"image\/png"}],"twitter_card":"summary_large_image","twitter_misc":{"Tempo estimado de leitura":"1 minuto"},"schema":{"@context":"https:\/\/schema.org","@graph":[{"@type":"WebPage","@id":"https:\/\/abstyleitalia.it\/pt-pt\/products\/salon-technics-pt\/permanente-pt\/wave-style-neutralizante-cosmetico\/","url":"https:\/\/abstyleitalia.it\/pt-pt\/products\/salon-technics-pt\/permanente-pt\/wave-style-neutralizante-cosmetico\/","name":"ABstyle | Wave Style Neutralizante cosm\u00e9tico","isPartOf":{"@id":"https:\/\/abstyleitalia.it\/pt-pt\/#website"},"primaryImageOfPage":{"@id":"https:\/\/abstyleitalia.it\/pt-pt\/products\/salon-technics-pt\/permanente-pt\/wave-style-neutralizante-cosmetico\/#primaryimage"},"image":{"@id":"https:\/\/abstyleitalia.it\/pt-pt\/products\/salon-technics-pt\/permanente-pt\/wave-style-neutralizante-cosmetico\/#primaryimage"},"thumbnailUrl":"https:\/\/abstyleitalia.it\/wp-content\/uploads\/2024\/10\/31014_abstyle_wavestyle_cosmetic_neutralizer_fix_1000ml.png","datePublished":"2024-10-29T13:56:16+00:00","dateModified":"2024-11-06T09:09:21+00:00","description":"O neutralizante cosm\u00e9tico Wave Style \u00e9 uma lo\u00e7\u00e3o especialmente formulada para permanentes.","breadcrumb":{"@id":"https:\/\/abstyleitalia.it\/pt-pt\/products\/salon-technics-pt\/permanente-pt\/wave-style-neutralizante-cosmetico\/#breadcrumb"},"inLanguage":"pt-PT","potentialAction":[{"@type":"ReadAction","target":["https:\/\/abstyleitalia.it\/pt-pt\/products\/salon-technics-pt\/permanente-pt\/wave-style-neutralizante-cosmetico\/"]}]},{"@type":"ImageObject","inLanguage":"pt-PT","@id":"https:\/\/abstyleitalia.it\/pt-pt\/products\/salon-technics-pt\/permanente-pt\/wave-style-neutralizante-cosmetico\/#primaryimage","url":"https:\/\/abstyleitalia.it\/wp-content\/uploads\/2024\/10\/31014_abstyle_wavestyle_cosmetic_neutralizer_fix_1000ml.png","contentUrl":"https:\/\/abstyleitalia.it\/wp-content\/uploads\/2024\/10\/31014_abstyle_wavestyle_cosmetic_neutralizer_fix_1000ml.png","width":800,"height":800},{"@type":"BreadcrumbList","@id":"https:\/\/abstyleitalia.it\/pt-pt\/products\/salon-technics-pt\/permanente-pt\/wave-style-neutralizante-cosmetico\/#breadcrumb","itemListElement":[{"@type":"ListItem","position":1,"name":"Home","item":"https:\/\/abstyleitalia.it\/pt-pt\/"},{"@type":"ListItem","position":2,"name":"Produtos","item":"https:\/\/abstyleitalia.it\/pt-pt\/produtos\/"},{"@type":"ListItem","position":3,"name":"Wave Style Neutralizante cosm\u00e9tico"}]},{"@type":"WebSite","@id":"https:\/\/abstyleitalia.it\/pt-pt\/#website","url":"https:\/\/abstyleitalia.it\/pt-pt\/","name":"ABstyle","description":"One more time for you","publisher":{"@id":"https:\/\/abstyleitalia.it\/pt-pt\/#organization"},"potentialAction":[{"@type":"SearchAction","target":{"@type":"EntryPoint","urlTemplate":"https:\/\/abstyleitalia.it\/pt-pt\/?s={search_term_string}"},"query-input":{"@type":"PropertyValueSpecification","valueRequired":true,"valueName":"search_term_string"}}],"inLanguage":"pt-PT"},{"@type":"Organization","@id":"https:\/\/abstyleitalia.it\/pt-pt\/#organization","name":"ABSTYLE","url":"https:\/\/abstyleitalia.it\/pt-pt\/","logo":{"@type":"ImageObject","inLanguage":"pt-PT","@id":"https:\/\/abstyleitalia.it\/pt-pt\/#\/schema\/logo\/image\/","url":"https:\/\/abstyleitalia.it\/wp-content\/uploads\/2017\/11\/ab-style-logo-76x76.png","contentUrl":"https:\/\/abstyleitalia.it\/wp-content\/uploads\/2017\/11\/ab-style-logo-76x76.png","width":76,"height":76,"caption":"ABSTYLE"},"image":{"@id":"https:\/\/abstyleitalia.it\/pt-pt\/#\/schema\/logo\/image\/"}}]}},"_links":{"self":[{"href":"https:\/\/abstyleitalia.it\/pt-pt\/wp-json\/wp\/v2\/product\/5108","targetHints":{"allow":["GET"]}}],"collection":[{"href":"https:\/\/abstyleitalia.it\/pt-pt\/wp-json\/wp\/v2\/product"}],"about":[{"href":"https:\/\/abstyleitalia.it\/pt-pt\/wp-json\/wp\/v2\/types\/product"}],"replies":[{"embeddable":true,"href":"https:\/\/abstyleitalia.it\/pt-pt\/wp-json\/wp\/v2\/comments?post=5108"}],"wp:featuredmedia":[{"embeddable":true,"href":"https:\/\/abstyleitalia.it\/pt-pt\/wp-json\/wp\/v2\/media\/5120"}],"wp:attachment":[{"href":"https:\/\/abstyleitalia.it\/pt-pt\/wp-json\/wp\/v2\/media?parent=5108"}],"wp:term":[{"taxonomy":"product_brand","embeddable":true,"href":"https:\/\/abstyleitalia.it\/pt-pt\/wp-json\/wp\/v2\/product_brand?post=5108"},{"taxonomy":"product_cat","embeddable":true,"href":"https:\/\/abstyleitalia.it\/pt-pt\/wp-json\/wp\/v2\/product_cat?post=5108"},{"taxonomy":"product_tag","embeddable":true,"href":"https:\/\/abstyleitalia.it\/pt-pt\/wp-json\/wp\/v2\/product_tag?post=5108"}],"curies":[{"name":"wp","href":"https:\/\/api.w.org\/{rel}","templated":true}]}}