{"id":5105,"date":"2024-11-06T10:02:50","date_gmt":"2024-10-29T13:45:30","guid":{"rendered":"https:\/\/abstyleitalia.it\/?post_type=product&#038;p=5105"},"modified":"2024-11-06T10:09:39","modified_gmt":"2024-11-06T09:09:39","slug":"wave-style-permanente-para-cabelos-naturais-e-tratados","status":"publish","type":"product","link":"https:\/\/abstyleitalia.it\/pt-pt\/products\/salon-technics-pt\/permanente-pt\/wave-style-permanente-para-cabelos-naturais-e-tratados\/","title":{"rendered":"Wave Style Permanente para cabelos naturais e tratados"},"content":{"rendered":"<p>Garante uma<strong>ondula\u00e7\u00e3o perfeita<\/strong><\/p>\n<p>Cachos loucos e <strong>volumosos<\/strong><\/p>\n<p>Respeita a<strong> estrutura do cabelo<\/strong><\/p>\n<p>Indicado para <strong>todos os tipos de cabelo<\/strong><\/p>\n","protected":false},"excerpt":{"rendered":"<p>Ideal tanto para cabelos naturais como tratados, a lo\u00e7\u00e3o permanente <strong>WaveStyle<\/strong> garante <strong>uma ondula\u00e7\u00e3o perfeita<\/strong>.<\/p>\n<p>Gra\u00e7as \u00e0 sua <strong>f\u00f3rmula inovadora<\/strong> enriquecida com <strong>bambu<\/strong> e <strong>sem tioglicolato de am\u00f3nio<\/strong>, atua <strong>respeitando a estrutura do cabelo<\/strong>.<\/p>\n<p>Ondas perfeitas e carac\u00f3is volumosos para um <strong>resultado intenso <\/strong>e<strong> um estilo rock duradouro<\/strong>.<\/p>\n<p>&nbsp;<\/p>\n<p>Formato de 500 ml<\/p>\n","protected":false},"featured_media":5123,"comment_status":"closed","ping_status":"closed","template":"","meta":[],"product_brand":[],"product_cat":[429,425],"product_tag":[],"class_list":{"0":"post-5105","1":"product","2":"type-product","3":"status-publish","4":"has-post-thumbnail","6":"product_cat-permanente-pt","7":"product_cat-salon-technics-pt","8":"description-off","10":"first","11":"instock","12":"shipping-taxable","13":"product-type-simple"},"yoast_head":"<!-- This site is optimized with the Yoast SEO plugin v26.8 - https:\/\/yoast.com\/product\/yoast-seo-wordpress\/ -->\n<title>ABstyle | Wave Style Permanente para cabelos naturais e tratados<\/title>\n<meta name=\"description\" content=\"Ideal tanto para cabelos naturais como tratados, a lo\u00e7\u00e3o permanente WaveStyle garante uma ondula\u00e7\u00e3o perfeita.\" \/>\n<meta name=\"robots\" content=\"index, follow, max-snippet:-1, max-image-preview:large, max-video-preview:-1\" \/>\n<link rel=\"canonical\" href=\"https:\/\/abstyleitalia.it\/pt-pt\/products\/salon-technics-pt\/permanente-pt\/wave-style-permanente-para-cabelos-naturais-e-tratados\/\" \/>\n<meta property=\"og:locale\" content=\"pt_PT\" \/>\n<meta property=\"og:type\" content=\"article\" \/>\n<meta property=\"og:title\" content=\"ABstyle | Wave Style Permanente para cabelos naturais e tratados\" \/>\n<meta property=\"og:description\" content=\"Ideal tanto para cabelos naturais como tratados, a lo\u00e7\u00e3o permanente WaveStyle garante uma ondula\u00e7\u00e3o perfeita.\" \/>\n<meta property=\"og:url\" content=\"https:\/\/abstyleitalia.it\/pt-pt\/products\/salon-technics-pt\/permanente-pt\/wave-style-permanente-para-cabelos-naturais-e-tratados\/\" \/>\n<meta property=\"og:site_name\" content=\"ABstyle\" \/>\n<meta property=\"article:modified_time\" content=\"2024-11-06T09:09:39+00:00\" \/>\n<meta property=\"og:image\" content=\"https:\/\/abstyleitalia.it\/wp-content\/uploads\/2024\/10\/31023_abstyle_wavestyle_perm_500ml.png\" \/>\n\t<meta property=\"og:image:width\" content=\"800\" \/>\n\t<meta property=\"og:image:height\" content=\"800\" \/>\n\t<meta property=\"og:image:type\" content=\"image\/png\" \/>\n<meta name=\"twitter:card\" content=\"summary_large_image\" \/>\n<meta name=\"twitter:label1\" content=\"Tempo estimado de leitura\" \/>\n\t<meta name=\"twitter:data1\" content=\"1 minuto\" \/>\n<script type=\"application\/ld+json\" class=\"yoast-schema-graph\">{\"@context\":\"https:\/\/schema.org\",\"@graph\":[{\"@type\":\"WebPage\",\"@id\":\"https:\/\/abstyleitalia.it\/pt-pt\/products\/salon-technics-pt\/permanente-pt\/wave-style-permanente-para-cabelos-naturais-e-tratados\/\",\"url\":\"https:\/\/abstyleitalia.it\/pt-pt\/products\/salon-technics-pt\/permanente-pt\/wave-style-permanente-para-cabelos-naturais-e-tratados\/\",\"name\":\"ABstyle | Wave Style Permanente para cabelos naturais e tratados\",\"isPartOf\":{\"@id\":\"https:\/\/abstyleitalia.it\/pt-pt\/#website\"},\"primaryImageOfPage\":{\"@id\":\"https:\/\/abstyleitalia.it\/pt-pt\/products\/salon-technics-pt\/permanente-pt\/wave-style-permanente-para-cabelos-naturais-e-tratados\/#primaryimage\"},\"image\":{\"@id\":\"https:\/\/abstyleitalia.it\/pt-pt\/products\/salon-technics-pt\/permanente-pt\/wave-style-permanente-para-cabelos-naturais-e-tratados\/#primaryimage\"},\"thumbnailUrl\":\"https:\/\/abstyleitalia.it\/wp-content\/uploads\/2024\/10\/31023_abstyle_wavestyle_perm_500ml.png\",\"datePublished\":\"2024-10-29T13:45:30+00:00\",\"dateModified\":\"2024-11-06T09:09:39+00:00\",\"description\":\"Ideal tanto para cabelos naturais como tratados, a lo\u00e7\u00e3o permanente WaveStyle garante uma ondula\u00e7\u00e3o perfeita.\",\"breadcrumb\":{\"@id\":\"https:\/\/abstyleitalia.it\/pt-pt\/products\/salon-technics-pt\/permanente-pt\/wave-style-permanente-para-cabelos-naturais-e-tratados\/#breadcrumb\"},\"inLanguage\":\"pt-PT\",\"potentialAction\":[{\"@type\":\"ReadAction\",\"target\":[\"https:\/\/abstyleitalia.it\/pt-pt\/products\/salon-technics-pt\/permanente-pt\/wave-style-permanente-para-cabelos-naturais-e-tratados\/\"]}]},{\"@type\":\"ImageObject\",\"inLanguage\":\"pt-PT\",\"@id\":\"https:\/\/abstyleitalia.it\/pt-pt\/products\/salon-technics-pt\/permanente-pt\/wave-style-permanente-para-cabelos-naturais-e-tratados\/#primaryimage\",\"url\":\"https:\/\/abstyleitalia.it\/wp-content\/uploads\/2024\/10\/31023_abstyle_wavestyle_perm_500ml.png\",\"contentUrl\":\"https:\/\/abstyleitalia.it\/wp-content\/uploads\/2024\/10\/31023_abstyle_wavestyle_perm_500ml.png\",\"width\":800,\"height\":800},{\"@type\":\"BreadcrumbList\",\"@id\":\"https:\/\/abstyleitalia.it\/pt-pt\/products\/salon-technics-pt\/permanente-pt\/wave-style-permanente-para-cabelos-naturais-e-tratados\/#breadcrumb\",\"itemListElement\":[{\"@type\":\"ListItem\",\"position\":1,\"name\":\"Home\",\"item\":\"https:\/\/abstyleitalia.it\/pt-pt\/\"},{\"@type\":\"ListItem\",\"position\":2,\"name\":\"Produtos\",\"item\":\"https:\/\/abstyleitalia.it\/pt-pt\/produtos\/\"},{\"@type\":\"ListItem\",\"position\":3,\"name\":\"Wave Style Permanente para cabelos naturais e tratados\"}]},{\"@type\":\"WebSite\",\"@id\":\"https:\/\/abstyleitalia.it\/pt-pt\/#website\",\"url\":\"https:\/\/abstyleitalia.it\/pt-pt\/\",\"name\":\"ABstyle\",\"description\":\"One more time for you\",\"publisher\":{\"@id\":\"https:\/\/abstyleitalia.it\/pt-pt\/#organization\"},\"potentialAction\":[{\"@type\":\"SearchAction\",\"target\":{\"@type\":\"EntryPoint\",\"urlTemplate\":\"https:\/\/abstyleitalia.it\/pt-pt\/?s={search_term_string}\"},\"query-input\":{\"@type\":\"PropertyValueSpecification\",\"valueRequired\":true,\"valueName\":\"search_term_string\"}}],\"inLanguage\":\"pt-PT\"},{\"@type\":\"Organization\",\"@id\":\"https:\/\/abstyleitalia.it\/pt-pt\/#organization\",\"name\":\"ABSTYLE\",\"url\":\"https:\/\/abstyleitalia.it\/pt-pt\/\",\"logo\":{\"@type\":\"ImageObject\",\"inLanguage\":\"pt-PT\",\"@id\":\"https:\/\/abstyleitalia.it\/pt-pt\/#\/schema\/logo\/image\/\",\"url\":\"https:\/\/abstyleitalia.it\/wp-content\/uploads\/2017\/11\/ab-style-logo-76x76.png\",\"contentUrl\":\"https:\/\/abstyleitalia.it\/wp-content\/uploads\/2017\/11\/ab-style-logo-76x76.png\",\"width\":76,\"height\":76,\"caption\":\"ABSTYLE\"},\"image\":{\"@id\":\"https:\/\/abstyleitalia.it\/pt-pt\/#\/schema\/logo\/image\/\"}}]}<\/script>\n<!-- \/ Yoast SEO plugin. -->","yoast_head_json":{"title":"ABstyle | Wave Style Permanente para cabelos naturais e tratados","description":"Ideal tanto para cabelos naturais como tratados, a lo\u00e7\u00e3o permanente WaveStyle garante uma ondula\u00e7\u00e3o perfeita.","robots":{"index":"index","follow":"follow","max-snippet":"max-snippet:-1","max-image-preview":"max-image-preview:large","max-video-preview":"max-video-preview:-1"},"canonical":"https:\/\/abstyleitalia.it\/pt-pt\/products\/salon-technics-pt\/permanente-pt\/wave-style-permanente-para-cabelos-naturais-e-tratados\/","og_locale":"pt_PT","og_type":"article","og_title":"ABstyle | Wave Style Permanente para cabelos naturais e tratados","og_description":"Ideal tanto para cabelos naturais como tratados, a lo\u00e7\u00e3o permanente WaveStyle garante uma ondula\u00e7\u00e3o perfeita.","og_url":"https:\/\/abstyleitalia.it\/pt-pt\/products\/salon-technics-pt\/permanente-pt\/wave-style-permanente-para-cabelos-naturais-e-tratados\/","og_site_name":"ABstyle","article_modified_time":"2024-11-06T09:09:39+00:00","og_image":[{"width":800,"height":800,"url":"https:\/\/abstyleitalia.it\/wp-content\/uploads\/2024\/10\/31023_abstyle_wavestyle_perm_500ml.png","type":"image\/png"}],"twitter_card":"summary_large_image","twitter_misc":{"Tempo estimado de leitura":"1 minuto"},"schema":{"@context":"https:\/\/schema.org","@graph":[{"@type":"WebPage","@id":"https:\/\/abstyleitalia.it\/pt-pt\/products\/salon-technics-pt\/permanente-pt\/wave-style-permanente-para-cabelos-naturais-e-tratados\/","url":"https:\/\/abstyleitalia.it\/pt-pt\/products\/salon-technics-pt\/permanente-pt\/wave-style-permanente-para-cabelos-naturais-e-tratados\/","name":"ABstyle | Wave Style Permanente para cabelos naturais e tratados","isPartOf":{"@id":"https:\/\/abstyleitalia.it\/pt-pt\/#website"},"primaryImageOfPage":{"@id":"https:\/\/abstyleitalia.it\/pt-pt\/products\/salon-technics-pt\/permanente-pt\/wave-style-permanente-para-cabelos-naturais-e-tratados\/#primaryimage"},"image":{"@id":"https:\/\/abstyleitalia.it\/pt-pt\/products\/salon-technics-pt\/permanente-pt\/wave-style-permanente-para-cabelos-naturais-e-tratados\/#primaryimage"},"thumbnailUrl":"https:\/\/abstyleitalia.it\/wp-content\/uploads\/2024\/10\/31023_abstyle_wavestyle_perm_500ml.png","datePublished":"2024-10-29T13:45:30+00:00","dateModified":"2024-11-06T09:09:39+00:00","description":"Ideal tanto para cabelos naturais como tratados, a lo\u00e7\u00e3o permanente WaveStyle garante uma ondula\u00e7\u00e3o perfeita.","breadcrumb":{"@id":"https:\/\/abstyleitalia.it\/pt-pt\/products\/salon-technics-pt\/permanente-pt\/wave-style-permanente-para-cabelos-naturais-e-tratados\/#breadcrumb"},"inLanguage":"pt-PT","potentialAction":[{"@type":"ReadAction","target":["https:\/\/abstyleitalia.it\/pt-pt\/products\/salon-technics-pt\/permanente-pt\/wave-style-permanente-para-cabelos-naturais-e-tratados\/"]}]},{"@type":"ImageObject","inLanguage":"pt-PT","@id":"https:\/\/abstyleitalia.it\/pt-pt\/products\/salon-technics-pt\/permanente-pt\/wave-style-permanente-para-cabelos-naturais-e-tratados\/#primaryimage","url":"https:\/\/abstyleitalia.it\/wp-content\/uploads\/2024\/10\/31023_abstyle_wavestyle_perm_500ml.png","contentUrl":"https:\/\/abstyleitalia.it\/wp-content\/uploads\/2024\/10\/31023_abstyle_wavestyle_perm_500ml.png","width":800,"height":800},{"@type":"BreadcrumbList","@id":"https:\/\/abstyleitalia.it\/pt-pt\/products\/salon-technics-pt\/permanente-pt\/wave-style-permanente-para-cabelos-naturais-e-tratados\/#breadcrumb","itemListElement":[{"@type":"ListItem","position":1,"name":"Home","item":"https:\/\/abstyleitalia.it\/pt-pt\/"},{"@type":"ListItem","position":2,"name":"Produtos","item":"https:\/\/abstyleitalia.it\/pt-pt\/produtos\/"},{"@type":"ListItem","position":3,"name":"Wave Style Permanente para cabelos naturais e tratados"}]},{"@type":"WebSite","@id":"https:\/\/abstyleitalia.it\/pt-pt\/#website","url":"https:\/\/abstyleitalia.it\/pt-pt\/","name":"ABstyle","description":"One more time for you","publisher":{"@id":"https:\/\/abstyleitalia.it\/pt-pt\/#organization"},"potentialAction":[{"@type":"SearchAction","target":{"@type":"EntryPoint","urlTemplate":"https:\/\/abstyleitalia.it\/pt-pt\/?s={search_term_string}"},"query-input":{"@type":"PropertyValueSpecification","valueRequired":true,"valueName":"search_term_string"}}],"inLanguage":"pt-PT"},{"@type":"Organization","@id":"https:\/\/abstyleitalia.it\/pt-pt\/#organization","name":"ABSTYLE","url":"https:\/\/abstyleitalia.it\/pt-pt\/","logo":{"@type":"ImageObject","inLanguage":"pt-PT","@id":"https:\/\/abstyleitalia.it\/pt-pt\/#\/schema\/logo\/image\/","url":"https:\/\/abstyleitalia.it\/wp-content\/uploads\/2017\/11\/ab-style-logo-76x76.png","contentUrl":"https:\/\/abstyleitalia.it\/wp-content\/uploads\/2017\/11\/ab-style-logo-76x76.png","width":76,"height":76,"caption":"ABSTYLE"},"image":{"@id":"https:\/\/abstyleitalia.it\/pt-pt\/#\/schema\/logo\/image\/"}}]}},"_links":{"self":[{"href":"https:\/\/abstyleitalia.it\/pt-pt\/wp-json\/wp\/v2\/product\/5105","targetHints":{"allow":["GET"]}}],"collection":[{"href":"https:\/\/abstyleitalia.it\/pt-pt\/wp-json\/wp\/v2\/product"}],"about":[{"href":"https:\/\/abstyleitalia.it\/pt-pt\/wp-json\/wp\/v2\/types\/product"}],"replies":[{"embeddable":true,"href":"https:\/\/abstyleitalia.it\/pt-pt\/wp-json\/wp\/v2\/comments?post=5105"}],"wp:featuredmedia":[{"embeddable":true,"href":"https:\/\/abstyleitalia.it\/pt-pt\/wp-json\/wp\/v2\/media\/5123"}],"wp:attachment":[{"href":"https:\/\/abstyleitalia.it\/pt-pt\/wp-json\/wp\/v2\/media?parent=5105"}],"wp:term":[{"taxonomy":"product_brand","embeddable":true,"href":"https:\/\/abstyleitalia.it\/pt-pt\/wp-json\/wp\/v2\/product_brand?post=5105"},{"taxonomy":"product_cat","embeddable":true,"href":"https:\/\/abstyleitalia.it\/pt-pt\/wp-json\/wp\/v2\/product_cat?post=5105"},{"taxonomy":"product_tag","embeddable":true,"href":"https:\/\/abstyleitalia.it\/pt-pt\/wp-json\/wp\/v2\/product_tag?post=5105"}],"curies":[{"name":"wp","href":"https:\/\/api.w.org\/{rel}","templated":true}]}}