{"id":4056,"date":"2023-06-05T12:03:43","date_gmt":"2023-06-05T10:03:44","guid":{"rendered":"https:\/\/abstyleitalia.it\/?post_type=product&#038;p=4056"},"modified":"2023-06-05T12:06:58","modified_gmt":"2023-06-05T10:06:58","slug":"pure-nutri-mascara-para-cabelos-secos-e-sensibilizados-250ml","status":"publish","type":"product","link":"https:\/\/abstyleitalia.it\/pt-pt\/products\/treatments-pt\/pure-nutri-pt\/pure-nutri-mascara-para-cabelos-secos-e-sensibilizados-250ml\/","title":{"rendered":"Pure Nutri &#8211; M\u00e1scara para cabelos secos e sensibilizados"},"content":{"rendered":"<p class=\"p1\"><b>Hidrata e nutre<\/b> o cabelo<\/p>\n<p class=\"p1\">F\u00f3rmula enriquecida com <b>vitaminas e extratos naturais<\/b><\/p>\n<p class=\"p1\"><b>Desembara\u00e7a<\/b> o cabelo<\/p>\n<p class=\"p1\">Ideal para <b>cabelos secos, ba\u00e7os e sensibilizados<\/b><\/p>\n","protected":false},"excerpt":{"rendered":"<p class=\"p1\">A <b>m\u00e1scara para cabelos secos e sensibilizados<\/b> melhora a a\u00e7\u00e3o reestruturante e nutritiva de Pure Nutri gra\u00e7as \u00e0 sua composi\u00e7\u00e3o enriquecida \u00e0 base de vitaminas e extratos naturais. Garante uma <b>hidrata\u00e7\u00e3o e nutri\u00e7\u00e3o<\/b> completa ao cabelo, desembara\u00e7ando os cabelos em profundidade.<\/p>\n<p class=\"p1\">Formato de 250 ml<\/p>\n","protected":false},"featured_media":3992,"comment_status":"closed","ping_status":"closed","template":"","meta":[],"product_brand":[],"product_cat":[436,430],"product_tag":[],"class_list":{"0":"post-4056","1":"product","2":"type-product","3":"status-publish","4":"has-post-thumbnail","6":"product_cat-pure-nutri-pt","7":"product_cat-treatments-pt","8":"description-off","10":"first","11":"instock","12":"shipping-taxable","13":"product-type-simple"},"yoast_head":"<!-- This site is optimized with the Yoast SEO plugin v26.8 - https:\/\/yoast.com\/product\/yoast-seo-wordpress\/ -->\n<title>Pure Nutri - M\u00e1scara para cabelos secos e sensibilizados | ABstyle<\/title>\n<meta name=\"description\" content=\"A m\u00e1scara para cabelos secos e sensibilizados melhora a a\u00e7\u00e3o reestruturante e nutritiva de Nutri gra\u00e7as \u00e0 sua composi\u00e7\u00e3o enriquecida \u00e0 base de vitaminas e extratos naturais.\" \/>\n<meta name=\"robots\" content=\"index, follow, max-snippet:-1, max-image-preview:large, max-video-preview:-1\" \/>\n<link rel=\"canonical\" href=\"https:\/\/abstyleitalia.it\/pt-pt\/products\/treatments-pt\/pure-nutri-pt\/pure-nutri-mascara-para-cabelos-secos-e-sensibilizados-250ml\/\" \/>\n<meta property=\"og:locale\" content=\"pt_PT\" \/>\n<meta property=\"og:type\" content=\"article\" \/>\n<meta property=\"og:title\" content=\"Pure Nutri - M\u00e1scara para cabelos secos e sensibilizados | ABstyle\" \/>\n<meta property=\"og:description\" content=\"A m\u00e1scara para cabelos secos e sensibilizados melhora a a\u00e7\u00e3o reestruturante e nutritiva de Nutri gra\u00e7as \u00e0 sua composi\u00e7\u00e3o enriquecida \u00e0 base de vitaminas e extratos naturais.\" \/>\n<meta property=\"og:url\" content=\"https:\/\/abstyleitalia.it\/pt-pt\/products\/treatments-pt\/pure-nutri-pt\/pure-nutri-mascara-para-cabelos-secos-e-sensibilizados-250ml\/\" \/>\n<meta property=\"og:site_name\" content=\"ABstyle\" \/>\n<meta property=\"article:modified_time\" content=\"2023-06-05T10:06:58+00:00\" \/>\n<meta property=\"og:image\" content=\"https:\/\/abstyleitalia.it\/wp-content\/uploads\/2023\/05\/32057_abstyle_pure_nutri_mask_250ml.png\" \/>\n\t<meta property=\"og:image:width\" content=\"600\" \/>\n\t<meta property=\"og:image:height\" content=\"600\" \/>\n\t<meta property=\"og:image:type\" content=\"image\/png\" \/>\n<meta name=\"twitter:card\" content=\"summary_large_image\" \/>\n<meta name=\"twitter:label1\" content=\"Tempo estimado de leitura\" \/>\n\t<meta name=\"twitter:data1\" content=\"1 minuto\" \/>\n<script type=\"application\/ld+json\" class=\"yoast-schema-graph\">{\"@context\":\"https:\/\/schema.org\",\"@graph\":[{\"@type\":\"WebPage\",\"@id\":\"https:\/\/abstyleitalia.it\/pt-pt\/products\/treatments-pt\/pure-nutri-pt\/pure-nutri-mascara-para-cabelos-secos-e-sensibilizados-250ml\/\",\"url\":\"https:\/\/abstyleitalia.it\/pt-pt\/products\/treatments-pt\/pure-nutri-pt\/pure-nutri-mascara-para-cabelos-secos-e-sensibilizados-250ml\/\",\"name\":\"Pure Nutri - M\u00e1scara para cabelos secos e sensibilizados | ABstyle\",\"isPartOf\":{\"@id\":\"https:\/\/abstyleitalia.it\/pt-pt\/#website\"},\"primaryImageOfPage\":{\"@id\":\"https:\/\/abstyleitalia.it\/pt-pt\/products\/treatments-pt\/pure-nutri-pt\/pure-nutri-mascara-para-cabelos-secos-e-sensibilizados-250ml\/#primaryimage\"},\"image\":{\"@id\":\"https:\/\/abstyleitalia.it\/pt-pt\/products\/treatments-pt\/pure-nutri-pt\/pure-nutri-mascara-para-cabelos-secos-e-sensibilizados-250ml\/#primaryimage\"},\"thumbnailUrl\":\"https:\/\/abstyleitalia.it\/wp-content\/uploads\/2023\/05\/32057_abstyle_pure_nutri_mask_250ml.png\",\"datePublished\":\"2023-06-05T10:03:44+00:00\",\"dateModified\":\"2023-06-05T10:06:58+00:00\",\"description\":\"A m\u00e1scara para cabelos secos e sensibilizados melhora a a\u00e7\u00e3o reestruturante e nutritiva de Nutri gra\u00e7as \u00e0 sua composi\u00e7\u00e3o enriquecida \u00e0 base de vitaminas e extratos naturais.\",\"breadcrumb\":{\"@id\":\"https:\/\/abstyleitalia.it\/pt-pt\/products\/treatments-pt\/pure-nutri-pt\/pure-nutri-mascara-para-cabelos-secos-e-sensibilizados-250ml\/#breadcrumb\"},\"inLanguage\":\"pt-PT\",\"potentialAction\":[{\"@type\":\"ReadAction\",\"target\":[\"https:\/\/abstyleitalia.it\/pt-pt\/products\/treatments-pt\/pure-nutri-pt\/pure-nutri-mascara-para-cabelos-secos-e-sensibilizados-250ml\/\"]}]},{\"@type\":\"ImageObject\",\"inLanguage\":\"pt-PT\",\"@id\":\"https:\/\/abstyleitalia.it\/pt-pt\/products\/treatments-pt\/pure-nutri-pt\/pure-nutri-mascara-para-cabelos-secos-e-sensibilizados-250ml\/#primaryimage\",\"url\":\"https:\/\/abstyleitalia.it\/wp-content\/uploads\/2023\/05\/32057_abstyle_pure_nutri_mask_250ml.png\",\"contentUrl\":\"https:\/\/abstyleitalia.it\/wp-content\/uploads\/2023\/05\/32057_abstyle_pure_nutri_mask_250ml.png\",\"width\":600,\"height\":600},{\"@type\":\"BreadcrumbList\",\"@id\":\"https:\/\/abstyleitalia.it\/pt-pt\/products\/treatments-pt\/pure-nutri-pt\/pure-nutri-mascara-para-cabelos-secos-e-sensibilizados-250ml\/#breadcrumb\",\"itemListElement\":[{\"@type\":\"ListItem\",\"position\":1,\"name\":\"Home\",\"item\":\"https:\/\/abstyleitalia.it\/pt-pt\/\"},{\"@type\":\"ListItem\",\"position\":2,\"name\":\"Produtos\",\"item\":\"https:\/\/abstyleitalia.it\/pt-pt\/produtos\/\"},{\"@type\":\"ListItem\",\"position\":3,\"name\":\"Pure Nutri &#8211; M\u00e1scara para cabelos secos e sensibilizados\"}]},{\"@type\":\"WebSite\",\"@id\":\"https:\/\/abstyleitalia.it\/pt-pt\/#website\",\"url\":\"https:\/\/abstyleitalia.it\/pt-pt\/\",\"name\":\"ABstyle\",\"description\":\"One more time for you\",\"publisher\":{\"@id\":\"https:\/\/abstyleitalia.it\/pt-pt\/#organization\"},\"potentialAction\":[{\"@type\":\"SearchAction\",\"target\":{\"@type\":\"EntryPoint\",\"urlTemplate\":\"https:\/\/abstyleitalia.it\/pt-pt\/?s={search_term_string}\"},\"query-input\":{\"@type\":\"PropertyValueSpecification\",\"valueRequired\":true,\"valueName\":\"search_term_string\"}}],\"inLanguage\":\"pt-PT\"},{\"@type\":\"Organization\",\"@id\":\"https:\/\/abstyleitalia.it\/pt-pt\/#organization\",\"name\":\"ABSTYLE\",\"url\":\"https:\/\/abstyleitalia.it\/pt-pt\/\",\"logo\":{\"@type\":\"ImageObject\",\"inLanguage\":\"pt-PT\",\"@id\":\"https:\/\/abstyleitalia.it\/pt-pt\/#\/schema\/logo\/image\/\",\"url\":\"https:\/\/abstyleitalia.it\/wp-content\/uploads\/2017\/11\/ab-style-logo-76x76.png\",\"contentUrl\":\"https:\/\/abstyleitalia.it\/wp-content\/uploads\/2017\/11\/ab-style-logo-76x76.png\",\"width\":76,\"height\":76,\"caption\":\"ABSTYLE\"},\"image\":{\"@id\":\"https:\/\/abstyleitalia.it\/pt-pt\/#\/schema\/logo\/image\/\"}}]}<\/script>\n<!-- \/ Yoast SEO plugin. -->","yoast_head_json":{"title":"Pure Nutri - M\u00e1scara para cabelos secos e sensibilizados | ABstyle","description":"A m\u00e1scara para cabelos secos e sensibilizados melhora a a\u00e7\u00e3o reestruturante e nutritiva de Nutri gra\u00e7as \u00e0 sua composi\u00e7\u00e3o enriquecida \u00e0 base de vitaminas e extratos naturais.","robots":{"index":"index","follow":"follow","max-snippet":"max-snippet:-1","max-image-preview":"max-image-preview:large","max-video-preview":"max-video-preview:-1"},"canonical":"https:\/\/abstyleitalia.it\/pt-pt\/products\/treatments-pt\/pure-nutri-pt\/pure-nutri-mascara-para-cabelos-secos-e-sensibilizados-250ml\/","og_locale":"pt_PT","og_type":"article","og_title":"Pure Nutri - M\u00e1scara para cabelos secos e sensibilizados | ABstyle","og_description":"A m\u00e1scara para cabelos secos e sensibilizados melhora a a\u00e7\u00e3o reestruturante e nutritiva de Nutri gra\u00e7as \u00e0 sua composi\u00e7\u00e3o enriquecida \u00e0 base de vitaminas e extratos naturais.","og_url":"https:\/\/abstyleitalia.it\/pt-pt\/products\/treatments-pt\/pure-nutri-pt\/pure-nutri-mascara-para-cabelos-secos-e-sensibilizados-250ml\/","og_site_name":"ABstyle","article_modified_time":"2023-06-05T10:06:58+00:00","og_image":[{"width":600,"height":600,"url":"https:\/\/abstyleitalia.it\/wp-content\/uploads\/2023\/05\/32057_abstyle_pure_nutri_mask_250ml.png","type":"image\/png"}],"twitter_card":"summary_large_image","twitter_misc":{"Tempo estimado de leitura":"1 minuto"},"schema":{"@context":"https:\/\/schema.org","@graph":[{"@type":"WebPage","@id":"https:\/\/abstyleitalia.it\/pt-pt\/products\/treatments-pt\/pure-nutri-pt\/pure-nutri-mascara-para-cabelos-secos-e-sensibilizados-250ml\/","url":"https:\/\/abstyleitalia.it\/pt-pt\/products\/treatments-pt\/pure-nutri-pt\/pure-nutri-mascara-para-cabelos-secos-e-sensibilizados-250ml\/","name":"Pure Nutri - M\u00e1scara para cabelos secos e sensibilizados | ABstyle","isPartOf":{"@id":"https:\/\/abstyleitalia.it\/pt-pt\/#website"},"primaryImageOfPage":{"@id":"https:\/\/abstyleitalia.it\/pt-pt\/products\/treatments-pt\/pure-nutri-pt\/pure-nutri-mascara-para-cabelos-secos-e-sensibilizados-250ml\/#primaryimage"},"image":{"@id":"https:\/\/abstyleitalia.it\/pt-pt\/products\/treatments-pt\/pure-nutri-pt\/pure-nutri-mascara-para-cabelos-secos-e-sensibilizados-250ml\/#primaryimage"},"thumbnailUrl":"https:\/\/abstyleitalia.it\/wp-content\/uploads\/2023\/05\/32057_abstyle_pure_nutri_mask_250ml.png","datePublished":"2023-06-05T10:03:44+00:00","dateModified":"2023-06-05T10:06:58+00:00","description":"A m\u00e1scara para cabelos secos e sensibilizados melhora a a\u00e7\u00e3o reestruturante e nutritiva de Nutri gra\u00e7as \u00e0 sua composi\u00e7\u00e3o enriquecida \u00e0 base de vitaminas e extratos naturais.","breadcrumb":{"@id":"https:\/\/abstyleitalia.it\/pt-pt\/products\/treatments-pt\/pure-nutri-pt\/pure-nutri-mascara-para-cabelos-secos-e-sensibilizados-250ml\/#breadcrumb"},"inLanguage":"pt-PT","potentialAction":[{"@type":"ReadAction","target":["https:\/\/abstyleitalia.it\/pt-pt\/products\/treatments-pt\/pure-nutri-pt\/pure-nutri-mascara-para-cabelos-secos-e-sensibilizados-250ml\/"]}]},{"@type":"ImageObject","inLanguage":"pt-PT","@id":"https:\/\/abstyleitalia.it\/pt-pt\/products\/treatments-pt\/pure-nutri-pt\/pure-nutri-mascara-para-cabelos-secos-e-sensibilizados-250ml\/#primaryimage","url":"https:\/\/abstyleitalia.it\/wp-content\/uploads\/2023\/05\/32057_abstyle_pure_nutri_mask_250ml.png","contentUrl":"https:\/\/abstyleitalia.it\/wp-content\/uploads\/2023\/05\/32057_abstyle_pure_nutri_mask_250ml.png","width":600,"height":600},{"@type":"BreadcrumbList","@id":"https:\/\/abstyleitalia.it\/pt-pt\/products\/treatments-pt\/pure-nutri-pt\/pure-nutri-mascara-para-cabelos-secos-e-sensibilizados-250ml\/#breadcrumb","itemListElement":[{"@type":"ListItem","position":1,"name":"Home","item":"https:\/\/abstyleitalia.it\/pt-pt\/"},{"@type":"ListItem","position":2,"name":"Produtos","item":"https:\/\/abstyleitalia.it\/pt-pt\/produtos\/"},{"@type":"ListItem","position":3,"name":"Pure Nutri &#8211; M\u00e1scara para cabelos secos e sensibilizados"}]},{"@type":"WebSite","@id":"https:\/\/abstyleitalia.it\/pt-pt\/#website","url":"https:\/\/abstyleitalia.it\/pt-pt\/","name":"ABstyle","description":"One more time for you","publisher":{"@id":"https:\/\/abstyleitalia.it\/pt-pt\/#organization"},"potentialAction":[{"@type":"SearchAction","target":{"@type":"EntryPoint","urlTemplate":"https:\/\/abstyleitalia.it\/pt-pt\/?s={search_term_string}"},"query-input":{"@type":"PropertyValueSpecification","valueRequired":true,"valueName":"search_term_string"}}],"inLanguage":"pt-PT"},{"@type":"Organization","@id":"https:\/\/abstyleitalia.it\/pt-pt\/#organization","name":"ABSTYLE","url":"https:\/\/abstyleitalia.it\/pt-pt\/","logo":{"@type":"ImageObject","inLanguage":"pt-PT","@id":"https:\/\/abstyleitalia.it\/pt-pt\/#\/schema\/logo\/image\/","url":"https:\/\/abstyleitalia.it\/wp-content\/uploads\/2017\/11\/ab-style-logo-76x76.png","contentUrl":"https:\/\/abstyleitalia.it\/wp-content\/uploads\/2017\/11\/ab-style-logo-76x76.png","width":76,"height":76,"caption":"ABSTYLE"},"image":{"@id":"https:\/\/abstyleitalia.it\/pt-pt\/#\/schema\/logo\/image\/"}}]}},"_links":{"self":[{"href":"https:\/\/abstyleitalia.it\/pt-pt\/wp-json\/wp\/v2\/product\/4056","targetHints":{"allow":["GET"]}}],"collection":[{"href":"https:\/\/abstyleitalia.it\/pt-pt\/wp-json\/wp\/v2\/product"}],"about":[{"href":"https:\/\/abstyleitalia.it\/pt-pt\/wp-json\/wp\/v2\/types\/product"}],"replies":[{"embeddable":true,"href":"https:\/\/abstyleitalia.it\/pt-pt\/wp-json\/wp\/v2\/comments?post=4056"}],"wp:featuredmedia":[{"embeddable":true,"href":"https:\/\/abstyleitalia.it\/pt-pt\/wp-json\/wp\/v2\/media\/3992"}],"wp:attachment":[{"href":"https:\/\/abstyleitalia.it\/pt-pt\/wp-json\/wp\/v2\/media?parent=4056"}],"wp:term":[{"taxonomy":"product_brand","embeddable":true,"href":"https:\/\/abstyleitalia.it\/pt-pt\/wp-json\/wp\/v2\/product_brand?post=4056"},{"taxonomy":"product_cat","embeddable":true,"href":"https:\/\/abstyleitalia.it\/pt-pt\/wp-json\/wp\/v2\/product_cat?post=4056"},{"taxonomy":"product_tag","embeddable":true,"href":"https:\/\/abstyleitalia.it\/pt-pt\/wp-json\/wp\/v2\/product_tag?post=4056"}],"curies":[{"name":"wp","href":"https:\/\/api.w.org\/{rel}","templated":true}]}}