{"id":4053,"date":"2023-06-05T11:55:01","date_gmt":"2023-06-05T09:55:01","guid":{"rendered":"https:\/\/abstyleitalia.it\/?post_type=product&#038;p=4053"},"modified":"2023-06-05T11:58:35","modified_gmt":"2023-06-05T09:58:35","slug":"pure-liss-mascara-efeito-liso-cabelos-crespos-e-indisciplinados-250ml","status":"publish","type":"product","link":"https:\/\/abstyleitalia.it\/pt-pt\/products\/treatments-pt\/pure-liss-pt\/pure-liss-mascara-efeito-liso-cabelos-crespos-e-indisciplinados-250ml\/","title":{"rendered":"Pure Liss &#8211; M\u00e1scara efeito liso Cabelos crespos e indisciplinados"},"content":{"rendered":"<ul class=\"ul1\">\n<li class=\"li1\">Confere brilho<\/li>\n<li class=\"li1\">Atenua o <b>efeito crespo<\/b><\/li>\n<li class=\"li1\">Deixa os cabelos <b>lisos e sedosos<\/b><\/li>\n<li class=\"li2\">Ideal para <b>cabelos crespos e indisciplinados<\/b><\/li>\n<\/ul>\n","protected":false},"excerpt":{"rendered":"<p class=\"p1\">A m\u00e1scara para <b>alisar os cabelos crespos e indisciplinados<\/b> f\u00e1cil e rapidamente: <b>Pure Liss Mask<\/b> faz parte do tratamento que modela o cabelo rebelde, sem torn\u00e1-lo pesado. A <b>a\u00e7\u00e3o alisadora e anti-crespo da m\u00e1scara<\/b> ABstyle \u00e9 garantida gra\u00e7as aos<span class=\"s1\"> efeitos hidratantes, antiest\u00e1ticos e disciplinantes da sua f\u00f3rmula. O cabelo fica <b>suave e sedoso<\/b>: Pure Liss \u00e9 a m\u00e1scara ideal para obter naturalmente cabelos lisos. Enriquecida com<\/span> <span class=\"s1\"><b>extrato de l\u00fapulo<\/b>,<\/span> com <span class=\"s1\"><b>propriedades suavizantes<\/b> e estimulantes.<\/span><\/p>\n<p class=\"p2\">Formato de 250 ml<\/p>\n","protected":false},"featured_media":4034,"comment_status":"closed","ping_status":"closed","template":"","meta":[],"product_brand":[],"product_cat":[435,430],"product_tag":[],"class_list":{"0":"post-4053","1":"product","2":"type-product","3":"status-publish","4":"has-post-thumbnail","6":"product_cat-pure-liss-pt","7":"product_cat-treatments-pt","8":"description-off","10":"first","11":"instock","12":"shipping-taxable","13":"product-type-simple"},"yoast_head":"<!-- This site is optimized with the Yoast SEO plugin v26.8 - https:\/\/yoast.com\/product\/yoast-seo-wordpress\/ -->\n<title>Pure Liss - M\u00e1scara efeito liso Cabelos crespos e indisciplinados | ABstyle<\/title>\n<meta name=\"description\" content=\"A m\u00e1scara para alisar os cabelos crespos e indisciplinados f\u00e1cil e rapidamente: Pure Liss Mask faz parte do tratamento que modela o cabelo rebelde, sem torn\u00e1-lo pesado.\" \/>\n<meta name=\"robots\" content=\"index, follow, max-snippet:-1, max-image-preview:large, max-video-preview:-1\" \/>\n<link rel=\"canonical\" href=\"https:\/\/abstyleitalia.it\/pt-pt\/products\/treatments-pt\/pure-liss-pt\/pure-liss-mascara-efeito-liso-cabelos-crespos-e-indisciplinados-250ml\/\" \/>\n<meta property=\"og:locale\" content=\"pt_PT\" \/>\n<meta property=\"og:type\" content=\"article\" \/>\n<meta property=\"og:title\" content=\"Pure Liss - M\u00e1scara efeito liso Cabelos crespos e indisciplinados | ABstyle\" \/>\n<meta property=\"og:description\" content=\"A m\u00e1scara para alisar os cabelos crespos e indisciplinados f\u00e1cil e rapidamente: Pure Liss Mask faz parte do tratamento que modela o cabelo rebelde, sem torn\u00e1-lo pesado.\" \/>\n<meta property=\"og:url\" content=\"https:\/\/abstyleitalia.it\/pt-pt\/products\/treatments-pt\/pure-liss-pt\/pure-liss-mascara-efeito-liso-cabelos-crespos-e-indisciplinados-250ml\/\" \/>\n<meta property=\"og:site_name\" content=\"ABstyle\" \/>\n<meta property=\"article:modified_time\" content=\"2023-06-05T09:58:35+00:00\" \/>\n<meta property=\"og:image\" content=\"https:\/\/abstyleitalia.it\/wp-content\/uploads\/2023\/05\/32055_abstyle_pure_liss_mask_250ml.png\" \/>\n\t<meta property=\"og:image:width\" content=\"600\" \/>\n\t<meta property=\"og:image:height\" content=\"600\" \/>\n\t<meta property=\"og:image:type\" content=\"image\/png\" \/>\n<meta name=\"twitter:card\" content=\"summary_large_image\" \/>\n<meta name=\"twitter:label1\" content=\"Tempo estimado de leitura\" \/>\n\t<meta name=\"twitter:data1\" content=\"1 minuto\" \/>\n<script type=\"application\/ld+json\" class=\"yoast-schema-graph\">{\"@context\":\"https:\/\/schema.org\",\"@graph\":[{\"@type\":\"WebPage\",\"@id\":\"https:\/\/abstyleitalia.it\/pt-pt\/products\/treatments-pt\/pure-liss-pt\/pure-liss-mascara-efeito-liso-cabelos-crespos-e-indisciplinados-250ml\/\",\"url\":\"https:\/\/abstyleitalia.it\/pt-pt\/products\/treatments-pt\/pure-liss-pt\/pure-liss-mascara-efeito-liso-cabelos-crespos-e-indisciplinados-250ml\/\",\"name\":\"Pure Liss - M\u00e1scara efeito liso Cabelos crespos e indisciplinados | ABstyle\",\"isPartOf\":{\"@id\":\"https:\/\/abstyleitalia.it\/pt-pt\/#website\"},\"primaryImageOfPage\":{\"@id\":\"https:\/\/abstyleitalia.it\/pt-pt\/products\/treatments-pt\/pure-liss-pt\/pure-liss-mascara-efeito-liso-cabelos-crespos-e-indisciplinados-250ml\/#primaryimage\"},\"image\":{\"@id\":\"https:\/\/abstyleitalia.it\/pt-pt\/products\/treatments-pt\/pure-liss-pt\/pure-liss-mascara-efeito-liso-cabelos-crespos-e-indisciplinados-250ml\/#primaryimage\"},\"thumbnailUrl\":\"https:\/\/abstyleitalia.it\/wp-content\/uploads\/2023\/05\/32055_abstyle_pure_liss_mask_250ml.png\",\"datePublished\":\"2023-06-05T09:55:01+00:00\",\"dateModified\":\"2023-06-05T09:58:35+00:00\",\"description\":\"A m\u00e1scara para alisar os cabelos crespos e indisciplinados f\u00e1cil e rapidamente: Pure Liss Mask faz parte do tratamento que modela o cabelo rebelde, sem torn\u00e1-lo pesado.\",\"breadcrumb\":{\"@id\":\"https:\/\/abstyleitalia.it\/pt-pt\/products\/treatments-pt\/pure-liss-pt\/pure-liss-mascara-efeito-liso-cabelos-crespos-e-indisciplinados-250ml\/#breadcrumb\"},\"inLanguage\":\"pt-PT\",\"potentialAction\":[{\"@type\":\"ReadAction\",\"target\":[\"https:\/\/abstyleitalia.it\/pt-pt\/products\/treatments-pt\/pure-liss-pt\/pure-liss-mascara-efeito-liso-cabelos-crespos-e-indisciplinados-250ml\/\"]}]},{\"@type\":\"ImageObject\",\"inLanguage\":\"pt-PT\",\"@id\":\"https:\/\/abstyleitalia.it\/pt-pt\/products\/treatments-pt\/pure-liss-pt\/pure-liss-mascara-efeito-liso-cabelos-crespos-e-indisciplinados-250ml\/#primaryimage\",\"url\":\"https:\/\/abstyleitalia.it\/wp-content\/uploads\/2023\/05\/32055_abstyle_pure_liss_mask_250ml.png\",\"contentUrl\":\"https:\/\/abstyleitalia.it\/wp-content\/uploads\/2023\/05\/32055_abstyle_pure_liss_mask_250ml.png\",\"width\":600,\"height\":600},{\"@type\":\"BreadcrumbList\",\"@id\":\"https:\/\/abstyleitalia.it\/pt-pt\/products\/treatments-pt\/pure-liss-pt\/pure-liss-mascara-efeito-liso-cabelos-crespos-e-indisciplinados-250ml\/#breadcrumb\",\"itemListElement\":[{\"@type\":\"ListItem\",\"position\":1,\"name\":\"Home\",\"item\":\"https:\/\/abstyleitalia.it\/pt-pt\/\"},{\"@type\":\"ListItem\",\"position\":2,\"name\":\"Produtos\",\"item\":\"https:\/\/abstyleitalia.it\/pt-pt\/produtos\/\"},{\"@type\":\"ListItem\",\"position\":3,\"name\":\"Pure Liss &#8211; M\u00e1scara efeito liso Cabelos crespos e indisciplinados\"}]},{\"@type\":\"WebSite\",\"@id\":\"https:\/\/abstyleitalia.it\/pt-pt\/#website\",\"url\":\"https:\/\/abstyleitalia.it\/pt-pt\/\",\"name\":\"ABstyle\",\"description\":\"One more time for you\",\"publisher\":{\"@id\":\"https:\/\/abstyleitalia.it\/pt-pt\/#organization\"},\"potentialAction\":[{\"@type\":\"SearchAction\",\"target\":{\"@type\":\"EntryPoint\",\"urlTemplate\":\"https:\/\/abstyleitalia.it\/pt-pt\/?s={search_term_string}\"},\"query-input\":{\"@type\":\"PropertyValueSpecification\",\"valueRequired\":true,\"valueName\":\"search_term_string\"}}],\"inLanguage\":\"pt-PT\"},{\"@type\":\"Organization\",\"@id\":\"https:\/\/abstyleitalia.it\/pt-pt\/#organization\",\"name\":\"ABSTYLE\",\"url\":\"https:\/\/abstyleitalia.it\/pt-pt\/\",\"logo\":{\"@type\":\"ImageObject\",\"inLanguage\":\"pt-PT\",\"@id\":\"https:\/\/abstyleitalia.it\/pt-pt\/#\/schema\/logo\/image\/\",\"url\":\"https:\/\/abstyleitalia.it\/wp-content\/uploads\/2017\/11\/ab-style-logo-76x76.png\",\"contentUrl\":\"https:\/\/abstyleitalia.it\/wp-content\/uploads\/2017\/11\/ab-style-logo-76x76.png\",\"width\":76,\"height\":76,\"caption\":\"ABSTYLE\"},\"image\":{\"@id\":\"https:\/\/abstyleitalia.it\/pt-pt\/#\/schema\/logo\/image\/\"}}]}<\/script>\n<!-- \/ Yoast SEO plugin. -->","yoast_head_json":{"title":"Pure Liss - M\u00e1scara efeito liso Cabelos crespos e indisciplinados | ABstyle","description":"A m\u00e1scara para alisar os cabelos crespos e indisciplinados f\u00e1cil e rapidamente: Pure Liss Mask faz parte do tratamento que modela o cabelo rebelde, sem torn\u00e1-lo pesado.","robots":{"index":"index","follow":"follow","max-snippet":"max-snippet:-1","max-image-preview":"max-image-preview:large","max-video-preview":"max-video-preview:-1"},"canonical":"https:\/\/abstyleitalia.it\/pt-pt\/products\/treatments-pt\/pure-liss-pt\/pure-liss-mascara-efeito-liso-cabelos-crespos-e-indisciplinados-250ml\/","og_locale":"pt_PT","og_type":"article","og_title":"Pure Liss - M\u00e1scara efeito liso Cabelos crespos e indisciplinados | ABstyle","og_description":"A m\u00e1scara para alisar os cabelos crespos e indisciplinados f\u00e1cil e rapidamente: Pure Liss Mask faz parte do tratamento que modela o cabelo rebelde, sem torn\u00e1-lo pesado.","og_url":"https:\/\/abstyleitalia.it\/pt-pt\/products\/treatments-pt\/pure-liss-pt\/pure-liss-mascara-efeito-liso-cabelos-crespos-e-indisciplinados-250ml\/","og_site_name":"ABstyle","article_modified_time":"2023-06-05T09:58:35+00:00","og_image":[{"width":600,"height":600,"url":"https:\/\/abstyleitalia.it\/wp-content\/uploads\/2023\/05\/32055_abstyle_pure_liss_mask_250ml.png","type":"image\/png"}],"twitter_card":"summary_large_image","twitter_misc":{"Tempo estimado de leitura":"1 minuto"},"schema":{"@context":"https:\/\/schema.org","@graph":[{"@type":"WebPage","@id":"https:\/\/abstyleitalia.it\/pt-pt\/products\/treatments-pt\/pure-liss-pt\/pure-liss-mascara-efeito-liso-cabelos-crespos-e-indisciplinados-250ml\/","url":"https:\/\/abstyleitalia.it\/pt-pt\/products\/treatments-pt\/pure-liss-pt\/pure-liss-mascara-efeito-liso-cabelos-crespos-e-indisciplinados-250ml\/","name":"Pure Liss - M\u00e1scara efeito liso Cabelos crespos e indisciplinados | ABstyle","isPartOf":{"@id":"https:\/\/abstyleitalia.it\/pt-pt\/#website"},"primaryImageOfPage":{"@id":"https:\/\/abstyleitalia.it\/pt-pt\/products\/treatments-pt\/pure-liss-pt\/pure-liss-mascara-efeito-liso-cabelos-crespos-e-indisciplinados-250ml\/#primaryimage"},"image":{"@id":"https:\/\/abstyleitalia.it\/pt-pt\/products\/treatments-pt\/pure-liss-pt\/pure-liss-mascara-efeito-liso-cabelos-crespos-e-indisciplinados-250ml\/#primaryimage"},"thumbnailUrl":"https:\/\/abstyleitalia.it\/wp-content\/uploads\/2023\/05\/32055_abstyle_pure_liss_mask_250ml.png","datePublished":"2023-06-05T09:55:01+00:00","dateModified":"2023-06-05T09:58:35+00:00","description":"A m\u00e1scara para alisar os cabelos crespos e indisciplinados f\u00e1cil e rapidamente: Pure Liss Mask faz parte do tratamento que modela o cabelo rebelde, sem torn\u00e1-lo pesado.","breadcrumb":{"@id":"https:\/\/abstyleitalia.it\/pt-pt\/products\/treatments-pt\/pure-liss-pt\/pure-liss-mascara-efeito-liso-cabelos-crespos-e-indisciplinados-250ml\/#breadcrumb"},"inLanguage":"pt-PT","potentialAction":[{"@type":"ReadAction","target":["https:\/\/abstyleitalia.it\/pt-pt\/products\/treatments-pt\/pure-liss-pt\/pure-liss-mascara-efeito-liso-cabelos-crespos-e-indisciplinados-250ml\/"]}]},{"@type":"ImageObject","inLanguage":"pt-PT","@id":"https:\/\/abstyleitalia.it\/pt-pt\/products\/treatments-pt\/pure-liss-pt\/pure-liss-mascara-efeito-liso-cabelos-crespos-e-indisciplinados-250ml\/#primaryimage","url":"https:\/\/abstyleitalia.it\/wp-content\/uploads\/2023\/05\/32055_abstyle_pure_liss_mask_250ml.png","contentUrl":"https:\/\/abstyleitalia.it\/wp-content\/uploads\/2023\/05\/32055_abstyle_pure_liss_mask_250ml.png","width":600,"height":600},{"@type":"BreadcrumbList","@id":"https:\/\/abstyleitalia.it\/pt-pt\/products\/treatments-pt\/pure-liss-pt\/pure-liss-mascara-efeito-liso-cabelos-crespos-e-indisciplinados-250ml\/#breadcrumb","itemListElement":[{"@type":"ListItem","position":1,"name":"Home","item":"https:\/\/abstyleitalia.it\/pt-pt\/"},{"@type":"ListItem","position":2,"name":"Produtos","item":"https:\/\/abstyleitalia.it\/pt-pt\/produtos\/"},{"@type":"ListItem","position":3,"name":"Pure Liss &#8211; M\u00e1scara efeito liso Cabelos crespos e indisciplinados"}]},{"@type":"WebSite","@id":"https:\/\/abstyleitalia.it\/pt-pt\/#website","url":"https:\/\/abstyleitalia.it\/pt-pt\/","name":"ABstyle","description":"One more time for you","publisher":{"@id":"https:\/\/abstyleitalia.it\/pt-pt\/#organization"},"potentialAction":[{"@type":"SearchAction","target":{"@type":"EntryPoint","urlTemplate":"https:\/\/abstyleitalia.it\/pt-pt\/?s={search_term_string}"},"query-input":{"@type":"PropertyValueSpecification","valueRequired":true,"valueName":"search_term_string"}}],"inLanguage":"pt-PT"},{"@type":"Organization","@id":"https:\/\/abstyleitalia.it\/pt-pt\/#organization","name":"ABSTYLE","url":"https:\/\/abstyleitalia.it\/pt-pt\/","logo":{"@type":"ImageObject","inLanguage":"pt-PT","@id":"https:\/\/abstyleitalia.it\/pt-pt\/#\/schema\/logo\/image\/","url":"https:\/\/abstyleitalia.it\/wp-content\/uploads\/2017\/11\/ab-style-logo-76x76.png","contentUrl":"https:\/\/abstyleitalia.it\/wp-content\/uploads\/2017\/11\/ab-style-logo-76x76.png","width":76,"height":76,"caption":"ABSTYLE"},"image":{"@id":"https:\/\/abstyleitalia.it\/pt-pt\/#\/schema\/logo\/image\/"}}]}},"_links":{"self":[{"href":"https:\/\/abstyleitalia.it\/pt-pt\/wp-json\/wp\/v2\/product\/4053","targetHints":{"allow":["GET"]}}],"collection":[{"href":"https:\/\/abstyleitalia.it\/pt-pt\/wp-json\/wp\/v2\/product"}],"about":[{"href":"https:\/\/abstyleitalia.it\/pt-pt\/wp-json\/wp\/v2\/types\/product"}],"replies":[{"embeddable":true,"href":"https:\/\/abstyleitalia.it\/pt-pt\/wp-json\/wp\/v2\/comments?post=4053"}],"wp:featuredmedia":[{"embeddable":true,"href":"https:\/\/abstyleitalia.it\/pt-pt\/wp-json\/wp\/v2\/media\/4034"}],"wp:attachment":[{"href":"https:\/\/abstyleitalia.it\/pt-pt\/wp-json\/wp\/v2\/media?parent=4053"}],"wp:term":[{"taxonomy":"product_brand","embeddable":true,"href":"https:\/\/abstyleitalia.it\/pt-pt\/wp-json\/wp\/v2\/product_brand?post=4053"},{"taxonomy":"product_cat","embeddable":true,"href":"https:\/\/abstyleitalia.it\/pt-pt\/wp-json\/wp\/v2\/product_cat?post=4053"},{"taxonomy":"product_tag","embeddable":true,"href":"https:\/\/abstyleitalia.it\/pt-pt\/wp-json\/wp\/v2\/product_tag?post=4053"}],"curies":[{"name":"wp","href":"https:\/\/api.w.org\/{rel}","templated":true}]}}