{"id":4050,"date":"2023-06-05T11:45:56","date_gmt":"2023-06-05T09:45:57","guid":{"rendered":"https:\/\/abstyleitalia.it\/?post_type=product&#038;p=4050"},"modified":"2023-06-05T11:49:04","modified_gmt":"2023-06-05T09:49:04","slug":"pure-curl-mascara-para-cabelos-encaracolados-e-ondulados-250ml","status":"publish","type":"product","link":"https:\/\/abstyleitalia.it\/pt-pt\/products\/treatments-pt\/pure-curl-pt\/pure-curl-mascara-para-cabelos-encaracolados-e-ondulados-250ml\/","title":{"rendered":"Pure Curl &#8211; M\u00e1scara para cabelos encaracolados e ondulados"},"content":{"rendered":"<ul class=\"ul1\">\n<li class=\"li1\">Altamente nutritiva para cabelos encaracolados e ondulados.<\/li>\n<li class=\"li1\">M\u00e1scara<b> <\/b>com efeito desembara\u00e7ante de <b>elevada defini\u00e7\u00e3o<\/b><\/li>\n<li class=\"li1\">Os cabelos encaracolados e com permanente ficam <b>fortalecidos e saud\u00e1veis<\/b><\/li>\n<li class=\"li2\">Carac\u00f3is <b>naturais e el\u00e1sticos<\/b><\/li>\n<\/ul>\n","protected":false},"excerpt":{"rendered":"<p class=\"p1\">A m\u00e1scara que deve absolutamente experimentar se tem cabelos encaracolados ou ondulados:<b> Pure Curl Mask<\/b> com uma f\u00f3rmula estudada para responder \u00e0 <b>forma\u00e7\u00e3o natural das ondula\u00e7\u00f5es<\/b> que tendem a secar e a achatar. Excelente aliado para o cabelo <b>natural ou com permanente<\/b>, revitaliza, <b>nutre<\/b> e <b>redefine a ondula\u00e7\u00e3o<\/b>, ajudando a fortalecer a fibra capilar, bem como a torn\u00e1-la mais el\u00e1stica. O resultado? Controlo do volume, a\u00e7\u00e3o <b>desembara\u00e7ante<\/b> e <b>carac\u00f3is disciplinados e definidos<\/b> por mais tempo. Enriquecida com <b>extrato de s\u00e1lvia<\/b>.<\/p>\n<p class=\"p1\">Formato de 250 ml<\/p>\n","protected":false},"featured_media":4019,"comment_status":"closed","ping_status":"closed","template":"","meta":[],"product_brand":[],"product_cat":[433,430],"product_tag":[],"class_list":{"0":"post-4050","1":"product","2":"type-product","3":"status-publish","4":"has-post-thumbnail","6":"product_cat-pure-curl-pt","7":"product_cat-treatments-pt","8":"description-off","10":"first","11":"instock","12":"shipping-taxable","13":"product-type-simple"},"yoast_head":"<!-- This site is optimized with the Yoast SEO plugin v26.8 - https:\/\/yoast.com\/product\/yoast-seo-wordpress\/ -->\n<title>Pure Curl - M\u00e1scara para cabelos encaracolados e ondulados<\/title>\n<meta name=\"description\" content=\"A m\u00e1scara que deve absolutamente experimentar se tem cabelos encaracolados ou ondulados.\" \/>\n<meta name=\"robots\" content=\"index, follow, max-snippet:-1, max-image-preview:large, max-video-preview:-1\" \/>\n<link rel=\"canonical\" href=\"https:\/\/abstyleitalia.it\/pt-pt\/products\/treatments-pt\/pure-curl-pt\/pure-curl-mascara-para-cabelos-encaracolados-e-ondulados-250ml\/\" \/>\n<meta property=\"og:locale\" content=\"pt_PT\" \/>\n<meta property=\"og:type\" content=\"article\" \/>\n<meta property=\"og:title\" content=\"Pure Curl - M\u00e1scara para cabelos encaracolados e ondulados\" \/>\n<meta property=\"og:description\" content=\"A m\u00e1scara que deve absolutamente experimentar se tem cabelos encaracolados ou ondulados.\" \/>\n<meta property=\"og:url\" content=\"https:\/\/abstyleitalia.it\/pt-pt\/products\/treatments-pt\/pure-curl-pt\/pure-curl-mascara-para-cabelos-encaracolados-e-ondulados-250ml\/\" \/>\n<meta property=\"og:site_name\" content=\"ABstyle\" \/>\n<meta property=\"article:modified_time\" content=\"2023-06-05T09:49:04+00:00\" \/>\n<meta property=\"og:image\" content=\"https:\/\/abstyleitalia.it\/wp-content\/uploads\/2023\/05\/32056_abstyle_pure_curl_mask_250ml.png\" \/>\n\t<meta property=\"og:image:width\" content=\"600\" \/>\n\t<meta property=\"og:image:height\" content=\"600\" \/>\n\t<meta property=\"og:image:type\" content=\"image\/png\" \/>\n<meta name=\"twitter:card\" content=\"summary_large_image\" \/>\n<meta name=\"twitter:label1\" content=\"Tempo estimado de leitura\" \/>\n\t<meta name=\"twitter:data1\" content=\"1 minuto\" \/>\n<script type=\"application\/ld+json\" class=\"yoast-schema-graph\">{\"@context\":\"https:\/\/schema.org\",\"@graph\":[{\"@type\":\"WebPage\",\"@id\":\"https:\/\/abstyleitalia.it\/pt-pt\/products\/treatments-pt\/pure-curl-pt\/pure-curl-mascara-para-cabelos-encaracolados-e-ondulados-250ml\/\",\"url\":\"https:\/\/abstyleitalia.it\/pt-pt\/products\/treatments-pt\/pure-curl-pt\/pure-curl-mascara-para-cabelos-encaracolados-e-ondulados-250ml\/\",\"name\":\"Pure Curl - M\u00e1scara para cabelos encaracolados e ondulados\",\"isPartOf\":{\"@id\":\"https:\/\/abstyleitalia.it\/pt-pt\/#website\"},\"primaryImageOfPage\":{\"@id\":\"https:\/\/abstyleitalia.it\/pt-pt\/products\/treatments-pt\/pure-curl-pt\/pure-curl-mascara-para-cabelos-encaracolados-e-ondulados-250ml\/#primaryimage\"},\"image\":{\"@id\":\"https:\/\/abstyleitalia.it\/pt-pt\/products\/treatments-pt\/pure-curl-pt\/pure-curl-mascara-para-cabelos-encaracolados-e-ondulados-250ml\/#primaryimage\"},\"thumbnailUrl\":\"https:\/\/abstyleitalia.it\/wp-content\/uploads\/2023\/05\/32056_abstyle_pure_curl_mask_250ml.png\",\"datePublished\":\"2023-06-05T09:45:57+00:00\",\"dateModified\":\"2023-06-05T09:49:04+00:00\",\"description\":\"A m\u00e1scara que deve absolutamente experimentar se tem cabelos encaracolados ou ondulados.\",\"breadcrumb\":{\"@id\":\"https:\/\/abstyleitalia.it\/pt-pt\/products\/treatments-pt\/pure-curl-pt\/pure-curl-mascara-para-cabelos-encaracolados-e-ondulados-250ml\/#breadcrumb\"},\"inLanguage\":\"pt-PT\",\"potentialAction\":[{\"@type\":\"ReadAction\",\"target\":[\"https:\/\/abstyleitalia.it\/pt-pt\/products\/treatments-pt\/pure-curl-pt\/pure-curl-mascara-para-cabelos-encaracolados-e-ondulados-250ml\/\"]}]},{\"@type\":\"ImageObject\",\"inLanguage\":\"pt-PT\",\"@id\":\"https:\/\/abstyleitalia.it\/pt-pt\/products\/treatments-pt\/pure-curl-pt\/pure-curl-mascara-para-cabelos-encaracolados-e-ondulados-250ml\/#primaryimage\",\"url\":\"https:\/\/abstyleitalia.it\/wp-content\/uploads\/2023\/05\/32056_abstyle_pure_curl_mask_250ml.png\",\"contentUrl\":\"https:\/\/abstyleitalia.it\/wp-content\/uploads\/2023\/05\/32056_abstyle_pure_curl_mask_250ml.png\",\"width\":600,\"height\":600},{\"@type\":\"BreadcrumbList\",\"@id\":\"https:\/\/abstyleitalia.it\/pt-pt\/products\/treatments-pt\/pure-curl-pt\/pure-curl-mascara-para-cabelos-encaracolados-e-ondulados-250ml\/#breadcrumb\",\"itemListElement\":[{\"@type\":\"ListItem\",\"position\":1,\"name\":\"Home\",\"item\":\"https:\/\/abstyleitalia.it\/pt-pt\/\"},{\"@type\":\"ListItem\",\"position\":2,\"name\":\"Produtos\",\"item\":\"https:\/\/abstyleitalia.it\/pt-pt\/produtos\/\"},{\"@type\":\"ListItem\",\"position\":3,\"name\":\"Pure Curl &#8211; M\u00e1scara para cabelos encaracolados e ondulados\"}]},{\"@type\":\"WebSite\",\"@id\":\"https:\/\/abstyleitalia.it\/pt-pt\/#website\",\"url\":\"https:\/\/abstyleitalia.it\/pt-pt\/\",\"name\":\"ABstyle\",\"description\":\"One more time for you\",\"publisher\":{\"@id\":\"https:\/\/abstyleitalia.it\/pt-pt\/#organization\"},\"potentialAction\":[{\"@type\":\"SearchAction\",\"target\":{\"@type\":\"EntryPoint\",\"urlTemplate\":\"https:\/\/abstyleitalia.it\/pt-pt\/?s={search_term_string}\"},\"query-input\":{\"@type\":\"PropertyValueSpecification\",\"valueRequired\":true,\"valueName\":\"search_term_string\"}}],\"inLanguage\":\"pt-PT\"},{\"@type\":\"Organization\",\"@id\":\"https:\/\/abstyleitalia.it\/pt-pt\/#organization\",\"name\":\"ABSTYLE\",\"url\":\"https:\/\/abstyleitalia.it\/pt-pt\/\",\"logo\":{\"@type\":\"ImageObject\",\"inLanguage\":\"pt-PT\",\"@id\":\"https:\/\/abstyleitalia.it\/pt-pt\/#\/schema\/logo\/image\/\",\"url\":\"https:\/\/abstyleitalia.it\/wp-content\/uploads\/2017\/11\/ab-style-logo-76x76.png\",\"contentUrl\":\"https:\/\/abstyleitalia.it\/wp-content\/uploads\/2017\/11\/ab-style-logo-76x76.png\",\"width\":76,\"height\":76,\"caption\":\"ABSTYLE\"},\"image\":{\"@id\":\"https:\/\/abstyleitalia.it\/pt-pt\/#\/schema\/logo\/image\/\"}}]}<\/script>\n<!-- \/ Yoast SEO plugin. -->","yoast_head_json":{"title":"Pure Curl - M\u00e1scara para cabelos encaracolados e ondulados","description":"A m\u00e1scara que deve absolutamente experimentar se tem cabelos encaracolados ou ondulados.","robots":{"index":"index","follow":"follow","max-snippet":"max-snippet:-1","max-image-preview":"max-image-preview:large","max-video-preview":"max-video-preview:-1"},"canonical":"https:\/\/abstyleitalia.it\/pt-pt\/products\/treatments-pt\/pure-curl-pt\/pure-curl-mascara-para-cabelos-encaracolados-e-ondulados-250ml\/","og_locale":"pt_PT","og_type":"article","og_title":"Pure Curl - M\u00e1scara para cabelos encaracolados e ondulados","og_description":"A m\u00e1scara que deve absolutamente experimentar se tem cabelos encaracolados ou ondulados.","og_url":"https:\/\/abstyleitalia.it\/pt-pt\/products\/treatments-pt\/pure-curl-pt\/pure-curl-mascara-para-cabelos-encaracolados-e-ondulados-250ml\/","og_site_name":"ABstyle","article_modified_time":"2023-06-05T09:49:04+00:00","og_image":[{"width":600,"height":600,"url":"https:\/\/abstyleitalia.it\/wp-content\/uploads\/2023\/05\/32056_abstyle_pure_curl_mask_250ml.png","type":"image\/png"}],"twitter_card":"summary_large_image","twitter_misc":{"Tempo estimado de leitura":"1 minuto"},"schema":{"@context":"https:\/\/schema.org","@graph":[{"@type":"WebPage","@id":"https:\/\/abstyleitalia.it\/pt-pt\/products\/treatments-pt\/pure-curl-pt\/pure-curl-mascara-para-cabelos-encaracolados-e-ondulados-250ml\/","url":"https:\/\/abstyleitalia.it\/pt-pt\/products\/treatments-pt\/pure-curl-pt\/pure-curl-mascara-para-cabelos-encaracolados-e-ondulados-250ml\/","name":"Pure Curl - M\u00e1scara para cabelos encaracolados e ondulados","isPartOf":{"@id":"https:\/\/abstyleitalia.it\/pt-pt\/#website"},"primaryImageOfPage":{"@id":"https:\/\/abstyleitalia.it\/pt-pt\/products\/treatments-pt\/pure-curl-pt\/pure-curl-mascara-para-cabelos-encaracolados-e-ondulados-250ml\/#primaryimage"},"image":{"@id":"https:\/\/abstyleitalia.it\/pt-pt\/products\/treatments-pt\/pure-curl-pt\/pure-curl-mascara-para-cabelos-encaracolados-e-ondulados-250ml\/#primaryimage"},"thumbnailUrl":"https:\/\/abstyleitalia.it\/wp-content\/uploads\/2023\/05\/32056_abstyle_pure_curl_mask_250ml.png","datePublished":"2023-06-05T09:45:57+00:00","dateModified":"2023-06-05T09:49:04+00:00","description":"A m\u00e1scara que deve absolutamente experimentar se tem cabelos encaracolados ou ondulados.","breadcrumb":{"@id":"https:\/\/abstyleitalia.it\/pt-pt\/products\/treatments-pt\/pure-curl-pt\/pure-curl-mascara-para-cabelos-encaracolados-e-ondulados-250ml\/#breadcrumb"},"inLanguage":"pt-PT","potentialAction":[{"@type":"ReadAction","target":["https:\/\/abstyleitalia.it\/pt-pt\/products\/treatments-pt\/pure-curl-pt\/pure-curl-mascara-para-cabelos-encaracolados-e-ondulados-250ml\/"]}]},{"@type":"ImageObject","inLanguage":"pt-PT","@id":"https:\/\/abstyleitalia.it\/pt-pt\/products\/treatments-pt\/pure-curl-pt\/pure-curl-mascara-para-cabelos-encaracolados-e-ondulados-250ml\/#primaryimage","url":"https:\/\/abstyleitalia.it\/wp-content\/uploads\/2023\/05\/32056_abstyle_pure_curl_mask_250ml.png","contentUrl":"https:\/\/abstyleitalia.it\/wp-content\/uploads\/2023\/05\/32056_abstyle_pure_curl_mask_250ml.png","width":600,"height":600},{"@type":"BreadcrumbList","@id":"https:\/\/abstyleitalia.it\/pt-pt\/products\/treatments-pt\/pure-curl-pt\/pure-curl-mascara-para-cabelos-encaracolados-e-ondulados-250ml\/#breadcrumb","itemListElement":[{"@type":"ListItem","position":1,"name":"Home","item":"https:\/\/abstyleitalia.it\/pt-pt\/"},{"@type":"ListItem","position":2,"name":"Produtos","item":"https:\/\/abstyleitalia.it\/pt-pt\/produtos\/"},{"@type":"ListItem","position":3,"name":"Pure Curl &#8211; M\u00e1scara para cabelos encaracolados e ondulados"}]},{"@type":"WebSite","@id":"https:\/\/abstyleitalia.it\/pt-pt\/#website","url":"https:\/\/abstyleitalia.it\/pt-pt\/","name":"ABstyle","description":"One more time for you","publisher":{"@id":"https:\/\/abstyleitalia.it\/pt-pt\/#organization"},"potentialAction":[{"@type":"SearchAction","target":{"@type":"EntryPoint","urlTemplate":"https:\/\/abstyleitalia.it\/pt-pt\/?s={search_term_string}"},"query-input":{"@type":"PropertyValueSpecification","valueRequired":true,"valueName":"search_term_string"}}],"inLanguage":"pt-PT"},{"@type":"Organization","@id":"https:\/\/abstyleitalia.it\/pt-pt\/#organization","name":"ABSTYLE","url":"https:\/\/abstyleitalia.it\/pt-pt\/","logo":{"@type":"ImageObject","inLanguage":"pt-PT","@id":"https:\/\/abstyleitalia.it\/pt-pt\/#\/schema\/logo\/image\/","url":"https:\/\/abstyleitalia.it\/wp-content\/uploads\/2017\/11\/ab-style-logo-76x76.png","contentUrl":"https:\/\/abstyleitalia.it\/wp-content\/uploads\/2017\/11\/ab-style-logo-76x76.png","width":76,"height":76,"caption":"ABSTYLE"},"image":{"@id":"https:\/\/abstyleitalia.it\/pt-pt\/#\/schema\/logo\/image\/"}}]}},"_links":{"self":[{"href":"https:\/\/abstyleitalia.it\/pt-pt\/wp-json\/wp\/v2\/product\/4050","targetHints":{"allow":["GET"]}}],"collection":[{"href":"https:\/\/abstyleitalia.it\/pt-pt\/wp-json\/wp\/v2\/product"}],"about":[{"href":"https:\/\/abstyleitalia.it\/pt-pt\/wp-json\/wp\/v2\/types\/product"}],"replies":[{"embeddable":true,"href":"https:\/\/abstyleitalia.it\/pt-pt\/wp-json\/wp\/v2\/comments?post=4050"}],"wp:featuredmedia":[{"embeddable":true,"href":"https:\/\/abstyleitalia.it\/pt-pt\/wp-json\/wp\/v2\/media\/4019"}],"wp:attachment":[{"href":"https:\/\/abstyleitalia.it\/pt-pt\/wp-json\/wp\/v2\/media?parent=4050"}],"wp:term":[{"taxonomy":"product_brand","embeddable":true,"href":"https:\/\/abstyleitalia.it\/pt-pt\/wp-json\/wp\/v2\/product_brand?post=4050"},{"taxonomy":"product_cat","embeddable":true,"href":"https:\/\/abstyleitalia.it\/pt-pt\/wp-json\/wp\/v2\/product_cat?post=4050"},{"taxonomy":"product_tag","embeddable":true,"href":"https:\/\/abstyleitalia.it\/pt-pt\/wp-json\/wp\/v2\/product_tag?post=4050"}],"curies":[{"name":"wp","href":"https:\/\/api.w.org\/{rel}","templated":true}]}}