{"id":3334,"date":"2018-03-16T12:14:09","date_gmt":"2018-03-16T11:14:09","guid":{"rendered":"https:\/\/abstyleitalia.it\/products\/sem categoria\/nectar-oil-champo-ilumindor-e-regenerador\/"},"modified":"2018-03-16T12:14:09","modified_gmt":"2018-03-16T11:14:09","slug":"nectar-oil-champo-ilumindor-e-regenerador","status":"publish","type":"product","link":"https:\/\/abstyleitalia.it\/pt-pt\/products\/treatments-pt\/nectar-oil-pt\/nectar-oil-champo-ilumindor-e-regenerador\/","title":{"rendered":"Nectar Oil &#8211; Champ\u00f4 ilumindor e regenerador"},"content":{"rendered":"<p class=\"p1\"><b>Lava <\/b>e<b> hidrata<\/b> os cabelos<\/p>\n<p class=\"p1\">O cabelo fica <b>luminoso e nutrido<\/b><\/p>\n<p class=\"p1\">F\u00f3rmula regeneradora \u00e0 baste de <b>\u00f3leo de arg\u00e3o <\/b>e<b> queratina<\/b><\/p>\n","protected":false},"excerpt":{"rendered":"<p class=\"p1\"><b>Nectar Oil champ\u00f4<\/b> especialmente para <b>lavar delicadamente e nutrir<\/b>, sem afetar o equil\u00edbrio hidrolip\u00eddico do cabelo. A utiliza\u00e7\u00e3o regular do champ\u00f4 <b>regenera e hidrata o cabelo<\/b>: desde a primeira aplica\u00e7\u00e3o, os cabelos ficam resplandecentes e visivelmente mais saud\u00e1veis, gra\u00e7as \u00e0s propriedades hidratantes e revitalizantes do <b>\u00f3leo de arg\u00e3o <\/b>e da<b> queratina <\/b>presentes na f\u00f3rmula.<span class=\"Apple-converted-space\">\u00a0<\/span><\/p>\n<p class=\"p1\">Uso profissional<\/p>\n<p class=\"p1\">Frasco de 500 ml<span class=\"Apple-converted-space\">\u00a0<\/span><\/p>\n","protected":false},"featured_media":4075,"comment_status":"closed","ping_status":"closed","template":"","meta":[],"product_brand":[],"product_cat":[431,430],"product_tag":[],"class_list":{"0":"post-3334","1":"product","2":"type-product","3":"status-publish","4":"has-post-thumbnail","6":"product_cat-nectar-oil-pt","7":"product_cat-treatments-pt","8":"description-off","10":"first","11":"instock","12":"shipping-taxable","13":"product-type-simple"},"yoast_head":"<!-- This site is optimized with the Yoast SEO plugin v26.8 - https:\/\/yoast.com\/product\/yoast-seo-wordpress\/ -->\n<title>Nectar Oil - Champ\u00f4 ilumindor e regenerador<\/title>\n<meta name=\"description\" content=\"Nectar Oil champ\u00f4 especialmente para lavar delicadamente e nutrir, sem afetar o equil\u00edbrio hidrolip\u00eddico do cabelo.\" \/>\n<meta name=\"robots\" content=\"index, follow, max-snippet:-1, max-image-preview:large, max-video-preview:-1\" \/>\n<link rel=\"canonical\" href=\"https:\/\/abstyleitalia.it\/pt-pt\/products\/treatments-pt\/nectar-oil-pt\/nectar-oil-champo-ilumindor-e-regenerador\/\" \/>\n<meta property=\"og:locale\" content=\"pt_PT\" \/>\n<meta property=\"og:type\" content=\"article\" \/>\n<meta property=\"og:title\" content=\"Nectar Oil - Champ\u00f4 ilumindor e regenerador\" \/>\n<meta property=\"og:description\" content=\"Nectar Oil champ\u00f4 especialmente para lavar delicadamente e nutrir, sem afetar o equil\u00edbrio hidrolip\u00eddico do cabelo.\" \/>\n<meta property=\"og:url\" content=\"https:\/\/abstyleitalia.it\/pt-pt\/products\/treatments-pt\/nectar-oil-pt\/nectar-oil-champo-ilumindor-e-regenerador\/\" \/>\n<meta property=\"og:site_name\" content=\"ABstyle\" \/>\n<meta property=\"og:image\" content=\"https:\/\/abstyleitalia.it\/wp-content\/uploads\/2023\/09\/32027_abstyle_nectar_oil_nourishing_illuminating_shampoo_500ml.png\" \/>\n\t<meta property=\"og:image:width\" content=\"600\" \/>\n\t<meta property=\"og:image:height\" content=\"600\" \/>\n\t<meta property=\"og:image:type\" content=\"image\/png\" \/>\n<meta name=\"twitter:card\" content=\"summary_large_image\" \/>\n<script type=\"application\/ld+json\" class=\"yoast-schema-graph\">{\"@context\":\"https:\/\/schema.org\",\"@graph\":[{\"@type\":\"WebPage\",\"@id\":\"https:\/\/abstyleitalia.it\/pt-pt\/products\/treatments-pt\/nectar-oil-pt\/nectar-oil-champo-ilumindor-e-regenerador\/\",\"url\":\"https:\/\/abstyleitalia.it\/pt-pt\/products\/treatments-pt\/nectar-oil-pt\/nectar-oil-champo-ilumindor-e-regenerador\/\",\"name\":\"Nectar Oil - Champ\u00f4 ilumindor e regenerador\",\"isPartOf\":{\"@id\":\"https:\/\/abstyleitalia.it\/pt-pt\/#website\"},\"primaryImageOfPage\":{\"@id\":\"https:\/\/abstyleitalia.it\/pt-pt\/products\/treatments-pt\/nectar-oil-pt\/nectar-oil-champo-ilumindor-e-regenerador\/#primaryimage\"},\"image\":{\"@id\":\"https:\/\/abstyleitalia.it\/pt-pt\/products\/treatments-pt\/nectar-oil-pt\/nectar-oil-champo-ilumindor-e-regenerador\/#primaryimage\"},\"thumbnailUrl\":\"https:\/\/abstyleitalia.it\/wp-content\/uploads\/2023\/09\/32027_abstyle_nectar_oil_nourishing_illuminating_shampoo_500ml.png\",\"datePublished\":\"2018-03-16T11:14:09+00:00\",\"description\":\"Nectar Oil champ\u00f4 especialmente para lavar delicadamente e nutrir, sem afetar o equil\u00edbrio hidrolip\u00eddico do cabelo.\",\"breadcrumb\":{\"@id\":\"https:\/\/abstyleitalia.it\/pt-pt\/products\/treatments-pt\/nectar-oil-pt\/nectar-oil-champo-ilumindor-e-regenerador\/#breadcrumb\"},\"inLanguage\":\"pt-PT\",\"potentialAction\":[{\"@type\":\"ReadAction\",\"target\":[\"https:\/\/abstyleitalia.it\/pt-pt\/products\/treatments-pt\/nectar-oil-pt\/nectar-oil-champo-ilumindor-e-regenerador\/\"]}]},{\"@type\":\"ImageObject\",\"inLanguage\":\"pt-PT\",\"@id\":\"https:\/\/abstyleitalia.it\/pt-pt\/products\/treatments-pt\/nectar-oil-pt\/nectar-oil-champo-ilumindor-e-regenerador\/#primaryimage\",\"url\":\"https:\/\/abstyleitalia.it\/wp-content\/uploads\/2023\/09\/32027_abstyle_nectar_oil_nourishing_illuminating_shampoo_500ml.png\",\"contentUrl\":\"https:\/\/abstyleitalia.it\/wp-content\/uploads\/2023\/09\/32027_abstyle_nectar_oil_nourishing_illuminating_shampoo_500ml.png\",\"width\":600,\"height\":600},{\"@type\":\"BreadcrumbList\",\"@id\":\"https:\/\/abstyleitalia.it\/pt-pt\/products\/treatments-pt\/nectar-oil-pt\/nectar-oil-champo-ilumindor-e-regenerador\/#breadcrumb\",\"itemListElement\":[{\"@type\":\"ListItem\",\"position\":1,\"name\":\"Home\",\"item\":\"https:\/\/abstyleitalia.it\/pt-pt\/\"},{\"@type\":\"ListItem\",\"position\":2,\"name\":\"Produtos\",\"item\":\"https:\/\/abstyleitalia.it\/pt-pt\/produtos\/\"},{\"@type\":\"ListItem\",\"position\":3,\"name\":\"Nectar Oil &#8211; Champ\u00f4 ilumindor e regenerador\"}]},{\"@type\":\"WebSite\",\"@id\":\"https:\/\/abstyleitalia.it\/pt-pt\/#website\",\"url\":\"https:\/\/abstyleitalia.it\/pt-pt\/\",\"name\":\"ABstyle\",\"description\":\"One more time for you\",\"publisher\":{\"@id\":\"https:\/\/abstyleitalia.it\/pt-pt\/#organization\"},\"potentialAction\":[{\"@type\":\"SearchAction\",\"target\":{\"@type\":\"EntryPoint\",\"urlTemplate\":\"https:\/\/abstyleitalia.it\/pt-pt\/?s={search_term_string}\"},\"query-input\":{\"@type\":\"PropertyValueSpecification\",\"valueRequired\":true,\"valueName\":\"search_term_string\"}}],\"inLanguage\":\"pt-PT\"},{\"@type\":\"Organization\",\"@id\":\"https:\/\/abstyleitalia.it\/pt-pt\/#organization\",\"name\":\"ABSTYLE\",\"url\":\"https:\/\/abstyleitalia.it\/pt-pt\/\",\"logo\":{\"@type\":\"ImageObject\",\"inLanguage\":\"pt-PT\",\"@id\":\"https:\/\/abstyleitalia.it\/pt-pt\/#\/schema\/logo\/image\/\",\"url\":\"https:\/\/abstyleitalia.it\/wp-content\/uploads\/2017\/11\/ab-style-logo-76x76.png\",\"contentUrl\":\"https:\/\/abstyleitalia.it\/wp-content\/uploads\/2017\/11\/ab-style-logo-76x76.png\",\"width\":76,\"height\":76,\"caption\":\"ABSTYLE\"},\"image\":{\"@id\":\"https:\/\/abstyleitalia.it\/pt-pt\/#\/schema\/logo\/image\/\"}}]}<\/script>\n<!-- \/ Yoast SEO plugin. -->","yoast_head_json":{"title":"Nectar Oil - Champ\u00f4 ilumindor e regenerador","description":"Nectar Oil champ\u00f4 especialmente para lavar delicadamente e nutrir, sem afetar o equil\u00edbrio hidrolip\u00eddico do cabelo.","robots":{"index":"index","follow":"follow","max-snippet":"max-snippet:-1","max-image-preview":"max-image-preview:large","max-video-preview":"max-video-preview:-1"},"canonical":"https:\/\/abstyleitalia.it\/pt-pt\/products\/treatments-pt\/nectar-oil-pt\/nectar-oil-champo-ilumindor-e-regenerador\/","og_locale":"pt_PT","og_type":"article","og_title":"Nectar Oil - Champ\u00f4 ilumindor e regenerador","og_description":"Nectar Oil champ\u00f4 especialmente para lavar delicadamente e nutrir, sem afetar o equil\u00edbrio hidrolip\u00eddico do cabelo.","og_url":"https:\/\/abstyleitalia.it\/pt-pt\/products\/treatments-pt\/nectar-oil-pt\/nectar-oil-champo-ilumindor-e-regenerador\/","og_site_name":"ABstyle","og_image":[{"width":600,"height":600,"url":"https:\/\/abstyleitalia.it\/wp-content\/uploads\/2023\/09\/32027_abstyle_nectar_oil_nourishing_illuminating_shampoo_500ml.png","type":"image\/png"}],"twitter_card":"summary_large_image","schema":{"@context":"https:\/\/schema.org","@graph":[{"@type":"WebPage","@id":"https:\/\/abstyleitalia.it\/pt-pt\/products\/treatments-pt\/nectar-oil-pt\/nectar-oil-champo-ilumindor-e-regenerador\/","url":"https:\/\/abstyleitalia.it\/pt-pt\/products\/treatments-pt\/nectar-oil-pt\/nectar-oil-champo-ilumindor-e-regenerador\/","name":"Nectar Oil - Champ\u00f4 ilumindor e regenerador","isPartOf":{"@id":"https:\/\/abstyleitalia.it\/pt-pt\/#website"},"primaryImageOfPage":{"@id":"https:\/\/abstyleitalia.it\/pt-pt\/products\/treatments-pt\/nectar-oil-pt\/nectar-oil-champo-ilumindor-e-regenerador\/#primaryimage"},"image":{"@id":"https:\/\/abstyleitalia.it\/pt-pt\/products\/treatments-pt\/nectar-oil-pt\/nectar-oil-champo-ilumindor-e-regenerador\/#primaryimage"},"thumbnailUrl":"https:\/\/abstyleitalia.it\/wp-content\/uploads\/2023\/09\/32027_abstyle_nectar_oil_nourishing_illuminating_shampoo_500ml.png","datePublished":"2018-03-16T11:14:09+00:00","description":"Nectar Oil champ\u00f4 especialmente para lavar delicadamente e nutrir, sem afetar o equil\u00edbrio hidrolip\u00eddico do cabelo.","breadcrumb":{"@id":"https:\/\/abstyleitalia.it\/pt-pt\/products\/treatments-pt\/nectar-oil-pt\/nectar-oil-champo-ilumindor-e-regenerador\/#breadcrumb"},"inLanguage":"pt-PT","potentialAction":[{"@type":"ReadAction","target":["https:\/\/abstyleitalia.it\/pt-pt\/products\/treatments-pt\/nectar-oil-pt\/nectar-oil-champo-ilumindor-e-regenerador\/"]}]},{"@type":"ImageObject","inLanguage":"pt-PT","@id":"https:\/\/abstyleitalia.it\/pt-pt\/products\/treatments-pt\/nectar-oil-pt\/nectar-oil-champo-ilumindor-e-regenerador\/#primaryimage","url":"https:\/\/abstyleitalia.it\/wp-content\/uploads\/2023\/09\/32027_abstyle_nectar_oil_nourishing_illuminating_shampoo_500ml.png","contentUrl":"https:\/\/abstyleitalia.it\/wp-content\/uploads\/2023\/09\/32027_abstyle_nectar_oil_nourishing_illuminating_shampoo_500ml.png","width":600,"height":600},{"@type":"BreadcrumbList","@id":"https:\/\/abstyleitalia.it\/pt-pt\/products\/treatments-pt\/nectar-oil-pt\/nectar-oil-champo-ilumindor-e-regenerador\/#breadcrumb","itemListElement":[{"@type":"ListItem","position":1,"name":"Home","item":"https:\/\/abstyleitalia.it\/pt-pt\/"},{"@type":"ListItem","position":2,"name":"Produtos","item":"https:\/\/abstyleitalia.it\/pt-pt\/produtos\/"},{"@type":"ListItem","position":3,"name":"Nectar Oil &#8211; Champ\u00f4 ilumindor e regenerador"}]},{"@type":"WebSite","@id":"https:\/\/abstyleitalia.it\/pt-pt\/#website","url":"https:\/\/abstyleitalia.it\/pt-pt\/","name":"ABstyle","description":"One more time for you","publisher":{"@id":"https:\/\/abstyleitalia.it\/pt-pt\/#organization"},"potentialAction":[{"@type":"SearchAction","target":{"@type":"EntryPoint","urlTemplate":"https:\/\/abstyleitalia.it\/pt-pt\/?s={search_term_string}"},"query-input":{"@type":"PropertyValueSpecification","valueRequired":true,"valueName":"search_term_string"}}],"inLanguage":"pt-PT"},{"@type":"Organization","@id":"https:\/\/abstyleitalia.it\/pt-pt\/#organization","name":"ABSTYLE","url":"https:\/\/abstyleitalia.it\/pt-pt\/","logo":{"@type":"ImageObject","inLanguage":"pt-PT","@id":"https:\/\/abstyleitalia.it\/pt-pt\/#\/schema\/logo\/image\/","url":"https:\/\/abstyleitalia.it\/wp-content\/uploads\/2017\/11\/ab-style-logo-76x76.png","contentUrl":"https:\/\/abstyleitalia.it\/wp-content\/uploads\/2017\/11\/ab-style-logo-76x76.png","width":76,"height":76,"caption":"ABSTYLE"},"image":{"@id":"https:\/\/abstyleitalia.it\/pt-pt\/#\/schema\/logo\/image\/"}}]}},"_links":{"self":[{"href":"https:\/\/abstyleitalia.it\/pt-pt\/wp-json\/wp\/v2\/product\/3334","targetHints":{"allow":["GET"]}}],"collection":[{"href":"https:\/\/abstyleitalia.it\/pt-pt\/wp-json\/wp\/v2\/product"}],"about":[{"href":"https:\/\/abstyleitalia.it\/pt-pt\/wp-json\/wp\/v2\/types\/product"}],"replies":[{"embeddable":true,"href":"https:\/\/abstyleitalia.it\/pt-pt\/wp-json\/wp\/v2\/comments?post=3334"}],"wp:featuredmedia":[{"embeddable":true,"href":"https:\/\/abstyleitalia.it\/pt-pt\/wp-json\/wp\/v2\/media\/4075"}],"wp:attachment":[{"href":"https:\/\/abstyleitalia.it\/pt-pt\/wp-json\/wp\/v2\/media?parent=3334"}],"wp:term":[{"taxonomy":"product_brand","embeddable":true,"href":"https:\/\/abstyleitalia.it\/pt-pt\/wp-json\/wp\/v2\/product_brand?post=3334"},{"taxonomy":"product_cat","embeddable":true,"href":"https:\/\/abstyleitalia.it\/pt-pt\/wp-json\/wp\/v2\/product_cat?post=3334"},{"taxonomy":"product_tag","embeddable":true,"href":"https:\/\/abstyleitalia.it\/pt-pt\/wp-json\/wp\/v2\/product_tag?post=3334"}],"curies":[{"name":"wp","href":"https:\/\/api.w.org\/{rel}","templated":true}]}}