{"id":3332,"date":"2018-03-16T12:16:20","date_gmt":"2018-03-16T11:16:20","guid":{"rendered":"https:\/\/abstyleitalia.it\/products\/sem%20categoria\/nectar-oil-mascara-iluminadora-e-regeneradora\/"},"modified":"2022-05-25T15:51:10","modified_gmt":"2022-05-25T13:51:10","slug":"nectar-oil-mascara-iluminadora-e-regeneradora","status":"publish","type":"product","link":"https:\/\/abstyleitalia.it\/pt-pt\/products\/treatments-pt\/nectar-oil-pt\/nectar-oil-mascara-iluminadora-e-regeneradora\/","title":{"rendered":"Nectar Oil &#8211; M\u00e1scara iluminadora e regeneradora"},"content":{"rendered":"<p class=\"p1\"><b>Nutre e hidrata <\/b>a fibra capilar<\/p>\n<p class=\"p1\">O cabelo fica <b>radiante e protegido<\/b><\/p>\n<p class=\"p1\">F\u00f3rmula regeneradora com <b>\u00f3leo de arg\u00e3o <\/b>e<b> queratina<\/b><\/p>\n","protected":false},"excerpt":{"rendered":"<p class=\"p1\">Rica e aveludada, a <b>m\u00e1scara iluminadora Nectar Oil<\/b> atua em profundidade gra\u00e7as aos agentes nutritivos caracterizados por incr\u00edveis propriedades regeneradoras: o <b>\u00f3leo de arg\u00e3o <\/b>e<b> a queratina<\/b> revitalizam o cabelo, protegendo-o dos agentes externos e conferindo-lhe um <b>novo brilho<\/b>. Utilizada com frequ\u00eancia, a m\u00e1scara ABstyle <b>hidrata intensamente<\/b> a fibra capilar.<span class=\"Apple-converted-space\">\u00a0<\/span><\/p>\n<p class=\"p1\">Uso profissional<span class=\"Apple-converted-space\">\u00a0<\/span><\/p>\n<p class=\"p1\">Formato de 250 ml<\/p>\n","protected":false},"featured_media":4072,"comment_status":"closed","ping_status":"closed","template":"","meta":[],"product_brand":[],"product_cat":[431,430],"product_tag":[],"class_list":{"0":"post-3332","1":"product","2":"type-product","3":"status-publish","4":"has-post-thumbnail","6":"product_cat-nectar-oil-pt","7":"product_cat-treatments-pt","8":"description-off","10":"first","11":"instock","12":"shipping-taxable","13":"product-type-simple"},"yoast_head":"<!-- This site is optimized with the Yoast SEO plugin v26.8 - https:\/\/yoast.com\/product\/yoast-seo-wordpress\/ -->\n<title>Nectar Oil - M\u00e1scara iluminadora e regeneradora | ABstyle<\/title>\n<meta name=\"robots\" content=\"index, follow, max-snippet:-1, max-image-preview:large, max-video-preview:-1\" \/>\n<link rel=\"canonical\" href=\"https:\/\/abstyleitalia.it\/pt-pt\/products\/treatments-pt\/nectar-oil-pt\/nectar-oil-mascara-iluminadora-e-regeneradora\/\" \/>\n<meta property=\"og:locale\" content=\"pt_PT\" \/>\n<meta property=\"og:type\" content=\"article\" \/>\n<meta property=\"og:title\" content=\"Nectar Oil - M\u00e1scara iluminadora e regeneradora | ABstyle\" \/>\n<meta property=\"og:description\" content=\"Rica e aveludada, a m\u00e1scara iluminadora Nectar Oil atua em profundidade gra\u00e7as aos agentes nutritivos caracterizados por incr\u00edveis propriedades regeneradoras: o \u00f3leo de arg\u00e3o e a queratina revitalizam o cabelo, protegendo-o dos agentes externos e conferindo-lhe um novo brilho. Utilizada com frequ\u00eancia, a m\u00e1scara ABstyle hidrata intensamente a fibra capilar.\u00a0 Uso profissional\u00a0 Formato de 250 ml\" \/>\n<meta property=\"og:url\" content=\"https:\/\/abstyleitalia.it\/pt-pt\/products\/treatments-pt\/nectar-oil-pt\/nectar-oil-mascara-iluminadora-e-regeneradora\/\" \/>\n<meta property=\"og:site_name\" content=\"ABstyle\" \/>\n<meta property=\"article:modified_time\" content=\"2022-05-25T13:51:10+00:00\" \/>\n<meta property=\"og:image\" content=\"https:\/\/abstyleitalia.it\/wp-content\/uploads\/2023\/09\/32028_abstyle_nectar_oil_nourishing_illuminating_mask_250ml.png\" \/>\n\t<meta property=\"og:image:width\" content=\"600\" \/>\n\t<meta property=\"og:image:height\" content=\"600\" \/>\n\t<meta property=\"og:image:type\" content=\"image\/png\" \/>\n<meta name=\"twitter:card\" content=\"summary_large_image\" \/>\n<script type=\"application\/ld+json\" class=\"yoast-schema-graph\">{\"@context\":\"https:\/\/schema.org\",\"@graph\":[{\"@type\":\"WebPage\",\"@id\":\"https:\/\/abstyleitalia.it\/pt-pt\/products\/treatments-pt\/nectar-oil-pt\/nectar-oil-mascara-iluminadora-e-regeneradora\/\",\"url\":\"https:\/\/abstyleitalia.it\/pt-pt\/products\/treatments-pt\/nectar-oil-pt\/nectar-oil-mascara-iluminadora-e-regeneradora\/\",\"name\":\"Nectar Oil - M\u00e1scara iluminadora e regeneradora | ABstyle\",\"isPartOf\":{\"@id\":\"https:\/\/abstyleitalia.it\/pt-pt\/#website\"},\"primaryImageOfPage\":{\"@id\":\"https:\/\/abstyleitalia.it\/pt-pt\/products\/treatments-pt\/nectar-oil-pt\/nectar-oil-mascara-iluminadora-e-regeneradora\/#primaryimage\"},\"image\":{\"@id\":\"https:\/\/abstyleitalia.it\/pt-pt\/products\/treatments-pt\/nectar-oil-pt\/nectar-oil-mascara-iluminadora-e-regeneradora\/#primaryimage\"},\"thumbnailUrl\":\"https:\/\/abstyleitalia.it\/wp-content\/uploads\/2023\/09\/32028_abstyle_nectar_oil_nourishing_illuminating_mask_250ml.png\",\"datePublished\":\"2018-03-16T11:16:20+00:00\",\"dateModified\":\"2022-05-25T13:51:10+00:00\",\"breadcrumb\":{\"@id\":\"https:\/\/abstyleitalia.it\/pt-pt\/products\/treatments-pt\/nectar-oil-pt\/nectar-oil-mascara-iluminadora-e-regeneradora\/#breadcrumb\"},\"inLanguage\":\"pt-PT\",\"potentialAction\":[{\"@type\":\"ReadAction\",\"target\":[\"https:\/\/abstyleitalia.it\/pt-pt\/products\/treatments-pt\/nectar-oil-pt\/nectar-oil-mascara-iluminadora-e-regeneradora\/\"]}]},{\"@type\":\"ImageObject\",\"inLanguage\":\"pt-PT\",\"@id\":\"https:\/\/abstyleitalia.it\/pt-pt\/products\/treatments-pt\/nectar-oil-pt\/nectar-oil-mascara-iluminadora-e-regeneradora\/#primaryimage\",\"url\":\"https:\/\/abstyleitalia.it\/wp-content\/uploads\/2023\/09\/32028_abstyle_nectar_oil_nourishing_illuminating_mask_250ml.png\",\"contentUrl\":\"https:\/\/abstyleitalia.it\/wp-content\/uploads\/2023\/09\/32028_abstyle_nectar_oil_nourishing_illuminating_mask_250ml.png\",\"width\":600,\"height\":600},{\"@type\":\"BreadcrumbList\",\"@id\":\"https:\/\/abstyleitalia.it\/pt-pt\/products\/treatments-pt\/nectar-oil-pt\/nectar-oil-mascara-iluminadora-e-regeneradora\/#breadcrumb\",\"itemListElement\":[{\"@type\":\"ListItem\",\"position\":1,\"name\":\"Home\",\"item\":\"https:\/\/abstyleitalia.it\/pt-pt\/\"},{\"@type\":\"ListItem\",\"position\":2,\"name\":\"Produtos\",\"item\":\"https:\/\/abstyleitalia.it\/pt-pt\/produtos\/\"},{\"@type\":\"ListItem\",\"position\":3,\"name\":\"Nectar Oil &#8211; M\u00e1scara iluminadora e regeneradora\"}]},{\"@type\":\"WebSite\",\"@id\":\"https:\/\/abstyleitalia.it\/pt-pt\/#website\",\"url\":\"https:\/\/abstyleitalia.it\/pt-pt\/\",\"name\":\"ABstyle\",\"description\":\"One more time for you\",\"publisher\":{\"@id\":\"https:\/\/abstyleitalia.it\/pt-pt\/#organization\"},\"potentialAction\":[{\"@type\":\"SearchAction\",\"target\":{\"@type\":\"EntryPoint\",\"urlTemplate\":\"https:\/\/abstyleitalia.it\/pt-pt\/?s={search_term_string}\"},\"query-input\":{\"@type\":\"PropertyValueSpecification\",\"valueRequired\":true,\"valueName\":\"search_term_string\"}}],\"inLanguage\":\"pt-PT\"},{\"@type\":\"Organization\",\"@id\":\"https:\/\/abstyleitalia.it\/pt-pt\/#organization\",\"name\":\"ABSTYLE\",\"url\":\"https:\/\/abstyleitalia.it\/pt-pt\/\",\"logo\":{\"@type\":\"ImageObject\",\"inLanguage\":\"pt-PT\",\"@id\":\"https:\/\/abstyleitalia.it\/pt-pt\/#\/schema\/logo\/image\/\",\"url\":\"https:\/\/abstyleitalia.it\/wp-content\/uploads\/2017\/11\/ab-style-logo-76x76.png\",\"contentUrl\":\"https:\/\/abstyleitalia.it\/wp-content\/uploads\/2017\/11\/ab-style-logo-76x76.png\",\"width\":76,\"height\":76,\"caption\":\"ABSTYLE\"},\"image\":{\"@id\":\"https:\/\/abstyleitalia.it\/pt-pt\/#\/schema\/logo\/image\/\"}}]}<\/script>\n<!-- \/ Yoast SEO plugin. -->","yoast_head_json":{"title":"Nectar Oil - M\u00e1scara iluminadora e regeneradora | ABstyle","robots":{"index":"index","follow":"follow","max-snippet":"max-snippet:-1","max-image-preview":"max-image-preview:large","max-video-preview":"max-video-preview:-1"},"canonical":"https:\/\/abstyleitalia.it\/pt-pt\/products\/treatments-pt\/nectar-oil-pt\/nectar-oil-mascara-iluminadora-e-regeneradora\/","og_locale":"pt_PT","og_type":"article","og_title":"Nectar Oil - M\u00e1scara iluminadora e regeneradora | ABstyle","og_description":"Rica e aveludada, a m\u00e1scara iluminadora Nectar Oil atua em profundidade gra\u00e7as aos agentes nutritivos caracterizados por incr\u00edveis propriedades regeneradoras: o \u00f3leo de arg\u00e3o e a queratina revitalizam o cabelo, protegendo-o dos agentes externos e conferindo-lhe um novo brilho. Utilizada com frequ\u00eancia, a m\u00e1scara ABstyle hidrata intensamente a fibra capilar.\u00a0 Uso profissional\u00a0 Formato de 250 ml","og_url":"https:\/\/abstyleitalia.it\/pt-pt\/products\/treatments-pt\/nectar-oil-pt\/nectar-oil-mascara-iluminadora-e-regeneradora\/","og_site_name":"ABstyle","article_modified_time":"2022-05-25T13:51:10+00:00","og_image":[{"width":600,"height":600,"url":"https:\/\/abstyleitalia.it\/wp-content\/uploads\/2023\/09\/32028_abstyle_nectar_oil_nourishing_illuminating_mask_250ml.png","type":"image\/png"}],"twitter_card":"summary_large_image","schema":{"@context":"https:\/\/schema.org","@graph":[{"@type":"WebPage","@id":"https:\/\/abstyleitalia.it\/pt-pt\/products\/treatments-pt\/nectar-oil-pt\/nectar-oil-mascara-iluminadora-e-regeneradora\/","url":"https:\/\/abstyleitalia.it\/pt-pt\/products\/treatments-pt\/nectar-oil-pt\/nectar-oil-mascara-iluminadora-e-regeneradora\/","name":"Nectar Oil - M\u00e1scara iluminadora e regeneradora | ABstyle","isPartOf":{"@id":"https:\/\/abstyleitalia.it\/pt-pt\/#website"},"primaryImageOfPage":{"@id":"https:\/\/abstyleitalia.it\/pt-pt\/products\/treatments-pt\/nectar-oil-pt\/nectar-oil-mascara-iluminadora-e-regeneradora\/#primaryimage"},"image":{"@id":"https:\/\/abstyleitalia.it\/pt-pt\/products\/treatments-pt\/nectar-oil-pt\/nectar-oil-mascara-iluminadora-e-regeneradora\/#primaryimage"},"thumbnailUrl":"https:\/\/abstyleitalia.it\/wp-content\/uploads\/2023\/09\/32028_abstyle_nectar_oil_nourishing_illuminating_mask_250ml.png","datePublished":"2018-03-16T11:16:20+00:00","dateModified":"2022-05-25T13:51:10+00:00","breadcrumb":{"@id":"https:\/\/abstyleitalia.it\/pt-pt\/products\/treatments-pt\/nectar-oil-pt\/nectar-oil-mascara-iluminadora-e-regeneradora\/#breadcrumb"},"inLanguage":"pt-PT","potentialAction":[{"@type":"ReadAction","target":["https:\/\/abstyleitalia.it\/pt-pt\/products\/treatments-pt\/nectar-oil-pt\/nectar-oil-mascara-iluminadora-e-regeneradora\/"]}]},{"@type":"ImageObject","inLanguage":"pt-PT","@id":"https:\/\/abstyleitalia.it\/pt-pt\/products\/treatments-pt\/nectar-oil-pt\/nectar-oil-mascara-iluminadora-e-regeneradora\/#primaryimage","url":"https:\/\/abstyleitalia.it\/wp-content\/uploads\/2023\/09\/32028_abstyle_nectar_oil_nourishing_illuminating_mask_250ml.png","contentUrl":"https:\/\/abstyleitalia.it\/wp-content\/uploads\/2023\/09\/32028_abstyle_nectar_oil_nourishing_illuminating_mask_250ml.png","width":600,"height":600},{"@type":"BreadcrumbList","@id":"https:\/\/abstyleitalia.it\/pt-pt\/products\/treatments-pt\/nectar-oil-pt\/nectar-oil-mascara-iluminadora-e-regeneradora\/#breadcrumb","itemListElement":[{"@type":"ListItem","position":1,"name":"Home","item":"https:\/\/abstyleitalia.it\/pt-pt\/"},{"@type":"ListItem","position":2,"name":"Produtos","item":"https:\/\/abstyleitalia.it\/pt-pt\/produtos\/"},{"@type":"ListItem","position":3,"name":"Nectar Oil &#8211; M\u00e1scara iluminadora e regeneradora"}]},{"@type":"WebSite","@id":"https:\/\/abstyleitalia.it\/pt-pt\/#website","url":"https:\/\/abstyleitalia.it\/pt-pt\/","name":"ABstyle","description":"One more time for you","publisher":{"@id":"https:\/\/abstyleitalia.it\/pt-pt\/#organization"},"potentialAction":[{"@type":"SearchAction","target":{"@type":"EntryPoint","urlTemplate":"https:\/\/abstyleitalia.it\/pt-pt\/?s={search_term_string}"},"query-input":{"@type":"PropertyValueSpecification","valueRequired":true,"valueName":"search_term_string"}}],"inLanguage":"pt-PT"},{"@type":"Organization","@id":"https:\/\/abstyleitalia.it\/pt-pt\/#organization","name":"ABSTYLE","url":"https:\/\/abstyleitalia.it\/pt-pt\/","logo":{"@type":"ImageObject","inLanguage":"pt-PT","@id":"https:\/\/abstyleitalia.it\/pt-pt\/#\/schema\/logo\/image\/","url":"https:\/\/abstyleitalia.it\/wp-content\/uploads\/2017\/11\/ab-style-logo-76x76.png","contentUrl":"https:\/\/abstyleitalia.it\/wp-content\/uploads\/2017\/11\/ab-style-logo-76x76.png","width":76,"height":76,"caption":"ABSTYLE"},"image":{"@id":"https:\/\/abstyleitalia.it\/pt-pt\/#\/schema\/logo\/image\/"}}]}},"_links":{"self":[{"href":"https:\/\/abstyleitalia.it\/pt-pt\/wp-json\/wp\/v2\/product\/3332","targetHints":{"allow":["GET"]}}],"collection":[{"href":"https:\/\/abstyleitalia.it\/pt-pt\/wp-json\/wp\/v2\/product"}],"about":[{"href":"https:\/\/abstyleitalia.it\/pt-pt\/wp-json\/wp\/v2\/types\/product"}],"replies":[{"embeddable":true,"href":"https:\/\/abstyleitalia.it\/pt-pt\/wp-json\/wp\/v2\/comments?post=3332"}],"wp:featuredmedia":[{"embeddable":true,"href":"https:\/\/abstyleitalia.it\/pt-pt\/wp-json\/wp\/v2\/media\/4072"}],"wp:attachment":[{"href":"https:\/\/abstyleitalia.it\/pt-pt\/wp-json\/wp\/v2\/media?parent=3332"}],"wp:term":[{"taxonomy":"product_brand","embeddable":true,"href":"https:\/\/abstyleitalia.it\/pt-pt\/wp-json\/wp\/v2\/product_brand?post=3332"},{"taxonomy":"product_cat","embeddable":true,"href":"https:\/\/abstyleitalia.it\/pt-pt\/wp-json\/wp\/v2\/product_cat?post=3332"},{"taxonomy":"product_tag","embeddable":true,"href":"https:\/\/abstyleitalia.it\/pt-pt\/wp-json\/wp\/v2\/product_tag?post=3332"}],"curies":[{"name":"wp","href":"https:\/\/api.w.org\/{rel}","templated":true}]}}