{"id":3328,"date":"2016-03-29T09:32:22","date_gmt":"2016-03-29T07:32:22","guid":{"rendered":"https:\/\/abstyleitalia.it\/products\/sem%20categoria\/silver-champo-antiamarelecimento\/"},"modified":"2022-05-25T17:12:21","modified_gmt":"2022-05-25T15:12:21","slug":"silver-champo-antiamarelecimento","status":"publish","type":"product","link":"https:\/\/abstyleitalia.it\/pt-pt\/products\/treatments-pt\/silver-pt\/silver-champo-antiamarelecimento\/","title":{"rendered":"Silver &#8211; Champ\u00f4 Antiamarelecimento"},"content":{"rendered":"<p class=\"p1\">Real\u00e7a os <b>reflexos frios<\/b> dos cabelos cinzentos e loiros<\/p>\n<p class=\"p1\">A\u00e7\u00e3o <b>detergente e purificante<\/b> intensa<\/p>\n<p class=\"p1\"><b>Revitaliza o cabelo<\/b> submetido a tratamentos t\u00e9cnicos<\/p>\n<p class=\"p1\">Proporciona um cabelo <b>saud\u00e1vel e luminoso<\/b><\/p>\n","protected":false},"excerpt":{"rendered":"<p class=\"p1\"><b>Silver<\/b> \u00e9 o novo <b>champ\u00f4 antiamarelecimento da ABstyle<\/b>, desenvolvido para agir nos cabelos cinzentos, brancos e descolorados. Tratamento detergente de nova gera\u00e7\u00e3o<b>, real\u00e7a os refexos<\/b> frio do cabelo cinzento e loiro, tanto natural como descolorado.<b>Purifica e limpa<\/b> o couro cabeludo e o cabelo, conferindo-lhes uma suavidade e um brilho in\u00e9ditos. Caracteriza-se por uma consist\u00eancia densa e cremosa, libertando uma a\u00e7\u00e3o cosm\u00e9tica que <b>revitaliza o cabelo<\/b> submetidos a tratamentos t\u00e9cnicos. O cabelo fica <b>brilhante, iluminado, saud\u00e1vel e f\u00e1cil de pentear<\/b>. Gra\u00e7as \u00e0s formula\u00e7\u00e3o delicada e suave, <b>n\u00e3o agride<\/b> a estrutura capilar.<\/p>\n<p class=\"p2\">Uso profissional<\/p>\n<p class=\"p2\">Formato de 500 ml<\/p>\n","protected":false},"featured_media":4037,"comment_status":"closed","ping_status":"closed","template":"","meta":[],"product_brand":[],"product_cat":[440,430],"product_tag":[],"class_list":{"0":"post-3328","1":"product","2":"type-product","3":"status-publish","4":"has-post-thumbnail","6":"product_cat-silver-pt","7":"product_cat-treatments-pt","8":"description-off","10":"first","11":"instock","12":"shipping-taxable","13":"product-type-simple"},"yoast_head":"<!-- This site is optimized with the Yoast SEO plugin v26.8 - https:\/\/yoast.com\/product\/yoast-seo-wordpress\/ -->\n<title>Silver - Champ\u00f4 Antiamarelecimento<\/title>\n<meta name=\"description\" content=\"Silver \u00e9 o novo champ\u00f4 antiamarelecimento da ABstyle, desenvolvido para agir nos cabelos cinzentos, brancos e descolorados.\" \/>\n<meta name=\"robots\" content=\"index, follow, max-snippet:-1, max-image-preview:large, max-video-preview:-1\" \/>\n<link rel=\"canonical\" href=\"https:\/\/abstyleitalia.it\/pt-pt\/products\/treatments-pt\/silver-pt\/silver-champo-antiamarelecimento\/\" \/>\n<meta property=\"og:locale\" content=\"pt_PT\" \/>\n<meta property=\"og:type\" content=\"article\" \/>\n<meta property=\"og:title\" content=\"Silver - Champ\u00f4 Antiamarelecimento\" \/>\n<meta property=\"og:description\" content=\"Silver \u00e9 o novo champ\u00f4 antiamarelecimento da ABstyle, desenvolvido para agir nos cabelos cinzentos, brancos e descolorados.\" \/>\n<meta property=\"og:url\" content=\"https:\/\/abstyleitalia.it\/pt-pt\/products\/treatments-pt\/silver-pt\/silver-champo-antiamarelecimento\/\" \/>\n<meta property=\"og:site_name\" content=\"ABstyle\" \/>\n<meta property=\"article:modified_time\" content=\"2022-05-25T15:12:21+00:00\" \/>\n<meta property=\"og:image\" content=\"https:\/\/abstyleitalia.it\/wp-content\/uploads\/2023\/05\/32026_abstyle_pure_silver_shampoo_500ml.png\" \/>\n\t<meta property=\"og:image:width\" content=\"600\" \/>\n\t<meta property=\"og:image:height\" content=\"600\" \/>\n\t<meta property=\"og:image:type\" content=\"image\/png\" \/>\n<meta name=\"twitter:card\" content=\"summary_large_image\" \/>\n<script type=\"application\/ld+json\" class=\"yoast-schema-graph\">{\"@context\":\"https:\/\/schema.org\",\"@graph\":[{\"@type\":\"WebPage\",\"@id\":\"https:\/\/abstyleitalia.it\/pt-pt\/products\/treatments-pt\/silver-pt\/silver-champo-antiamarelecimento\/\",\"url\":\"https:\/\/abstyleitalia.it\/pt-pt\/products\/treatments-pt\/silver-pt\/silver-champo-antiamarelecimento\/\",\"name\":\"Silver - Champ\u00f4 Antiamarelecimento\",\"isPartOf\":{\"@id\":\"https:\/\/abstyleitalia.it\/pt-pt\/#website\"},\"primaryImageOfPage\":{\"@id\":\"https:\/\/abstyleitalia.it\/pt-pt\/products\/treatments-pt\/silver-pt\/silver-champo-antiamarelecimento\/#primaryimage\"},\"image\":{\"@id\":\"https:\/\/abstyleitalia.it\/pt-pt\/products\/treatments-pt\/silver-pt\/silver-champo-antiamarelecimento\/#primaryimage\"},\"thumbnailUrl\":\"https:\/\/abstyleitalia.it\/wp-content\/uploads\/2023\/05\/32026_abstyle_pure_silver_shampoo_500ml.png\",\"datePublished\":\"2016-03-29T07:32:22+00:00\",\"dateModified\":\"2022-05-25T15:12:21+00:00\",\"description\":\"Silver \u00e9 o novo champ\u00f4 antiamarelecimento da ABstyle, desenvolvido para agir nos cabelos cinzentos, brancos e descolorados.\",\"breadcrumb\":{\"@id\":\"https:\/\/abstyleitalia.it\/pt-pt\/products\/treatments-pt\/silver-pt\/silver-champo-antiamarelecimento\/#breadcrumb\"},\"inLanguage\":\"pt-PT\",\"potentialAction\":[{\"@type\":\"ReadAction\",\"target\":[\"https:\/\/abstyleitalia.it\/pt-pt\/products\/treatments-pt\/silver-pt\/silver-champo-antiamarelecimento\/\"]}]},{\"@type\":\"ImageObject\",\"inLanguage\":\"pt-PT\",\"@id\":\"https:\/\/abstyleitalia.it\/pt-pt\/products\/treatments-pt\/silver-pt\/silver-champo-antiamarelecimento\/#primaryimage\",\"url\":\"https:\/\/abstyleitalia.it\/wp-content\/uploads\/2023\/05\/32026_abstyle_pure_silver_shampoo_500ml.png\",\"contentUrl\":\"https:\/\/abstyleitalia.it\/wp-content\/uploads\/2023\/05\/32026_abstyle_pure_silver_shampoo_500ml.png\",\"width\":600,\"height\":600},{\"@type\":\"BreadcrumbList\",\"@id\":\"https:\/\/abstyleitalia.it\/pt-pt\/products\/treatments-pt\/silver-pt\/silver-champo-antiamarelecimento\/#breadcrumb\",\"itemListElement\":[{\"@type\":\"ListItem\",\"position\":1,\"name\":\"Home\",\"item\":\"https:\/\/abstyleitalia.it\/pt-pt\/\"},{\"@type\":\"ListItem\",\"position\":2,\"name\":\"Produtos\",\"item\":\"https:\/\/abstyleitalia.it\/pt-pt\/produtos\/\"},{\"@type\":\"ListItem\",\"position\":3,\"name\":\"Silver &#8211; Champ\u00f4 Antiamarelecimento\"}]},{\"@type\":\"WebSite\",\"@id\":\"https:\/\/abstyleitalia.it\/pt-pt\/#website\",\"url\":\"https:\/\/abstyleitalia.it\/pt-pt\/\",\"name\":\"ABstyle\",\"description\":\"One more time for you\",\"publisher\":{\"@id\":\"https:\/\/abstyleitalia.it\/pt-pt\/#organization\"},\"potentialAction\":[{\"@type\":\"SearchAction\",\"target\":{\"@type\":\"EntryPoint\",\"urlTemplate\":\"https:\/\/abstyleitalia.it\/pt-pt\/?s={search_term_string}\"},\"query-input\":{\"@type\":\"PropertyValueSpecification\",\"valueRequired\":true,\"valueName\":\"search_term_string\"}}],\"inLanguage\":\"pt-PT\"},{\"@type\":\"Organization\",\"@id\":\"https:\/\/abstyleitalia.it\/pt-pt\/#organization\",\"name\":\"ABSTYLE\",\"url\":\"https:\/\/abstyleitalia.it\/pt-pt\/\",\"logo\":{\"@type\":\"ImageObject\",\"inLanguage\":\"pt-PT\",\"@id\":\"https:\/\/abstyleitalia.it\/pt-pt\/#\/schema\/logo\/image\/\",\"url\":\"https:\/\/abstyleitalia.it\/wp-content\/uploads\/2017\/11\/ab-style-logo-76x76.png\",\"contentUrl\":\"https:\/\/abstyleitalia.it\/wp-content\/uploads\/2017\/11\/ab-style-logo-76x76.png\",\"width\":76,\"height\":76,\"caption\":\"ABSTYLE\"},\"image\":{\"@id\":\"https:\/\/abstyleitalia.it\/pt-pt\/#\/schema\/logo\/image\/\"}}]}<\/script>\n<!-- \/ Yoast SEO plugin. -->","yoast_head_json":{"title":"Silver - Champ\u00f4 Antiamarelecimento","description":"Silver \u00e9 o novo champ\u00f4 antiamarelecimento da ABstyle, desenvolvido para agir nos cabelos cinzentos, brancos e descolorados.","robots":{"index":"index","follow":"follow","max-snippet":"max-snippet:-1","max-image-preview":"max-image-preview:large","max-video-preview":"max-video-preview:-1"},"canonical":"https:\/\/abstyleitalia.it\/pt-pt\/products\/treatments-pt\/silver-pt\/silver-champo-antiamarelecimento\/","og_locale":"pt_PT","og_type":"article","og_title":"Silver - Champ\u00f4 Antiamarelecimento","og_description":"Silver \u00e9 o novo champ\u00f4 antiamarelecimento da ABstyle, desenvolvido para agir nos cabelos cinzentos, brancos e descolorados.","og_url":"https:\/\/abstyleitalia.it\/pt-pt\/products\/treatments-pt\/silver-pt\/silver-champo-antiamarelecimento\/","og_site_name":"ABstyle","article_modified_time":"2022-05-25T15:12:21+00:00","og_image":[{"width":600,"height":600,"url":"https:\/\/abstyleitalia.it\/wp-content\/uploads\/2023\/05\/32026_abstyle_pure_silver_shampoo_500ml.png","type":"image\/png"}],"twitter_card":"summary_large_image","schema":{"@context":"https:\/\/schema.org","@graph":[{"@type":"WebPage","@id":"https:\/\/abstyleitalia.it\/pt-pt\/products\/treatments-pt\/silver-pt\/silver-champo-antiamarelecimento\/","url":"https:\/\/abstyleitalia.it\/pt-pt\/products\/treatments-pt\/silver-pt\/silver-champo-antiamarelecimento\/","name":"Silver - Champ\u00f4 Antiamarelecimento","isPartOf":{"@id":"https:\/\/abstyleitalia.it\/pt-pt\/#website"},"primaryImageOfPage":{"@id":"https:\/\/abstyleitalia.it\/pt-pt\/products\/treatments-pt\/silver-pt\/silver-champo-antiamarelecimento\/#primaryimage"},"image":{"@id":"https:\/\/abstyleitalia.it\/pt-pt\/products\/treatments-pt\/silver-pt\/silver-champo-antiamarelecimento\/#primaryimage"},"thumbnailUrl":"https:\/\/abstyleitalia.it\/wp-content\/uploads\/2023\/05\/32026_abstyle_pure_silver_shampoo_500ml.png","datePublished":"2016-03-29T07:32:22+00:00","dateModified":"2022-05-25T15:12:21+00:00","description":"Silver \u00e9 o novo champ\u00f4 antiamarelecimento da ABstyle, desenvolvido para agir nos cabelos cinzentos, brancos e descolorados.","breadcrumb":{"@id":"https:\/\/abstyleitalia.it\/pt-pt\/products\/treatments-pt\/silver-pt\/silver-champo-antiamarelecimento\/#breadcrumb"},"inLanguage":"pt-PT","potentialAction":[{"@type":"ReadAction","target":["https:\/\/abstyleitalia.it\/pt-pt\/products\/treatments-pt\/silver-pt\/silver-champo-antiamarelecimento\/"]}]},{"@type":"ImageObject","inLanguage":"pt-PT","@id":"https:\/\/abstyleitalia.it\/pt-pt\/products\/treatments-pt\/silver-pt\/silver-champo-antiamarelecimento\/#primaryimage","url":"https:\/\/abstyleitalia.it\/wp-content\/uploads\/2023\/05\/32026_abstyle_pure_silver_shampoo_500ml.png","contentUrl":"https:\/\/abstyleitalia.it\/wp-content\/uploads\/2023\/05\/32026_abstyle_pure_silver_shampoo_500ml.png","width":600,"height":600},{"@type":"BreadcrumbList","@id":"https:\/\/abstyleitalia.it\/pt-pt\/products\/treatments-pt\/silver-pt\/silver-champo-antiamarelecimento\/#breadcrumb","itemListElement":[{"@type":"ListItem","position":1,"name":"Home","item":"https:\/\/abstyleitalia.it\/pt-pt\/"},{"@type":"ListItem","position":2,"name":"Produtos","item":"https:\/\/abstyleitalia.it\/pt-pt\/produtos\/"},{"@type":"ListItem","position":3,"name":"Silver &#8211; Champ\u00f4 Antiamarelecimento"}]},{"@type":"WebSite","@id":"https:\/\/abstyleitalia.it\/pt-pt\/#website","url":"https:\/\/abstyleitalia.it\/pt-pt\/","name":"ABstyle","description":"One more time for you","publisher":{"@id":"https:\/\/abstyleitalia.it\/pt-pt\/#organization"},"potentialAction":[{"@type":"SearchAction","target":{"@type":"EntryPoint","urlTemplate":"https:\/\/abstyleitalia.it\/pt-pt\/?s={search_term_string}"},"query-input":{"@type":"PropertyValueSpecification","valueRequired":true,"valueName":"search_term_string"}}],"inLanguage":"pt-PT"},{"@type":"Organization","@id":"https:\/\/abstyleitalia.it\/pt-pt\/#organization","name":"ABSTYLE","url":"https:\/\/abstyleitalia.it\/pt-pt\/","logo":{"@type":"ImageObject","inLanguage":"pt-PT","@id":"https:\/\/abstyleitalia.it\/pt-pt\/#\/schema\/logo\/image\/","url":"https:\/\/abstyleitalia.it\/wp-content\/uploads\/2017\/11\/ab-style-logo-76x76.png","contentUrl":"https:\/\/abstyleitalia.it\/wp-content\/uploads\/2017\/11\/ab-style-logo-76x76.png","width":76,"height":76,"caption":"ABSTYLE"},"image":{"@id":"https:\/\/abstyleitalia.it\/pt-pt\/#\/schema\/logo\/image\/"}}]}},"_links":{"self":[{"href":"https:\/\/abstyleitalia.it\/pt-pt\/wp-json\/wp\/v2\/product\/3328","targetHints":{"allow":["GET"]}}],"collection":[{"href":"https:\/\/abstyleitalia.it\/pt-pt\/wp-json\/wp\/v2\/product"}],"about":[{"href":"https:\/\/abstyleitalia.it\/pt-pt\/wp-json\/wp\/v2\/types\/product"}],"replies":[{"embeddable":true,"href":"https:\/\/abstyleitalia.it\/pt-pt\/wp-json\/wp\/v2\/comments?post=3328"}],"wp:featuredmedia":[{"embeddable":true,"href":"https:\/\/abstyleitalia.it\/pt-pt\/wp-json\/wp\/v2\/media\/4037"}],"wp:attachment":[{"href":"https:\/\/abstyleitalia.it\/pt-pt\/wp-json\/wp\/v2\/media?parent=3328"}],"wp:term":[{"taxonomy":"product_brand","embeddable":true,"href":"https:\/\/abstyleitalia.it\/pt-pt\/wp-json\/wp\/v2\/product_brand?post=3328"},{"taxonomy":"product_cat","embeddable":true,"href":"https:\/\/abstyleitalia.it\/pt-pt\/wp-json\/wp\/v2\/product_cat?post=3328"},{"taxonomy":"product_tag","embeddable":true,"href":"https:\/\/abstyleitalia.it\/pt-pt\/wp-json\/wp\/v2\/product_tag?post=3328"}],"curies":[{"name":"wp","href":"https:\/\/api.w.org\/{rel}","templated":true}]}}