{"id":3321,"date":"2015-09-07T17:51:27","date_gmt":"2015-09-07T15:51:27","guid":{"rendered":"https:\/\/abstyleitalia.it\/products\/sem%20categoria\/deco-style-blu-po-descolorante\/"},"modified":"2022-05-25T15:29:12","modified_gmt":"2022-05-25T13:29:12","slug":"deco-style-blu-po-descolorante","status":"publish","type":"product","link":"https:\/\/abstyleitalia.it\/pt-pt\/products\/salon-technics-pt\/deco-style\/deco-style-blu-po-descolorante\/","title":{"rendered":"Deco Style Blu &#8211; P\u00f3 descolorante"},"content":{"rendered":"<p class=\"p1\">Mistura 1:1<\/p>\n<p class=\"p1\">Tempo de atua\u00e7\u00e3o 30\/50 minutos<\/p>\n<p class=\"p1\">At\u00e9 7\/8 tons de desclora\u00e7\u00e3o<span class=\"Apple-converted-space\">\u00a0<\/span><\/p>\n<p class=\"p1\">Emuls\u00e3o oxidante 20\/30\/40 vol.<\/p>\n","protected":false},"excerpt":{"rendered":"<p class=\"p1\">Deco Style Blu \u00e9 o <b>p\u00f3 descolorante <\/b>ABstyle\u00a0com indicador antivermelho, particularmente adequado para desclora\u00e7\u00f5es intensas e progressivas: descolora <b>at\u00e9 7\/8 tons<\/b>, sem comprometer o bem-estar natural da fibra. Ideal para <b>t\u00e9cnicas de balayage <\/b>e em<b> papel de alum\u00ednio<\/b>. N\u00e3o agride o cabelo e, gra\u00e7as aos agentes da sua formula\u00e7\u00e3o, reduz o aparecimento de tons indesejados durante a descolora\u00e7\u00e3o.<\/p>\n<p class=\"p1\">Formato de 500 g.<\/p>\n","protected":false},"featured_media":3003,"comment_status":"closed","ping_status":"closed","template":"","meta":[],"product_brand":[],"product_cat":[427,425],"product_tag":[],"class_list":{"0":"post-3321","1":"product","2":"type-product","3":"status-publish","4":"has-post-thumbnail","6":"product_cat-deco-style","7":"product_cat-salon-technics-pt","8":"description-off","10":"first","11":"instock","12":"featured","13":"shipping-taxable","14":"product-type-simple"},"yoast_head":"<!-- This site is optimized with the Yoast SEO plugin v26.8 - https:\/\/yoast.com\/product\/yoast-seo-wordpress\/ -->\n<title>Deco Style Blu - P\u00f3 descolorante<\/title>\n<meta name=\"description\" content=\"Deco Style Blu \u00e9 o p\u00f3 descolorante ABstyle com indicador antivermelho, particularmente adequado para desclora\u00e7\u00f5es intensas e progressivas.\" \/>\n<meta name=\"robots\" content=\"index, follow, max-snippet:-1, max-image-preview:large, max-video-preview:-1\" \/>\n<link rel=\"canonical\" href=\"https:\/\/abstyleitalia.it\/pt-pt\/products\/salon-technics-pt\/deco-style\/deco-style-blu-po-descolorante\/\" \/>\n<meta property=\"og:locale\" content=\"pt_PT\" \/>\n<meta property=\"og:type\" content=\"article\" \/>\n<meta property=\"og:title\" content=\"Deco Style Blu - P\u00f3 descolorante\" \/>\n<meta property=\"og:description\" content=\"Deco Style Blu \u00e9 o p\u00f3 descolorante ABstyle com indicador antivermelho, particularmente adequado para desclora\u00e7\u00f5es intensas e progressivas.\" \/>\n<meta property=\"og:url\" content=\"https:\/\/abstyleitalia.it\/pt-pt\/products\/salon-technics-pt\/deco-style\/deco-style-blu-po-descolorante\/\" \/>\n<meta property=\"og:site_name\" content=\"ABstyle\" \/>\n<meta property=\"article:modified_time\" content=\"2022-05-25T13:29:12+00:00\" \/>\n<meta property=\"og:image\" content=\"https:\/\/abstyleitalia.it\/wp-content\/uploads\/2015\/09\/abstyle_deco_style_blu__polvere_decolorante_500ml.png\" \/>\n\t<meta property=\"og:image:width\" content=\"600\" \/>\n\t<meta property=\"og:image:height\" content=\"600\" \/>\n\t<meta property=\"og:image:type\" content=\"image\/png\" \/>\n<meta name=\"twitter:card\" content=\"summary_large_image\" \/>\n<script type=\"application\/ld+json\" class=\"yoast-schema-graph\">{\"@context\":\"https:\/\/schema.org\",\"@graph\":[{\"@type\":\"WebPage\",\"@id\":\"https:\/\/abstyleitalia.it\/pt-pt\/products\/salon-technics-pt\/deco-style\/deco-style-blu-po-descolorante\/\",\"url\":\"https:\/\/abstyleitalia.it\/pt-pt\/products\/salon-technics-pt\/deco-style\/deco-style-blu-po-descolorante\/\",\"name\":\"Deco Style Blu - P\u00f3 descolorante\",\"isPartOf\":{\"@id\":\"https:\/\/abstyleitalia.it\/pt-pt\/#website\"},\"primaryImageOfPage\":{\"@id\":\"https:\/\/abstyleitalia.it\/pt-pt\/products\/salon-technics-pt\/deco-style\/deco-style-blu-po-descolorante\/#primaryimage\"},\"image\":{\"@id\":\"https:\/\/abstyleitalia.it\/pt-pt\/products\/salon-technics-pt\/deco-style\/deco-style-blu-po-descolorante\/#primaryimage\"},\"thumbnailUrl\":\"https:\/\/abstyleitalia.it\/wp-content\/uploads\/2015\/09\/abstyle_deco_style_blu__polvere_decolorante_500ml.png\",\"datePublished\":\"2015-09-07T15:51:27+00:00\",\"dateModified\":\"2022-05-25T13:29:12+00:00\",\"description\":\"Deco Style Blu \u00e9 o p\u00f3 descolorante ABstyle com indicador antivermelho, particularmente adequado para desclora\u00e7\u00f5es intensas e progressivas.\",\"breadcrumb\":{\"@id\":\"https:\/\/abstyleitalia.it\/pt-pt\/products\/salon-technics-pt\/deco-style\/deco-style-blu-po-descolorante\/#breadcrumb\"},\"inLanguage\":\"pt-PT\",\"potentialAction\":[{\"@type\":\"ReadAction\",\"target\":[\"https:\/\/abstyleitalia.it\/pt-pt\/products\/salon-technics-pt\/deco-style\/deco-style-blu-po-descolorante\/\"]}]},{\"@type\":\"ImageObject\",\"inLanguage\":\"pt-PT\",\"@id\":\"https:\/\/abstyleitalia.it\/pt-pt\/products\/salon-technics-pt\/deco-style\/deco-style-blu-po-descolorante\/#primaryimage\",\"url\":\"https:\/\/abstyleitalia.it\/wp-content\/uploads\/2015\/09\/abstyle_deco_style_blu__polvere_decolorante_500ml.png\",\"contentUrl\":\"https:\/\/abstyleitalia.it\/wp-content\/uploads\/2015\/09\/abstyle_deco_style_blu__polvere_decolorante_500ml.png\",\"width\":600,\"height\":600,\"caption\":\"Deco Style Blu - P\u00f3 descolorante\"},{\"@type\":\"BreadcrumbList\",\"@id\":\"https:\/\/abstyleitalia.it\/pt-pt\/products\/salon-technics-pt\/deco-style\/deco-style-blu-po-descolorante\/#breadcrumb\",\"itemListElement\":[{\"@type\":\"ListItem\",\"position\":1,\"name\":\"Home\",\"item\":\"https:\/\/abstyleitalia.it\/pt-pt\/\"},{\"@type\":\"ListItem\",\"position\":2,\"name\":\"Produtos\",\"item\":\"https:\/\/abstyleitalia.it\/pt-pt\/produtos\/\"},{\"@type\":\"ListItem\",\"position\":3,\"name\":\"Deco Style Blu &#8211; P\u00f3 descolorante\"}]},{\"@type\":\"WebSite\",\"@id\":\"https:\/\/abstyleitalia.it\/pt-pt\/#website\",\"url\":\"https:\/\/abstyleitalia.it\/pt-pt\/\",\"name\":\"ABstyle\",\"description\":\"One more time for you\",\"publisher\":{\"@id\":\"https:\/\/abstyleitalia.it\/pt-pt\/#organization\"},\"potentialAction\":[{\"@type\":\"SearchAction\",\"target\":{\"@type\":\"EntryPoint\",\"urlTemplate\":\"https:\/\/abstyleitalia.it\/pt-pt\/?s={search_term_string}\"},\"query-input\":{\"@type\":\"PropertyValueSpecification\",\"valueRequired\":true,\"valueName\":\"search_term_string\"}}],\"inLanguage\":\"pt-PT\"},{\"@type\":\"Organization\",\"@id\":\"https:\/\/abstyleitalia.it\/pt-pt\/#organization\",\"name\":\"ABSTYLE\",\"url\":\"https:\/\/abstyleitalia.it\/pt-pt\/\",\"logo\":{\"@type\":\"ImageObject\",\"inLanguage\":\"pt-PT\",\"@id\":\"https:\/\/abstyleitalia.it\/pt-pt\/#\/schema\/logo\/image\/\",\"url\":\"https:\/\/abstyleitalia.it\/wp-content\/uploads\/2017\/11\/ab-style-logo-76x76.png\",\"contentUrl\":\"https:\/\/abstyleitalia.it\/wp-content\/uploads\/2017\/11\/ab-style-logo-76x76.png\",\"width\":76,\"height\":76,\"caption\":\"ABSTYLE\"},\"image\":{\"@id\":\"https:\/\/abstyleitalia.it\/pt-pt\/#\/schema\/logo\/image\/\"}}]}<\/script>\n<!-- \/ Yoast SEO plugin. -->","yoast_head_json":{"title":"Deco Style Blu - P\u00f3 descolorante","description":"Deco Style Blu \u00e9 o p\u00f3 descolorante ABstyle com indicador antivermelho, particularmente adequado para desclora\u00e7\u00f5es intensas e progressivas.","robots":{"index":"index","follow":"follow","max-snippet":"max-snippet:-1","max-image-preview":"max-image-preview:large","max-video-preview":"max-video-preview:-1"},"canonical":"https:\/\/abstyleitalia.it\/pt-pt\/products\/salon-technics-pt\/deco-style\/deco-style-blu-po-descolorante\/","og_locale":"pt_PT","og_type":"article","og_title":"Deco Style Blu - P\u00f3 descolorante","og_description":"Deco Style Blu \u00e9 o p\u00f3 descolorante ABstyle com indicador antivermelho, particularmente adequado para desclora\u00e7\u00f5es intensas e progressivas.","og_url":"https:\/\/abstyleitalia.it\/pt-pt\/products\/salon-technics-pt\/deco-style\/deco-style-blu-po-descolorante\/","og_site_name":"ABstyle","article_modified_time":"2022-05-25T13:29:12+00:00","og_image":[{"width":600,"height":600,"url":"https:\/\/abstyleitalia.it\/wp-content\/uploads\/2015\/09\/abstyle_deco_style_blu__polvere_decolorante_500ml.png","type":"image\/png"}],"twitter_card":"summary_large_image","schema":{"@context":"https:\/\/schema.org","@graph":[{"@type":"WebPage","@id":"https:\/\/abstyleitalia.it\/pt-pt\/products\/salon-technics-pt\/deco-style\/deco-style-blu-po-descolorante\/","url":"https:\/\/abstyleitalia.it\/pt-pt\/products\/salon-technics-pt\/deco-style\/deco-style-blu-po-descolorante\/","name":"Deco Style Blu - P\u00f3 descolorante","isPartOf":{"@id":"https:\/\/abstyleitalia.it\/pt-pt\/#website"},"primaryImageOfPage":{"@id":"https:\/\/abstyleitalia.it\/pt-pt\/products\/salon-technics-pt\/deco-style\/deco-style-blu-po-descolorante\/#primaryimage"},"image":{"@id":"https:\/\/abstyleitalia.it\/pt-pt\/products\/salon-technics-pt\/deco-style\/deco-style-blu-po-descolorante\/#primaryimage"},"thumbnailUrl":"https:\/\/abstyleitalia.it\/wp-content\/uploads\/2015\/09\/abstyle_deco_style_blu__polvere_decolorante_500ml.png","datePublished":"2015-09-07T15:51:27+00:00","dateModified":"2022-05-25T13:29:12+00:00","description":"Deco Style Blu \u00e9 o p\u00f3 descolorante ABstyle com indicador antivermelho, particularmente adequado para desclora\u00e7\u00f5es intensas e progressivas.","breadcrumb":{"@id":"https:\/\/abstyleitalia.it\/pt-pt\/products\/salon-technics-pt\/deco-style\/deco-style-blu-po-descolorante\/#breadcrumb"},"inLanguage":"pt-PT","potentialAction":[{"@type":"ReadAction","target":["https:\/\/abstyleitalia.it\/pt-pt\/products\/salon-technics-pt\/deco-style\/deco-style-blu-po-descolorante\/"]}]},{"@type":"ImageObject","inLanguage":"pt-PT","@id":"https:\/\/abstyleitalia.it\/pt-pt\/products\/salon-technics-pt\/deco-style\/deco-style-blu-po-descolorante\/#primaryimage","url":"https:\/\/abstyleitalia.it\/wp-content\/uploads\/2015\/09\/abstyle_deco_style_blu__polvere_decolorante_500ml.png","contentUrl":"https:\/\/abstyleitalia.it\/wp-content\/uploads\/2015\/09\/abstyle_deco_style_blu__polvere_decolorante_500ml.png","width":600,"height":600,"caption":"Deco Style Blu - P\u00f3 descolorante"},{"@type":"BreadcrumbList","@id":"https:\/\/abstyleitalia.it\/pt-pt\/products\/salon-technics-pt\/deco-style\/deco-style-blu-po-descolorante\/#breadcrumb","itemListElement":[{"@type":"ListItem","position":1,"name":"Home","item":"https:\/\/abstyleitalia.it\/pt-pt\/"},{"@type":"ListItem","position":2,"name":"Produtos","item":"https:\/\/abstyleitalia.it\/pt-pt\/produtos\/"},{"@type":"ListItem","position":3,"name":"Deco Style Blu &#8211; P\u00f3 descolorante"}]},{"@type":"WebSite","@id":"https:\/\/abstyleitalia.it\/pt-pt\/#website","url":"https:\/\/abstyleitalia.it\/pt-pt\/","name":"ABstyle","description":"One more time for you","publisher":{"@id":"https:\/\/abstyleitalia.it\/pt-pt\/#organization"},"potentialAction":[{"@type":"SearchAction","target":{"@type":"EntryPoint","urlTemplate":"https:\/\/abstyleitalia.it\/pt-pt\/?s={search_term_string}"},"query-input":{"@type":"PropertyValueSpecification","valueRequired":true,"valueName":"search_term_string"}}],"inLanguage":"pt-PT"},{"@type":"Organization","@id":"https:\/\/abstyleitalia.it\/pt-pt\/#organization","name":"ABSTYLE","url":"https:\/\/abstyleitalia.it\/pt-pt\/","logo":{"@type":"ImageObject","inLanguage":"pt-PT","@id":"https:\/\/abstyleitalia.it\/pt-pt\/#\/schema\/logo\/image\/","url":"https:\/\/abstyleitalia.it\/wp-content\/uploads\/2017\/11\/ab-style-logo-76x76.png","contentUrl":"https:\/\/abstyleitalia.it\/wp-content\/uploads\/2017\/11\/ab-style-logo-76x76.png","width":76,"height":76,"caption":"ABSTYLE"},"image":{"@id":"https:\/\/abstyleitalia.it\/pt-pt\/#\/schema\/logo\/image\/"}}]}},"_links":{"self":[{"href":"https:\/\/abstyleitalia.it\/pt-pt\/wp-json\/wp\/v2\/product\/3321","targetHints":{"allow":["GET"]}}],"collection":[{"href":"https:\/\/abstyleitalia.it\/pt-pt\/wp-json\/wp\/v2\/product"}],"about":[{"href":"https:\/\/abstyleitalia.it\/pt-pt\/wp-json\/wp\/v2\/types\/product"}],"replies":[{"embeddable":true,"href":"https:\/\/abstyleitalia.it\/pt-pt\/wp-json\/wp\/v2\/comments?post=3321"}],"wp:featuredmedia":[{"embeddable":true,"href":"https:\/\/abstyleitalia.it\/pt-pt\/wp-json\/wp\/v2\/media\/3003"}],"wp:attachment":[{"href":"https:\/\/abstyleitalia.it\/pt-pt\/wp-json\/wp\/v2\/media?parent=3321"}],"wp:term":[{"taxonomy":"product_brand","embeddable":true,"href":"https:\/\/abstyleitalia.it\/pt-pt\/wp-json\/wp\/v2\/product_brand?post=3321"},{"taxonomy":"product_cat","embeddable":true,"href":"https:\/\/abstyleitalia.it\/pt-pt\/wp-json\/wp\/v2\/product_cat?post=3321"},{"taxonomy":"product_tag","embeddable":true,"href":"https:\/\/abstyleitalia.it\/pt-pt\/wp-json\/wp\/v2\/product_tag?post=3321"}],"curies":[{"name":"wp","href":"https:\/\/api.w.org\/{rel}","templated":true}]}}