{"id":3319,"date":"2015-09-07T17:04:18","date_gmt":"2015-09-07T15:04:18","guid":{"rendered":"https:\/\/abstyleitalia.it\/products\/sem%20categoria\/treit-ultra-cristal\/"},"modified":"2022-05-25T17:18:05","modified_gmt":"2022-05-25T15:18:05","slug":"treit-ultra-cristal","status":"publish","type":"product","link":"https:\/\/abstyleitalia.it\/pt-pt\/products\/treatments-pt\/treit-pt\/treit-ultra-cristal\/","title":{"rendered":"Treit &#8211; Ultra Cristal"},"content":{"rendered":"<p class=\"p1\"><b>Refor\u00e7a <\/b>a fibra capilar<\/p>\n<p class=\"p1\">Revitaliza os <b>cabelos sem brilho <\/b>e <b>ba\u00e7os<\/b><\/p>\n<p class=\"p1\">Garante um <b>efeito ultraluminoso<\/b><\/p>\n<p class=\"p1\"><b>N\u00e3o deixa o cabelo oleoso<\/b> nem <b>pesado<\/b><\/p>\n","protected":false},"excerpt":{"rendered":"<p class=\"p1\">Treit Ultra Cristal \u00e9 o <b>tratamento cosm\u00e9tico reconstituinte<\/b> que refor\u00e7a a fibra capilar e revitaliza os cabelos sem brilho ou ba\u00e7os, libertando um <b>efeito ultraluminoso<\/b>. Ultra Cristal real\u00e7a o bem-estar da estrutura capilar, criando uma pel\u00edcula subtil de prote\u00e7\u00e3o que enfatiza a a\u00e7\u00e3o <b>de polimento<\/b> e a<b> suavidade<\/b> do cabelo. N\u00e3o torna o cabelo oleoso nem pesado.<\/p>\n<p class=\"p1\">Formato de 100 ml<\/p>\n","protected":false},"featured_media":2988,"comment_status":"closed","ping_status":"closed","template":"","meta":[],"product_brand":[],"product_cat":[425,439],"product_tag":[],"class_list":{"0":"post-3319","1":"product","2":"type-product","3":"status-publish","4":"has-post-thumbnail","6":"product_cat-salon-technics-pt","7":"product_cat-treit-pt","8":"description-off","10":"first","11":"instock","12":"shipping-taxable","13":"product-type-simple"},"yoast_head":"<!-- This site is optimized with the Yoast SEO plugin v26.8 - https:\/\/yoast.com\/product\/yoast-seo-wordpress\/ -->\n<title>Treit - Ultra Cristal | ABstyle\u00a0<\/title>\n<meta name=\"description\" content=\"Treit Ultra Cristal \u00e9 o tratamento cosm\u00e9tico reconstituinte que refor\u00e7a a fibra capilar e revitaliza os cabelos sem brilho ou ba\u00e7os, libertando um efeito ultraluminoso.\" \/>\n<meta name=\"robots\" content=\"index, follow, max-snippet:-1, max-image-preview:large, max-video-preview:-1\" \/>\n<link rel=\"canonical\" href=\"https:\/\/abstyleitalia.it\/pt-pt\/products\/treatments-pt\/treit-pt\/treit-ultra-cristal\/\" \/>\n<meta property=\"og:locale\" content=\"pt_PT\" \/>\n<meta property=\"og:type\" content=\"article\" \/>\n<meta property=\"og:title\" content=\"Treit - Ultra Cristal | ABstyle\u00a0\" \/>\n<meta property=\"og:description\" content=\"Treit Ultra Cristal \u00e9 o tratamento cosm\u00e9tico reconstituinte que refor\u00e7a a fibra capilar e revitaliza os cabelos sem brilho ou ba\u00e7os, libertando um efeito ultraluminoso.\" \/>\n<meta property=\"og:url\" content=\"https:\/\/abstyleitalia.it\/pt-pt\/products\/treatments-pt\/treit-pt\/treit-ultra-cristal\/\" \/>\n<meta property=\"og:site_name\" content=\"ABstyle\" \/>\n<meta property=\"article:modified_time\" content=\"2022-05-25T15:18:05+00:00\" \/>\n<meta property=\"og:image\" content=\"https:\/\/abstyleitalia.it\/wp-content\/uploads\/2015\/09\/abstyle_treit_haircare_ultra_cristal_100ml.png\" \/>\n\t<meta property=\"og:image:width\" content=\"600\" \/>\n\t<meta property=\"og:image:height\" content=\"600\" \/>\n\t<meta property=\"og:image:type\" content=\"image\/png\" \/>\n<meta name=\"twitter:card\" content=\"summary_large_image\" \/>\n<script type=\"application\/ld+json\" class=\"yoast-schema-graph\">{\"@context\":\"https:\/\/schema.org\",\"@graph\":[{\"@type\":\"WebPage\",\"@id\":\"https:\/\/abstyleitalia.it\/pt-pt\/products\/treatments-pt\/treit-pt\/treit-ultra-cristal\/\",\"url\":\"https:\/\/abstyleitalia.it\/pt-pt\/products\/treatments-pt\/treit-pt\/treit-ultra-cristal\/\",\"name\":\"Treit - Ultra Cristal | ABstyle\u00a0\",\"isPartOf\":{\"@id\":\"https:\/\/abstyleitalia.it\/pt-pt\/#website\"},\"primaryImageOfPage\":{\"@id\":\"https:\/\/abstyleitalia.it\/pt-pt\/products\/treatments-pt\/treit-pt\/treit-ultra-cristal\/#primaryimage\"},\"image\":{\"@id\":\"https:\/\/abstyleitalia.it\/pt-pt\/products\/treatments-pt\/treit-pt\/treit-ultra-cristal\/#primaryimage\"},\"thumbnailUrl\":\"https:\/\/abstyleitalia.it\/wp-content\/uploads\/2015\/09\/abstyle_treit_haircare_ultra_cristal_100ml.png\",\"datePublished\":\"2015-09-07T15:04:18+00:00\",\"dateModified\":\"2022-05-25T15:18:05+00:00\",\"description\":\"Treit Ultra Cristal \u00e9 o tratamento cosm\u00e9tico reconstituinte que refor\u00e7a a fibra capilar e revitaliza os cabelos sem brilho ou ba\u00e7os, libertando um efeito ultraluminoso.\",\"breadcrumb\":{\"@id\":\"https:\/\/abstyleitalia.it\/pt-pt\/products\/treatments-pt\/treit-pt\/treit-ultra-cristal\/#breadcrumb\"},\"inLanguage\":\"pt-PT\",\"potentialAction\":[{\"@type\":\"ReadAction\",\"target\":[\"https:\/\/abstyleitalia.it\/pt-pt\/products\/treatments-pt\/treit-pt\/treit-ultra-cristal\/\"]}]},{\"@type\":\"ImageObject\",\"inLanguage\":\"pt-PT\",\"@id\":\"https:\/\/abstyleitalia.it\/pt-pt\/products\/treatments-pt\/treit-pt\/treit-ultra-cristal\/#primaryimage\",\"url\":\"https:\/\/abstyleitalia.it\/wp-content\/uploads\/2015\/09\/abstyle_treit_haircare_ultra_cristal_100ml.png\",\"contentUrl\":\"https:\/\/abstyleitalia.it\/wp-content\/uploads\/2015\/09\/abstyle_treit_haircare_ultra_cristal_100ml.png\",\"width\":600,\"height\":600},{\"@type\":\"BreadcrumbList\",\"@id\":\"https:\/\/abstyleitalia.it\/pt-pt\/products\/treatments-pt\/treit-pt\/treit-ultra-cristal\/#breadcrumb\",\"itemListElement\":[{\"@type\":\"ListItem\",\"position\":1,\"name\":\"Home\",\"item\":\"https:\/\/abstyleitalia.it\/pt-pt\/\"},{\"@type\":\"ListItem\",\"position\":2,\"name\":\"Produtos\",\"item\":\"https:\/\/abstyleitalia.it\/pt-pt\/produtos\/\"},{\"@type\":\"ListItem\",\"position\":3,\"name\":\"Treit &#8211; Ultra Cristal\"}]},{\"@type\":\"WebSite\",\"@id\":\"https:\/\/abstyleitalia.it\/pt-pt\/#website\",\"url\":\"https:\/\/abstyleitalia.it\/pt-pt\/\",\"name\":\"ABstyle\",\"description\":\"One more time for you\",\"publisher\":{\"@id\":\"https:\/\/abstyleitalia.it\/pt-pt\/#organization\"},\"potentialAction\":[{\"@type\":\"SearchAction\",\"target\":{\"@type\":\"EntryPoint\",\"urlTemplate\":\"https:\/\/abstyleitalia.it\/pt-pt\/?s={search_term_string}\"},\"query-input\":{\"@type\":\"PropertyValueSpecification\",\"valueRequired\":true,\"valueName\":\"search_term_string\"}}],\"inLanguage\":\"pt-PT\"},{\"@type\":\"Organization\",\"@id\":\"https:\/\/abstyleitalia.it\/pt-pt\/#organization\",\"name\":\"ABSTYLE\",\"url\":\"https:\/\/abstyleitalia.it\/pt-pt\/\",\"logo\":{\"@type\":\"ImageObject\",\"inLanguage\":\"pt-PT\",\"@id\":\"https:\/\/abstyleitalia.it\/pt-pt\/#\/schema\/logo\/image\/\",\"url\":\"https:\/\/abstyleitalia.it\/wp-content\/uploads\/2017\/11\/ab-style-logo-76x76.png\",\"contentUrl\":\"https:\/\/abstyleitalia.it\/wp-content\/uploads\/2017\/11\/ab-style-logo-76x76.png\",\"width\":76,\"height\":76,\"caption\":\"ABSTYLE\"},\"image\":{\"@id\":\"https:\/\/abstyleitalia.it\/pt-pt\/#\/schema\/logo\/image\/\"}}]}<\/script>\n<!-- \/ Yoast SEO plugin. -->","yoast_head_json":{"title":"Treit - Ultra Cristal | ABstyle\u00a0","description":"Treit Ultra Cristal \u00e9 o tratamento cosm\u00e9tico reconstituinte que refor\u00e7a a fibra capilar e revitaliza os cabelos sem brilho ou ba\u00e7os, libertando um efeito ultraluminoso.","robots":{"index":"index","follow":"follow","max-snippet":"max-snippet:-1","max-image-preview":"max-image-preview:large","max-video-preview":"max-video-preview:-1"},"canonical":"https:\/\/abstyleitalia.it\/pt-pt\/products\/treatments-pt\/treit-pt\/treit-ultra-cristal\/","og_locale":"pt_PT","og_type":"article","og_title":"Treit - Ultra Cristal | ABstyle\u00a0","og_description":"Treit Ultra Cristal \u00e9 o tratamento cosm\u00e9tico reconstituinte que refor\u00e7a a fibra capilar e revitaliza os cabelos sem brilho ou ba\u00e7os, libertando um efeito ultraluminoso.","og_url":"https:\/\/abstyleitalia.it\/pt-pt\/products\/treatments-pt\/treit-pt\/treit-ultra-cristal\/","og_site_name":"ABstyle","article_modified_time":"2022-05-25T15:18:05+00:00","og_image":[{"width":600,"height":600,"url":"https:\/\/abstyleitalia.it\/wp-content\/uploads\/2015\/09\/abstyle_treit_haircare_ultra_cristal_100ml.png","type":"image\/png"}],"twitter_card":"summary_large_image","schema":{"@context":"https:\/\/schema.org","@graph":[{"@type":"WebPage","@id":"https:\/\/abstyleitalia.it\/pt-pt\/products\/treatments-pt\/treit-pt\/treit-ultra-cristal\/","url":"https:\/\/abstyleitalia.it\/pt-pt\/products\/treatments-pt\/treit-pt\/treit-ultra-cristal\/","name":"Treit - Ultra Cristal | ABstyle\u00a0","isPartOf":{"@id":"https:\/\/abstyleitalia.it\/pt-pt\/#website"},"primaryImageOfPage":{"@id":"https:\/\/abstyleitalia.it\/pt-pt\/products\/treatments-pt\/treit-pt\/treit-ultra-cristal\/#primaryimage"},"image":{"@id":"https:\/\/abstyleitalia.it\/pt-pt\/products\/treatments-pt\/treit-pt\/treit-ultra-cristal\/#primaryimage"},"thumbnailUrl":"https:\/\/abstyleitalia.it\/wp-content\/uploads\/2015\/09\/abstyle_treit_haircare_ultra_cristal_100ml.png","datePublished":"2015-09-07T15:04:18+00:00","dateModified":"2022-05-25T15:18:05+00:00","description":"Treit Ultra Cristal \u00e9 o tratamento cosm\u00e9tico reconstituinte que refor\u00e7a a fibra capilar e revitaliza os cabelos sem brilho ou ba\u00e7os, libertando um efeito ultraluminoso.","breadcrumb":{"@id":"https:\/\/abstyleitalia.it\/pt-pt\/products\/treatments-pt\/treit-pt\/treit-ultra-cristal\/#breadcrumb"},"inLanguage":"pt-PT","potentialAction":[{"@type":"ReadAction","target":["https:\/\/abstyleitalia.it\/pt-pt\/products\/treatments-pt\/treit-pt\/treit-ultra-cristal\/"]}]},{"@type":"ImageObject","inLanguage":"pt-PT","@id":"https:\/\/abstyleitalia.it\/pt-pt\/products\/treatments-pt\/treit-pt\/treit-ultra-cristal\/#primaryimage","url":"https:\/\/abstyleitalia.it\/wp-content\/uploads\/2015\/09\/abstyle_treit_haircare_ultra_cristal_100ml.png","contentUrl":"https:\/\/abstyleitalia.it\/wp-content\/uploads\/2015\/09\/abstyle_treit_haircare_ultra_cristal_100ml.png","width":600,"height":600},{"@type":"BreadcrumbList","@id":"https:\/\/abstyleitalia.it\/pt-pt\/products\/treatments-pt\/treit-pt\/treit-ultra-cristal\/#breadcrumb","itemListElement":[{"@type":"ListItem","position":1,"name":"Home","item":"https:\/\/abstyleitalia.it\/pt-pt\/"},{"@type":"ListItem","position":2,"name":"Produtos","item":"https:\/\/abstyleitalia.it\/pt-pt\/produtos\/"},{"@type":"ListItem","position":3,"name":"Treit &#8211; Ultra Cristal"}]},{"@type":"WebSite","@id":"https:\/\/abstyleitalia.it\/pt-pt\/#website","url":"https:\/\/abstyleitalia.it\/pt-pt\/","name":"ABstyle","description":"One more time for you","publisher":{"@id":"https:\/\/abstyleitalia.it\/pt-pt\/#organization"},"potentialAction":[{"@type":"SearchAction","target":{"@type":"EntryPoint","urlTemplate":"https:\/\/abstyleitalia.it\/pt-pt\/?s={search_term_string}"},"query-input":{"@type":"PropertyValueSpecification","valueRequired":true,"valueName":"search_term_string"}}],"inLanguage":"pt-PT"},{"@type":"Organization","@id":"https:\/\/abstyleitalia.it\/pt-pt\/#organization","name":"ABSTYLE","url":"https:\/\/abstyleitalia.it\/pt-pt\/","logo":{"@type":"ImageObject","inLanguage":"pt-PT","@id":"https:\/\/abstyleitalia.it\/pt-pt\/#\/schema\/logo\/image\/","url":"https:\/\/abstyleitalia.it\/wp-content\/uploads\/2017\/11\/ab-style-logo-76x76.png","contentUrl":"https:\/\/abstyleitalia.it\/wp-content\/uploads\/2017\/11\/ab-style-logo-76x76.png","width":76,"height":76,"caption":"ABSTYLE"},"image":{"@id":"https:\/\/abstyleitalia.it\/pt-pt\/#\/schema\/logo\/image\/"}}]}},"_links":{"self":[{"href":"https:\/\/abstyleitalia.it\/pt-pt\/wp-json\/wp\/v2\/product\/3319","targetHints":{"allow":["GET"]}}],"collection":[{"href":"https:\/\/abstyleitalia.it\/pt-pt\/wp-json\/wp\/v2\/product"}],"about":[{"href":"https:\/\/abstyleitalia.it\/pt-pt\/wp-json\/wp\/v2\/types\/product"}],"replies":[{"embeddable":true,"href":"https:\/\/abstyleitalia.it\/pt-pt\/wp-json\/wp\/v2\/comments?post=3319"}],"wp:featuredmedia":[{"embeddable":true,"href":"https:\/\/abstyleitalia.it\/pt-pt\/wp-json\/wp\/v2\/media\/2988"}],"wp:attachment":[{"href":"https:\/\/abstyleitalia.it\/pt-pt\/wp-json\/wp\/v2\/media?parent=3319"}],"wp:term":[{"taxonomy":"product_brand","embeddable":true,"href":"https:\/\/abstyleitalia.it\/pt-pt\/wp-json\/wp\/v2\/product_brand?post=3319"},{"taxonomy":"product_cat","embeddable":true,"href":"https:\/\/abstyleitalia.it\/pt-pt\/wp-json\/wp\/v2\/product_cat?post=3319"},{"taxonomy":"product_tag","embeddable":true,"href":"https:\/\/abstyleitalia.it\/pt-pt\/wp-json\/wp\/v2\/product_tag?post=3319"}],"curies":[{"name":"wp","href":"https:\/\/api.w.org\/{rel}","templated":true}]}}