{"id":3317,"date":"2015-09-07T17:46:52","date_gmt":"2015-09-07T15:46:52","guid":{"rendered":"https:\/\/abstyleitalia.it\/products\/sem%20categoria\/treit-creme-para-cabelos\/"},"modified":"2022-05-25T17:15:48","modified_gmt":"2022-05-25T15:15:48","slug":"treit-creme-para-cabelos","status":"publish","type":"product","link":"https:\/\/abstyleitalia.it\/pt-pt\/products\/treatments-pt\/treit-pt\/treit-creme-para-cabelos\/","title":{"rendered":"Treit &#8211; Creme para cabelos"},"content":{"rendered":"<p class=\"p1\"><b>Revitaliza<\/b> e<b> regenera<\/b> o cabelo<\/p>\n<p class=\"p1\"><b>Repara <\/b>os cabelos quebradi\u00e7os<span class=\"Apple-converted-space\">\u00a0<\/span><\/p>\n<p class=\"p1\">Desenvolve uma <b>a\u00e7\u00e3o desembara\u00e7ante intensa<\/b><\/p>\n<p class=\"p1\">Ideal <b>para todos os tipos<\/b> de cabelos<\/p>\n","protected":false},"excerpt":{"rendered":"<p class=\"p1\">O <b>creme para cabelos<\/b> Treit revitaliza e regenera todos os tipos de cabelos. Gra\u00e7as a uma consist\u00eancia cremosa, envolve o cabelo, reparando os <b>cabelos quebradi\u00e7os e enfraquecidos<\/b>, tornando-os suaves e sedosos. A formula\u00e7\u00e3o in\u00e9dita favorece uma a\u00e7\u00e3o <b>desembara\u00e7ante<\/b> intensa e de longa dura\u00e7\u00e3o, deixando os cabelos soltos. N\u00e3o torna o cabelo pesado.<\/p>\n<p class=\"p2\">Formato de 1000 ml<\/p>\n","protected":false},"featured_media":4693,"comment_status":"closed","ping_status":"closed","template":"","meta":[],"product_brand":[],"product_cat":[425,439],"product_tag":[],"class_list":{"0":"post-3317","1":"product","2":"type-product","3":"status-publish","4":"has-post-thumbnail","6":"product_cat-salon-technics-pt","7":"product_cat-treit-pt","8":"description-off","10":"first","11":"instock","12":"shipping-taxable","13":"product-type-simple"},"yoast_head":"<!-- This site is optimized with the Yoast SEO plugin v26.8 - https:\/\/yoast.com\/product\/yoast-seo-wordpress\/ -->\n<title>Treit - Creme para cabelos | ABstyle\u00a0<\/title>\n<meta name=\"description\" content=\"O creme para cabelos Treit revitaliza e regenera todos os tipos de cabelos.\" \/>\n<meta name=\"robots\" content=\"index, follow, max-snippet:-1, max-image-preview:large, max-video-preview:-1\" \/>\n<link rel=\"canonical\" href=\"https:\/\/abstyleitalia.it\/pt-pt\/products\/treatments-pt\/treit-pt\/treit-creme-para-cabelos\/\" \/>\n<meta property=\"og:locale\" content=\"pt_PT\" \/>\n<meta property=\"og:type\" content=\"article\" \/>\n<meta property=\"og:title\" content=\"Treit - Creme para cabelos | ABstyle\u00a0\" \/>\n<meta property=\"og:description\" content=\"O creme para cabelos Treit revitaliza e regenera todos os tipos de cabelos.\" \/>\n<meta property=\"og:url\" content=\"https:\/\/abstyleitalia.it\/pt-pt\/products\/treatments-pt\/treit-pt\/treit-creme-para-cabelos\/\" \/>\n<meta property=\"og:site_name\" content=\"ABstyle\" \/>\n<meta property=\"article:modified_time\" content=\"2022-05-25T15:15:48+00:00\" \/>\n<meta property=\"og:image\" content=\"https:\/\/abstyleitalia.it\/wp-content\/uploads\/2015\/09\/32020_abstyle_saloon_treit_haircare_hair_cream_1000ml.png\" \/>\n\t<meta property=\"og:image:width\" content=\"600\" \/>\n\t<meta property=\"og:image:height\" content=\"600\" \/>\n\t<meta property=\"og:image:type\" content=\"image\/png\" \/>\n<meta name=\"twitter:card\" content=\"summary_large_image\" \/>\n<script type=\"application\/ld+json\" class=\"yoast-schema-graph\">{\"@context\":\"https:\/\/schema.org\",\"@graph\":[{\"@type\":\"WebPage\",\"@id\":\"https:\/\/abstyleitalia.it\/pt-pt\/products\/treatments-pt\/treit-pt\/treit-creme-para-cabelos\/\",\"url\":\"https:\/\/abstyleitalia.it\/pt-pt\/products\/treatments-pt\/treit-pt\/treit-creme-para-cabelos\/\",\"name\":\"Treit - Creme para cabelos | ABstyle\u00a0\",\"isPartOf\":{\"@id\":\"https:\/\/abstyleitalia.it\/pt-pt\/#website\"},\"primaryImageOfPage\":{\"@id\":\"https:\/\/abstyleitalia.it\/pt-pt\/products\/treatments-pt\/treit-pt\/treit-creme-para-cabelos\/#primaryimage\"},\"image\":{\"@id\":\"https:\/\/abstyleitalia.it\/pt-pt\/products\/treatments-pt\/treit-pt\/treit-creme-para-cabelos\/#primaryimage\"},\"thumbnailUrl\":\"https:\/\/abstyleitalia.it\/wp-content\/uploads\/2015\/09\/32020_abstyle_saloon_treit_haircare_hair_cream_1000ml.png\",\"datePublished\":\"2015-09-07T15:46:52+00:00\",\"dateModified\":\"2022-05-25T15:15:48+00:00\",\"description\":\"O creme para cabelos Treit revitaliza e regenera todos os tipos de cabelos.\",\"breadcrumb\":{\"@id\":\"https:\/\/abstyleitalia.it\/pt-pt\/products\/treatments-pt\/treit-pt\/treit-creme-para-cabelos\/#breadcrumb\"},\"inLanguage\":\"pt-PT\",\"potentialAction\":[{\"@type\":\"ReadAction\",\"target\":[\"https:\/\/abstyleitalia.it\/pt-pt\/products\/treatments-pt\/treit-pt\/treit-creme-para-cabelos\/\"]}]},{\"@type\":\"ImageObject\",\"inLanguage\":\"pt-PT\",\"@id\":\"https:\/\/abstyleitalia.it\/pt-pt\/products\/treatments-pt\/treit-pt\/treit-creme-para-cabelos\/#primaryimage\",\"url\":\"https:\/\/abstyleitalia.it\/wp-content\/uploads\/2015\/09\/32020_abstyle_saloon_treit_haircare_hair_cream_1000ml.png\",\"contentUrl\":\"https:\/\/abstyleitalia.it\/wp-content\/uploads\/2015\/09\/32020_abstyle_saloon_treit_haircare_hair_cream_1000ml.png\",\"width\":600,\"height\":600},{\"@type\":\"BreadcrumbList\",\"@id\":\"https:\/\/abstyleitalia.it\/pt-pt\/products\/treatments-pt\/treit-pt\/treit-creme-para-cabelos\/#breadcrumb\",\"itemListElement\":[{\"@type\":\"ListItem\",\"position\":1,\"name\":\"Home\",\"item\":\"https:\/\/abstyleitalia.it\/pt-pt\/\"},{\"@type\":\"ListItem\",\"position\":2,\"name\":\"Produtos\",\"item\":\"https:\/\/abstyleitalia.it\/pt-pt\/produtos\/\"},{\"@type\":\"ListItem\",\"position\":3,\"name\":\"Treit &#8211; Creme para cabelos\"}]},{\"@type\":\"WebSite\",\"@id\":\"https:\/\/abstyleitalia.it\/pt-pt\/#website\",\"url\":\"https:\/\/abstyleitalia.it\/pt-pt\/\",\"name\":\"ABstyle\",\"description\":\"One more time for you\",\"publisher\":{\"@id\":\"https:\/\/abstyleitalia.it\/pt-pt\/#organization\"},\"potentialAction\":[{\"@type\":\"SearchAction\",\"target\":{\"@type\":\"EntryPoint\",\"urlTemplate\":\"https:\/\/abstyleitalia.it\/pt-pt\/?s={search_term_string}\"},\"query-input\":{\"@type\":\"PropertyValueSpecification\",\"valueRequired\":true,\"valueName\":\"search_term_string\"}}],\"inLanguage\":\"pt-PT\"},{\"@type\":\"Organization\",\"@id\":\"https:\/\/abstyleitalia.it\/pt-pt\/#organization\",\"name\":\"ABSTYLE\",\"url\":\"https:\/\/abstyleitalia.it\/pt-pt\/\",\"logo\":{\"@type\":\"ImageObject\",\"inLanguage\":\"pt-PT\",\"@id\":\"https:\/\/abstyleitalia.it\/pt-pt\/#\/schema\/logo\/image\/\",\"url\":\"https:\/\/abstyleitalia.it\/wp-content\/uploads\/2017\/11\/ab-style-logo-76x76.png\",\"contentUrl\":\"https:\/\/abstyleitalia.it\/wp-content\/uploads\/2017\/11\/ab-style-logo-76x76.png\",\"width\":76,\"height\":76,\"caption\":\"ABSTYLE\"},\"image\":{\"@id\":\"https:\/\/abstyleitalia.it\/pt-pt\/#\/schema\/logo\/image\/\"}}]}<\/script>\n<!-- \/ Yoast SEO plugin. -->","yoast_head_json":{"title":"Treit - Creme para cabelos | ABstyle\u00a0","description":"O creme para cabelos Treit revitaliza e regenera todos os tipos de cabelos.","robots":{"index":"index","follow":"follow","max-snippet":"max-snippet:-1","max-image-preview":"max-image-preview:large","max-video-preview":"max-video-preview:-1"},"canonical":"https:\/\/abstyleitalia.it\/pt-pt\/products\/treatments-pt\/treit-pt\/treit-creme-para-cabelos\/","og_locale":"pt_PT","og_type":"article","og_title":"Treit - Creme para cabelos | ABstyle\u00a0","og_description":"O creme para cabelos Treit revitaliza e regenera todos os tipos de cabelos.","og_url":"https:\/\/abstyleitalia.it\/pt-pt\/products\/treatments-pt\/treit-pt\/treit-creme-para-cabelos\/","og_site_name":"ABstyle","article_modified_time":"2022-05-25T15:15:48+00:00","og_image":[{"width":600,"height":600,"url":"https:\/\/abstyleitalia.it\/wp-content\/uploads\/2015\/09\/32020_abstyle_saloon_treit_haircare_hair_cream_1000ml.png","type":"image\/png"}],"twitter_card":"summary_large_image","schema":{"@context":"https:\/\/schema.org","@graph":[{"@type":"WebPage","@id":"https:\/\/abstyleitalia.it\/pt-pt\/products\/treatments-pt\/treit-pt\/treit-creme-para-cabelos\/","url":"https:\/\/abstyleitalia.it\/pt-pt\/products\/treatments-pt\/treit-pt\/treit-creme-para-cabelos\/","name":"Treit - Creme para cabelos | ABstyle\u00a0","isPartOf":{"@id":"https:\/\/abstyleitalia.it\/pt-pt\/#website"},"primaryImageOfPage":{"@id":"https:\/\/abstyleitalia.it\/pt-pt\/products\/treatments-pt\/treit-pt\/treit-creme-para-cabelos\/#primaryimage"},"image":{"@id":"https:\/\/abstyleitalia.it\/pt-pt\/products\/treatments-pt\/treit-pt\/treit-creme-para-cabelos\/#primaryimage"},"thumbnailUrl":"https:\/\/abstyleitalia.it\/wp-content\/uploads\/2015\/09\/32020_abstyle_saloon_treit_haircare_hair_cream_1000ml.png","datePublished":"2015-09-07T15:46:52+00:00","dateModified":"2022-05-25T15:15:48+00:00","description":"O creme para cabelos Treit revitaliza e regenera todos os tipos de cabelos.","breadcrumb":{"@id":"https:\/\/abstyleitalia.it\/pt-pt\/products\/treatments-pt\/treit-pt\/treit-creme-para-cabelos\/#breadcrumb"},"inLanguage":"pt-PT","potentialAction":[{"@type":"ReadAction","target":["https:\/\/abstyleitalia.it\/pt-pt\/products\/treatments-pt\/treit-pt\/treit-creme-para-cabelos\/"]}]},{"@type":"ImageObject","inLanguage":"pt-PT","@id":"https:\/\/abstyleitalia.it\/pt-pt\/products\/treatments-pt\/treit-pt\/treit-creme-para-cabelos\/#primaryimage","url":"https:\/\/abstyleitalia.it\/wp-content\/uploads\/2015\/09\/32020_abstyle_saloon_treit_haircare_hair_cream_1000ml.png","contentUrl":"https:\/\/abstyleitalia.it\/wp-content\/uploads\/2015\/09\/32020_abstyle_saloon_treit_haircare_hair_cream_1000ml.png","width":600,"height":600},{"@type":"BreadcrumbList","@id":"https:\/\/abstyleitalia.it\/pt-pt\/products\/treatments-pt\/treit-pt\/treit-creme-para-cabelos\/#breadcrumb","itemListElement":[{"@type":"ListItem","position":1,"name":"Home","item":"https:\/\/abstyleitalia.it\/pt-pt\/"},{"@type":"ListItem","position":2,"name":"Produtos","item":"https:\/\/abstyleitalia.it\/pt-pt\/produtos\/"},{"@type":"ListItem","position":3,"name":"Treit &#8211; Creme para cabelos"}]},{"@type":"WebSite","@id":"https:\/\/abstyleitalia.it\/pt-pt\/#website","url":"https:\/\/abstyleitalia.it\/pt-pt\/","name":"ABstyle","description":"One more time for you","publisher":{"@id":"https:\/\/abstyleitalia.it\/pt-pt\/#organization"},"potentialAction":[{"@type":"SearchAction","target":{"@type":"EntryPoint","urlTemplate":"https:\/\/abstyleitalia.it\/pt-pt\/?s={search_term_string}"},"query-input":{"@type":"PropertyValueSpecification","valueRequired":true,"valueName":"search_term_string"}}],"inLanguage":"pt-PT"},{"@type":"Organization","@id":"https:\/\/abstyleitalia.it\/pt-pt\/#organization","name":"ABSTYLE","url":"https:\/\/abstyleitalia.it\/pt-pt\/","logo":{"@type":"ImageObject","inLanguage":"pt-PT","@id":"https:\/\/abstyleitalia.it\/pt-pt\/#\/schema\/logo\/image\/","url":"https:\/\/abstyleitalia.it\/wp-content\/uploads\/2017\/11\/ab-style-logo-76x76.png","contentUrl":"https:\/\/abstyleitalia.it\/wp-content\/uploads\/2017\/11\/ab-style-logo-76x76.png","width":76,"height":76,"caption":"ABSTYLE"},"image":{"@id":"https:\/\/abstyleitalia.it\/pt-pt\/#\/schema\/logo\/image\/"}}]}},"_links":{"self":[{"href":"https:\/\/abstyleitalia.it\/pt-pt\/wp-json\/wp\/v2\/product\/3317","targetHints":{"allow":["GET"]}}],"collection":[{"href":"https:\/\/abstyleitalia.it\/pt-pt\/wp-json\/wp\/v2\/product"}],"about":[{"href":"https:\/\/abstyleitalia.it\/pt-pt\/wp-json\/wp\/v2\/types\/product"}],"replies":[{"embeddable":true,"href":"https:\/\/abstyleitalia.it\/pt-pt\/wp-json\/wp\/v2\/comments?post=3317"}],"wp:featuredmedia":[{"embeddable":true,"href":"https:\/\/abstyleitalia.it\/pt-pt\/wp-json\/wp\/v2\/media\/4693"}],"wp:attachment":[{"href":"https:\/\/abstyleitalia.it\/pt-pt\/wp-json\/wp\/v2\/media?parent=3317"}],"wp:term":[{"taxonomy":"product_brand","embeddable":true,"href":"https:\/\/abstyleitalia.it\/pt-pt\/wp-json\/wp\/v2\/product_brand?post=3317"},{"taxonomy":"product_cat","embeddable":true,"href":"https:\/\/abstyleitalia.it\/pt-pt\/wp-json\/wp\/v2\/product_cat?post=3317"},{"taxonomy":"product_tag","embeddable":true,"href":"https:\/\/abstyleitalia.it\/pt-pt\/wp-json\/wp\/v2\/product_tag?post=3317"}],"curies":[{"name":"wp","href":"https:\/\/api.w.org\/{rel}","templated":true}]}}