{"id":3312,"date":"2015-09-08T11:16:47","date_gmt":"2015-09-08T09:16:47","guid":{"rendered":"https:\/\/abstyleitalia.it\/products\/sem%20categoria\/treit-champo-com-amendoa\/"},"modified":"2022-05-25T15:22:24","modified_gmt":"2022-05-25T13:22:24","slug":"treit-champo-com-amendoa","status":"publish","type":"product","link":"https:\/\/abstyleitalia.it\/pt-pt\/products\/treatments-pt\/treit-pt\/treit-champo-com-amendoa\/","title":{"rendered":"Treit &#8211; Champ\u00f4 com am\u00eandoa"},"content":{"rendered":"<p class=\"p1\"><b>Limpa<\/b> delicadamente<span class=\"Apple-converted-space\">\u00a0<\/span><\/p>\n<p class=\"p1\">Confere <b>brilho<\/b> e <b>respeita<\/b> a estrutura capilar<\/p>\n<p class=\"p1\">Favorece uma lavagem <b>frequente<\/b><\/p>\n<p class=\"p1\">Indicado para cabelos<b> delicados<\/b><\/p>\n","protected":false},"excerpt":{"rendered":"<p class=\"p1\">Indicado <b>para cabelos delicados<\/b>, o champ\u00f4 com ess\u00eancia de am\u00eandoa Treit permite uma <b>lavagem frequente<\/b>, respeitando a estrutura capilar. A\u00e7\u00e3o <b>dermopurificante <\/b>e<b> hidratante<\/b>, gra\u00e7as \u00e0s in\u00fameras propriedades ben\u00e9ficas das am\u00eandoas. Suaviza e confere brilho ao cabelo, exercendo uma a\u00e7\u00e3o detergente <b>suave <\/b>e<b> reestruturante<\/b>.<span class=\"Apple-converted-space\">\u00a0<\/span><\/p>\n<p class=\"p1\">Formato de 10 litros<\/p>\n","protected":false},"featured_media":4687,"comment_status":"closed","ping_status":"closed","template":"","meta":[],"product_brand":[],"product_cat":[425,439],"product_tag":[],"class_list":{"0":"post-3312","1":"product","2":"type-product","3":"status-publish","4":"has-post-thumbnail","6":"product_cat-salon-technics-pt","7":"product_cat-treit-pt","8":"description-off","10":"first","11":"instock","12":"shipping-taxable","13":"product-type-simple"},"yoast_head":"<!-- This site is optimized with the Yoast SEO plugin v26.8 - https:\/\/yoast.com\/product\/yoast-seo-wordpress\/ -->\n<title>Treit - Champ\u00f4 com am\u00eandoa | ABstyle<\/title>\n<meta name=\"description\" content=\"O champ\u00f4 com ess\u00eancia de am\u00eandoa Treit permite uma lavagem frequente, respeitando a estrutura capilar.\" \/>\n<meta name=\"robots\" content=\"index, follow, max-snippet:-1, max-image-preview:large, max-video-preview:-1\" \/>\n<link rel=\"canonical\" href=\"https:\/\/abstyleitalia.it\/pt-pt\/products\/treatments-pt\/treit-pt\/treit-champo-com-amendoa\/\" \/>\n<meta property=\"og:locale\" content=\"pt_PT\" \/>\n<meta property=\"og:type\" content=\"article\" \/>\n<meta property=\"og:title\" content=\"Treit - Champ\u00f4 com am\u00eandoa | ABstyle\" \/>\n<meta property=\"og:description\" content=\"O champ\u00f4 com ess\u00eancia de am\u00eandoa Treit permite uma lavagem frequente, respeitando a estrutura capilar.\" \/>\n<meta property=\"og:url\" content=\"https:\/\/abstyleitalia.it\/pt-pt\/products\/treatments-pt\/treit-pt\/treit-champo-com-amendoa\/\" \/>\n<meta property=\"og:site_name\" content=\"ABstyle\" \/>\n<meta property=\"article:modified_time\" content=\"2022-05-25T13:22:24+00:00\" \/>\n<meta property=\"og:image\" content=\"https:\/\/abstyleitalia.it\/wp-content\/uploads\/2015\/09\/abstyle_treit_haircare_shampoo_delicato_mandorle_10000ml.png\" \/>\n\t<meta property=\"og:image:width\" content=\"600\" \/>\n\t<meta property=\"og:image:height\" content=\"600\" \/>\n\t<meta property=\"og:image:type\" content=\"image\/png\" \/>\n<meta name=\"twitter:card\" content=\"summary_large_image\" \/>\n<script type=\"application\/ld+json\" class=\"yoast-schema-graph\">{\"@context\":\"https:\/\/schema.org\",\"@graph\":[{\"@type\":\"WebPage\",\"@id\":\"https:\/\/abstyleitalia.it\/pt-pt\/products\/treatments-pt\/treit-pt\/treit-champo-com-amendoa\/\",\"url\":\"https:\/\/abstyleitalia.it\/pt-pt\/products\/treatments-pt\/treit-pt\/treit-champo-com-amendoa\/\",\"name\":\"Treit - Champ\u00f4 com am\u00eandoa | ABstyle\",\"isPartOf\":{\"@id\":\"https:\/\/abstyleitalia.it\/pt-pt\/#website\"},\"primaryImageOfPage\":{\"@id\":\"https:\/\/abstyleitalia.it\/pt-pt\/products\/treatments-pt\/treit-pt\/treit-champo-com-amendoa\/#primaryimage\"},\"image\":{\"@id\":\"https:\/\/abstyleitalia.it\/pt-pt\/products\/treatments-pt\/treit-pt\/treit-champo-com-amendoa\/#primaryimage\"},\"thumbnailUrl\":\"https:\/\/abstyleitalia.it\/wp-content\/uploads\/2015\/09\/32025_abstyle_treit_haircare_shampoo_almond_essence_10lt.png\",\"datePublished\":\"2015-09-08T09:16:47+00:00\",\"dateModified\":\"2022-05-25T13:22:24+00:00\",\"description\":\"O champ\u00f4 com ess\u00eancia de am\u00eandoa Treit permite uma lavagem frequente, respeitando a estrutura capilar.\",\"breadcrumb\":{\"@id\":\"https:\/\/abstyleitalia.it\/pt-pt\/products\/treatments-pt\/treit-pt\/treit-champo-com-amendoa\/#breadcrumb\"},\"inLanguage\":\"pt-PT\",\"potentialAction\":[{\"@type\":\"ReadAction\",\"target\":[\"https:\/\/abstyleitalia.it\/pt-pt\/products\/treatments-pt\/treit-pt\/treit-champo-com-amendoa\/\"]}]},{\"@type\":\"ImageObject\",\"inLanguage\":\"pt-PT\",\"@id\":\"https:\/\/abstyleitalia.it\/pt-pt\/products\/treatments-pt\/treit-pt\/treit-champo-com-amendoa\/#primaryimage\",\"url\":\"https:\/\/abstyleitalia.it\/wp-content\/uploads\/2015\/09\/32025_abstyle_treit_haircare_shampoo_almond_essence_10lt.png\",\"contentUrl\":\"https:\/\/abstyleitalia.it\/wp-content\/uploads\/2015\/09\/32025_abstyle_treit_haircare_shampoo_almond_essence_10lt.png\",\"width\":600,\"height\":600},{\"@type\":\"BreadcrumbList\",\"@id\":\"https:\/\/abstyleitalia.it\/pt-pt\/products\/treatments-pt\/treit-pt\/treit-champo-com-amendoa\/#breadcrumb\",\"itemListElement\":[{\"@type\":\"ListItem\",\"position\":1,\"name\":\"Home\",\"item\":\"https:\/\/abstyleitalia.it\/pt-pt\/\"},{\"@type\":\"ListItem\",\"position\":2,\"name\":\"Produtos\",\"item\":\"https:\/\/abstyleitalia.it\/pt-pt\/produtos\/\"},{\"@type\":\"ListItem\",\"position\":3,\"name\":\"Treit &#8211; Champ\u00f4 com am\u00eandoa\"}]},{\"@type\":\"WebSite\",\"@id\":\"https:\/\/abstyleitalia.it\/pt-pt\/#website\",\"url\":\"https:\/\/abstyleitalia.it\/pt-pt\/\",\"name\":\"ABstyle\",\"description\":\"One more time for you\",\"publisher\":{\"@id\":\"https:\/\/abstyleitalia.it\/pt-pt\/#organization\"},\"potentialAction\":[{\"@type\":\"SearchAction\",\"target\":{\"@type\":\"EntryPoint\",\"urlTemplate\":\"https:\/\/abstyleitalia.it\/pt-pt\/?s={search_term_string}\"},\"query-input\":{\"@type\":\"PropertyValueSpecification\",\"valueRequired\":true,\"valueName\":\"search_term_string\"}}],\"inLanguage\":\"pt-PT\"},{\"@type\":\"Organization\",\"@id\":\"https:\/\/abstyleitalia.it\/pt-pt\/#organization\",\"name\":\"ABSTYLE\",\"url\":\"https:\/\/abstyleitalia.it\/pt-pt\/\",\"logo\":{\"@type\":\"ImageObject\",\"inLanguage\":\"pt-PT\",\"@id\":\"https:\/\/abstyleitalia.it\/pt-pt\/#\/schema\/logo\/image\/\",\"url\":\"https:\/\/abstyleitalia.it\/wp-content\/uploads\/2017\/11\/ab-style-logo-76x76.png\",\"contentUrl\":\"https:\/\/abstyleitalia.it\/wp-content\/uploads\/2017\/11\/ab-style-logo-76x76.png\",\"width\":76,\"height\":76,\"caption\":\"ABSTYLE\"},\"image\":{\"@id\":\"https:\/\/abstyleitalia.it\/pt-pt\/#\/schema\/logo\/image\/\"}}]}<\/script>\n<!-- \/ Yoast SEO plugin. -->","yoast_head_json":{"title":"Treit - Champ\u00f4 com am\u00eandoa | ABstyle","description":"O champ\u00f4 com ess\u00eancia de am\u00eandoa Treit permite uma lavagem frequente, respeitando a estrutura capilar.","robots":{"index":"index","follow":"follow","max-snippet":"max-snippet:-1","max-image-preview":"max-image-preview:large","max-video-preview":"max-video-preview:-1"},"canonical":"https:\/\/abstyleitalia.it\/pt-pt\/products\/treatments-pt\/treit-pt\/treit-champo-com-amendoa\/","og_locale":"pt_PT","og_type":"article","og_title":"Treit - Champ\u00f4 com am\u00eandoa | ABstyle","og_description":"O champ\u00f4 com ess\u00eancia de am\u00eandoa Treit permite uma lavagem frequente, respeitando a estrutura capilar.","og_url":"https:\/\/abstyleitalia.it\/pt-pt\/products\/treatments-pt\/treit-pt\/treit-champo-com-amendoa\/","og_site_name":"ABstyle","article_modified_time":"2022-05-25T13:22:24+00:00","og_image":[{"width":600,"height":600,"url":"https:\/\/abstyleitalia.it\/wp-content\/uploads\/2015\/09\/abstyle_treit_haircare_shampoo_delicato_mandorle_10000ml.png","type":"image\/png"}],"twitter_card":"summary_large_image","schema":{"@context":"https:\/\/schema.org","@graph":[{"@type":"WebPage","@id":"https:\/\/abstyleitalia.it\/pt-pt\/products\/treatments-pt\/treit-pt\/treit-champo-com-amendoa\/","url":"https:\/\/abstyleitalia.it\/pt-pt\/products\/treatments-pt\/treit-pt\/treit-champo-com-amendoa\/","name":"Treit - Champ\u00f4 com am\u00eandoa | ABstyle","isPartOf":{"@id":"https:\/\/abstyleitalia.it\/pt-pt\/#website"},"primaryImageOfPage":{"@id":"https:\/\/abstyleitalia.it\/pt-pt\/products\/treatments-pt\/treit-pt\/treit-champo-com-amendoa\/#primaryimage"},"image":{"@id":"https:\/\/abstyleitalia.it\/pt-pt\/products\/treatments-pt\/treit-pt\/treit-champo-com-amendoa\/#primaryimage"},"thumbnailUrl":"https:\/\/abstyleitalia.it\/wp-content\/uploads\/2015\/09\/32025_abstyle_treit_haircare_shampoo_almond_essence_10lt.png","datePublished":"2015-09-08T09:16:47+00:00","dateModified":"2022-05-25T13:22:24+00:00","description":"O champ\u00f4 com ess\u00eancia de am\u00eandoa Treit permite uma lavagem frequente, respeitando a estrutura capilar.","breadcrumb":{"@id":"https:\/\/abstyleitalia.it\/pt-pt\/products\/treatments-pt\/treit-pt\/treit-champo-com-amendoa\/#breadcrumb"},"inLanguage":"pt-PT","potentialAction":[{"@type":"ReadAction","target":["https:\/\/abstyleitalia.it\/pt-pt\/products\/treatments-pt\/treit-pt\/treit-champo-com-amendoa\/"]}]},{"@type":"ImageObject","inLanguage":"pt-PT","@id":"https:\/\/abstyleitalia.it\/pt-pt\/products\/treatments-pt\/treit-pt\/treit-champo-com-amendoa\/#primaryimage","url":"https:\/\/abstyleitalia.it\/wp-content\/uploads\/2015\/09\/32025_abstyle_treit_haircare_shampoo_almond_essence_10lt.png","contentUrl":"https:\/\/abstyleitalia.it\/wp-content\/uploads\/2015\/09\/32025_abstyle_treit_haircare_shampoo_almond_essence_10lt.png","width":600,"height":600},{"@type":"BreadcrumbList","@id":"https:\/\/abstyleitalia.it\/pt-pt\/products\/treatments-pt\/treit-pt\/treit-champo-com-amendoa\/#breadcrumb","itemListElement":[{"@type":"ListItem","position":1,"name":"Home","item":"https:\/\/abstyleitalia.it\/pt-pt\/"},{"@type":"ListItem","position":2,"name":"Produtos","item":"https:\/\/abstyleitalia.it\/pt-pt\/produtos\/"},{"@type":"ListItem","position":3,"name":"Treit &#8211; Champ\u00f4 com am\u00eandoa"}]},{"@type":"WebSite","@id":"https:\/\/abstyleitalia.it\/pt-pt\/#website","url":"https:\/\/abstyleitalia.it\/pt-pt\/","name":"ABstyle","description":"One more time for you","publisher":{"@id":"https:\/\/abstyleitalia.it\/pt-pt\/#organization"},"potentialAction":[{"@type":"SearchAction","target":{"@type":"EntryPoint","urlTemplate":"https:\/\/abstyleitalia.it\/pt-pt\/?s={search_term_string}"},"query-input":{"@type":"PropertyValueSpecification","valueRequired":true,"valueName":"search_term_string"}}],"inLanguage":"pt-PT"},{"@type":"Organization","@id":"https:\/\/abstyleitalia.it\/pt-pt\/#organization","name":"ABSTYLE","url":"https:\/\/abstyleitalia.it\/pt-pt\/","logo":{"@type":"ImageObject","inLanguage":"pt-PT","@id":"https:\/\/abstyleitalia.it\/pt-pt\/#\/schema\/logo\/image\/","url":"https:\/\/abstyleitalia.it\/wp-content\/uploads\/2017\/11\/ab-style-logo-76x76.png","contentUrl":"https:\/\/abstyleitalia.it\/wp-content\/uploads\/2017\/11\/ab-style-logo-76x76.png","width":76,"height":76,"caption":"ABSTYLE"},"image":{"@id":"https:\/\/abstyleitalia.it\/pt-pt\/#\/schema\/logo\/image\/"}}]}},"_links":{"self":[{"href":"https:\/\/abstyleitalia.it\/pt-pt\/wp-json\/wp\/v2\/product\/3312","targetHints":{"allow":["GET"]}}],"collection":[{"href":"https:\/\/abstyleitalia.it\/pt-pt\/wp-json\/wp\/v2\/product"}],"about":[{"href":"https:\/\/abstyleitalia.it\/pt-pt\/wp-json\/wp\/v2\/types\/product"}],"replies":[{"embeddable":true,"href":"https:\/\/abstyleitalia.it\/pt-pt\/wp-json\/wp\/v2\/comments?post=3312"}],"wp:featuredmedia":[{"embeddable":true,"href":"https:\/\/abstyleitalia.it\/pt-pt\/wp-json\/wp\/v2\/media\/4687"}],"wp:attachment":[{"href":"https:\/\/abstyleitalia.it\/pt-pt\/wp-json\/wp\/v2\/media?parent=3312"}],"wp:term":[{"taxonomy":"product_brand","embeddable":true,"href":"https:\/\/abstyleitalia.it\/pt-pt\/wp-json\/wp\/v2\/product_brand?post=3312"},{"taxonomy":"product_cat","embeddable":true,"href":"https:\/\/abstyleitalia.it\/pt-pt\/wp-json\/wp\/v2\/product_cat?post=3312"},{"taxonomy":"product_tag","embeddable":true,"href":"https:\/\/abstyleitalia.it\/pt-pt\/wp-json\/wp\/v2\/product_tag?post=3312"}],"curies":[{"name":"wp","href":"https:\/\/api.w.org\/{rel}","templated":true}]}}