{"id":3309,"date":"2020-07-07T12:06:42","date_gmt":"2020-07-07T10:06:42","guid":{"rendered":"https:\/\/abstyleitalia.it\/products\/sem%20categoria\/treit-balsamo-hidratante\/"},"modified":"2022-05-25T14:55:24","modified_gmt":"2022-05-25T12:55:24","slug":"treit-balsamo-hidratante","status":"publish","type":"product","link":"https:\/\/abstyleitalia.it\/pt-pt\/products\/treatments-pt\/treit-pt\/treit-balsamo-hidratante\/","title":{"rendered":"Treit &#8211; B\u00e1lsamo hidratante"},"content":{"rendered":"<p>Os cabelos ficam desembara\u00e7ados e f\u00e1ceis de pentear<\/p>\n<p>Limpa perfeitamente o couro cabeludo<\/p>\n<p>Desenvolve uma a\u00e7\u00e3o hidratante<\/p>\n","protected":false},"excerpt":{"rendered":"<p class=\"p1\">Com o <b>b\u00e1lsamo Treit<\/b>, os cabelos quebradi\u00e7os e sem brilho ficam facilmente <b>desembara\u00e7ados<\/b> e recuperam a sua beleza natural. A sua f\u00f3rmula devolve ao cabelo o seu <b>equil\u00edbrio natural<\/b>. Particularmente indicado para cabelos quebradi\u00e7os e sem brilho. Confere suavidade, leveza e brilho.<span class=\"Apple-converted-space\">\u00a0 \u00a0<\/span><\/p>\n<p class=\"p2\"><span class=\"Apple-converted-space\">\u00a0<\/span>1000 ml<\/p>\n","protected":false},"featured_media":4681,"comment_status":"closed","ping_status":"closed","template":"","meta":[],"product_brand":[],"product_cat":[425,439],"product_tag":[],"class_list":{"0":"post-3309","1":"product","2":"type-product","3":"status-publish","4":"has-post-thumbnail","6":"product_cat-salon-technics-pt","7":"product_cat-treit-pt","8":"description-off","10":"first","11":"instock","12":"shipping-taxable","13":"product-type-simple"},"yoast_head":"<!-- This site is optimized with the Yoast SEO plugin v26.8 - https:\/\/yoast.com\/product\/yoast-seo-wordpress\/ -->\n<title>Treit - B\u00e1lsamo hidratante | ABstyle<\/title>\n<meta name=\"description\" content=\"Com o b\u00e1lsamo Treit, os cabelos quebradi\u00e7os e sem brilho ficam facilmente desembara\u00e7ados e recuperam a sua beleza natural.\" \/>\n<meta name=\"robots\" content=\"index, follow, max-snippet:-1, max-image-preview:large, max-video-preview:-1\" \/>\n<link rel=\"canonical\" href=\"https:\/\/abstyleitalia.it\/pt-pt\/products\/treatments-pt\/treit-pt\/treit-balsamo-hidratante\/\" \/>\n<meta property=\"og:locale\" content=\"pt_PT\" \/>\n<meta property=\"og:type\" content=\"article\" \/>\n<meta property=\"og:title\" content=\"Treit - B\u00e1lsamo hidratante | ABstyle\" \/>\n<meta property=\"og:description\" content=\"Com o b\u00e1lsamo Treit, os cabelos quebradi\u00e7os e sem brilho ficam facilmente desembara\u00e7ados e recuperam a sua beleza natural.\" \/>\n<meta property=\"og:url\" content=\"https:\/\/abstyleitalia.it\/pt-pt\/products\/treatments-pt\/treit-pt\/treit-balsamo-hidratante\/\" \/>\n<meta property=\"og:site_name\" content=\"ABstyle\" \/>\n<meta property=\"article:modified_time\" content=\"2022-05-25T12:55:24+00:00\" \/>\n<meta property=\"og:image\" content=\"https:\/\/abstyleitalia.it\/wp-content\/uploads\/2020\/07\/32046_abstyle_salon_treit_haircare_moisturizing_conditioner_1000ml.png\" \/>\n\t<meta property=\"og:image:width\" content=\"600\" \/>\n\t<meta property=\"og:image:height\" content=\"600\" \/>\n\t<meta property=\"og:image:type\" content=\"image\/png\" \/>\n<meta name=\"twitter:card\" content=\"summary_large_image\" \/>\n<meta name=\"twitter:label1\" content=\"Tempo estimado de leitura\" \/>\n\t<meta name=\"twitter:data1\" content=\"1 minuto\" \/>\n<script type=\"application\/ld+json\" class=\"yoast-schema-graph\">{\"@context\":\"https:\/\/schema.org\",\"@graph\":[{\"@type\":\"WebPage\",\"@id\":\"https:\/\/abstyleitalia.it\/pt-pt\/products\/treatments-pt\/treit-pt\/treit-balsamo-hidratante\/\",\"url\":\"https:\/\/abstyleitalia.it\/pt-pt\/products\/treatments-pt\/treit-pt\/treit-balsamo-hidratante\/\",\"name\":\"Treit - B\u00e1lsamo hidratante | ABstyle\",\"isPartOf\":{\"@id\":\"https:\/\/abstyleitalia.it\/pt-pt\/#website\"},\"primaryImageOfPage\":{\"@id\":\"https:\/\/abstyleitalia.it\/pt-pt\/products\/treatments-pt\/treit-pt\/treit-balsamo-hidratante\/#primaryimage\"},\"image\":{\"@id\":\"https:\/\/abstyleitalia.it\/pt-pt\/products\/treatments-pt\/treit-pt\/treit-balsamo-hidratante\/#primaryimage\"},\"thumbnailUrl\":\"https:\/\/abstyleitalia.it\/wp-content\/uploads\/2020\/07\/32046_abstyle_salon_treit_haircare_moisturizing_conditioner_1000ml.png\",\"datePublished\":\"2020-07-07T10:06:42+00:00\",\"dateModified\":\"2022-05-25T12:55:24+00:00\",\"description\":\"Com o b\u00e1lsamo Treit, os cabelos quebradi\u00e7os e sem brilho ficam facilmente desembara\u00e7ados e recuperam a sua beleza natural.\",\"breadcrumb\":{\"@id\":\"https:\/\/abstyleitalia.it\/pt-pt\/products\/treatments-pt\/treit-pt\/treit-balsamo-hidratante\/#breadcrumb\"},\"inLanguage\":\"pt-PT\",\"potentialAction\":[{\"@type\":\"ReadAction\",\"target\":[\"https:\/\/abstyleitalia.it\/pt-pt\/products\/treatments-pt\/treit-pt\/treit-balsamo-hidratante\/\"]}]},{\"@type\":\"ImageObject\",\"inLanguage\":\"pt-PT\",\"@id\":\"https:\/\/abstyleitalia.it\/pt-pt\/products\/treatments-pt\/treit-pt\/treit-balsamo-hidratante\/#primaryimage\",\"url\":\"https:\/\/abstyleitalia.it\/wp-content\/uploads\/2020\/07\/32046_abstyle_salon_treit_haircare_moisturizing_conditioner_1000ml.png\",\"contentUrl\":\"https:\/\/abstyleitalia.it\/wp-content\/uploads\/2020\/07\/32046_abstyle_salon_treit_haircare_moisturizing_conditioner_1000ml.png\",\"width\":600,\"height\":600},{\"@type\":\"BreadcrumbList\",\"@id\":\"https:\/\/abstyleitalia.it\/pt-pt\/products\/treatments-pt\/treit-pt\/treit-balsamo-hidratante\/#breadcrumb\",\"itemListElement\":[{\"@type\":\"ListItem\",\"position\":1,\"name\":\"Home\",\"item\":\"https:\/\/abstyleitalia.it\/pt-pt\/\"},{\"@type\":\"ListItem\",\"position\":2,\"name\":\"Produtos\",\"item\":\"https:\/\/abstyleitalia.it\/pt-pt\/produtos\/\"},{\"@type\":\"ListItem\",\"position\":3,\"name\":\"Treit &#8211; B\u00e1lsamo hidratante\"}]},{\"@type\":\"WebSite\",\"@id\":\"https:\/\/abstyleitalia.it\/pt-pt\/#website\",\"url\":\"https:\/\/abstyleitalia.it\/pt-pt\/\",\"name\":\"ABstyle\",\"description\":\"One more time for you\",\"publisher\":{\"@id\":\"https:\/\/abstyleitalia.it\/pt-pt\/#organization\"},\"potentialAction\":[{\"@type\":\"SearchAction\",\"target\":{\"@type\":\"EntryPoint\",\"urlTemplate\":\"https:\/\/abstyleitalia.it\/pt-pt\/?s={search_term_string}\"},\"query-input\":{\"@type\":\"PropertyValueSpecification\",\"valueRequired\":true,\"valueName\":\"search_term_string\"}}],\"inLanguage\":\"pt-PT\"},{\"@type\":\"Organization\",\"@id\":\"https:\/\/abstyleitalia.it\/pt-pt\/#organization\",\"name\":\"ABSTYLE\",\"url\":\"https:\/\/abstyleitalia.it\/pt-pt\/\",\"logo\":{\"@type\":\"ImageObject\",\"inLanguage\":\"pt-PT\",\"@id\":\"https:\/\/abstyleitalia.it\/pt-pt\/#\/schema\/logo\/image\/\",\"url\":\"https:\/\/abstyleitalia.it\/wp-content\/uploads\/2017\/11\/ab-style-logo-76x76.png\",\"contentUrl\":\"https:\/\/abstyleitalia.it\/wp-content\/uploads\/2017\/11\/ab-style-logo-76x76.png\",\"width\":76,\"height\":76,\"caption\":\"ABSTYLE\"},\"image\":{\"@id\":\"https:\/\/abstyleitalia.it\/pt-pt\/#\/schema\/logo\/image\/\"}}]}<\/script>\n<!-- \/ Yoast SEO plugin. -->","yoast_head_json":{"title":"Treit - B\u00e1lsamo hidratante | ABstyle","description":"Com o b\u00e1lsamo Treit, os cabelos quebradi\u00e7os e sem brilho ficam facilmente desembara\u00e7ados e recuperam a sua beleza natural.","robots":{"index":"index","follow":"follow","max-snippet":"max-snippet:-1","max-image-preview":"max-image-preview:large","max-video-preview":"max-video-preview:-1"},"canonical":"https:\/\/abstyleitalia.it\/pt-pt\/products\/treatments-pt\/treit-pt\/treit-balsamo-hidratante\/","og_locale":"pt_PT","og_type":"article","og_title":"Treit - B\u00e1lsamo hidratante | ABstyle","og_description":"Com o b\u00e1lsamo Treit, os cabelos quebradi\u00e7os e sem brilho ficam facilmente desembara\u00e7ados e recuperam a sua beleza natural.","og_url":"https:\/\/abstyleitalia.it\/pt-pt\/products\/treatments-pt\/treit-pt\/treit-balsamo-hidratante\/","og_site_name":"ABstyle","article_modified_time":"2022-05-25T12:55:24+00:00","og_image":[{"width":600,"height":600,"url":"https:\/\/abstyleitalia.it\/wp-content\/uploads\/2020\/07\/32046_abstyle_salon_treit_haircare_moisturizing_conditioner_1000ml.png","type":"image\/png"}],"twitter_card":"summary_large_image","twitter_misc":{"Tempo estimado de leitura":"1 minuto"},"schema":{"@context":"https:\/\/schema.org","@graph":[{"@type":"WebPage","@id":"https:\/\/abstyleitalia.it\/pt-pt\/products\/treatments-pt\/treit-pt\/treit-balsamo-hidratante\/","url":"https:\/\/abstyleitalia.it\/pt-pt\/products\/treatments-pt\/treit-pt\/treit-balsamo-hidratante\/","name":"Treit - B\u00e1lsamo hidratante | ABstyle","isPartOf":{"@id":"https:\/\/abstyleitalia.it\/pt-pt\/#website"},"primaryImageOfPage":{"@id":"https:\/\/abstyleitalia.it\/pt-pt\/products\/treatments-pt\/treit-pt\/treit-balsamo-hidratante\/#primaryimage"},"image":{"@id":"https:\/\/abstyleitalia.it\/pt-pt\/products\/treatments-pt\/treit-pt\/treit-balsamo-hidratante\/#primaryimage"},"thumbnailUrl":"https:\/\/abstyleitalia.it\/wp-content\/uploads\/2020\/07\/32046_abstyle_salon_treit_haircare_moisturizing_conditioner_1000ml.png","datePublished":"2020-07-07T10:06:42+00:00","dateModified":"2022-05-25T12:55:24+00:00","description":"Com o b\u00e1lsamo Treit, os cabelos quebradi\u00e7os e sem brilho ficam facilmente desembara\u00e7ados e recuperam a sua beleza natural.","breadcrumb":{"@id":"https:\/\/abstyleitalia.it\/pt-pt\/products\/treatments-pt\/treit-pt\/treit-balsamo-hidratante\/#breadcrumb"},"inLanguage":"pt-PT","potentialAction":[{"@type":"ReadAction","target":["https:\/\/abstyleitalia.it\/pt-pt\/products\/treatments-pt\/treit-pt\/treit-balsamo-hidratante\/"]}]},{"@type":"ImageObject","inLanguage":"pt-PT","@id":"https:\/\/abstyleitalia.it\/pt-pt\/products\/treatments-pt\/treit-pt\/treit-balsamo-hidratante\/#primaryimage","url":"https:\/\/abstyleitalia.it\/wp-content\/uploads\/2020\/07\/32046_abstyle_salon_treit_haircare_moisturizing_conditioner_1000ml.png","contentUrl":"https:\/\/abstyleitalia.it\/wp-content\/uploads\/2020\/07\/32046_abstyle_salon_treit_haircare_moisturizing_conditioner_1000ml.png","width":600,"height":600},{"@type":"BreadcrumbList","@id":"https:\/\/abstyleitalia.it\/pt-pt\/products\/treatments-pt\/treit-pt\/treit-balsamo-hidratante\/#breadcrumb","itemListElement":[{"@type":"ListItem","position":1,"name":"Home","item":"https:\/\/abstyleitalia.it\/pt-pt\/"},{"@type":"ListItem","position":2,"name":"Produtos","item":"https:\/\/abstyleitalia.it\/pt-pt\/produtos\/"},{"@type":"ListItem","position":3,"name":"Treit &#8211; B\u00e1lsamo hidratante"}]},{"@type":"WebSite","@id":"https:\/\/abstyleitalia.it\/pt-pt\/#website","url":"https:\/\/abstyleitalia.it\/pt-pt\/","name":"ABstyle","description":"One more time for you","publisher":{"@id":"https:\/\/abstyleitalia.it\/pt-pt\/#organization"},"potentialAction":[{"@type":"SearchAction","target":{"@type":"EntryPoint","urlTemplate":"https:\/\/abstyleitalia.it\/pt-pt\/?s={search_term_string}"},"query-input":{"@type":"PropertyValueSpecification","valueRequired":true,"valueName":"search_term_string"}}],"inLanguage":"pt-PT"},{"@type":"Organization","@id":"https:\/\/abstyleitalia.it\/pt-pt\/#organization","name":"ABSTYLE","url":"https:\/\/abstyleitalia.it\/pt-pt\/","logo":{"@type":"ImageObject","inLanguage":"pt-PT","@id":"https:\/\/abstyleitalia.it\/pt-pt\/#\/schema\/logo\/image\/","url":"https:\/\/abstyleitalia.it\/wp-content\/uploads\/2017\/11\/ab-style-logo-76x76.png","contentUrl":"https:\/\/abstyleitalia.it\/wp-content\/uploads\/2017\/11\/ab-style-logo-76x76.png","width":76,"height":76,"caption":"ABSTYLE"},"image":{"@id":"https:\/\/abstyleitalia.it\/pt-pt\/#\/schema\/logo\/image\/"}}]}},"_links":{"self":[{"href":"https:\/\/abstyleitalia.it\/pt-pt\/wp-json\/wp\/v2\/product\/3309","targetHints":{"allow":["GET"]}}],"collection":[{"href":"https:\/\/abstyleitalia.it\/pt-pt\/wp-json\/wp\/v2\/product"}],"about":[{"href":"https:\/\/abstyleitalia.it\/pt-pt\/wp-json\/wp\/v2\/types\/product"}],"replies":[{"embeddable":true,"href":"https:\/\/abstyleitalia.it\/pt-pt\/wp-json\/wp\/v2\/comments?post=3309"}],"wp:featuredmedia":[{"embeddable":true,"href":"https:\/\/abstyleitalia.it\/pt-pt\/wp-json\/wp\/v2\/media\/4681"}],"wp:attachment":[{"href":"https:\/\/abstyleitalia.it\/pt-pt\/wp-json\/wp\/v2\/media?parent=3309"}],"wp:term":[{"taxonomy":"product_brand","embeddable":true,"href":"https:\/\/abstyleitalia.it\/pt-pt\/wp-json\/wp\/v2\/product_brand?post=3309"},{"taxonomy":"product_cat","embeddable":true,"href":"https:\/\/abstyleitalia.it\/pt-pt\/wp-json\/wp\/v2\/product_cat?post=3309"},{"taxonomy":"product_tag","embeddable":true,"href":"https:\/\/abstyleitalia.it\/pt-pt\/wp-json\/wp\/v2\/product_tag?post=3309"}],"curies":[{"name":"wp","href":"https:\/\/api.w.org\/{rel}","templated":true}]}}