{"id":3306,"date":"2015-09-07T16:56:46","date_gmt":"2015-09-07T14:56:46","guid":{"rendered":"https:\/\/abstyleitalia.it\/products\/sem%20categoria\/straight-fluid-spray-prancha-de-alisamento-e-protecao\/"},"modified":"2022-05-25T14:47:38","modified_gmt":"2022-05-25T12:47:38","slug":"straight-fluid-spray-prancha-de-alisamento-e-protecao","status":"publish","type":"product","link":"https:\/\/abstyleitalia.it\/pt-pt\/products\/finishing-styling-pt\/spray-pt\/straight-fluid-spray-prancha-de-alisamento-e-protecao\/","title":{"rendered":"Straight Fluid &#8211; Spray prancha de alisamento e prote\u00e7\u00e3o"},"content":{"rendered":"<p class=\"p1\"><b>A\u00e7\u00e3o alisadora<\/b> prolongada<\/p>\n<p class=\"p1\"><b>Reduz a exposi\u00e7\u00e3o<\/b> \u00e0s agress\u00f5es t\u00e9rmicas<\/p>\n<p class=\"p1\"><b>Protege <\/b>o cabelo contra o stress da prancha<\/p>\n<p class=\"p1\"><b>N\u00e3o deixa<\/b> o cabelo pesado<\/p>\n","protected":false},"excerpt":{"rendered":"<p class=\"p1\">Indispens\u00e1vel para reduzir a exposi\u00e7\u00e3o \u00e0s agress\u00f5es t\u00e9rmicas resultantes da utiliza\u00e7\u00e3o da prancha, o <b>Spray alisador<\/b> Slash Straight Fluid <b>protege o cabelo<\/b>, prevenindo o enfraquecimento da fibra capilar pelo stress mec\u00e2nico e prolonga a a\u00e7\u00e3o alisadora ligada ao servi\u00e7o t\u00e9cnico. A\u00e7\u00e3o duradoura, n\u00e3o pesa nem deixa o cabelo oleoso.<span class=\"Apple-converted-space\">\u00a0<\/span><\/p>\n<p class=\"p1\">Formato de 150 ml<span class=\"Apple-converted-space\">\u00a0<\/span><\/p>\n","protected":false},"featured_media":4714,"comment_status":"closed","ping_status":"closed","template":"","meta":[],"product_brand":[],"product_cat":[420,424],"product_tag":[],"class_list":{"0":"post-3306","1":"product","2":"type-product","3":"status-publish","4":"has-post-thumbnail","6":"product_cat-finishing-styling-pt","7":"product_cat-spray-pt","8":"description-off","10":"first","11":"instock","12":"shipping-taxable","13":"product-type-simple"},"yoast_head":"<!-- This site is optimized with the Yoast SEO plugin v26.8 - https:\/\/yoast.com\/product\/yoast-seo-wordpress\/ -->\n<title>Straight Fluid - Spray prancha de alisamento e prote\u00e7\u00e3o | ABstyle<\/title>\n<meta name=\"description\" content=\"Spray alisador Slash Straight Fluid protege o cabelo, prevenindo o enfraquecimento da fibra capilar pelo stress mec\u00e2nico.\" \/>\n<meta name=\"robots\" content=\"index, follow, max-snippet:-1, max-image-preview:large, max-video-preview:-1\" \/>\n<link rel=\"canonical\" href=\"https:\/\/abstyleitalia.it\/pt-pt\/products\/finishing-styling-pt\/spray-pt\/straight-fluid-spray-prancha-de-alisamento-e-protecao\/\" \/>\n<meta property=\"og:locale\" content=\"pt_PT\" \/>\n<meta property=\"og:type\" content=\"article\" \/>\n<meta property=\"og:title\" content=\"Straight Fluid - Spray prancha de alisamento e prote\u00e7\u00e3o | ABstyle\" \/>\n<meta property=\"og:description\" content=\"Spray alisador Slash Straight Fluid protege o cabelo, prevenindo o enfraquecimento da fibra capilar pelo stress mec\u00e2nico.\" \/>\n<meta property=\"og:url\" content=\"https:\/\/abstyleitalia.it\/pt-pt\/products\/finishing-styling-pt\/spray-pt\/straight-fluid-spray-prancha-de-alisamento-e-protecao\/\" \/>\n<meta property=\"og:site_name\" content=\"ABstyle\" \/>\n<meta property=\"article:modified_time\" content=\"2022-05-25T12:47:38+00:00\" \/>\n<meta property=\"og:image\" content=\"https:\/\/abstyleitalia.it\/wp-content\/uploads\/2015\/09\/33022_abstyle_slash_straight_fluid_150ml-1.png\" \/>\n\t<meta property=\"og:image:width\" content=\"600\" \/>\n\t<meta property=\"og:image:height\" content=\"600\" \/>\n\t<meta property=\"og:image:type\" content=\"image\/png\" \/>\n<meta name=\"twitter:card\" content=\"summary_large_image\" \/>\n<script type=\"application\/ld+json\" class=\"yoast-schema-graph\">{\"@context\":\"https:\/\/schema.org\",\"@graph\":[{\"@type\":\"WebPage\",\"@id\":\"https:\/\/abstyleitalia.it\/pt-pt\/products\/finishing-styling-pt\/spray-pt\/straight-fluid-spray-prancha-de-alisamento-e-protecao\/\",\"url\":\"https:\/\/abstyleitalia.it\/pt-pt\/products\/finishing-styling-pt\/spray-pt\/straight-fluid-spray-prancha-de-alisamento-e-protecao\/\",\"name\":\"Straight Fluid - Spray prancha de alisamento e prote\u00e7\u00e3o | ABstyle\",\"isPartOf\":{\"@id\":\"https:\/\/abstyleitalia.it\/pt-pt\/#website\"},\"primaryImageOfPage\":{\"@id\":\"https:\/\/abstyleitalia.it\/pt-pt\/products\/finishing-styling-pt\/spray-pt\/straight-fluid-spray-prancha-de-alisamento-e-protecao\/#primaryimage\"},\"image\":{\"@id\":\"https:\/\/abstyleitalia.it\/pt-pt\/products\/finishing-styling-pt\/spray-pt\/straight-fluid-spray-prancha-de-alisamento-e-protecao\/#primaryimage\"},\"thumbnailUrl\":\"https:\/\/abstyleitalia.it\/wp-content\/uploads\/2015\/09\/33022_abstyle_slash_straight_fluid_150ml-1.png\",\"datePublished\":\"2015-09-07T14:56:46+00:00\",\"dateModified\":\"2022-05-25T12:47:38+00:00\",\"description\":\"Spray alisador Slash Straight Fluid protege o cabelo, prevenindo o enfraquecimento da fibra capilar pelo stress mec\u00e2nico.\",\"breadcrumb\":{\"@id\":\"https:\/\/abstyleitalia.it\/pt-pt\/products\/finishing-styling-pt\/spray-pt\/straight-fluid-spray-prancha-de-alisamento-e-protecao\/#breadcrumb\"},\"inLanguage\":\"pt-PT\",\"potentialAction\":[{\"@type\":\"ReadAction\",\"target\":[\"https:\/\/abstyleitalia.it\/pt-pt\/products\/finishing-styling-pt\/spray-pt\/straight-fluid-spray-prancha-de-alisamento-e-protecao\/\"]}]},{\"@type\":\"ImageObject\",\"inLanguage\":\"pt-PT\",\"@id\":\"https:\/\/abstyleitalia.it\/pt-pt\/products\/finishing-styling-pt\/spray-pt\/straight-fluid-spray-prancha-de-alisamento-e-protecao\/#primaryimage\",\"url\":\"https:\/\/abstyleitalia.it\/wp-content\/uploads\/2015\/09\/33022_abstyle_slash_straight_fluid_150ml-1.png\",\"contentUrl\":\"https:\/\/abstyleitalia.it\/wp-content\/uploads\/2015\/09\/33022_abstyle_slash_straight_fluid_150ml-1.png\",\"width\":600,\"height\":600},{\"@type\":\"BreadcrumbList\",\"@id\":\"https:\/\/abstyleitalia.it\/pt-pt\/products\/finishing-styling-pt\/spray-pt\/straight-fluid-spray-prancha-de-alisamento-e-protecao\/#breadcrumb\",\"itemListElement\":[{\"@type\":\"ListItem\",\"position\":1,\"name\":\"Home\",\"item\":\"https:\/\/abstyleitalia.it\/pt-pt\/\"},{\"@type\":\"ListItem\",\"position\":2,\"name\":\"Produtos\",\"item\":\"https:\/\/abstyleitalia.it\/pt-pt\/produtos\/\"},{\"@type\":\"ListItem\",\"position\":3,\"name\":\"Straight Fluid &#8211; Spray prancha de alisamento e prote\u00e7\u00e3o\"}]},{\"@type\":\"WebSite\",\"@id\":\"https:\/\/abstyleitalia.it\/pt-pt\/#website\",\"url\":\"https:\/\/abstyleitalia.it\/pt-pt\/\",\"name\":\"ABstyle\",\"description\":\"One more time for you\",\"publisher\":{\"@id\":\"https:\/\/abstyleitalia.it\/pt-pt\/#organization\"},\"potentialAction\":[{\"@type\":\"SearchAction\",\"target\":{\"@type\":\"EntryPoint\",\"urlTemplate\":\"https:\/\/abstyleitalia.it\/pt-pt\/?s={search_term_string}\"},\"query-input\":{\"@type\":\"PropertyValueSpecification\",\"valueRequired\":true,\"valueName\":\"search_term_string\"}}],\"inLanguage\":\"pt-PT\"},{\"@type\":\"Organization\",\"@id\":\"https:\/\/abstyleitalia.it\/pt-pt\/#organization\",\"name\":\"ABSTYLE\",\"url\":\"https:\/\/abstyleitalia.it\/pt-pt\/\",\"logo\":{\"@type\":\"ImageObject\",\"inLanguage\":\"pt-PT\",\"@id\":\"https:\/\/abstyleitalia.it\/pt-pt\/#\/schema\/logo\/image\/\",\"url\":\"https:\/\/abstyleitalia.it\/wp-content\/uploads\/2017\/11\/ab-style-logo-76x76.png\",\"contentUrl\":\"https:\/\/abstyleitalia.it\/wp-content\/uploads\/2017\/11\/ab-style-logo-76x76.png\",\"width\":76,\"height\":76,\"caption\":\"ABSTYLE\"},\"image\":{\"@id\":\"https:\/\/abstyleitalia.it\/pt-pt\/#\/schema\/logo\/image\/\"}}]}<\/script>\n<!-- \/ Yoast SEO plugin. -->","yoast_head_json":{"title":"Straight Fluid - Spray prancha de alisamento e prote\u00e7\u00e3o | ABstyle","description":"Spray alisador Slash Straight Fluid protege o cabelo, prevenindo o enfraquecimento da fibra capilar pelo stress mec\u00e2nico.","robots":{"index":"index","follow":"follow","max-snippet":"max-snippet:-1","max-image-preview":"max-image-preview:large","max-video-preview":"max-video-preview:-1"},"canonical":"https:\/\/abstyleitalia.it\/pt-pt\/products\/finishing-styling-pt\/spray-pt\/straight-fluid-spray-prancha-de-alisamento-e-protecao\/","og_locale":"pt_PT","og_type":"article","og_title":"Straight Fluid - Spray prancha de alisamento e prote\u00e7\u00e3o | ABstyle","og_description":"Spray alisador Slash Straight Fluid protege o cabelo, prevenindo o enfraquecimento da fibra capilar pelo stress mec\u00e2nico.","og_url":"https:\/\/abstyleitalia.it\/pt-pt\/products\/finishing-styling-pt\/spray-pt\/straight-fluid-spray-prancha-de-alisamento-e-protecao\/","og_site_name":"ABstyle","article_modified_time":"2022-05-25T12:47:38+00:00","og_image":[{"width":600,"height":600,"url":"https:\/\/abstyleitalia.it\/wp-content\/uploads\/2015\/09\/33022_abstyle_slash_straight_fluid_150ml-1.png","type":"image\/png"}],"twitter_card":"summary_large_image","schema":{"@context":"https:\/\/schema.org","@graph":[{"@type":"WebPage","@id":"https:\/\/abstyleitalia.it\/pt-pt\/products\/finishing-styling-pt\/spray-pt\/straight-fluid-spray-prancha-de-alisamento-e-protecao\/","url":"https:\/\/abstyleitalia.it\/pt-pt\/products\/finishing-styling-pt\/spray-pt\/straight-fluid-spray-prancha-de-alisamento-e-protecao\/","name":"Straight Fluid - Spray prancha de alisamento e prote\u00e7\u00e3o | ABstyle","isPartOf":{"@id":"https:\/\/abstyleitalia.it\/pt-pt\/#website"},"primaryImageOfPage":{"@id":"https:\/\/abstyleitalia.it\/pt-pt\/products\/finishing-styling-pt\/spray-pt\/straight-fluid-spray-prancha-de-alisamento-e-protecao\/#primaryimage"},"image":{"@id":"https:\/\/abstyleitalia.it\/pt-pt\/products\/finishing-styling-pt\/spray-pt\/straight-fluid-spray-prancha-de-alisamento-e-protecao\/#primaryimage"},"thumbnailUrl":"https:\/\/abstyleitalia.it\/wp-content\/uploads\/2015\/09\/33022_abstyle_slash_straight_fluid_150ml-1.png","datePublished":"2015-09-07T14:56:46+00:00","dateModified":"2022-05-25T12:47:38+00:00","description":"Spray alisador Slash Straight Fluid protege o cabelo, prevenindo o enfraquecimento da fibra capilar pelo stress mec\u00e2nico.","breadcrumb":{"@id":"https:\/\/abstyleitalia.it\/pt-pt\/products\/finishing-styling-pt\/spray-pt\/straight-fluid-spray-prancha-de-alisamento-e-protecao\/#breadcrumb"},"inLanguage":"pt-PT","potentialAction":[{"@type":"ReadAction","target":["https:\/\/abstyleitalia.it\/pt-pt\/products\/finishing-styling-pt\/spray-pt\/straight-fluid-spray-prancha-de-alisamento-e-protecao\/"]}]},{"@type":"ImageObject","inLanguage":"pt-PT","@id":"https:\/\/abstyleitalia.it\/pt-pt\/products\/finishing-styling-pt\/spray-pt\/straight-fluid-spray-prancha-de-alisamento-e-protecao\/#primaryimage","url":"https:\/\/abstyleitalia.it\/wp-content\/uploads\/2015\/09\/33022_abstyle_slash_straight_fluid_150ml-1.png","contentUrl":"https:\/\/abstyleitalia.it\/wp-content\/uploads\/2015\/09\/33022_abstyle_slash_straight_fluid_150ml-1.png","width":600,"height":600},{"@type":"BreadcrumbList","@id":"https:\/\/abstyleitalia.it\/pt-pt\/products\/finishing-styling-pt\/spray-pt\/straight-fluid-spray-prancha-de-alisamento-e-protecao\/#breadcrumb","itemListElement":[{"@type":"ListItem","position":1,"name":"Home","item":"https:\/\/abstyleitalia.it\/pt-pt\/"},{"@type":"ListItem","position":2,"name":"Produtos","item":"https:\/\/abstyleitalia.it\/pt-pt\/produtos\/"},{"@type":"ListItem","position":3,"name":"Straight Fluid &#8211; Spray prancha de alisamento e prote\u00e7\u00e3o"}]},{"@type":"WebSite","@id":"https:\/\/abstyleitalia.it\/pt-pt\/#website","url":"https:\/\/abstyleitalia.it\/pt-pt\/","name":"ABstyle","description":"One more time for you","publisher":{"@id":"https:\/\/abstyleitalia.it\/pt-pt\/#organization"},"potentialAction":[{"@type":"SearchAction","target":{"@type":"EntryPoint","urlTemplate":"https:\/\/abstyleitalia.it\/pt-pt\/?s={search_term_string}"},"query-input":{"@type":"PropertyValueSpecification","valueRequired":true,"valueName":"search_term_string"}}],"inLanguage":"pt-PT"},{"@type":"Organization","@id":"https:\/\/abstyleitalia.it\/pt-pt\/#organization","name":"ABSTYLE","url":"https:\/\/abstyleitalia.it\/pt-pt\/","logo":{"@type":"ImageObject","inLanguage":"pt-PT","@id":"https:\/\/abstyleitalia.it\/pt-pt\/#\/schema\/logo\/image\/","url":"https:\/\/abstyleitalia.it\/wp-content\/uploads\/2017\/11\/ab-style-logo-76x76.png","contentUrl":"https:\/\/abstyleitalia.it\/wp-content\/uploads\/2017\/11\/ab-style-logo-76x76.png","width":76,"height":76,"caption":"ABSTYLE"},"image":{"@id":"https:\/\/abstyleitalia.it\/pt-pt\/#\/schema\/logo\/image\/"}}]}},"_links":{"self":[{"href":"https:\/\/abstyleitalia.it\/pt-pt\/wp-json\/wp\/v2\/product\/3306","targetHints":{"allow":["GET"]}}],"collection":[{"href":"https:\/\/abstyleitalia.it\/pt-pt\/wp-json\/wp\/v2\/product"}],"about":[{"href":"https:\/\/abstyleitalia.it\/pt-pt\/wp-json\/wp\/v2\/types\/product"}],"replies":[{"embeddable":true,"href":"https:\/\/abstyleitalia.it\/pt-pt\/wp-json\/wp\/v2\/comments?post=3306"}],"wp:featuredmedia":[{"embeddable":true,"href":"https:\/\/abstyleitalia.it\/pt-pt\/wp-json\/wp\/v2\/media\/4714"}],"wp:attachment":[{"href":"https:\/\/abstyleitalia.it\/pt-pt\/wp-json\/wp\/v2\/media?parent=3306"}],"wp:term":[{"taxonomy":"product_brand","embeddable":true,"href":"https:\/\/abstyleitalia.it\/pt-pt\/wp-json\/wp\/v2\/product_brand?post=3306"},{"taxonomy":"product_cat","embeddable":true,"href":"https:\/\/abstyleitalia.it\/pt-pt\/wp-json\/wp\/v2\/product_cat?post=3306"},{"taxonomy":"product_tag","embeddable":true,"href":"https:\/\/abstyleitalia.it\/pt-pt\/wp-json\/wp\/v2\/product_tag?post=3306"}],"curies":[{"name":"wp","href":"https:\/\/api.w.org\/{rel}","templated":true}]}}