{"id":3305,"date":"2015-09-08T09:45:57","date_gmt":"2015-09-08T07:45:57","guid":{"rendered":"https:\/\/abstyleitalia.it\/products\/sem categoria\/aqua-slight-balsamo-bifasico-hidronutritivo\/"},"modified":"2015-09-08T09:45:57","modified_gmt":"2015-09-08T07:45:57","slug":"aqua-slight-balsamo-bifasico-hidronutritivo","status":"publish","type":"product","link":"https:\/\/abstyleitalia.it\/pt-pt\/products\/finishing-styling-pt\/spray-pt\/aqua-slight-balsamo-bifasico-hidronutritivo\/","title":{"rendered":"Aqua Slight &#8211; B\u00e1lsamo bif\u00e1sico hidronutritivo"},"content":{"rendered":"<p class=\"p1\">Deixa o cabelo <b>liso e luminoso<\/b><\/p>\n<p class=\"p1\"><b>Sela <\/b>as escamas<\/p>\n<p class=\"p1\">\u00c9 um <b>acidificante<\/b> instant\u00e2neo<\/p>\n<p class=\"p1\"><b>N\u00e3o deixa<\/b> o cabelo pesado<\/p>\n","protected":false},"excerpt":{"rendered":"<p class=\"p1\">Slash Aqua Slight 2 Phase \u00e9 um <b>b\u00e1lsamo hidronutritivo<\/b> para cabelos com tratamentos e desidratados com uma dupla a\u00e7\u00e3o: reestabelece o equil\u00edbrio h\u00eddrico correto da fibra capilar, <b>confere brilho e vitalidade<\/b> e, ao mesmo tempo, sela as escamas gra\u00e7as \u00e0 sua <b>fun\u00e7\u00e3o acidificante<\/b> instant\u00e2nea. As propriedades bif\u00e1sicas do b\u00e1lsamo hidronutritivo tornam-no num produto ideal para utilizar depois de tratamentos t\u00e9cnicos.<\/p>\n<p class=\"p1\">Formato de 250 ml<\/p>\n","protected":false},"featured_media":4726,"comment_status":"closed","ping_status":"closed","template":"","meta":[],"product_brand":[],"product_cat":[420,424],"product_tag":[],"class_list":{"0":"post-3305","1":"product","2":"type-product","3":"status-publish","4":"has-post-thumbnail","6":"product_cat-finishing-styling-pt","7":"product_cat-spray-pt","8":"description-off","10":"first","11":"instock","12":"featured","13":"shipping-taxable","14":"product-type-simple"},"yoast_head":"<!-- This site is optimized with the Yoast SEO plugin v26.8 - https:\/\/yoast.com\/product\/yoast-seo-wordpress\/ -->\n<title>Aqua Slight - B\u00e1lsamo bif\u00e1sico hidronutritivo | ABSTYLE<\/title>\n<meta name=\"description\" content=\"Slash Aqua Slight 2 Phase \u00e9 um b\u00e1lsamo hidronutritivo para cabelos com tratamentos e desidratados com uma dupla a\u00e7\u00e3o.\" \/>\n<meta name=\"robots\" content=\"index, follow, max-snippet:-1, max-image-preview:large, max-video-preview:-1\" \/>\n<link rel=\"canonical\" href=\"https:\/\/abstyleitalia.it\/pt-pt\/products\/finishing-styling-pt\/spray-pt\/aqua-slight-balsamo-bifasico-hidronutritivo\/\" \/>\n<meta property=\"og:locale\" content=\"pt_PT\" \/>\n<meta property=\"og:type\" content=\"article\" \/>\n<meta property=\"og:title\" content=\"Aqua Slight - B\u00e1lsamo bif\u00e1sico hidronutritivo | ABSTYLE\" \/>\n<meta property=\"og:description\" content=\"Slash Aqua Slight 2 Phase \u00e9 um b\u00e1lsamo hidronutritivo para cabelos com tratamentos e desidratados com uma dupla a\u00e7\u00e3o.\" \/>\n<meta property=\"og:url\" content=\"https:\/\/abstyleitalia.it\/pt-pt\/products\/finishing-styling-pt\/spray-pt\/aqua-slight-balsamo-bifasico-hidronutritivo\/\" \/>\n<meta property=\"og:site_name\" content=\"ABstyle\" \/>\n<meta property=\"og:image\" content=\"https:\/\/abstyleitalia.it\/wp-content\/uploads\/2023\/05\/33013_abstyle_slash_aqua_slight_balsamo_bifase_250ml.png\" \/>\n\t<meta property=\"og:image:width\" content=\"600\" \/>\n\t<meta property=\"og:image:height\" content=\"600\" \/>\n\t<meta property=\"og:image:type\" content=\"image\/png\" \/>\n<meta name=\"twitter:card\" content=\"summary_large_image\" \/>\n<script type=\"application\/ld+json\" class=\"yoast-schema-graph\">{\"@context\":\"https:\/\/schema.org\",\"@graph\":[{\"@type\":\"WebPage\",\"@id\":\"https:\/\/abstyleitalia.it\/pt-pt\/products\/finishing-styling-pt\/spray-pt\/aqua-slight-balsamo-bifasico-hidronutritivo\/\",\"url\":\"https:\/\/abstyleitalia.it\/pt-pt\/products\/finishing-styling-pt\/spray-pt\/aqua-slight-balsamo-bifasico-hidronutritivo\/\",\"name\":\"Aqua Slight - B\u00e1lsamo bif\u00e1sico hidronutritivo | ABSTYLE\",\"isPartOf\":{\"@id\":\"https:\/\/abstyleitalia.it\/pt-pt\/#website\"},\"primaryImageOfPage\":{\"@id\":\"https:\/\/abstyleitalia.it\/pt-pt\/products\/finishing-styling-pt\/spray-pt\/aqua-slight-balsamo-bifasico-hidronutritivo\/#primaryimage\"},\"image\":{\"@id\":\"https:\/\/abstyleitalia.it\/pt-pt\/products\/finishing-styling-pt\/spray-pt\/aqua-slight-balsamo-bifasico-hidronutritivo\/#primaryimage\"},\"thumbnailUrl\":\"https:\/\/abstyleitalia.it\/wp-content\/uploads\/2015\/09\/33013_abstyle_slash_aqua_slight_balsamo_bifase_250ml-1.png\",\"datePublished\":\"2015-09-08T07:45:57+00:00\",\"description\":\"Slash Aqua Slight 2 Phase \u00e9 um b\u00e1lsamo hidronutritivo para cabelos com tratamentos e desidratados com uma dupla a\u00e7\u00e3o.\",\"breadcrumb\":{\"@id\":\"https:\/\/abstyleitalia.it\/pt-pt\/products\/finishing-styling-pt\/spray-pt\/aqua-slight-balsamo-bifasico-hidronutritivo\/#breadcrumb\"},\"inLanguage\":\"pt-PT\",\"potentialAction\":[{\"@type\":\"ReadAction\",\"target\":[\"https:\/\/abstyleitalia.it\/pt-pt\/products\/finishing-styling-pt\/spray-pt\/aqua-slight-balsamo-bifasico-hidronutritivo\/\"]}]},{\"@type\":\"ImageObject\",\"inLanguage\":\"pt-PT\",\"@id\":\"https:\/\/abstyleitalia.it\/pt-pt\/products\/finishing-styling-pt\/spray-pt\/aqua-slight-balsamo-bifasico-hidronutritivo\/#primaryimage\",\"url\":\"https:\/\/abstyleitalia.it\/wp-content\/uploads\/2015\/09\/33013_abstyle_slash_aqua_slight_balsamo_bifase_250ml-1.png\",\"contentUrl\":\"https:\/\/abstyleitalia.it\/wp-content\/uploads\/2015\/09\/33013_abstyle_slash_aqua_slight_balsamo_bifase_250ml-1.png\",\"width\":600,\"height\":600},{\"@type\":\"BreadcrumbList\",\"@id\":\"https:\/\/abstyleitalia.it\/pt-pt\/products\/finishing-styling-pt\/spray-pt\/aqua-slight-balsamo-bifasico-hidronutritivo\/#breadcrumb\",\"itemListElement\":[{\"@type\":\"ListItem\",\"position\":1,\"name\":\"Home\",\"item\":\"https:\/\/abstyleitalia.it\/pt-pt\/\"},{\"@type\":\"ListItem\",\"position\":2,\"name\":\"Produtos\",\"item\":\"https:\/\/abstyleitalia.it\/pt-pt\/produtos\/\"},{\"@type\":\"ListItem\",\"position\":3,\"name\":\"Aqua Slight &#8211; B\u00e1lsamo bif\u00e1sico hidronutritivo\"}]},{\"@type\":\"WebSite\",\"@id\":\"https:\/\/abstyleitalia.it\/pt-pt\/#website\",\"url\":\"https:\/\/abstyleitalia.it\/pt-pt\/\",\"name\":\"ABstyle\",\"description\":\"One more time for you\",\"publisher\":{\"@id\":\"https:\/\/abstyleitalia.it\/pt-pt\/#organization\"},\"potentialAction\":[{\"@type\":\"SearchAction\",\"target\":{\"@type\":\"EntryPoint\",\"urlTemplate\":\"https:\/\/abstyleitalia.it\/pt-pt\/?s={search_term_string}\"},\"query-input\":{\"@type\":\"PropertyValueSpecification\",\"valueRequired\":true,\"valueName\":\"search_term_string\"}}],\"inLanguage\":\"pt-PT\"},{\"@type\":\"Organization\",\"@id\":\"https:\/\/abstyleitalia.it\/pt-pt\/#organization\",\"name\":\"ABSTYLE\",\"url\":\"https:\/\/abstyleitalia.it\/pt-pt\/\",\"logo\":{\"@type\":\"ImageObject\",\"inLanguage\":\"pt-PT\",\"@id\":\"https:\/\/abstyleitalia.it\/pt-pt\/#\/schema\/logo\/image\/\",\"url\":\"https:\/\/abstyleitalia.it\/wp-content\/uploads\/2017\/11\/ab-style-logo-76x76.png\",\"contentUrl\":\"https:\/\/abstyleitalia.it\/wp-content\/uploads\/2017\/11\/ab-style-logo-76x76.png\",\"width\":76,\"height\":76,\"caption\":\"ABSTYLE\"},\"image\":{\"@id\":\"https:\/\/abstyleitalia.it\/pt-pt\/#\/schema\/logo\/image\/\"}}]}<\/script>\n<!-- \/ Yoast SEO plugin. -->","yoast_head_json":{"title":"Aqua Slight - B\u00e1lsamo bif\u00e1sico hidronutritivo | ABSTYLE","description":"Slash Aqua Slight 2 Phase \u00e9 um b\u00e1lsamo hidronutritivo para cabelos com tratamentos e desidratados com uma dupla a\u00e7\u00e3o.","robots":{"index":"index","follow":"follow","max-snippet":"max-snippet:-1","max-image-preview":"max-image-preview:large","max-video-preview":"max-video-preview:-1"},"canonical":"https:\/\/abstyleitalia.it\/pt-pt\/products\/finishing-styling-pt\/spray-pt\/aqua-slight-balsamo-bifasico-hidronutritivo\/","og_locale":"pt_PT","og_type":"article","og_title":"Aqua Slight - B\u00e1lsamo bif\u00e1sico hidronutritivo | ABSTYLE","og_description":"Slash Aqua Slight 2 Phase \u00e9 um b\u00e1lsamo hidronutritivo para cabelos com tratamentos e desidratados com uma dupla a\u00e7\u00e3o.","og_url":"https:\/\/abstyleitalia.it\/pt-pt\/products\/finishing-styling-pt\/spray-pt\/aqua-slight-balsamo-bifasico-hidronutritivo\/","og_site_name":"ABstyle","og_image":[{"width":600,"height":600,"url":"https:\/\/abstyleitalia.it\/wp-content\/uploads\/2023\/05\/33013_abstyle_slash_aqua_slight_balsamo_bifase_250ml.png","type":"image\/png"}],"twitter_card":"summary_large_image","schema":{"@context":"https:\/\/schema.org","@graph":[{"@type":"WebPage","@id":"https:\/\/abstyleitalia.it\/pt-pt\/products\/finishing-styling-pt\/spray-pt\/aqua-slight-balsamo-bifasico-hidronutritivo\/","url":"https:\/\/abstyleitalia.it\/pt-pt\/products\/finishing-styling-pt\/spray-pt\/aqua-slight-balsamo-bifasico-hidronutritivo\/","name":"Aqua Slight - B\u00e1lsamo bif\u00e1sico hidronutritivo | ABSTYLE","isPartOf":{"@id":"https:\/\/abstyleitalia.it\/pt-pt\/#website"},"primaryImageOfPage":{"@id":"https:\/\/abstyleitalia.it\/pt-pt\/products\/finishing-styling-pt\/spray-pt\/aqua-slight-balsamo-bifasico-hidronutritivo\/#primaryimage"},"image":{"@id":"https:\/\/abstyleitalia.it\/pt-pt\/products\/finishing-styling-pt\/spray-pt\/aqua-slight-balsamo-bifasico-hidronutritivo\/#primaryimage"},"thumbnailUrl":"https:\/\/abstyleitalia.it\/wp-content\/uploads\/2015\/09\/33013_abstyle_slash_aqua_slight_balsamo_bifase_250ml-1.png","datePublished":"2015-09-08T07:45:57+00:00","description":"Slash Aqua Slight 2 Phase \u00e9 um b\u00e1lsamo hidronutritivo para cabelos com tratamentos e desidratados com uma dupla a\u00e7\u00e3o.","breadcrumb":{"@id":"https:\/\/abstyleitalia.it\/pt-pt\/products\/finishing-styling-pt\/spray-pt\/aqua-slight-balsamo-bifasico-hidronutritivo\/#breadcrumb"},"inLanguage":"pt-PT","potentialAction":[{"@type":"ReadAction","target":["https:\/\/abstyleitalia.it\/pt-pt\/products\/finishing-styling-pt\/spray-pt\/aqua-slight-balsamo-bifasico-hidronutritivo\/"]}]},{"@type":"ImageObject","inLanguage":"pt-PT","@id":"https:\/\/abstyleitalia.it\/pt-pt\/products\/finishing-styling-pt\/spray-pt\/aqua-slight-balsamo-bifasico-hidronutritivo\/#primaryimage","url":"https:\/\/abstyleitalia.it\/wp-content\/uploads\/2015\/09\/33013_abstyle_slash_aqua_slight_balsamo_bifase_250ml-1.png","contentUrl":"https:\/\/abstyleitalia.it\/wp-content\/uploads\/2015\/09\/33013_abstyle_slash_aqua_slight_balsamo_bifase_250ml-1.png","width":600,"height":600},{"@type":"BreadcrumbList","@id":"https:\/\/abstyleitalia.it\/pt-pt\/products\/finishing-styling-pt\/spray-pt\/aqua-slight-balsamo-bifasico-hidronutritivo\/#breadcrumb","itemListElement":[{"@type":"ListItem","position":1,"name":"Home","item":"https:\/\/abstyleitalia.it\/pt-pt\/"},{"@type":"ListItem","position":2,"name":"Produtos","item":"https:\/\/abstyleitalia.it\/pt-pt\/produtos\/"},{"@type":"ListItem","position":3,"name":"Aqua Slight &#8211; B\u00e1lsamo bif\u00e1sico hidronutritivo"}]},{"@type":"WebSite","@id":"https:\/\/abstyleitalia.it\/pt-pt\/#website","url":"https:\/\/abstyleitalia.it\/pt-pt\/","name":"ABstyle","description":"One more time for you","publisher":{"@id":"https:\/\/abstyleitalia.it\/pt-pt\/#organization"},"potentialAction":[{"@type":"SearchAction","target":{"@type":"EntryPoint","urlTemplate":"https:\/\/abstyleitalia.it\/pt-pt\/?s={search_term_string}"},"query-input":{"@type":"PropertyValueSpecification","valueRequired":true,"valueName":"search_term_string"}}],"inLanguage":"pt-PT"},{"@type":"Organization","@id":"https:\/\/abstyleitalia.it\/pt-pt\/#organization","name":"ABSTYLE","url":"https:\/\/abstyleitalia.it\/pt-pt\/","logo":{"@type":"ImageObject","inLanguage":"pt-PT","@id":"https:\/\/abstyleitalia.it\/pt-pt\/#\/schema\/logo\/image\/","url":"https:\/\/abstyleitalia.it\/wp-content\/uploads\/2017\/11\/ab-style-logo-76x76.png","contentUrl":"https:\/\/abstyleitalia.it\/wp-content\/uploads\/2017\/11\/ab-style-logo-76x76.png","width":76,"height":76,"caption":"ABSTYLE"},"image":{"@id":"https:\/\/abstyleitalia.it\/pt-pt\/#\/schema\/logo\/image\/"}}]}},"_links":{"self":[{"href":"https:\/\/abstyleitalia.it\/pt-pt\/wp-json\/wp\/v2\/product\/3305","targetHints":{"allow":["GET"]}}],"collection":[{"href":"https:\/\/abstyleitalia.it\/pt-pt\/wp-json\/wp\/v2\/product"}],"about":[{"href":"https:\/\/abstyleitalia.it\/pt-pt\/wp-json\/wp\/v2\/types\/product"}],"replies":[{"embeddable":true,"href":"https:\/\/abstyleitalia.it\/pt-pt\/wp-json\/wp\/v2\/comments?post=3305"}],"wp:featuredmedia":[{"embeddable":true,"href":"https:\/\/abstyleitalia.it\/pt-pt\/wp-json\/wp\/v2\/media\/4726"}],"wp:attachment":[{"href":"https:\/\/abstyleitalia.it\/pt-pt\/wp-json\/wp\/v2\/media?parent=3305"}],"wp:term":[{"taxonomy":"product_brand","embeddable":true,"href":"https:\/\/abstyleitalia.it\/pt-pt\/wp-json\/wp\/v2\/product_brand?post=3305"},{"taxonomy":"product_cat","embeddable":true,"href":"https:\/\/abstyleitalia.it\/pt-pt\/wp-json\/wp\/v2\/product_cat?post=3305"},{"taxonomy":"product_tag","embeddable":true,"href":"https:\/\/abstyleitalia.it\/pt-pt\/wp-json\/wp\/v2\/product_tag?post=3305"}],"curies":[{"name":"wp","href":"https:\/\/api.w.org\/{rel}","templated":true}]}}