{"id":3303,"date":"2017-04-12T15:00:01","date_gmt":"2017-04-12T13:00:01","guid":{"rendered":"https:\/\/abstyleitalia.it\/products\/sem%20categoria\/crystal-gloss-spray-de-brilho-delicado\/"},"modified":"2022-05-25T14:34:35","modified_gmt":"2022-05-25T12:34:35","slug":"crystal-gloss-spray-de-brilho-delicado","status":"publish","type":"product","link":"https:\/\/abstyleitalia.it\/pt-pt\/products\/finishing-styling-pt\/spray-pt\/crystal-gloss-spray-de-brilho-delicado\/","title":{"rendered":"Crystal Gloss &#8211; Spray de brilho delicado"},"content":{"rendered":"<p><b>Ilumina<\/b> o cabelo com um brilho in\u00e9dito<\/p>\n<p><b>Facilita <\/b>a penteabilidade<\/p>\n<p>Desenvolve <b>uma a\u00e7\u00e3o delicada<\/b><\/p>\n<p><b>N\u00e3o deixa<\/b> o cabelo oleoso<\/p>\n","protected":false},"excerpt":{"rendered":"<p class=\"p1\">Real\u00e7a a beleza do cabelo, confere um <b>toque final suave<\/b> e brilhante: o Crystal Gloss ABstyle \u00e9 um <b>spray de brilho delicado<\/b>, cuja a\u00e7\u00e3o aveludada n\u00e3o pesa nem deixa o cabelo oleoso. A f\u00f3rmula leve, mas rica em ingredientes ativos, real\u00e7a o look gra\u00e7as a um <b>brilho <\/b>inigual\u00e1vel, melhorando a <b>penteabilidade<\/b> e proporcionando um<b> cabelo suave, brilhante e definido<\/b> ao longo do dia.<\/p>\n<p class=\"p1\">300 ml<\/p>\n","protected":false},"featured_media":4729,"comment_status":"closed","ping_status":"closed","template":"","meta":[],"product_brand":[],"product_cat":[420,424],"product_tag":[],"class_list":{"0":"post-3303","1":"product","2":"type-product","3":"status-publish","4":"has-post-thumbnail","6":"product_cat-finishing-styling-pt","7":"product_cat-spray-pt","8":"description-off","10":"first","11":"instock","12":"shipping-taxable","13":"product-type-simple"},"yoast_head":"<!-- This site is optimized with the Yoast SEO plugin v26.8 - https:\/\/yoast.com\/product\/yoast-seo-wordpress\/ -->\n<title>Crystal Gloss - Spray de brilho delicado | ABstyle<\/title>\n<meta name=\"description\" content=\"Real\u00e7a a beleza do cabelo, confere um toque final suave e brilhante: o Crystal Gloss ABstyle \u00e9 um spray de brilho delicado.\" \/>\n<meta name=\"robots\" content=\"index, follow, max-snippet:-1, max-image-preview:large, max-video-preview:-1\" \/>\n<link rel=\"canonical\" href=\"https:\/\/abstyleitalia.it\/pt-pt\/products\/finishing-styling-pt\/spray-pt\/crystal-gloss-spray-de-brilho-delicado\/\" \/>\n<meta property=\"og:locale\" content=\"pt_PT\" \/>\n<meta property=\"og:type\" content=\"article\" \/>\n<meta property=\"og:title\" content=\"Crystal Gloss - Spray de brilho delicado | ABstyle\" \/>\n<meta property=\"og:description\" content=\"Real\u00e7a a beleza do cabelo, confere um toque final suave e brilhante: o Crystal Gloss ABstyle \u00e9 um spray de brilho delicado.\" \/>\n<meta property=\"og:url\" content=\"https:\/\/abstyleitalia.it\/pt-pt\/products\/finishing-styling-pt\/spray-pt\/crystal-gloss-spray-de-brilho-delicado\/\" \/>\n<meta property=\"og:site_name\" content=\"ABstyle\" \/>\n<meta property=\"article:modified_time\" content=\"2022-05-25T12:34:35+00:00\" \/>\n<meta property=\"og:image\" content=\"https:\/\/abstyleitalia.it\/wp-content\/uploads\/2017\/04\/33010_abstyle_slash_finish_crystal_gloss_300ml-1.png\" \/>\n\t<meta property=\"og:image:width\" content=\"600\" \/>\n\t<meta property=\"og:image:height\" content=\"600\" \/>\n\t<meta property=\"og:image:type\" content=\"image\/png\" \/>\n<meta name=\"twitter:card\" content=\"summary_large_image\" \/>\n<meta name=\"twitter:label1\" content=\"Tempo estimado de leitura\" \/>\n\t<meta name=\"twitter:data1\" content=\"1 minuto\" \/>\n<script type=\"application\/ld+json\" class=\"yoast-schema-graph\">{\"@context\":\"https:\/\/schema.org\",\"@graph\":[{\"@type\":\"WebPage\",\"@id\":\"https:\/\/abstyleitalia.it\/pt-pt\/products\/finishing-styling-pt\/spray-pt\/crystal-gloss-spray-de-brilho-delicado\/\",\"url\":\"https:\/\/abstyleitalia.it\/pt-pt\/products\/finishing-styling-pt\/spray-pt\/crystal-gloss-spray-de-brilho-delicado\/\",\"name\":\"Crystal Gloss - Spray de brilho delicado | ABstyle\",\"isPartOf\":{\"@id\":\"https:\/\/abstyleitalia.it\/pt-pt\/#website\"},\"primaryImageOfPage\":{\"@id\":\"https:\/\/abstyleitalia.it\/pt-pt\/products\/finishing-styling-pt\/spray-pt\/crystal-gloss-spray-de-brilho-delicado\/#primaryimage\"},\"image\":{\"@id\":\"https:\/\/abstyleitalia.it\/pt-pt\/products\/finishing-styling-pt\/spray-pt\/crystal-gloss-spray-de-brilho-delicado\/#primaryimage\"},\"thumbnailUrl\":\"https:\/\/abstyleitalia.it\/wp-content\/uploads\/2017\/04\/33010_abstyle_slash_finish_crystal_gloss_300ml-1.png\",\"datePublished\":\"2017-04-12T13:00:01+00:00\",\"dateModified\":\"2022-05-25T12:34:35+00:00\",\"description\":\"Real\u00e7a a beleza do cabelo, confere um toque final suave e brilhante: o Crystal Gloss ABstyle \u00e9 um spray de brilho delicado.\",\"breadcrumb\":{\"@id\":\"https:\/\/abstyleitalia.it\/pt-pt\/products\/finishing-styling-pt\/spray-pt\/crystal-gloss-spray-de-brilho-delicado\/#breadcrumb\"},\"inLanguage\":\"pt-PT\",\"potentialAction\":[{\"@type\":\"ReadAction\",\"target\":[\"https:\/\/abstyleitalia.it\/pt-pt\/products\/finishing-styling-pt\/spray-pt\/crystal-gloss-spray-de-brilho-delicado\/\"]}]},{\"@type\":\"ImageObject\",\"inLanguage\":\"pt-PT\",\"@id\":\"https:\/\/abstyleitalia.it\/pt-pt\/products\/finishing-styling-pt\/spray-pt\/crystal-gloss-spray-de-brilho-delicado\/#primaryimage\",\"url\":\"https:\/\/abstyleitalia.it\/wp-content\/uploads\/2017\/04\/33010_abstyle_slash_finish_crystal_gloss_300ml-1.png\",\"contentUrl\":\"https:\/\/abstyleitalia.it\/wp-content\/uploads\/2017\/04\/33010_abstyle_slash_finish_crystal_gloss_300ml-1.png\",\"width\":600,\"height\":600},{\"@type\":\"BreadcrumbList\",\"@id\":\"https:\/\/abstyleitalia.it\/pt-pt\/products\/finishing-styling-pt\/spray-pt\/crystal-gloss-spray-de-brilho-delicado\/#breadcrumb\",\"itemListElement\":[{\"@type\":\"ListItem\",\"position\":1,\"name\":\"Home\",\"item\":\"https:\/\/abstyleitalia.it\/pt-pt\/\"},{\"@type\":\"ListItem\",\"position\":2,\"name\":\"Produtos\",\"item\":\"https:\/\/abstyleitalia.it\/pt-pt\/produtos\/\"},{\"@type\":\"ListItem\",\"position\":3,\"name\":\"Crystal Gloss &#8211; Spray de brilho delicado\"}]},{\"@type\":\"WebSite\",\"@id\":\"https:\/\/abstyleitalia.it\/pt-pt\/#website\",\"url\":\"https:\/\/abstyleitalia.it\/pt-pt\/\",\"name\":\"ABstyle\",\"description\":\"One more time for you\",\"publisher\":{\"@id\":\"https:\/\/abstyleitalia.it\/pt-pt\/#organization\"},\"potentialAction\":[{\"@type\":\"SearchAction\",\"target\":{\"@type\":\"EntryPoint\",\"urlTemplate\":\"https:\/\/abstyleitalia.it\/pt-pt\/?s={search_term_string}\"},\"query-input\":{\"@type\":\"PropertyValueSpecification\",\"valueRequired\":true,\"valueName\":\"search_term_string\"}}],\"inLanguage\":\"pt-PT\"},{\"@type\":\"Organization\",\"@id\":\"https:\/\/abstyleitalia.it\/pt-pt\/#organization\",\"name\":\"ABSTYLE\",\"url\":\"https:\/\/abstyleitalia.it\/pt-pt\/\",\"logo\":{\"@type\":\"ImageObject\",\"inLanguage\":\"pt-PT\",\"@id\":\"https:\/\/abstyleitalia.it\/pt-pt\/#\/schema\/logo\/image\/\",\"url\":\"https:\/\/abstyleitalia.it\/wp-content\/uploads\/2017\/11\/ab-style-logo-76x76.png\",\"contentUrl\":\"https:\/\/abstyleitalia.it\/wp-content\/uploads\/2017\/11\/ab-style-logo-76x76.png\",\"width\":76,\"height\":76,\"caption\":\"ABSTYLE\"},\"image\":{\"@id\":\"https:\/\/abstyleitalia.it\/pt-pt\/#\/schema\/logo\/image\/\"}}]}<\/script>\n<!-- \/ Yoast SEO plugin. -->","yoast_head_json":{"title":"Crystal Gloss - Spray de brilho delicado | ABstyle","description":"Real\u00e7a a beleza do cabelo, confere um toque final suave e brilhante: o Crystal Gloss ABstyle \u00e9 um spray de brilho delicado.","robots":{"index":"index","follow":"follow","max-snippet":"max-snippet:-1","max-image-preview":"max-image-preview:large","max-video-preview":"max-video-preview:-1"},"canonical":"https:\/\/abstyleitalia.it\/pt-pt\/products\/finishing-styling-pt\/spray-pt\/crystal-gloss-spray-de-brilho-delicado\/","og_locale":"pt_PT","og_type":"article","og_title":"Crystal Gloss - Spray de brilho delicado | ABstyle","og_description":"Real\u00e7a a beleza do cabelo, confere um toque final suave e brilhante: o Crystal Gloss ABstyle \u00e9 um spray de brilho delicado.","og_url":"https:\/\/abstyleitalia.it\/pt-pt\/products\/finishing-styling-pt\/spray-pt\/crystal-gloss-spray-de-brilho-delicado\/","og_site_name":"ABstyle","article_modified_time":"2022-05-25T12:34:35+00:00","og_image":[{"width":600,"height":600,"url":"https:\/\/abstyleitalia.it\/wp-content\/uploads\/2017\/04\/33010_abstyle_slash_finish_crystal_gloss_300ml-1.png","type":"image\/png"}],"twitter_card":"summary_large_image","twitter_misc":{"Tempo estimado de leitura":"1 minuto"},"schema":{"@context":"https:\/\/schema.org","@graph":[{"@type":"WebPage","@id":"https:\/\/abstyleitalia.it\/pt-pt\/products\/finishing-styling-pt\/spray-pt\/crystal-gloss-spray-de-brilho-delicado\/","url":"https:\/\/abstyleitalia.it\/pt-pt\/products\/finishing-styling-pt\/spray-pt\/crystal-gloss-spray-de-brilho-delicado\/","name":"Crystal Gloss - Spray de brilho delicado | ABstyle","isPartOf":{"@id":"https:\/\/abstyleitalia.it\/pt-pt\/#website"},"primaryImageOfPage":{"@id":"https:\/\/abstyleitalia.it\/pt-pt\/products\/finishing-styling-pt\/spray-pt\/crystal-gloss-spray-de-brilho-delicado\/#primaryimage"},"image":{"@id":"https:\/\/abstyleitalia.it\/pt-pt\/products\/finishing-styling-pt\/spray-pt\/crystal-gloss-spray-de-brilho-delicado\/#primaryimage"},"thumbnailUrl":"https:\/\/abstyleitalia.it\/wp-content\/uploads\/2017\/04\/33010_abstyle_slash_finish_crystal_gloss_300ml-1.png","datePublished":"2017-04-12T13:00:01+00:00","dateModified":"2022-05-25T12:34:35+00:00","description":"Real\u00e7a a beleza do cabelo, confere um toque final suave e brilhante: o Crystal Gloss ABstyle \u00e9 um spray de brilho delicado.","breadcrumb":{"@id":"https:\/\/abstyleitalia.it\/pt-pt\/products\/finishing-styling-pt\/spray-pt\/crystal-gloss-spray-de-brilho-delicado\/#breadcrumb"},"inLanguage":"pt-PT","potentialAction":[{"@type":"ReadAction","target":["https:\/\/abstyleitalia.it\/pt-pt\/products\/finishing-styling-pt\/spray-pt\/crystal-gloss-spray-de-brilho-delicado\/"]}]},{"@type":"ImageObject","inLanguage":"pt-PT","@id":"https:\/\/abstyleitalia.it\/pt-pt\/products\/finishing-styling-pt\/spray-pt\/crystal-gloss-spray-de-brilho-delicado\/#primaryimage","url":"https:\/\/abstyleitalia.it\/wp-content\/uploads\/2017\/04\/33010_abstyle_slash_finish_crystal_gloss_300ml-1.png","contentUrl":"https:\/\/abstyleitalia.it\/wp-content\/uploads\/2017\/04\/33010_abstyle_slash_finish_crystal_gloss_300ml-1.png","width":600,"height":600},{"@type":"BreadcrumbList","@id":"https:\/\/abstyleitalia.it\/pt-pt\/products\/finishing-styling-pt\/spray-pt\/crystal-gloss-spray-de-brilho-delicado\/#breadcrumb","itemListElement":[{"@type":"ListItem","position":1,"name":"Home","item":"https:\/\/abstyleitalia.it\/pt-pt\/"},{"@type":"ListItem","position":2,"name":"Produtos","item":"https:\/\/abstyleitalia.it\/pt-pt\/produtos\/"},{"@type":"ListItem","position":3,"name":"Crystal Gloss &#8211; Spray de brilho delicado"}]},{"@type":"WebSite","@id":"https:\/\/abstyleitalia.it\/pt-pt\/#website","url":"https:\/\/abstyleitalia.it\/pt-pt\/","name":"ABstyle","description":"One more time for you","publisher":{"@id":"https:\/\/abstyleitalia.it\/pt-pt\/#organization"},"potentialAction":[{"@type":"SearchAction","target":{"@type":"EntryPoint","urlTemplate":"https:\/\/abstyleitalia.it\/pt-pt\/?s={search_term_string}"},"query-input":{"@type":"PropertyValueSpecification","valueRequired":true,"valueName":"search_term_string"}}],"inLanguage":"pt-PT"},{"@type":"Organization","@id":"https:\/\/abstyleitalia.it\/pt-pt\/#organization","name":"ABSTYLE","url":"https:\/\/abstyleitalia.it\/pt-pt\/","logo":{"@type":"ImageObject","inLanguage":"pt-PT","@id":"https:\/\/abstyleitalia.it\/pt-pt\/#\/schema\/logo\/image\/","url":"https:\/\/abstyleitalia.it\/wp-content\/uploads\/2017\/11\/ab-style-logo-76x76.png","contentUrl":"https:\/\/abstyleitalia.it\/wp-content\/uploads\/2017\/11\/ab-style-logo-76x76.png","width":76,"height":76,"caption":"ABSTYLE"},"image":{"@id":"https:\/\/abstyleitalia.it\/pt-pt\/#\/schema\/logo\/image\/"}}]}},"_links":{"self":[{"href":"https:\/\/abstyleitalia.it\/pt-pt\/wp-json\/wp\/v2\/product\/3303","targetHints":{"allow":["GET"]}}],"collection":[{"href":"https:\/\/abstyleitalia.it\/pt-pt\/wp-json\/wp\/v2\/product"}],"about":[{"href":"https:\/\/abstyleitalia.it\/pt-pt\/wp-json\/wp\/v2\/types\/product"}],"replies":[{"embeddable":true,"href":"https:\/\/abstyleitalia.it\/pt-pt\/wp-json\/wp\/v2\/comments?post=3303"}],"wp:featuredmedia":[{"embeddable":true,"href":"https:\/\/abstyleitalia.it\/pt-pt\/wp-json\/wp\/v2\/media\/4729"}],"wp:attachment":[{"href":"https:\/\/abstyleitalia.it\/pt-pt\/wp-json\/wp\/v2\/media?parent=3303"}],"wp:term":[{"taxonomy":"product_brand","embeddable":true,"href":"https:\/\/abstyleitalia.it\/pt-pt\/wp-json\/wp\/v2\/product_brand?post=3303"},{"taxonomy":"product_cat","embeddable":true,"href":"https:\/\/abstyleitalia.it\/pt-pt\/wp-json\/wp\/v2\/product_cat?post=3303"},{"taxonomy":"product_tag","embeddable":true,"href":"https:\/\/abstyleitalia.it\/pt-pt\/wp-json\/wp\/v2\/product_tag?post=3303"}],"curies":[{"name":"wp","href":"https:\/\/api.w.org\/{rel}","templated":true}]}}