{"id":3301,"date":"2017-04-26T12:12:31","date_gmt":"2017-04-26T10:12:31","guid":{"rendered":"https:\/\/abstyleitalia.it\/products\/sem%20categoria\/spray-direcional-para-cabelos\/"},"modified":"2023-03-09T11:25:07","modified_gmt":"2023-03-09T10:25:07","slug":"extreme-spray-direcional-para-cabelos","status":"publish","type":"product","link":"https:\/\/abstyleitalia.it\/pt-pt\/products\/finishing-styling-pt\/spray-pt\/extreme-spray-direcional-para-cabelos\/","title":{"rendered":"Extreme &#8211; Spray direcional para cabelos"},"content":{"rendered":"<p>Permite <b>orientar <\/b>o penteado<\/p>\n<p>Modela de forma<b> flex\u00edvel<\/b> os cabelos<\/p>\n<p><b>Protege<\/b> o penteado dos agentes atmosf\u00e9ricos<\/p>\n<p>N\u00e3o endurece e <b>n\u00e3o deixa o cabelo<\/b> pesado<\/p>\n","protected":false},"excerpt":{"rendered":"<p class=\"p1\"><b>Spray direcional para cabelos<\/b>, com a\u00e7\u00e3o <b>de fixa\u00e7\u00e3o<\/b> imediata. Vaporizado no cabelo, permite definir o penteado e dar-lhe a forma desejada: produto indispens\u00e1vel para uma utiliza\u00e7\u00e3o profissional em sal\u00e3o, o spray distribui-se uniformemente, contribuindo \u00e0 <b>modela\u00e7\u00e3o <\/b>de forma<b> flex\u00edvel<\/b> <b>do cabelo<\/b>. Real\u00e7a e define as madeixas, criando volume e estilos ultraestruturados. Slash sela o penteado, <b>protegendo os cabelos<\/b> da a\u00e7\u00e3o externa dos agentes ambientais, sem deixar res\u00edduos ou pesar o cabelo. O spray direcional <b>n\u00e3o seca <\/b>ou<b> endurece<\/b> os cabelos e elimina-se facilmente com poucas passagens da escova.<\/p>\n<p class=\"p1\">Formato de 400 ml<\/p>\n","protected":false},"featured_media":4699,"comment_status":"closed","ping_status":"closed","template":"","meta":[],"product_brand":[],"product_cat":[420,424],"product_tag":[],"class_list":{"0":"post-3301","1":"product","2":"type-product","3":"status-publish","4":"has-post-thumbnail","6":"product_cat-finishing-styling-pt","7":"product_cat-spray-pt","8":"description-off","10":"first","11":"instock","12":"shipping-taxable","13":"product-type-simple"},"yoast_head":"<!-- This site is optimized with the Yoast SEO plugin v26.8 - https:\/\/yoast.com\/product\/yoast-seo-wordpress\/ -->\n<title>Extreme - Spray direcional para cabelos | ABstyle<\/title>\n<meta name=\"description\" content=\"Spray direcional para cabelos, com a\u00e7\u00e3o de fixa\u00e7\u00e3o imediata. Vaporizado no cabelo, permite definir o penteado e dar-lhe a forma desejada\" \/>\n<meta name=\"robots\" content=\"index, follow, max-snippet:-1, max-image-preview:large, max-video-preview:-1\" \/>\n<link rel=\"canonical\" href=\"https:\/\/abstyleitalia.it\/pt-pt\/products\/finishing-styling-pt\/spray-pt\/extreme-spray-direcional-para-cabelos\/\" \/>\n<meta property=\"og:locale\" content=\"pt_PT\" \/>\n<meta property=\"og:type\" content=\"article\" \/>\n<meta property=\"og:title\" content=\"Extreme - Spray direcional para cabelos | ABstyle\" \/>\n<meta property=\"og:description\" content=\"Spray direcional para cabelos, com a\u00e7\u00e3o de fixa\u00e7\u00e3o imediata. Vaporizado no cabelo, permite definir o penteado e dar-lhe a forma desejada\" \/>\n<meta property=\"og:url\" content=\"https:\/\/abstyleitalia.it\/pt-pt\/products\/finishing-styling-pt\/spray-pt\/extreme-spray-direcional-para-cabelos\/\" \/>\n<meta property=\"og:site_name\" content=\"ABstyle\" \/>\n<meta property=\"article:modified_time\" content=\"2023-03-09T10:25:07+00:00\" \/>\n<meta property=\"og:image\" content=\"https:\/\/abstyleitalia.it\/wp-content\/uploads\/2017\/04\/33036_abstyle_extreme_hairspray_strong_400ml.png\" \/>\n\t<meta property=\"og:image:width\" content=\"600\" \/>\n\t<meta property=\"og:image:height\" content=\"600\" \/>\n\t<meta property=\"og:image:type\" content=\"image\/png\" \/>\n<meta name=\"twitter:card\" content=\"summary_large_image\" \/>\n<meta name=\"twitter:label1\" content=\"Tempo estimado de leitura\" \/>\n\t<meta name=\"twitter:data1\" content=\"1 minuto\" \/>\n<script type=\"application\/ld+json\" class=\"yoast-schema-graph\">{\"@context\":\"https:\/\/schema.org\",\"@graph\":[{\"@type\":\"WebPage\",\"@id\":\"https:\/\/abstyleitalia.it\/pt-pt\/products\/finishing-styling-pt\/spray-pt\/extreme-spray-direcional-para-cabelos\/\",\"url\":\"https:\/\/abstyleitalia.it\/pt-pt\/products\/finishing-styling-pt\/spray-pt\/extreme-spray-direcional-para-cabelos\/\",\"name\":\"Extreme - Spray direcional para cabelos | ABstyle\",\"isPartOf\":{\"@id\":\"https:\/\/abstyleitalia.it\/pt-pt\/#website\"},\"primaryImageOfPage\":{\"@id\":\"https:\/\/abstyleitalia.it\/pt-pt\/products\/finishing-styling-pt\/spray-pt\/extreme-spray-direcional-para-cabelos\/#primaryimage\"},\"image\":{\"@id\":\"https:\/\/abstyleitalia.it\/pt-pt\/products\/finishing-styling-pt\/spray-pt\/extreme-spray-direcional-para-cabelos\/#primaryimage\"},\"thumbnailUrl\":\"https:\/\/abstyleitalia.it\/wp-content\/uploads\/2017\/04\/33036_abstyle_extreme_hairspray_strong_400ml-1.png\",\"datePublished\":\"2017-04-26T10:12:31+00:00\",\"dateModified\":\"2023-03-09T10:25:07+00:00\",\"description\":\"Spray direcional para cabelos, com a\u00e7\u00e3o de fixa\u00e7\u00e3o imediata. Vaporizado no cabelo, permite definir o penteado e dar-lhe a forma desejada\",\"breadcrumb\":{\"@id\":\"https:\/\/abstyleitalia.it\/pt-pt\/products\/finishing-styling-pt\/spray-pt\/extreme-spray-direcional-para-cabelos\/#breadcrumb\"},\"inLanguage\":\"pt-PT\",\"potentialAction\":[{\"@type\":\"ReadAction\",\"target\":[\"https:\/\/abstyleitalia.it\/pt-pt\/products\/finishing-styling-pt\/spray-pt\/extreme-spray-direcional-para-cabelos\/\"]}]},{\"@type\":\"ImageObject\",\"inLanguage\":\"pt-PT\",\"@id\":\"https:\/\/abstyleitalia.it\/pt-pt\/products\/finishing-styling-pt\/spray-pt\/extreme-spray-direcional-para-cabelos\/#primaryimage\",\"url\":\"https:\/\/abstyleitalia.it\/wp-content\/uploads\/2017\/04\/33036_abstyle_extreme_hairspray_strong_400ml-1.png\",\"contentUrl\":\"https:\/\/abstyleitalia.it\/wp-content\/uploads\/2017\/04\/33036_abstyle_extreme_hairspray_strong_400ml-1.png\",\"width\":600,\"height\":600},{\"@type\":\"BreadcrumbList\",\"@id\":\"https:\/\/abstyleitalia.it\/pt-pt\/products\/finishing-styling-pt\/spray-pt\/extreme-spray-direcional-para-cabelos\/#breadcrumb\",\"itemListElement\":[{\"@type\":\"ListItem\",\"position\":1,\"name\":\"Home\",\"item\":\"https:\/\/abstyleitalia.it\/pt-pt\/\"},{\"@type\":\"ListItem\",\"position\":2,\"name\":\"Produtos\",\"item\":\"https:\/\/abstyleitalia.it\/pt-pt\/produtos\/\"},{\"@type\":\"ListItem\",\"position\":3,\"name\":\"Extreme &#8211; Spray direcional para cabelos\"}]},{\"@type\":\"WebSite\",\"@id\":\"https:\/\/abstyleitalia.it\/pt-pt\/#website\",\"url\":\"https:\/\/abstyleitalia.it\/pt-pt\/\",\"name\":\"ABstyle\",\"description\":\"One more time for you\",\"publisher\":{\"@id\":\"https:\/\/abstyleitalia.it\/pt-pt\/#organization\"},\"potentialAction\":[{\"@type\":\"SearchAction\",\"target\":{\"@type\":\"EntryPoint\",\"urlTemplate\":\"https:\/\/abstyleitalia.it\/pt-pt\/?s={search_term_string}\"},\"query-input\":{\"@type\":\"PropertyValueSpecification\",\"valueRequired\":true,\"valueName\":\"search_term_string\"}}],\"inLanguage\":\"pt-PT\"},{\"@type\":\"Organization\",\"@id\":\"https:\/\/abstyleitalia.it\/pt-pt\/#organization\",\"name\":\"ABSTYLE\",\"url\":\"https:\/\/abstyleitalia.it\/pt-pt\/\",\"logo\":{\"@type\":\"ImageObject\",\"inLanguage\":\"pt-PT\",\"@id\":\"https:\/\/abstyleitalia.it\/pt-pt\/#\/schema\/logo\/image\/\",\"url\":\"https:\/\/abstyleitalia.it\/wp-content\/uploads\/2017\/11\/ab-style-logo-76x76.png\",\"contentUrl\":\"https:\/\/abstyleitalia.it\/wp-content\/uploads\/2017\/11\/ab-style-logo-76x76.png\",\"width\":76,\"height\":76,\"caption\":\"ABSTYLE\"},\"image\":{\"@id\":\"https:\/\/abstyleitalia.it\/pt-pt\/#\/schema\/logo\/image\/\"}}]}<\/script>\n<!-- \/ Yoast SEO plugin. -->","yoast_head_json":{"title":"Extreme - Spray direcional para cabelos | ABstyle","description":"Spray direcional para cabelos, com a\u00e7\u00e3o de fixa\u00e7\u00e3o imediata. Vaporizado no cabelo, permite definir o penteado e dar-lhe a forma desejada","robots":{"index":"index","follow":"follow","max-snippet":"max-snippet:-1","max-image-preview":"max-image-preview:large","max-video-preview":"max-video-preview:-1"},"canonical":"https:\/\/abstyleitalia.it\/pt-pt\/products\/finishing-styling-pt\/spray-pt\/extreme-spray-direcional-para-cabelos\/","og_locale":"pt_PT","og_type":"article","og_title":"Extreme - Spray direcional para cabelos | ABstyle","og_description":"Spray direcional para cabelos, com a\u00e7\u00e3o de fixa\u00e7\u00e3o imediata. Vaporizado no cabelo, permite definir o penteado e dar-lhe a forma desejada","og_url":"https:\/\/abstyleitalia.it\/pt-pt\/products\/finishing-styling-pt\/spray-pt\/extreme-spray-direcional-para-cabelos\/","og_site_name":"ABstyle","article_modified_time":"2023-03-09T10:25:07+00:00","og_image":[{"width":600,"height":600,"url":"https:\/\/abstyleitalia.it\/wp-content\/uploads\/2017\/04\/33036_abstyle_extreme_hairspray_strong_400ml.png","type":"image\/png"}],"twitter_card":"summary_large_image","twitter_misc":{"Tempo estimado de leitura":"1 minuto"},"schema":{"@context":"https:\/\/schema.org","@graph":[{"@type":"WebPage","@id":"https:\/\/abstyleitalia.it\/pt-pt\/products\/finishing-styling-pt\/spray-pt\/extreme-spray-direcional-para-cabelos\/","url":"https:\/\/abstyleitalia.it\/pt-pt\/products\/finishing-styling-pt\/spray-pt\/extreme-spray-direcional-para-cabelos\/","name":"Extreme - Spray direcional para cabelos | ABstyle","isPartOf":{"@id":"https:\/\/abstyleitalia.it\/pt-pt\/#website"},"primaryImageOfPage":{"@id":"https:\/\/abstyleitalia.it\/pt-pt\/products\/finishing-styling-pt\/spray-pt\/extreme-spray-direcional-para-cabelos\/#primaryimage"},"image":{"@id":"https:\/\/abstyleitalia.it\/pt-pt\/products\/finishing-styling-pt\/spray-pt\/extreme-spray-direcional-para-cabelos\/#primaryimage"},"thumbnailUrl":"https:\/\/abstyleitalia.it\/wp-content\/uploads\/2017\/04\/33036_abstyle_extreme_hairspray_strong_400ml-1.png","datePublished":"2017-04-26T10:12:31+00:00","dateModified":"2023-03-09T10:25:07+00:00","description":"Spray direcional para cabelos, com a\u00e7\u00e3o de fixa\u00e7\u00e3o imediata. Vaporizado no cabelo, permite definir o penteado e dar-lhe a forma desejada","breadcrumb":{"@id":"https:\/\/abstyleitalia.it\/pt-pt\/products\/finishing-styling-pt\/spray-pt\/extreme-spray-direcional-para-cabelos\/#breadcrumb"},"inLanguage":"pt-PT","potentialAction":[{"@type":"ReadAction","target":["https:\/\/abstyleitalia.it\/pt-pt\/products\/finishing-styling-pt\/spray-pt\/extreme-spray-direcional-para-cabelos\/"]}]},{"@type":"ImageObject","inLanguage":"pt-PT","@id":"https:\/\/abstyleitalia.it\/pt-pt\/products\/finishing-styling-pt\/spray-pt\/extreme-spray-direcional-para-cabelos\/#primaryimage","url":"https:\/\/abstyleitalia.it\/wp-content\/uploads\/2017\/04\/33036_abstyle_extreme_hairspray_strong_400ml-1.png","contentUrl":"https:\/\/abstyleitalia.it\/wp-content\/uploads\/2017\/04\/33036_abstyle_extreme_hairspray_strong_400ml-1.png","width":600,"height":600},{"@type":"BreadcrumbList","@id":"https:\/\/abstyleitalia.it\/pt-pt\/products\/finishing-styling-pt\/spray-pt\/extreme-spray-direcional-para-cabelos\/#breadcrumb","itemListElement":[{"@type":"ListItem","position":1,"name":"Home","item":"https:\/\/abstyleitalia.it\/pt-pt\/"},{"@type":"ListItem","position":2,"name":"Produtos","item":"https:\/\/abstyleitalia.it\/pt-pt\/produtos\/"},{"@type":"ListItem","position":3,"name":"Extreme &#8211; Spray direcional para cabelos"}]},{"@type":"WebSite","@id":"https:\/\/abstyleitalia.it\/pt-pt\/#website","url":"https:\/\/abstyleitalia.it\/pt-pt\/","name":"ABstyle","description":"One more time for you","publisher":{"@id":"https:\/\/abstyleitalia.it\/pt-pt\/#organization"},"potentialAction":[{"@type":"SearchAction","target":{"@type":"EntryPoint","urlTemplate":"https:\/\/abstyleitalia.it\/pt-pt\/?s={search_term_string}"},"query-input":{"@type":"PropertyValueSpecification","valueRequired":true,"valueName":"search_term_string"}}],"inLanguage":"pt-PT"},{"@type":"Organization","@id":"https:\/\/abstyleitalia.it\/pt-pt\/#organization","name":"ABSTYLE","url":"https:\/\/abstyleitalia.it\/pt-pt\/","logo":{"@type":"ImageObject","inLanguage":"pt-PT","@id":"https:\/\/abstyleitalia.it\/pt-pt\/#\/schema\/logo\/image\/","url":"https:\/\/abstyleitalia.it\/wp-content\/uploads\/2017\/11\/ab-style-logo-76x76.png","contentUrl":"https:\/\/abstyleitalia.it\/wp-content\/uploads\/2017\/11\/ab-style-logo-76x76.png","width":76,"height":76,"caption":"ABSTYLE"},"image":{"@id":"https:\/\/abstyleitalia.it\/pt-pt\/#\/schema\/logo\/image\/"}}]}},"_links":{"self":[{"href":"https:\/\/abstyleitalia.it\/pt-pt\/wp-json\/wp\/v2\/product\/3301","targetHints":{"allow":["GET"]}}],"collection":[{"href":"https:\/\/abstyleitalia.it\/pt-pt\/wp-json\/wp\/v2\/product"}],"about":[{"href":"https:\/\/abstyleitalia.it\/pt-pt\/wp-json\/wp\/v2\/types\/product"}],"replies":[{"embeddable":true,"href":"https:\/\/abstyleitalia.it\/pt-pt\/wp-json\/wp\/v2\/comments?post=3301"}],"wp:featuredmedia":[{"embeddable":true,"href":"https:\/\/abstyleitalia.it\/pt-pt\/wp-json\/wp\/v2\/media\/4699"}],"wp:attachment":[{"href":"https:\/\/abstyleitalia.it\/pt-pt\/wp-json\/wp\/v2\/media?parent=3301"}],"wp:term":[{"taxonomy":"product_brand","embeddable":true,"href":"https:\/\/abstyleitalia.it\/pt-pt\/wp-json\/wp\/v2\/product_brand?post=3301"},{"taxonomy":"product_cat","embeddable":true,"href":"https:\/\/abstyleitalia.it\/pt-pt\/wp-json\/wp\/v2\/product_cat?post=3301"},{"taxonomy":"product_tag","embeddable":true,"href":"https:\/\/abstyleitalia.it\/pt-pt\/wp-json\/wp\/v2\/product_tag?post=3301"}],"curies":[{"name":"wp","href":"https:\/\/api.w.org\/{rel}","templated":true}]}}