{"id":3299,"date":"2017-04-26T12:18:33","date_gmt":"2017-04-26T10:18:33","guid":{"rendered":"https:\/\/abstyleitalia.it\/products\/sem%20categoria\/fixform-laca-ecologica\/"},"modified":"2022-05-25T14:27:52","modified_gmt":"2022-05-25T12:27:52","slug":"fixform-laca-ecologica","status":"publish","type":"product","link":"https:\/\/abstyleitalia.it\/pt-pt\/products\/finishing-styling-pt\/spray-pt\/fixform-laca-ecologica\/","title":{"rendered":"Fixform &#8211; Laca ecol\u00f3gica"},"content":{"rendered":"<p><b>Fixa<\/b> o penteado<\/p>\n<p><b>Fixa<\/b> naturalmente as formas e os volumes<\/p>\n<p><b>N\u00e3o deixa<\/b> res\u00edduos<\/p>\n<p>F\u00f3rmula <b>eco-compat\u00edvel<\/b><\/p>\n","protected":false},"excerpt":{"rendered":"<p class=\"p1\">A <b>Laca Eco <\/b>apoia o acabamento com uma fixa\u00e7\u00e3o forte, <b>fixando naturalmente<\/b> as formas e os volumes definidos pelo hairstylist. Ideal para sublimar o penteado com uma fixa\u00e7\u00e3o <b>instant\u00e2nea e leve<\/b>, n\u00e3o torna o cabelo pesado nem deixa res\u00edduos. Gra\u00e7as \u00e0 sua <b>f\u00f3rmula ecol\u00f3gica<\/b> exclusiva sem g\u00e1s, \u00e9 respeitadora do ambiente.<\/p>\n<p>400 ml<\/p>\n","protected":false},"featured_media":4708,"comment_status":"closed","ping_status":"closed","template":"","meta":[],"product_brand":[],"product_cat":[420,424],"product_tag":[],"class_list":{"0":"post-3299","1":"product","2":"type-product","3":"status-publish","4":"has-post-thumbnail","6":"product_cat-finishing-styling-pt","7":"product_cat-spray-pt","8":"description-off","10":"first","11":"instock","12":"shipping-taxable","13":"product-type-simple"},"yoast_head":"<!-- This site is optimized with the Yoast SEO plugin v26.8 - https:\/\/yoast.com\/product\/yoast-seo-wordpress\/ -->\n<title>Fixform - Laca ecol\u00f3gica | ABstyle<\/title>\n<meta name=\"description\" content=\"A Laca Eco apoia o acabamento com uma fixa\u00e7\u00e3o forte, fixando naturalmente as formas e os volumes definidos pelo hairstylist.\" \/>\n<meta name=\"robots\" content=\"index, follow, max-snippet:-1, max-image-preview:large, max-video-preview:-1\" \/>\n<link rel=\"canonical\" href=\"https:\/\/abstyleitalia.it\/pt-pt\/products\/finishing-styling-pt\/spray-pt\/fixform-laca-ecologica\/\" \/>\n<meta property=\"og:locale\" content=\"pt_PT\" \/>\n<meta property=\"og:type\" content=\"article\" \/>\n<meta property=\"og:title\" content=\"Fixform - Laca ecol\u00f3gica | ABstyle\" \/>\n<meta property=\"og:description\" content=\"A Laca Eco apoia o acabamento com uma fixa\u00e7\u00e3o forte, fixando naturalmente as formas e os volumes definidos pelo hairstylist.\" \/>\n<meta property=\"og:url\" content=\"https:\/\/abstyleitalia.it\/pt-pt\/products\/finishing-styling-pt\/spray-pt\/fixform-laca-ecologica\/\" \/>\n<meta property=\"og:site_name\" content=\"ABstyle\" \/>\n<meta property=\"article:modified_time\" content=\"2022-05-25T12:27:52+00:00\" \/>\n<meta property=\"og:image\" content=\"https:\/\/abstyleitalia.it\/wp-content\/uploads\/2017\/04\/33029_abstyle_slash_fixform_eco_hairspray_strong_400ml-1.png\" \/>\n\t<meta property=\"og:image:width\" content=\"600\" \/>\n\t<meta property=\"og:image:height\" content=\"600\" \/>\n\t<meta property=\"og:image:type\" content=\"image\/png\" \/>\n<meta name=\"twitter:card\" content=\"summary_large_image\" \/>\n<meta name=\"twitter:label1\" content=\"Tempo estimado de leitura\" \/>\n\t<meta name=\"twitter:data1\" content=\"1 minuto\" \/>\n<script type=\"application\/ld+json\" class=\"yoast-schema-graph\">{\"@context\":\"https:\/\/schema.org\",\"@graph\":[{\"@type\":\"WebPage\",\"@id\":\"https:\/\/abstyleitalia.it\/pt-pt\/products\/finishing-styling-pt\/spray-pt\/fixform-laca-ecologica\/\",\"url\":\"https:\/\/abstyleitalia.it\/pt-pt\/products\/finishing-styling-pt\/spray-pt\/fixform-laca-ecologica\/\",\"name\":\"Fixform - Laca ecol\u00f3gica | ABstyle\",\"isPartOf\":{\"@id\":\"https:\/\/abstyleitalia.it\/pt-pt\/#website\"},\"primaryImageOfPage\":{\"@id\":\"https:\/\/abstyleitalia.it\/pt-pt\/products\/finishing-styling-pt\/spray-pt\/fixform-laca-ecologica\/#primaryimage\"},\"image\":{\"@id\":\"https:\/\/abstyleitalia.it\/pt-pt\/products\/finishing-styling-pt\/spray-pt\/fixform-laca-ecologica\/#primaryimage\"},\"thumbnailUrl\":\"https:\/\/abstyleitalia.it\/wp-content\/uploads\/2017\/04\/33029_abstyle_slash_fixform_eco_hairspray_strong_400ml-1.png\",\"datePublished\":\"2017-04-26T10:18:33+00:00\",\"dateModified\":\"2022-05-25T12:27:52+00:00\",\"description\":\"A Laca Eco apoia o acabamento com uma fixa\u00e7\u00e3o forte, fixando naturalmente as formas e os volumes definidos pelo hairstylist.\",\"breadcrumb\":{\"@id\":\"https:\/\/abstyleitalia.it\/pt-pt\/products\/finishing-styling-pt\/spray-pt\/fixform-laca-ecologica\/#breadcrumb\"},\"inLanguage\":\"pt-PT\",\"potentialAction\":[{\"@type\":\"ReadAction\",\"target\":[\"https:\/\/abstyleitalia.it\/pt-pt\/products\/finishing-styling-pt\/spray-pt\/fixform-laca-ecologica\/\"]}]},{\"@type\":\"ImageObject\",\"inLanguage\":\"pt-PT\",\"@id\":\"https:\/\/abstyleitalia.it\/pt-pt\/products\/finishing-styling-pt\/spray-pt\/fixform-laca-ecologica\/#primaryimage\",\"url\":\"https:\/\/abstyleitalia.it\/wp-content\/uploads\/2017\/04\/33029_abstyle_slash_fixform_eco_hairspray_strong_400ml-1.png\",\"contentUrl\":\"https:\/\/abstyleitalia.it\/wp-content\/uploads\/2017\/04\/33029_abstyle_slash_fixform_eco_hairspray_strong_400ml-1.png\",\"width\":600,\"height\":600},{\"@type\":\"BreadcrumbList\",\"@id\":\"https:\/\/abstyleitalia.it\/pt-pt\/products\/finishing-styling-pt\/spray-pt\/fixform-laca-ecologica\/#breadcrumb\",\"itemListElement\":[{\"@type\":\"ListItem\",\"position\":1,\"name\":\"Home\",\"item\":\"https:\/\/abstyleitalia.it\/pt-pt\/\"},{\"@type\":\"ListItem\",\"position\":2,\"name\":\"Produtos\",\"item\":\"https:\/\/abstyleitalia.it\/pt-pt\/produtos\/\"},{\"@type\":\"ListItem\",\"position\":3,\"name\":\"Fixform &#8211; Laca ecol\u00f3gica\"}]},{\"@type\":\"WebSite\",\"@id\":\"https:\/\/abstyleitalia.it\/pt-pt\/#website\",\"url\":\"https:\/\/abstyleitalia.it\/pt-pt\/\",\"name\":\"ABstyle\",\"description\":\"One more time for you\",\"publisher\":{\"@id\":\"https:\/\/abstyleitalia.it\/pt-pt\/#organization\"},\"potentialAction\":[{\"@type\":\"SearchAction\",\"target\":{\"@type\":\"EntryPoint\",\"urlTemplate\":\"https:\/\/abstyleitalia.it\/pt-pt\/?s={search_term_string}\"},\"query-input\":{\"@type\":\"PropertyValueSpecification\",\"valueRequired\":true,\"valueName\":\"search_term_string\"}}],\"inLanguage\":\"pt-PT\"},{\"@type\":\"Organization\",\"@id\":\"https:\/\/abstyleitalia.it\/pt-pt\/#organization\",\"name\":\"ABSTYLE\",\"url\":\"https:\/\/abstyleitalia.it\/pt-pt\/\",\"logo\":{\"@type\":\"ImageObject\",\"inLanguage\":\"pt-PT\",\"@id\":\"https:\/\/abstyleitalia.it\/pt-pt\/#\/schema\/logo\/image\/\",\"url\":\"https:\/\/abstyleitalia.it\/wp-content\/uploads\/2017\/11\/ab-style-logo-76x76.png\",\"contentUrl\":\"https:\/\/abstyleitalia.it\/wp-content\/uploads\/2017\/11\/ab-style-logo-76x76.png\",\"width\":76,\"height\":76,\"caption\":\"ABSTYLE\"},\"image\":{\"@id\":\"https:\/\/abstyleitalia.it\/pt-pt\/#\/schema\/logo\/image\/\"}}]}<\/script>\n<!-- \/ Yoast SEO plugin. -->","yoast_head_json":{"title":"Fixform - Laca ecol\u00f3gica | ABstyle","description":"A Laca Eco apoia o acabamento com uma fixa\u00e7\u00e3o forte, fixando naturalmente as formas e os volumes definidos pelo hairstylist.","robots":{"index":"index","follow":"follow","max-snippet":"max-snippet:-1","max-image-preview":"max-image-preview:large","max-video-preview":"max-video-preview:-1"},"canonical":"https:\/\/abstyleitalia.it\/pt-pt\/products\/finishing-styling-pt\/spray-pt\/fixform-laca-ecologica\/","og_locale":"pt_PT","og_type":"article","og_title":"Fixform - Laca ecol\u00f3gica | ABstyle","og_description":"A Laca Eco apoia o acabamento com uma fixa\u00e7\u00e3o forte, fixando naturalmente as formas e os volumes definidos pelo hairstylist.","og_url":"https:\/\/abstyleitalia.it\/pt-pt\/products\/finishing-styling-pt\/spray-pt\/fixform-laca-ecologica\/","og_site_name":"ABstyle","article_modified_time":"2022-05-25T12:27:52+00:00","og_image":[{"width":600,"height":600,"url":"https:\/\/abstyleitalia.it\/wp-content\/uploads\/2017\/04\/33029_abstyle_slash_fixform_eco_hairspray_strong_400ml-1.png","type":"image\/png"}],"twitter_card":"summary_large_image","twitter_misc":{"Tempo estimado de leitura":"1 minuto"},"schema":{"@context":"https:\/\/schema.org","@graph":[{"@type":"WebPage","@id":"https:\/\/abstyleitalia.it\/pt-pt\/products\/finishing-styling-pt\/spray-pt\/fixform-laca-ecologica\/","url":"https:\/\/abstyleitalia.it\/pt-pt\/products\/finishing-styling-pt\/spray-pt\/fixform-laca-ecologica\/","name":"Fixform - Laca ecol\u00f3gica | ABstyle","isPartOf":{"@id":"https:\/\/abstyleitalia.it\/pt-pt\/#website"},"primaryImageOfPage":{"@id":"https:\/\/abstyleitalia.it\/pt-pt\/products\/finishing-styling-pt\/spray-pt\/fixform-laca-ecologica\/#primaryimage"},"image":{"@id":"https:\/\/abstyleitalia.it\/pt-pt\/products\/finishing-styling-pt\/spray-pt\/fixform-laca-ecologica\/#primaryimage"},"thumbnailUrl":"https:\/\/abstyleitalia.it\/wp-content\/uploads\/2017\/04\/33029_abstyle_slash_fixform_eco_hairspray_strong_400ml-1.png","datePublished":"2017-04-26T10:18:33+00:00","dateModified":"2022-05-25T12:27:52+00:00","description":"A Laca Eco apoia o acabamento com uma fixa\u00e7\u00e3o forte, fixando naturalmente as formas e os volumes definidos pelo hairstylist.","breadcrumb":{"@id":"https:\/\/abstyleitalia.it\/pt-pt\/products\/finishing-styling-pt\/spray-pt\/fixform-laca-ecologica\/#breadcrumb"},"inLanguage":"pt-PT","potentialAction":[{"@type":"ReadAction","target":["https:\/\/abstyleitalia.it\/pt-pt\/products\/finishing-styling-pt\/spray-pt\/fixform-laca-ecologica\/"]}]},{"@type":"ImageObject","inLanguage":"pt-PT","@id":"https:\/\/abstyleitalia.it\/pt-pt\/products\/finishing-styling-pt\/spray-pt\/fixform-laca-ecologica\/#primaryimage","url":"https:\/\/abstyleitalia.it\/wp-content\/uploads\/2017\/04\/33029_abstyle_slash_fixform_eco_hairspray_strong_400ml-1.png","contentUrl":"https:\/\/abstyleitalia.it\/wp-content\/uploads\/2017\/04\/33029_abstyle_slash_fixform_eco_hairspray_strong_400ml-1.png","width":600,"height":600},{"@type":"BreadcrumbList","@id":"https:\/\/abstyleitalia.it\/pt-pt\/products\/finishing-styling-pt\/spray-pt\/fixform-laca-ecologica\/#breadcrumb","itemListElement":[{"@type":"ListItem","position":1,"name":"Home","item":"https:\/\/abstyleitalia.it\/pt-pt\/"},{"@type":"ListItem","position":2,"name":"Produtos","item":"https:\/\/abstyleitalia.it\/pt-pt\/produtos\/"},{"@type":"ListItem","position":3,"name":"Fixform &#8211; Laca ecol\u00f3gica"}]},{"@type":"WebSite","@id":"https:\/\/abstyleitalia.it\/pt-pt\/#website","url":"https:\/\/abstyleitalia.it\/pt-pt\/","name":"ABstyle","description":"One more time for you","publisher":{"@id":"https:\/\/abstyleitalia.it\/pt-pt\/#organization"},"potentialAction":[{"@type":"SearchAction","target":{"@type":"EntryPoint","urlTemplate":"https:\/\/abstyleitalia.it\/pt-pt\/?s={search_term_string}"},"query-input":{"@type":"PropertyValueSpecification","valueRequired":true,"valueName":"search_term_string"}}],"inLanguage":"pt-PT"},{"@type":"Organization","@id":"https:\/\/abstyleitalia.it\/pt-pt\/#organization","name":"ABSTYLE","url":"https:\/\/abstyleitalia.it\/pt-pt\/","logo":{"@type":"ImageObject","inLanguage":"pt-PT","@id":"https:\/\/abstyleitalia.it\/pt-pt\/#\/schema\/logo\/image\/","url":"https:\/\/abstyleitalia.it\/wp-content\/uploads\/2017\/11\/ab-style-logo-76x76.png","contentUrl":"https:\/\/abstyleitalia.it\/wp-content\/uploads\/2017\/11\/ab-style-logo-76x76.png","width":76,"height":76,"caption":"ABSTYLE"},"image":{"@id":"https:\/\/abstyleitalia.it\/pt-pt\/#\/schema\/logo\/image\/"}}]}},"_links":{"self":[{"href":"https:\/\/abstyleitalia.it\/pt-pt\/wp-json\/wp\/v2\/product\/3299","targetHints":{"allow":["GET"]}}],"collection":[{"href":"https:\/\/abstyleitalia.it\/pt-pt\/wp-json\/wp\/v2\/product"}],"about":[{"href":"https:\/\/abstyleitalia.it\/pt-pt\/wp-json\/wp\/v2\/types\/product"}],"replies":[{"embeddable":true,"href":"https:\/\/abstyleitalia.it\/pt-pt\/wp-json\/wp\/v2\/comments?post=3299"}],"wp:featuredmedia":[{"embeddable":true,"href":"https:\/\/abstyleitalia.it\/pt-pt\/wp-json\/wp\/v2\/media\/4708"}],"wp:attachment":[{"href":"https:\/\/abstyleitalia.it\/pt-pt\/wp-json\/wp\/v2\/media?parent=3299"}],"wp:term":[{"taxonomy":"product_brand","embeddable":true,"href":"https:\/\/abstyleitalia.it\/pt-pt\/wp-json\/wp\/v2\/product_brand?post=3299"},{"taxonomy":"product_cat","embeddable":true,"href":"https:\/\/abstyleitalia.it\/pt-pt\/wp-json\/wp\/v2\/product_cat?post=3299"},{"taxonomy":"product_tag","embeddable":true,"href":"https:\/\/abstyleitalia.it\/pt-pt\/wp-json\/wp\/v2\/product_tag?post=3299"}],"curies":[{"name":"wp","href":"https:\/\/api.w.org\/{rel}","templated":true}]}}