{"id":3296,"date":"2019-03-14T18:00:05","date_gmt":"2019-03-14T17:00:05","guid":{"rendered":"https:\/\/abstyleitalia.it\/products\/sem%20categoria\/slash-oil-non-oil-briho-anticrespo\/"},"modified":"2021-05-13T10:14:04","modified_gmt":"2021-05-13T08:14:04","slug":"slash-oil-non-oil-briho-anticrespo","status":"publish","type":"product","link":"https:\/\/abstyleitalia.it\/pt-pt\/products\/finishing-styling-pt\/spray-pt\/slash-oil-non-oil-briho-anticrespo\/","title":{"rendered":"Slash &#8211; Oil Non Oil Briho anticrespo"},"content":{"rendered":"<p>A\u00e7\u00e3o anti-crespo<\/p>\n<p>Efeito brilho excecional<\/p>\n<p>Protege os cabelos sem deix\u00e1-los pesados e sem deixar res\u00edduos<\/p>\n<p>Torna o cabelo suave, luminoso e f\u00e1cil de pentear<\/p>\n","protected":false},"excerpt":{"rendered":"<p class=\"p1\">Slash Oil Non Oil \u00e9 o <b>fluido para cabelos<\/b> que <b>d\u00e1 brilho e protege<\/b> <b>do crespo<\/b> num \u00fanico gesto. Enriquecido com <b>extratos vegetais<\/b>, sela a estrutura externa do cabelo, tornando-o instantaneamente mais <b>brilhante e f\u00e1cil de pentear<\/b>. Um elevado poder cosm\u00e9tico associa-se \u00e0 a\u00e7\u00e3o anti-crespo, para conferir um efeito <b>brilho e suave<\/b> imediato ao cabelo, sem torn\u00e1-lo pesado ou oleoso.<span class=\"Apple-converted-space\">\u00a0<\/span><\/p>\n<p class=\"p1\">Formato de 200 ml<\/p>\n","protected":false},"featured_media":4711,"comment_status":"closed","ping_status":"closed","template":"","meta":[],"product_brand":[],"product_cat":[420,424],"product_tag":[],"class_list":{"0":"post-3296","1":"product","2":"type-product","3":"status-publish","4":"has-post-thumbnail","6":"product_cat-finishing-styling-pt","7":"product_cat-spray-pt","8":"description-off","10":"first","11":"instock","12":"shipping-taxable","13":"product-type-simple"},"yoast_head":"<!-- This site is optimized with the Yoast SEO plugin v26.8 - https:\/\/yoast.com\/product\/yoast-seo-wordpress\/ -->\n<title>Slash - Oil Non Oil Briho anticrespo<\/title>\n<meta name=\"description\" content=\"Slash Oil Non Oil \u00e9 o fluido para cabelos que d\u00e1 brilho e protege do crespo num \u00fanico gesto.\" \/>\n<meta name=\"robots\" content=\"index, follow, max-snippet:-1, max-image-preview:large, max-video-preview:-1\" \/>\n<link rel=\"canonical\" href=\"https:\/\/abstyleitalia.it\/pt-pt\/products\/finishing-styling-pt\/spray-pt\/slash-oil-non-oil-briho-anticrespo\/\" \/>\n<meta property=\"og:locale\" content=\"pt_PT\" \/>\n<meta property=\"og:type\" content=\"article\" \/>\n<meta property=\"og:title\" content=\"Slash - Oil Non Oil Briho anticrespo\" \/>\n<meta property=\"og:description\" content=\"Slash Oil Non Oil \u00e9 o fluido para cabelos que d\u00e1 brilho e protege do crespo num \u00fanico gesto.\" \/>\n<meta property=\"og:url\" content=\"https:\/\/abstyleitalia.it\/pt-pt\/products\/finishing-styling-pt\/spray-pt\/slash-oil-non-oil-briho-anticrespo\/\" \/>\n<meta property=\"og:site_name\" content=\"ABstyle\" \/>\n<meta property=\"article:modified_time\" content=\"2021-05-13T08:14:04+00:00\" \/>\n<meta property=\"og:image\" content=\"https:\/\/abstyleitalia.it\/wp-content\/uploads\/2019\/03\/33024_abstyle_slash_oil_non_oil_200ml-1.png\" \/>\n\t<meta property=\"og:image:width\" content=\"600\" \/>\n\t<meta property=\"og:image:height\" content=\"600\" \/>\n\t<meta property=\"og:image:type\" content=\"image\/png\" \/>\n<meta name=\"twitter:card\" content=\"summary_large_image\" \/>\n<meta name=\"twitter:label1\" content=\"Tempo estimado de leitura\" \/>\n\t<meta name=\"twitter:data1\" content=\"1 minuto\" \/>\n<script type=\"application\/ld+json\" class=\"yoast-schema-graph\">{\"@context\":\"https:\/\/schema.org\",\"@graph\":[{\"@type\":\"WebPage\",\"@id\":\"https:\/\/abstyleitalia.it\/pt-pt\/products\/finishing-styling-pt\/spray-pt\/slash-oil-non-oil-briho-anticrespo\/\",\"url\":\"https:\/\/abstyleitalia.it\/pt-pt\/products\/finishing-styling-pt\/spray-pt\/slash-oil-non-oil-briho-anticrespo\/\",\"name\":\"Slash - Oil Non Oil Briho anticrespo\",\"isPartOf\":{\"@id\":\"https:\/\/abstyleitalia.it\/pt-pt\/#website\"},\"primaryImageOfPage\":{\"@id\":\"https:\/\/abstyleitalia.it\/pt-pt\/products\/finishing-styling-pt\/spray-pt\/slash-oil-non-oil-briho-anticrespo\/#primaryimage\"},\"image\":{\"@id\":\"https:\/\/abstyleitalia.it\/pt-pt\/products\/finishing-styling-pt\/spray-pt\/slash-oil-non-oil-briho-anticrespo\/#primaryimage\"},\"thumbnailUrl\":\"https:\/\/abstyleitalia.it\/wp-content\/uploads\/2019\/03\/33024_abstyle_slash_oil_non_oil_200ml-1.png\",\"datePublished\":\"2019-03-14T17:00:05+00:00\",\"dateModified\":\"2021-05-13T08:14:04+00:00\",\"description\":\"Slash Oil Non Oil \u00e9 o fluido para cabelos que d\u00e1 brilho e protege do crespo num \u00fanico gesto.\",\"breadcrumb\":{\"@id\":\"https:\/\/abstyleitalia.it\/pt-pt\/products\/finishing-styling-pt\/spray-pt\/slash-oil-non-oil-briho-anticrespo\/#breadcrumb\"},\"inLanguage\":\"pt-PT\",\"potentialAction\":[{\"@type\":\"ReadAction\",\"target\":[\"https:\/\/abstyleitalia.it\/pt-pt\/products\/finishing-styling-pt\/spray-pt\/slash-oil-non-oil-briho-anticrespo\/\"]}]},{\"@type\":\"ImageObject\",\"inLanguage\":\"pt-PT\",\"@id\":\"https:\/\/abstyleitalia.it\/pt-pt\/products\/finishing-styling-pt\/spray-pt\/slash-oil-non-oil-briho-anticrespo\/#primaryimage\",\"url\":\"https:\/\/abstyleitalia.it\/wp-content\/uploads\/2019\/03\/33024_abstyle_slash_oil_non_oil_200ml-1.png\",\"contentUrl\":\"https:\/\/abstyleitalia.it\/wp-content\/uploads\/2019\/03\/33024_abstyle_slash_oil_non_oil_200ml-1.png\",\"width\":600,\"height\":600},{\"@type\":\"BreadcrumbList\",\"@id\":\"https:\/\/abstyleitalia.it\/pt-pt\/products\/finishing-styling-pt\/spray-pt\/slash-oil-non-oil-briho-anticrespo\/#breadcrumb\",\"itemListElement\":[{\"@type\":\"ListItem\",\"position\":1,\"name\":\"Home\",\"item\":\"https:\/\/abstyleitalia.it\/pt-pt\/\"},{\"@type\":\"ListItem\",\"position\":2,\"name\":\"Produtos\",\"item\":\"https:\/\/abstyleitalia.it\/pt-pt\/produtos\/\"},{\"@type\":\"ListItem\",\"position\":3,\"name\":\"Slash &#8211; Oil Non Oil Briho anticrespo\"}]},{\"@type\":\"WebSite\",\"@id\":\"https:\/\/abstyleitalia.it\/pt-pt\/#website\",\"url\":\"https:\/\/abstyleitalia.it\/pt-pt\/\",\"name\":\"ABstyle\",\"description\":\"One more time for you\",\"publisher\":{\"@id\":\"https:\/\/abstyleitalia.it\/pt-pt\/#organization\"},\"potentialAction\":[{\"@type\":\"SearchAction\",\"target\":{\"@type\":\"EntryPoint\",\"urlTemplate\":\"https:\/\/abstyleitalia.it\/pt-pt\/?s={search_term_string}\"},\"query-input\":{\"@type\":\"PropertyValueSpecification\",\"valueRequired\":true,\"valueName\":\"search_term_string\"}}],\"inLanguage\":\"pt-PT\"},{\"@type\":\"Organization\",\"@id\":\"https:\/\/abstyleitalia.it\/pt-pt\/#organization\",\"name\":\"ABSTYLE\",\"url\":\"https:\/\/abstyleitalia.it\/pt-pt\/\",\"logo\":{\"@type\":\"ImageObject\",\"inLanguage\":\"pt-PT\",\"@id\":\"https:\/\/abstyleitalia.it\/pt-pt\/#\/schema\/logo\/image\/\",\"url\":\"https:\/\/abstyleitalia.it\/wp-content\/uploads\/2017\/11\/ab-style-logo-76x76.png\",\"contentUrl\":\"https:\/\/abstyleitalia.it\/wp-content\/uploads\/2017\/11\/ab-style-logo-76x76.png\",\"width\":76,\"height\":76,\"caption\":\"ABSTYLE\"},\"image\":{\"@id\":\"https:\/\/abstyleitalia.it\/pt-pt\/#\/schema\/logo\/image\/\"}}]}<\/script>\n<!-- \/ Yoast SEO plugin. -->","yoast_head_json":{"title":"Slash - Oil Non Oil Briho anticrespo","description":"Slash Oil Non Oil \u00e9 o fluido para cabelos que d\u00e1 brilho e protege do crespo num \u00fanico gesto.","robots":{"index":"index","follow":"follow","max-snippet":"max-snippet:-1","max-image-preview":"max-image-preview:large","max-video-preview":"max-video-preview:-1"},"canonical":"https:\/\/abstyleitalia.it\/pt-pt\/products\/finishing-styling-pt\/spray-pt\/slash-oil-non-oil-briho-anticrespo\/","og_locale":"pt_PT","og_type":"article","og_title":"Slash - Oil Non Oil Briho anticrespo","og_description":"Slash Oil Non Oil \u00e9 o fluido para cabelos que d\u00e1 brilho e protege do crespo num \u00fanico gesto.","og_url":"https:\/\/abstyleitalia.it\/pt-pt\/products\/finishing-styling-pt\/spray-pt\/slash-oil-non-oil-briho-anticrespo\/","og_site_name":"ABstyle","article_modified_time":"2021-05-13T08:14:04+00:00","og_image":[{"width":600,"height":600,"url":"https:\/\/abstyleitalia.it\/wp-content\/uploads\/2019\/03\/33024_abstyle_slash_oil_non_oil_200ml-1.png","type":"image\/png"}],"twitter_card":"summary_large_image","twitter_misc":{"Tempo estimado de leitura":"1 minuto"},"schema":{"@context":"https:\/\/schema.org","@graph":[{"@type":"WebPage","@id":"https:\/\/abstyleitalia.it\/pt-pt\/products\/finishing-styling-pt\/spray-pt\/slash-oil-non-oil-briho-anticrespo\/","url":"https:\/\/abstyleitalia.it\/pt-pt\/products\/finishing-styling-pt\/spray-pt\/slash-oil-non-oil-briho-anticrespo\/","name":"Slash - Oil Non Oil Briho anticrespo","isPartOf":{"@id":"https:\/\/abstyleitalia.it\/pt-pt\/#website"},"primaryImageOfPage":{"@id":"https:\/\/abstyleitalia.it\/pt-pt\/products\/finishing-styling-pt\/spray-pt\/slash-oil-non-oil-briho-anticrespo\/#primaryimage"},"image":{"@id":"https:\/\/abstyleitalia.it\/pt-pt\/products\/finishing-styling-pt\/spray-pt\/slash-oil-non-oil-briho-anticrespo\/#primaryimage"},"thumbnailUrl":"https:\/\/abstyleitalia.it\/wp-content\/uploads\/2019\/03\/33024_abstyle_slash_oil_non_oil_200ml-1.png","datePublished":"2019-03-14T17:00:05+00:00","dateModified":"2021-05-13T08:14:04+00:00","description":"Slash Oil Non Oil \u00e9 o fluido para cabelos que d\u00e1 brilho e protege do crespo num \u00fanico gesto.","breadcrumb":{"@id":"https:\/\/abstyleitalia.it\/pt-pt\/products\/finishing-styling-pt\/spray-pt\/slash-oil-non-oil-briho-anticrespo\/#breadcrumb"},"inLanguage":"pt-PT","potentialAction":[{"@type":"ReadAction","target":["https:\/\/abstyleitalia.it\/pt-pt\/products\/finishing-styling-pt\/spray-pt\/slash-oil-non-oil-briho-anticrespo\/"]}]},{"@type":"ImageObject","inLanguage":"pt-PT","@id":"https:\/\/abstyleitalia.it\/pt-pt\/products\/finishing-styling-pt\/spray-pt\/slash-oil-non-oil-briho-anticrespo\/#primaryimage","url":"https:\/\/abstyleitalia.it\/wp-content\/uploads\/2019\/03\/33024_abstyle_slash_oil_non_oil_200ml-1.png","contentUrl":"https:\/\/abstyleitalia.it\/wp-content\/uploads\/2019\/03\/33024_abstyle_slash_oil_non_oil_200ml-1.png","width":600,"height":600},{"@type":"BreadcrumbList","@id":"https:\/\/abstyleitalia.it\/pt-pt\/products\/finishing-styling-pt\/spray-pt\/slash-oil-non-oil-briho-anticrespo\/#breadcrumb","itemListElement":[{"@type":"ListItem","position":1,"name":"Home","item":"https:\/\/abstyleitalia.it\/pt-pt\/"},{"@type":"ListItem","position":2,"name":"Produtos","item":"https:\/\/abstyleitalia.it\/pt-pt\/produtos\/"},{"@type":"ListItem","position":3,"name":"Slash &#8211; Oil Non Oil Briho anticrespo"}]},{"@type":"WebSite","@id":"https:\/\/abstyleitalia.it\/pt-pt\/#website","url":"https:\/\/abstyleitalia.it\/pt-pt\/","name":"ABstyle","description":"One more time for you","publisher":{"@id":"https:\/\/abstyleitalia.it\/pt-pt\/#organization"},"potentialAction":[{"@type":"SearchAction","target":{"@type":"EntryPoint","urlTemplate":"https:\/\/abstyleitalia.it\/pt-pt\/?s={search_term_string}"},"query-input":{"@type":"PropertyValueSpecification","valueRequired":true,"valueName":"search_term_string"}}],"inLanguage":"pt-PT"},{"@type":"Organization","@id":"https:\/\/abstyleitalia.it\/pt-pt\/#organization","name":"ABSTYLE","url":"https:\/\/abstyleitalia.it\/pt-pt\/","logo":{"@type":"ImageObject","inLanguage":"pt-PT","@id":"https:\/\/abstyleitalia.it\/pt-pt\/#\/schema\/logo\/image\/","url":"https:\/\/abstyleitalia.it\/wp-content\/uploads\/2017\/11\/ab-style-logo-76x76.png","contentUrl":"https:\/\/abstyleitalia.it\/wp-content\/uploads\/2017\/11\/ab-style-logo-76x76.png","width":76,"height":76,"caption":"ABSTYLE"},"image":{"@id":"https:\/\/abstyleitalia.it\/pt-pt\/#\/schema\/logo\/image\/"}}]}},"_links":{"self":[{"href":"https:\/\/abstyleitalia.it\/pt-pt\/wp-json\/wp\/v2\/product\/3296","targetHints":{"allow":["GET"]}}],"collection":[{"href":"https:\/\/abstyleitalia.it\/pt-pt\/wp-json\/wp\/v2\/product"}],"about":[{"href":"https:\/\/abstyleitalia.it\/pt-pt\/wp-json\/wp\/v2\/types\/product"}],"replies":[{"embeddable":true,"href":"https:\/\/abstyleitalia.it\/pt-pt\/wp-json\/wp\/v2\/comments?post=3296"}],"wp:featuredmedia":[{"embeddable":true,"href":"https:\/\/abstyleitalia.it\/pt-pt\/wp-json\/wp\/v2\/media\/4711"}],"wp:attachment":[{"href":"https:\/\/abstyleitalia.it\/pt-pt\/wp-json\/wp\/v2\/media?parent=3296"}],"wp:term":[{"taxonomy":"product_brand","embeddable":true,"href":"https:\/\/abstyleitalia.it\/pt-pt\/wp-json\/wp\/v2\/product_brand?post=3296"},{"taxonomy":"product_cat","embeddable":true,"href":"https:\/\/abstyleitalia.it\/pt-pt\/wp-json\/wp\/v2\/product_cat?post=3296"},{"taxonomy":"product_tag","embeddable":true,"href":"https:\/\/abstyleitalia.it\/pt-pt\/wp-json\/wp\/v2\/product_tag?post=3296"}],"curies":[{"name":"wp","href":"https:\/\/api.w.org\/{rel}","templated":true}]}}