{"id":3292,"date":"2015-09-08T11:34:47","date_gmt":"2015-09-08T09:34:47","guid":{"rendered":"https:\/\/abstyleitalia.it\/products\/sem%20categoria\/memory-mousse-ondulacoes-flexiveis-e-definidas\/"},"modified":"2022-05-25T14:43:27","modified_gmt":"2022-05-25T12:43:27","slug":"memory-mousse-ondulacoes-flexiveis-e-definidas","status":"publish","type":"product","link":"https:\/\/abstyleitalia.it\/pt-pt\/products\/finishing-styling-pt\/espuma\/memory-mousse-ondulacoes-flexiveis-e-definidas\/","title":{"rendered":"Memory Mousse ondula\u00e7\u00f5es flex\u00edveis e definidas"},"content":{"rendered":"<p><b>Real\u00e7a <\/b>e<b> define<\/b> a ondula\u00e7\u00e3o<\/p>\n<p>Confere <b>elasticidade <\/b>e<b> fixa\u00e7\u00e3o<\/b> duradoura<\/p>\n<p><b>Combate <\/b>eficientemente o efeito crespo<\/p>\n<p>Especialmente concebida para <b>cabelos ondulados naturais e com permanente<\/b><\/p>\n","protected":false},"excerpt":{"rendered":"<p class=\"p1\"><b>Memory Mousse<\/b>, espuma espec\u00edfica para cabelos encaracolados, com ondula\u00e7\u00f5es naturais e com permanente, confere densidade e fixa\u00e7\u00e3o de longa dura\u00e7\u00e3o ao cabelo. Real\u00e7ando a <b>ondula\u00e7\u00e3o do cabelo <\/b>atrav\u00e9s uma a\u00e7\u00e3o de <b>separa\u00e7\u00e3o e defini\u00e7\u00e3o<\/b>, torna as ondula\u00e7\u00f5es mais densas, brilhantes e incrivelmente <b>flex\u00edveis<\/b>. <b>Combate <\/b>eficientemente o efeito antiest\u00e1tico, <b>o efeito crespo<\/b> e garante <b>cabelos brilhantes<\/b> e suaves. N\u00e3o necessita enxaguamento.<\/p>\n<p class=\"p1\">Formato de 300 ml<\/p>\n","protected":false},"featured_media":4735,"comment_status":"closed","ping_status":"closed","template":"","meta":[],"product_brand":[],"product_cat":[423,420],"product_tag":[],"class_list":{"0":"post-3292","1":"product","2":"type-product","3":"status-publish","4":"has-post-thumbnail","6":"product_cat-espuma","7":"product_cat-finishing-styling-pt","8":"description-off","10":"first","11":"instock","12":"shipping-taxable","13":"product-type-simple"},"yoast_head":"<!-- This site is optimized with the Yoast SEO plugin v26.8 - https:\/\/yoast.com\/product\/yoast-seo-wordpress\/ -->\n<title>Memory Mousse ondula\u00e7\u00f5es flex\u00edveis e definidas | ABstyle<\/title>\n<meta name=\"description\" content=\"Memory Mousse, espuma espec\u00edfica para cabelos encaracolados, com ondula\u00e7\u00f5es naturais e com permanente, confere densidade e fixa\u00e7\u00e3o de longa dura\u00e7\u00e3o ao cabelo\" \/>\n<meta name=\"robots\" content=\"index, follow, max-snippet:-1, max-image-preview:large, max-video-preview:-1\" \/>\n<link rel=\"canonical\" href=\"https:\/\/abstyleitalia.it\/pt-pt\/products\/finishing-styling-pt\/espuma\/memory-mousse-ondulacoes-flexiveis-e-definidas\/\" \/>\n<meta property=\"og:locale\" content=\"pt_PT\" \/>\n<meta property=\"og:type\" content=\"article\" \/>\n<meta property=\"og:title\" content=\"Memory Mousse ondula\u00e7\u00f5es flex\u00edveis e definidas | ABstyle\" \/>\n<meta property=\"og:description\" content=\"Memory Mousse, espuma espec\u00edfica para cabelos encaracolados, com ondula\u00e7\u00f5es naturais e com permanente, confere densidade e fixa\u00e7\u00e3o de longa dura\u00e7\u00e3o ao cabelo\" \/>\n<meta property=\"og:url\" content=\"https:\/\/abstyleitalia.it\/pt-pt\/products\/finishing-styling-pt\/espuma\/memory-mousse-ondulacoes-flexiveis-e-definidas\/\" \/>\n<meta property=\"og:site_name\" content=\"ABstyle\" \/>\n<meta property=\"article:modified_time\" content=\"2022-05-25T12:43:27+00:00\" \/>\n<meta property=\"og:image\" content=\"https:\/\/abstyleitalia.it\/wp-content\/uploads\/2015\/09\/32004_abstyle_slash_memory_mousse_300ml-1.png\" \/>\n\t<meta property=\"og:image:width\" content=\"600\" \/>\n\t<meta property=\"og:image:height\" content=\"600\" \/>\n\t<meta property=\"og:image:type\" content=\"image\/png\" \/>\n<meta name=\"twitter:card\" content=\"summary_large_image\" \/>\n<meta name=\"twitter:label1\" content=\"Tempo estimado de leitura\" \/>\n\t<meta name=\"twitter:data1\" content=\"1 minuto\" \/>\n<script type=\"application\/ld+json\" class=\"yoast-schema-graph\">{\"@context\":\"https:\/\/schema.org\",\"@graph\":[{\"@type\":\"WebPage\",\"@id\":\"https:\/\/abstyleitalia.it\/pt-pt\/products\/finishing-styling-pt\/espuma\/memory-mousse-ondulacoes-flexiveis-e-definidas\/\",\"url\":\"https:\/\/abstyleitalia.it\/pt-pt\/products\/finishing-styling-pt\/espuma\/memory-mousse-ondulacoes-flexiveis-e-definidas\/\",\"name\":\"Memory Mousse ondula\u00e7\u00f5es flex\u00edveis e definidas | ABstyle\",\"isPartOf\":{\"@id\":\"https:\/\/abstyleitalia.it\/pt-pt\/#website\"},\"primaryImageOfPage\":{\"@id\":\"https:\/\/abstyleitalia.it\/pt-pt\/products\/finishing-styling-pt\/espuma\/memory-mousse-ondulacoes-flexiveis-e-definidas\/#primaryimage\"},\"image\":{\"@id\":\"https:\/\/abstyleitalia.it\/pt-pt\/products\/finishing-styling-pt\/espuma\/memory-mousse-ondulacoes-flexiveis-e-definidas\/#primaryimage\"},\"thumbnailUrl\":\"https:\/\/abstyleitalia.it\/wp-content\/uploads\/2015\/09\/32004_abstyle_slash_memory_mousse_300ml-1.png\",\"datePublished\":\"2015-09-08T09:34:47+00:00\",\"dateModified\":\"2022-05-25T12:43:27+00:00\",\"description\":\"Memory Mousse, espuma espec\u00edfica para cabelos encaracolados, com ondula\u00e7\u00f5es naturais e com permanente, confere densidade e fixa\u00e7\u00e3o de longa dura\u00e7\u00e3o ao cabelo\",\"breadcrumb\":{\"@id\":\"https:\/\/abstyleitalia.it\/pt-pt\/products\/finishing-styling-pt\/espuma\/memory-mousse-ondulacoes-flexiveis-e-definidas\/#breadcrumb\"},\"inLanguage\":\"pt-PT\",\"potentialAction\":[{\"@type\":\"ReadAction\",\"target\":[\"https:\/\/abstyleitalia.it\/pt-pt\/products\/finishing-styling-pt\/espuma\/memory-mousse-ondulacoes-flexiveis-e-definidas\/\"]}]},{\"@type\":\"ImageObject\",\"inLanguage\":\"pt-PT\",\"@id\":\"https:\/\/abstyleitalia.it\/pt-pt\/products\/finishing-styling-pt\/espuma\/memory-mousse-ondulacoes-flexiveis-e-definidas\/#primaryimage\",\"url\":\"https:\/\/abstyleitalia.it\/wp-content\/uploads\/2015\/09\/32004_abstyle_slash_memory_mousse_300ml-1.png\",\"contentUrl\":\"https:\/\/abstyleitalia.it\/wp-content\/uploads\/2015\/09\/32004_abstyle_slash_memory_mousse_300ml-1.png\",\"width\":600,\"height\":600},{\"@type\":\"BreadcrumbList\",\"@id\":\"https:\/\/abstyleitalia.it\/pt-pt\/products\/finishing-styling-pt\/espuma\/memory-mousse-ondulacoes-flexiveis-e-definidas\/#breadcrumb\",\"itemListElement\":[{\"@type\":\"ListItem\",\"position\":1,\"name\":\"Home\",\"item\":\"https:\/\/abstyleitalia.it\/pt-pt\/\"},{\"@type\":\"ListItem\",\"position\":2,\"name\":\"Produtos\",\"item\":\"https:\/\/abstyleitalia.it\/pt-pt\/produtos\/\"},{\"@type\":\"ListItem\",\"position\":3,\"name\":\"Memory Mousse ondula\u00e7\u00f5es flex\u00edveis e definidas\"}]},{\"@type\":\"WebSite\",\"@id\":\"https:\/\/abstyleitalia.it\/pt-pt\/#website\",\"url\":\"https:\/\/abstyleitalia.it\/pt-pt\/\",\"name\":\"ABstyle\",\"description\":\"One more time for you\",\"publisher\":{\"@id\":\"https:\/\/abstyleitalia.it\/pt-pt\/#organization\"},\"potentialAction\":[{\"@type\":\"SearchAction\",\"target\":{\"@type\":\"EntryPoint\",\"urlTemplate\":\"https:\/\/abstyleitalia.it\/pt-pt\/?s={search_term_string}\"},\"query-input\":{\"@type\":\"PropertyValueSpecification\",\"valueRequired\":true,\"valueName\":\"search_term_string\"}}],\"inLanguage\":\"pt-PT\"},{\"@type\":\"Organization\",\"@id\":\"https:\/\/abstyleitalia.it\/pt-pt\/#organization\",\"name\":\"ABSTYLE\",\"url\":\"https:\/\/abstyleitalia.it\/pt-pt\/\",\"logo\":{\"@type\":\"ImageObject\",\"inLanguage\":\"pt-PT\",\"@id\":\"https:\/\/abstyleitalia.it\/pt-pt\/#\/schema\/logo\/image\/\",\"url\":\"https:\/\/abstyleitalia.it\/wp-content\/uploads\/2017\/11\/ab-style-logo-76x76.png\",\"contentUrl\":\"https:\/\/abstyleitalia.it\/wp-content\/uploads\/2017\/11\/ab-style-logo-76x76.png\",\"width\":76,\"height\":76,\"caption\":\"ABSTYLE\"},\"image\":{\"@id\":\"https:\/\/abstyleitalia.it\/pt-pt\/#\/schema\/logo\/image\/\"}}]}<\/script>\n<!-- \/ Yoast SEO plugin. -->","yoast_head_json":{"title":"Memory Mousse ondula\u00e7\u00f5es flex\u00edveis e definidas | ABstyle","description":"Memory Mousse, espuma espec\u00edfica para cabelos encaracolados, com ondula\u00e7\u00f5es naturais e com permanente, confere densidade e fixa\u00e7\u00e3o de longa dura\u00e7\u00e3o ao cabelo","robots":{"index":"index","follow":"follow","max-snippet":"max-snippet:-1","max-image-preview":"max-image-preview:large","max-video-preview":"max-video-preview:-1"},"canonical":"https:\/\/abstyleitalia.it\/pt-pt\/products\/finishing-styling-pt\/espuma\/memory-mousse-ondulacoes-flexiveis-e-definidas\/","og_locale":"pt_PT","og_type":"article","og_title":"Memory Mousse ondula\u00e7\u00f5es flex\u00edveis e definidas | ABstyle","og_description":"Memory Mousse, espuma espec\u00edfica para cabelos encaracolados, com ondula\u00e7\u00f5es naturais e com permanente, confere densidade e fixa\u00e7\u00e3o de longa dura\u00e7\u00e3o ao cabelo","og_url":"https:\/\/abstyleitalia.it\/pt-pt\/products\/finishing-styling-pt\/espuma\/memory-mousse-ondulacoes-flexiveis-e-definidas\/","og_site_name":"ABstyle","article_modified_time":"2022-05-25T12:43:27+00:00","og_image":[{"width":600,"height":600,"url":"https:\/\/abstyleitalia.it\/wp-content\/uploads\/2015\/09\/32004_abstyle_slash_memory_mousse_300ml-1.png","type":"image\/png"}],"twitter_card":"summary_large_image","twitter_misc":{"Tempo estimado de leitura":"1 minuto"},"schema":{"@context":"https:\/\/schema.org","@graph":[{"@type":"WebPage","@id":"https:\/\/abstyleitalia.it\/pt-pt\/products\/finishing-styling-pt\/espuma\/memory-mousse-ondulacoes-flexiveis-e-definidas\/","url":"https:\/\/abstyleitalia.it\/pt-pt\/products\/finishing-styling-pt\/espuma\/memory-mousse-ondulacoes-flexiveis-e-definidas\/","name":"Memory Mousse ondula\u00e7\u00f5es flex\u00edveis e definidas | ABstyle","isPartOf":{"@id":"https:\/\/abstyleitalia.it\/pt-pt\/#website"},"primaryImageOfPage":{"@id":"https:\/\/abstyleitalia.it\/pt-pt\/products\/finishing-styling-pt\/espuma\/memory-mousse-ondulacoes-flexiveis-e-definidas\/#primaryimage"},"image":{"@id":"https:\/\/abstyleitalia.it\/pt-pt\/products\/finishing-styling-pt\/espuma\/memory-mousse-ondulacoes-flexiveis-e-definidas\/#primaryimage"},"thumbnailUrl":"https:\/\/abstyleitalia.it\/wp-content\/uploads\/2015\/09\/32004_abstyle_slash_memory_mousse_300ml-1.png","datePublished":"2015-09-08T09:34:47+00:00","dateModified":"2022-05-25T12:43:27+00:00","description":"Memory Mousse, espuma espec\u00edfica para cabelos encaracolados, com ondula\u00e7\u00f5es naturais e com permanente, confere densidade e fixa\u00e7\u00e3o de longa dura\u00e7\u00e3o ao cabelo","breadcrumb":{"@id":"https:\/\/abstyleitalia.it\/pt-pt\/products\/finishing-styling-pt\/espuma\/memory-mousse-ondulacoes-flexiveis-e-definidas\/#breadcrumb"},"inLanguage":"pt-PT","potentialAction":[{"@type":"ReadAction","target":["https:\/\/abstyleitalia.it\/pt-pt\/products\/finishing-styling-pt\/espuma\/memory-mousse-ondulacoes-flexiveis-e-definidas\/"]}]},{"@type":"ImageObject","inLanguage":"pt-PT","@id":"https:\/\/abstyleitalia.it\/pt-pt\/products\/finishing-styling-pt\/espuma\/memory-mousse-ondulacoes-flexiveis-e-definidas\/#primaryimage","url":"https:\/\/abstyleitalia.it\/wp-content\/uploads\/2015\/09\/32004_abstyle_slash_memory_mousse_300ml-1.png","contentUrl":"https:\/\/abstyleitalia.it\/wp-content\/uploads\/2015\/09\/32004_abstyle_slash_memory_mousse_300ml-1.png","width":600,"height":600},{"@type":"BreadcrumbList","@id":"https:\/\/abstyleitalia.it\/pt-pt\/products\/finishing-styling-pt\/espuma\/memory-mousse-ondulacoes-flexiveis-e-definidas\/#breadcrumb","itemListElement":[{"@type":"ListItem","position":1,"name":"Home","item":"https:\/\/abstyleitalia.it\/pt-pt\/"},{"@type":"ListItem","position":2,"name":"Produtos","item":"https:\/\/abstyleitalia.it\/pt-pt\/produtos\/"},{"@type":"ListItem","position":3,"name":"Memory Mousse ondula\u00e7\u00f5es flex\u00edveis e definidas"}]},{"@type":"WebSite","@id":"https:\/\/abstyleitalia.it\/pt-pt\/#website","url":"https:\/\/abstyleitalia.it\/pt-pt\/","name":"ABstyle","description":"One more time for you","publisher":{"@id":"https:\/\/abstyleitalia.it\/pt-pt\/#organization"},"potentialAction":[{"@type":"SearchAction","target":{"@type":"EntryPoint","urlTemplate":"https:\/\/abstyleitalia.it\/pt-pt\/?s={search_term_string}"},"query-input":{"@type":"PropertyValueSpecification","valueRequired":true,"valueName":"search_term_string"}}],"inLanguage":"pt-PT"},{"@type":"Organization","@id":"https:\/\/abstyleitalia.it\/pt-pt\/#organization","name":"ABSTYLE","url":"https:\/\/abstyleitalia.it\/pt-pt\/","logo":{"@type":"ImageObject","inLanguage":"pt-PT","@id":"https:\/\/abstyleitalia.it\/pt-pt\/#\/schema\/logo\/image\/","url":"https:\/\/abstyleitalia.it\/wp-content\/uploads\/2017\/11\/ab-style-logo-76x76.png","contentUrl":"https:\/\/abstyleitalia.it\/wp-content\/uploads\/2017\/11\/ab-style-logo-76x76.png","width":76,"height":76,"caption":"ABSTYLE"},"image":{"@id":"https:\/\/abstyleitalia.it\/pt-pt\/#\/schema\/logo\/image\/"}}]}},"_links":{"self":[{"href":"https:\/\/abstyleitalia.it\/pt-pt\/wp-json\/wp\/v2\/product\/3292","targetHints":{"allow":["GET"]}}],"collection":[{"href":"https:\/\/abstyleitalia.it\/pt-pt\/wp-json\/wp\/v2\/product"}],"about":[{"href":"https:\/\/abstyleitalia.it\/pt-pt\/wp-json\/wp\/v2\/types\/product"}],"replies":[{"embeddable":true,"href":"https:\/\/abstyleitalia.it\/pt-pt\/wp-json\/wp\/v2\/comments?post=3292"}],"wp:featuredmedia":[{"embeddable":true,"href":"https:\/\/abstyleitalia.it\/pt-pt\/wp-json\/wp\/v2\/media\/4735"}],"wp:attachment":[{"href":"https:\/\/abstyleitalia.it\/pt-pt\/wp-json\/wp\/v2\/media?parent=3292"}],"wp:term":[{"taxonomy":"product_brand","embeddable":true,"href":"https:\/\/abstyleitalia.it\/pt-pt\/wp-json\/wp\/v2\/product_brand?post=3292"},{"taxonomy":"product_cat","embeddable":true,"href":"https:\/\/abstyleitalia.it\/pt-pt\/wp-json\/wp\/v2\/product_cat?post=3292"},{"taxonomy":"product_tag","embeddable":true,"href":"https:\/\/abstyleitalia.it\/pt-pt\/wp-json\/wp\/v2\/product_tag?post=3292"}],"curies":[{"name":"wp","href":"https:\/\/api.w.org\/{rel}","templated":true}]}}