{"id":3280,"date":"2017-04-12T15:05:49","date_gmt":"2017-04-12T13:05:49","guid":{"rendered":"https:\/\/abstyleitalia.it\/products\/sem categoria\/style-matt-pasta-modeladora-efeito-opaco\/"},"modified":"2017-04-12T15:05:49","modified_gmt":"2017-04-12T13:05:49","slug":"style-matt-pasta-modeladora-efeito-opaco","status":"publish","type":"product","link":"https:\/\/abstyleitalia.it\/pt-pt\/products\/finishing-styling-pt\/cream-wax-pt\/style-matt-pasta-modeladora-efeito-opaco\/","title":{"rendered":"Style Matt &#8211; Pasta modeladora efeito opaco"},"content":{"rendered":"<p class=\"p1\"><b>Define<\/b>, desenvolvendo um styling criativo<\/p>\n<p class=\"p1\">Permite a cria\u00e7\u00e3o de <b>looks vers\u00e1teis e atuais<\/b><\/p>\n<p class=\"p1\">Cria um <b>efeito opaco <\/b>e<b> seco<\/b><\/p>\n<p class=\"p1\"><b>F\u00e1cil <\/b>de trabalhar<\/p>\n","protected":false},"excerpt":{"rendered":"<p class=\"p1\">A <b>pasta modeladora com efeito opaco<\/b> Slash Style Matt favorece um styling criativo, definindo um look atual em poucos gestos. Produto vers\u00e1til e f\u00e1cil de trabalhar, a cera modeladora garante uma fixa\u00e7\u00e3o forte, flex\u00edvel e indicada para criar um <b>efeito opaco e &#8220;seco&#8221;.<\/b><\/p>\n<p class=\"p1\">Formato de 90 ml<\/p>\n","protected":false},"featured_media":4717,"comment_status":"closed","ping_status":"closed","template":"","meta":[],"product_brand":[],"product_cat":[421,420],"product_tag":[],"class_list":{"0":"post-3280","1":"product","2":"type-product","3":"status-publish","4":"has-post-thumbnail","6":"product_cat-cream-wax-pt","7":"product_cat-finishing-styling-pt","8":"description-off","10":"first","11":"instock","12":"shipping-taxable","13":"product-type-simple"},"yoast_head":"<!-- This site is optimized with the Yoast SEO plugin v26.8 - https:\/\/yoast.com\/product\/yoast-seo-wordpress\/ -->\n<title>Style Matt - Pasta modeladora efeito opaco<\/title>\n<meta name=\"description\" content=\"A pasta modeladora com efeito opaco Slash Style Matt favorece um styling criativo, definindo um look atual em poucos gestos.\" \/>\n<meta name=\"robots\" content=\"index, follow, max-snippet:-1, max-image-preview:large, max-video-preview:-1\" \/>\n<link rel=\"canonical\" href=\"https:\/\/abstyleitalia.it\/pt-pt\/products\/finishing-styling-pt\/cream-wax-pt\/style-matt-pasta-modeladora-efeito-opaco\/\" \/>\n<meta property=\"og:locale\" content=\"pt_PT\" \/>\n<meta property=\"og:type\" content=\"article\" \/>\n<meta property=\"og:title\" content=\"Style Matt - Pasta modeladora efeito opaco\" \/>\n<meta property=\"og:description\" content=\"A pasta modeladora com efeito opaco Slash Style Matt favorece um styling criativo, definindo um look atual em poucos gestos.\" \/>\n<meta property=\"og:url\" content=\"https:\/\/abstyleitalia.it\/pt-pt\/products\/finishing-styling-pt\/cream-wax-pt\/style-matt-pasta-modeladora-efeito-opaco\/\" \/>\n<meta property=\"og:site_name\" content=\"ABstyle\" \/>\n<meta property=\"og:image\" content=\"https:\/\/abstyleitalia.it\/wp-content\/uploads\/2017\/04\/33021_abstyle_slash_finish_style_matt-1.png\" \/>\n\t<meta property=\"og:image:width\" content=\"600\" \/>\n\t<meta property=\"og:image:height\" content=\"600\" \/>\n\t<meta property=\"og:image:type\" content=\"image\/png\" \/>\n<meta name=\"twitter:card\" content=\"summary_large_image\" \/>\n<script type=\"application\/ld+json\" class=\"yoast-schema-graph\">{\"@context\":\"https:\/\/schema.org\",\"@graph\":[{\"@type\":\"WebPage\",\"@id\":\"https:\/\/abstyleitalia.it\/pt-pt\/products\/finishing-styling-pt\/cream-wax-pt\/style-matt-pasta-modeladora-efeito-opaco\/\",\"url\":\"https:\/\/abstyleitalia.it\/pt-pt\/products\/finishing-styling-pt\/cream-wax-pt\/style-matt-pasta-modeladora-efeito-opaco\/\",\"name\":\"Style Matt - Pasta modeladora efeito opaco\",\"isPartOf\":{\"@id\":\"https:\/\/abstyleitalia.it\/pt-pt\/#website\"},\"primaryImageOfPage\":{\"@id\":\"https:\/\/abstyleitalia.it\/pt-pt\/products\/finishing-styling-pt\/cream-wax-pt\/style-matt-pasta-modeladora-efeito-opaco\/#primaryimage\"},\"image\":{\"@id\":\"https:\/\/abstyleitalia.it\/pt-pt\/products\/finishing-styling-pt\/cream-wax-pt\/style-matt-pasta-modeladora-efeito-opaco\/#primaryimage\"},\"thumbnailUrl\":\"https:\/\/abstyleitalia.it\/wp-content\/uploads\/2017\/04\/33021_abstyle_slash_finish_style_matt-1.png\",\"datePublished\":\"2017-04-12T13:05:49+00:00\",\"description\":\"A pasta modeladora com efeito opaco Slash Style Matt favorece um styling criativo, definindo um look atual em poucos gestos.\",\"breadcrumb\":{\"@id\":\"https:\/\/abstyleitalia.it\/pt-pt\/products\/finishing-styling-pt\/cream-wax-pt\/style-matt-pasta-modeladora-efeito-opaco\/#breadcrumb\"},\"inLanguage\":\"pt-PT\",\"potentialAction\":[{\"@type\":\"ReadAction\",\"target\":[\"https:\/\/abstyleitalia.it\/pt-pt\/products\/finishing-styling-pt\/cream-wax-pt\/style-matt-pasta-modeladora-efeito-opaco\/\"]}]},{\"@type\":\"ImageObject\",\"inLanguage\":\"pt-PT\",\"@id\":\"https:\/\/abstyleitalia.it\/pt-pt\/products\/finishing-styling-pt\/cream-wax-pt\/style-matt-pasta-modeladora-efeito-opaco\/#primaryimage\",\"url\":\"https:\/\/abstyleitalia.it\/wp-content\/uploads\/2017\/04\/33021_abstyle_slash_finish_style_matt-1.png\",\"contentUrl\":\"https:\/\/abstyleitalia.it\/wp-content\/uploads\/2017\/04\/33021_abstyle_slash_finish_style_matt-1.png\",\"width\":600,\"height\":600},{\"@type\":\"BreadcrumbList\",\"@id\":\"https:\/\/abstyleitalia.it\/pt-pt\/products\/finishing-styling-pt\/cream-wax-pt\/style-matt-pasta-modeladora-efeito-opaco\/#breadcrumb\",\"itemListElement\":[{\"@type\":\"ListItem\",\"position\":1,\"name\":\"Home\",\"item\":\"https:\/\/abstyleitalia.it\/pt-pt\/\"},{\"@type\":\"ListItem\",\"position\":2,\"name\":\"Produtos\",\"item\":\"https:\/\/abstyleitalia.it\/pt-pt\/produtos\/\"},{\"@type\":\"ListItem\",\"position\":3,\"name\":\"Style Matt &#8211; Pasta modeladora efeito opaco\"}]},{\"@type\":\"WebSite\",\"@id\":\"https:\/\/abstyleitalia.it\/pt-pt\/#website\",\"url\":\"https:\/\/abstyleitalia.it\/pt-pt\/\",\"name\":\"ABstyle\",\"description\":\"One more time for you\",\"publisher\":{\"@id\":\"https:\/\/abstyleitalia.it\/pt-pt\/#organization\"},\"potentialAction\":[{\"@type\":\"SearchAction\",\"target\":{\"@type\":\"EntryPoint\",\"urlTemplate\":\"https:\/\/abstyleitalia.it\/pt-pt\/?s={search_term_string}\"},\"query-input\":{\"@type\":\"PropertyValueSpecification\",\"valueRequired\":true,\"valueName\":\"search_term_string\"}}],\"inLanguage\":\"pt-PT\"},{\"@type\":\"Organization\",\"@id\":\"https:\/\/abstyleitalia.it\/pt-pt\/#organization\",\"name\":\"ABSTYLE\",\"url\":\"https:\/\/abstyleitalia.it\/pt-pt\/\",\"logo\":{\"@type\":\"ImageObject\",\"inLanguage\":\"pt-PT\",\"@id\":\"https:\/\/abstyleitalia.it\/pt-pt\/#\/schema\/logo\/image\/\",\"url\":\"https:\/\/abstyleitalia.it\/wp-content\/uploads\/2017\/11\/ab-style-logo-76x76.png\",\"contentUrl\":\"https:\/\/abstyleitalia.it\/wp-content\/uploads\/2017\/11\/ab-style-logo-76x76.png\",\"width\":76,\"height\":76,\"caption\":\"ABSTYLE\"},\"image\":{\"@id\":\"https:\/\/abstyleitalia.it\/pt-pt\/#\/schema\/logo\/image\/\"}}]}<\/script>\n<!-- \/ Yoast SEO plugin. -->","yoast_head_json":{"title":"Style Matt - Pasta modeladora efeito opaco","description":"A pasta modeladora com efeito opaco Slash Style Matt favorece um styling criativo, definindo um look atual em poucos gestos.","robots":{"index":"index","follow":"follow","max-snippet":"max-snippet:-1","max-image-preview":"max-image-preview:large","max-video-preview":"max-video-preview:-1"},"canonical":"https:\/\/abstyleitalia.it\/pt-pt\/products\/finishing-styling-pt\/cream-wax-pt\/style-matt-pasta-modeladora-efeito-opaco\/","og_locale":"pt_PT","og_type":"article","og_title":"Style Matt - Pasta modeladora efeito opaco","og_description":"A pasta modeladora com efeito opaco Slash Style Matt favorece um styling criativo, definindo um look atual em poucos gestos.","og_url":"https:\/\/abstyleitalia.it\/pt-pt\/products\/finishing-styling-pt\/cream-wax-pt\/style-matt-pasta-modeladora-efeito-opaco\/","og_site_name":"ABstyle","og_image":[{"width":600,"height":600,"url":"https:\/\/abstyleitalia.it\/wp-content\/uploads\/2017\/04\/33021_abstyle_slash_finish_style_matt-1.png","type":"image\/png"}],"twitter_card":"summary_large_image","schema":{"@context":"https:\/\/schema.org","@graph":[{"@type":"WebPage","@id":"https:\/\/abstyleitalia.it\/pt-pt\/products\/finishing-styling-pt\/cream-wax-pt\/style-matt-pasta-modeladora-efeito-opaco\/","url":"https:\/\/abstyleitalia.it\/pt-pt\/products\/finishing-styling-pt\/cream-wax-pt\/style-matt-pasta-modeladora-efeito-opaco\/","name":"Style Matt - Pasta modeladora efeito opaco","isPartOf":{"@id":"https:\/\/abstyleitalia.it\/pt-pt\/#website"},"primaryImageOfPage":{"@id":"https:\/\/abstyleitalia.it\/pt-pt\/products\/finishing-styling-pt\/cream-wax-pt\/style-matt-pasta-modeladora-efeito-opaco\/#primaryimage"},"image":{"@id":"https:\/\/abstyleitalia.it\/pt-pt\/products\/finishing-styling-pt\/cream-wax-pt\/style-matt-pasta-modeladora-efeito-opaco\/#primaryimage"},"thumbnailUrl":"https:\/\/abstyleitalia.it\/wp-content\/uploads\/2017\/04\/33021_abstyle_slash_finish_style_matt-1.png","datePublished":"2017-04-12T13:05:49+00:00","description":"A pasta modeladora com efeito opaco Slash Style Matt favorece um styling criativo, definindo um look atual em poucos gestos.","breadcrumb":{"@id":"https:\/\/abstyleitalia.it\/pt-pt\/products\/finishing-styling-pt\/cream-wax-pt\/style-matt-pasta-modeladora-efeito-opaco\/#breadcrumb"},"inLanguage":"pt-PT","potentialAction":[{"@type":"ReadAction","target":["https:\/\/abstyleitalia.it\/pt-pt\/products\/finishing-styling-pt\/cream-wax-pt\/style-matt-pasta-modeladora-efeito-opaco\/"]}]},{"@type":"ImageObject","inLanguage":"pt-PT","@id":"https:\/\/abstyleitalia.it\/pt-pt\/products\/finishing-styling-pt\/cream-wax-pt\/style-matt-pasta-modeladora-efeito-opaco\/#primaryimage","url":"https:\/\/abstyleitalia.it\/wp-content\/uploads\/2017\/04\/33021_abstyle_slash_finish_style_matt-1.png","contentUrl":"https:\/\/abstyleitalia.it\/wp-content\/uploads\/2017\/04\/33021_abstyle_slash_finish_style_matt-1.png","width":600,"height":600},{"@type":"BreadcrumbList","@id":"https:\/\/abstyleitalia.it\/pt-pt\/products\/finishing-styling-pt\/cream-wax-pt\/style-matt-pasta-modeladora-efeito-opaco\/#breadcrumb","itemListElement":[{"@type":"ListItem","position":1,"name":"Home","item":"https:\/\/abstyleitalia.it\/pt-pt\/"},{"@type":"ListItem","position":2,"name":"Produtos","item":"https:\/\/abstyleitalia.it\/pt-pt\/produtos\/"},{"@type":"ListItem","position":3,"name":"Style Matt &#8211; Pasta modeladora efeito opaco"}]},{"@type":"WebSite","@id":"https:\/\/abstyleitalia.it\/pt-pt\/#website","url":"https:\/\/abstyleitalia.it\/pt-pt\/","name":"ABstyle","description":"One more time for you","publisher":{"@id":"https:\/\/abstyleitalia.it\/pt-pt\/#organization"},"potentialAction":[{"@type":"SearchAction","target":{"@type":"EntryPoint","urlTemplate":"https:\/\/abstyleitalia.it\/pt-pt\/?s={search_term_string}"},"query-input":{"@type":"PropertyValueSpecification","valueRequired":true,"valueName":"search_term_string"}}],"inLanguage":"pt-PT"},{"@type":"Organization","@id":"https:\/\/abstyleitalia.it\/pt-pt\/#organization","name":"ABSTYLE","url":"https:\/\/abstyleitalia.it\/pt-pt\/","logo":{"@type":"ImageObject","inLanguage":"pt-PT","@id":"https:\/\/abstyleitalia.it\/pt-pt\/#\/schema\/logo\/image\/","url":"https:\/\/abstyleitalia.it\/wp-content\/uploads\/2017\/11\/ab-style-logo-76x76.png","contentUrl":"https:\/\/abstyleitalia.it\/wp-content\/uploads\/2017\/11\/ab-style-logo-76x76.png","width":76,"height":76,"caption":"ABSTYLE"},"image":{"@id":"https:\/\/abstyleitalia.it\/pt-pt\/#\/schema\/logo\/image\/"}}]}},"_links":{"self":[{"href":"https:\/\/abstyleitalia.it\/pt-pt\/wp-json\/wp\/v2\/product\/3280","targetHints":{"allow":["GET"]}}],"collection":[{"href":"https:\/\/abstyleitalia.it\/pt-pt\/wp-json\/wp\/v2\/product"}],"about":[{"href":"https:\/\/abstyleitalia.it\/pt-pt\/wp-json\/wp\/v2\/types\/product"}],"replies":[{"embeddable":true,"href":"https:\/\/abstyleitalia.it\/pt-pt\/wp-json\/wp\/v2\/comments?post=3280"}],"wp:featuredmedia":[{"embeddable":true,"href":"https:\/\/abstyleitalia.it\/pt-pt\/wp-json\/wp\/v2\/media\/4717"}],"wp:attachment":[{"href":"https:\/\/abstyleitalia.it\/pt-pt\/wp-json\/wp\/v2\/media?parent=3280"}],"wp:term":[{"taxonomy":"product_brand","embeddable":true,"href":"https:\/\/abstyleitalia.it\/pt-pt\/wp-json\/wp\/v2\/product_brand?post=3280"},{"taxonomy":"product_cat","embeddable":true,"href":"https:\/\/abstyleitalia.it\/pt-pt\/wp-json\/wp\/v2\/product_cat?post=3280"},{"taxonomy":"product_tag","embeddable":true,"href":"https:\/\/abstyleitalia.it\/pt-pt\/wp-json\/wp\/v2\/product_tag?post=3280"}],"curies":[{"name":"wp","href":"https:\/\/api.w.org\/{rel}","templated":true}]}}