{"id":3278,"date":"2018-03-16T12:11:42","date_gmt":"2018-03-16T11:11:42","guid":{"rendered":"https:\/\/abstyleitalia.it\/products\/sem%20categoria\/full-dust-po-volumizador\/"},"modified":"2021-05-13T10:09:44","modified_gmt":"2021-05-13T08:09:44","slug":"full-dust-po-volumizador","status":"publish","type":"product","link":"https:\/\/abstyleitalia.it\/pt-pt\/products\/finishing-styling-pt\/cream-wax-pt\/full-dust-po-volumizador\/","title":{"rendered":"Full Dust &#8211; P\u00f3 volumizador"},"content":{"rendered":"<p class=\"p1\">Ideal para <b>texturizar <\/b>e dar<b> volume<\/b> aos cabelos<\/p>\n<p class=\"p1\"><b>Efeito densificante<\/b> de longa dura\u00e7\u00e3o<\/p>\n<p class=\"p1\"><b>Aplica-se <\/b>facilmente nas ra\u00edzes<\/p>\n","protected":false},"excerpt":{"rendered":"<p class=\"p1\">Como dar um <b>volume m\u00e1ximo aos seus cabelos<\/b>? Gra\u00e7as ao <b>p\u00f3 volumizador Slash Full Dust<\/b>, pode criar <b>looks texturizantes<\/b> mas naturais: volume e densidade de longa dura\u00e7\u00e3o, fixa\u00e7\u00e3o estrutural intensa ao cabelo. Agite delicadamente o frasco e distribua uma pequena quantidade de p\u00f3 diretamente nas <b>raizes<\/b> para levant\u00e1-las e <b>dar volume ao cabelo<\/b>.<span class=\"Apple-converted-space\">\u00a0<\/span><\/p>\n<p class=\"p1\">Frasco de 7 g<\/p>\n","protected":false},"featured_media":4705,"comment_status":"closed","ping_status":"closed","template":"","meta":[],"product_brand":[],"product_cat":[421,420],"product_tag":[],"class_list":{"0":"post-3278","1":"product","2":"type-product","3":"status-publish","4":"has-post-thumbnail","6":"product_cat-cream-wax-pt","7":"product_cat-finishing-styling-pt","8":"description-off","10":"first","11":"instock","12":"shipping-taxable","13":"product-type-simple"},"yoast_head":"<!-- This site is optimized with the Yoast SEO plugin v26.8 - https:\/\/yoast.com\/product\/yoast-seo-wordpress\/ -->\n<title>Full Dust - P\u00f3 volumizador<\/title>\n<meta name=\"description\" content=\"Como dar um volume m\u00e1ximo aos seus cabelos? Gra\u00e7as ao p\u00f3 volumizador Full Dust, pode criar looks texturizantes mas naturais.\" \/>\n<meta name=\"robots\" content=\"index, follow, max-snippet:-1, max-image-preview:large, max-video-preview:-1\" \/>\n<link rel=\"canonical\" href=\"https:\/\/abstyleitalia.it\/pt-pt\/products\/finishing-styling-pt\/cream-wax-pt\/full-dust-po-volumizador\/\" \/>\n<meta property=\"og:locale\" content=\"pt_PT\" \/>\n<meta property=\"og:type\" content=\"article\" \/>\n<meta property=\"og:title\" content=\"Full Dust - P\u00f3 volumizador\" \/>\n<meta property=\"og:description\" content=\"Como dar um volume m\u00e1ximo aos seus cabelos? Gra\u00e7as ao p\u00f3 volumizador Full Dust, pode criar looks texturizantes mas naturais.\" \/>\n<meta property=\"og:url\" content=\"https:\/\/abstyleitalia.it\/pt-pt\/products\/finishing-styling-pt\/cream-wax-pt\/full-dust-po-volumizador\/\" \/>\n<meta property=\"og:site_name\" content=\"ABstyle\" \/>\n<meta property=\"article:modified_time\" content=\"2021-05-13T08:09:44+00:00\" \/>\n<meta property=\"og:image\" content=\"https:\/\/abstyleitalia.it\/wp-content\/uploads\/2018\/03\/33032_abstyle_slash_full_dust_hair_volume_powder_7gr.png\" \/>\n\t<meta property=\"og:image:width\" content=\"600\" \/>\n\t<meta property=\"og:image:height\" content=\"600\" \/>\n\t<meta property=\"og:image:type\" content=\"image\/png\" \/>\n<meta name=\"twitter:card\" content=\"summary_large_image\" \/>\n<script type=\"application\/ld+json\" class=\"yoast-schema-graph\">{\"@context\":\"https:\/\/schema.org\",\"@graph\":[{\"@type\":\"WebPage\",\"@id\":\"https:\/\/abstyleitalia.it\/pt-pt\/products\/finishing-styling-pt\/cream-wax-pt\/full-dust-po-volumizador\/\",\"url\":\"https:\/\/abstyleitalia.it\/pt-pt\/products\/finishing-styling-pt\/cream-wax-pt\/full-dust-po-volumizador\/\",\"name\":\"Full Dust - P\u00f3 volumizador\",\"isPartOf\":{\"@id\":\"https:\/\/abstyleitalia.it\/pt-pt\/#website\"},\"primaryImageOfPage\":{\"@id\":\"https:\/\/abstyleitalia.it\/pt-pt\/products\/finishing-styling-pt\/cream-wax-pt\/full-dust-po-volumizador\/#primaryimage\"},\"image\":{\"@id\":\"https:\/\/abstyleitalia.it\/pt-pt\/products\/finishing-styling-pt\/cream-wax-pt\/full-dust-po-volumizador\/#primaryimage\"},\"thumbnailUrl\":\"https:\/\/abstyleitalia.it\/wp-content\/uploads\/2018\/03\/33032_abstyle_slash_full_dust_hair_volume_powder_7gr.png\",\"datePublished\":\"2018-03-16T11:11:42+00:00\",\"dateModified\":\"2021-05-13T08:09:44+00:00\",\"description\":\"Como dar um volume m\u00e1ximo aos seus cabelos? Gra\u00e7as ao p\u00f3 volumizador Full Dust, pode criar looks texturizantes mas naturais.\",\"breadcrumb\":{\"@id\":\"https:\/\/abstyleitalia.it\/pt-pt\/products\/finishing-styling-pt\/cream-wax-pt\/full-dust-po-volumizador\/#breadcrumb\"},\"inLanguage\":\"pt-PT\",\"potentialAction\":[{\"@type\":\"ReadAction\",\"target\":[\"https:\/\/abstyleitalia.it\/pt-pt\/products\/finishing-styling-pt\/cream-wax-pt\/full-dust-po-volumizador\/\"]}]},{\"@type\":\"ImageObject\",\"inLanguage\":\"pt-PT\",\"@id\":\"https:\/\/abstyleitalia.it\/pt-pt\/products\/finishing-styling-pt\/cream-wax-pt\/full-dust-po-volumizador\/#primaryimage\",\"url\":\"https:\/\/abstyleitalia.it\/wp-content\/uploads\/2018\/03\/33032_abstyle_slash_full_dust_hair_volume_powder_7gr.png\",\"contentUrl\":\"https:\/\/abstyleitalia.it\/wp-content\/uploads\/2018\/03\/33032_abstyle_slash_full_dust_hair_volume_powder_7gr.png\",\"width\":600,\"height\":600},{\"@type\":\"BreadcrumbList\",\"@id\":\"https:\/\/abstyleitalia.it\/pt-pt\/products\/finishing-styling-pt\/cream-wax-pt\/full-dust-po-volumizador\/#breadcrumb\",\"itemListElement\":[{\"@type\":\"ListItem\",\"position\":1,\"name\":\"Home\",\"item\":\"https:\/\/abstyleitalia.it\/pt-pt\/\"},{\"@type\":\"ListItem\",\"position\":2,\"name\":\"Produtos\",\"item\":\"https:\/\/abstyleitalia.it\/pt-pt\/produtos\/\"},{\"@type\":\"ListItem\",\"position\":3,\"name\":\"Full Dust &#8211; P\u00f3 volumizador\"}]},{\"@type\":\"WebSite\",\"@id\":\"https:\/\/abstyleitalia.it\/pt-pt\/#website\",\"url\":\"https:\/\/abstyleitalia.it\/pt-pt\/\",\"name\":\"ABstyle\",\"description\":\"One more time for you\",\"publisher\":{\"@id\":\"https:\/\/abstyleitalia.it\/pt-pt\/#organization\"},\"potentialAction\":[{\"@type\":\"SearchAction\",\"target\":{\"@type\":\"EntryPoint\",\"urlTemplate\":\"https:\/\/abstyleitalia.it\/pt-pt\/?s={search_term_string}\"},\"query-input\":{\"@type\":\"PropertyValueSpecification\",\"valueRequired\":true,\"valueName\":\"search_term_string\"}}],\"inLanguage\":\"pt-PT\"},{\"@type\":\"Organization\",\"@id\":\"https:\/\/abstyleitalia.it\/pt-pt\/#organization\",\"name\":\"ABSTYLE\",\"url\":\"https:\/\/abstyleitalia.it\/pt-pt\/\",\"logo\":{\"@type\":\"ImageObject\",\"inLanguage\":\"pt-PT\",\"@id\":\"https:\/\/abstyleitalia.it\/pt-pt\/#\/schema\/logo\/image\/\",\"url\":\"https:\/\/abstyleitalia.it\/wp-content\/uploads\/2017\/11\/ab-style-logo-76x76.png\",\"contentUrl\":\"https:\/\/abstyleitalia.it\/wp-content\/uploads\/2017\/11\/ab-style-logo-76x76.png\",\"width\":76,\"height\":76,\"caption\":\"ABSTYLE\"},\"image\":{\"@id\":\"https:\/\/abstyleitalia.it\/pt-pt\/#\/schema\/logo\/image\/\"}}]}<\/script>\n<!-- \/ Yoast SEO plugin. -->","yoast_head_json":{"title":"Full Dust - P\u00f3 volumizador","description":"Como dar um volume m\u00e1ximo aos seus cabelos? Gra\u00e7as ao p\u00f3 volumizador Full Dust, pode criar looks texturizantes mas naturais.","robots":{"index":"index","follow":"follow","max-snippet":"max-snippet:-1","max-image-preview":"max-image-preview:large","max-video-preview":"max-video-preview:-1"},"canonical":"https:\/\/abstyleitalia.it\/pt-pt\/products\/finishing-styling-pt\/cream-wax-pt\/full-dust-po-volumizador\/","og_locale":"pt_PT","og_type":"article","og_title":"Full Dust - P\u00f3 volumizador","og_description":"Como dar um volume m\u00e1ximo aos seus cabelos? Gra\u00e7as ao p\u00f3 volumizador Full Dust, pode criar looks texturizantes mas naturais.","og_url":"https:\/\/abstyleitalia.it\/pt-pt\/products\/finishing-styling-pt\/cream-wax-pt\/full-dust-po-volumizador\/","og_site_name":"ABstyle","article_modified_time":"2021-05-13T08:09:44+00:00","og_image":[{"width":600,"height":600,"url":"https:\/\/abstyleitalia.it\/wp-content\/uploads\/2018\/03\/33032_abstyle_slash_full_dust_hair_volume_powder_7gr.png","type":"image\/png"}],"twitter_card":"summary_large_image","schema":{"@context":"https:\/\/schema.org","@graph":[{"@type":"WebPage","@id":"https:\/\/abstyleitalia.it\/pt-pt\/products\/finishing-styling-pt\/cream-wax-pt\/full-dust-po-volumizador\/","url":"https:\/\/abstyleitalia.it\/pt-pt\/products\/finishing-styling-pt\/cream-wax-pt\/full-dust-po-volumizador\/","name":"Full Dust - P\u00f3 volumizador","isPartOf":{"@id":"https:\/\/abstyleitalia.it\/pt-pt\/#website"},"primaryImageOfPage":{"@id":"https:\/\/abstyleitalia.it\/pt-pt\/products\/finishing-styling-pt\/cream-wax-pt\/full-dust-po-volumizador\/#primaryimage"},"image":{"@id":"https:\/\/abstyleitalia.it\/pt-pt\/products\/finishing-styling-pt\/cream-wax-pt\/full-dust-po-volumizador\/#primaryimage"},"thumbnailUrl":"https:\/\/abstyleitalia.it\/wp-content\/uploads\/2018\/03\/33032_abstyle_slash_full_dust_hair_volume_powder_7gr.png","datePublished":"2018-03-16T11:11:42+00:00","dateModified":"2021-05-13T08:09:44+00:00","description":"Como dar um volume m\u00e1ximo aos seus cabelos? Gra\u00e7as ao p\u00f3 volumizador Full Dust, pode criar looks texturizantes mas naturais.","breadcrumb":{"@id":"https:\/\/abstyleitalia.it\/pt-pt\/products\/finishing-styling-pt\/cream-wax-pt\/full-dust-po-volumizador\/#breadcrumb"},"inLanguage":"pt-PT","potentialAction":[{"@type":"ReadAction","target":["https:\/\/abstyleitalia.it\/pt-pt\/products\/finishing-styling-pt\/cream-wax-pt\/full-dust-po-volumizador\/"]}]},{"@type":"ImageObject","inLanguage":"pt-PT","@id":"https:\/\/abstyleitalia.it\/pt-pt\/products\/finishing-styling-pt\/cream-wax-pt\/full-dust-po-volumizador\/#primaryimage","url":"https:\/\/abstyleitalia.it\/wp-content\/uploads\/2018\/03\/33032_abstyle_slash_full_dust_hair_volume_powder_7gr.png","contentUrl":"https:\/\/abstyleitalia.it\/wp-content\/uploads\/2018\/03\/33032_abstyle_slash_full_dust_hair_volume_powder_7gr.png","width":600,"height":600},{"@type":"BreadcrumbList","@id":"https:\/\/abstyleitalia.it\/pt-pt\/products\/finishing-styling-pt\/cream-wax-pt\/full-dust-po-volumizador\/#breadcrumb","itemListElement":[{"@type":"ListItem","position":1,"name":"Home","item":"https:\/\/abstyleitalia.it\/pt-pt\/"},{"@type":"ListItem","position":2,"name":"Produtos","item":"https:\/\/abstyleitalia.it\/pt-pt\/produtos\/"},{"@type":"ListItem","position":3,"name":"Full Dust &#8211; P\u00f3 volumizador"}]},{"@type":"WebSite","@id":"https:\/\/abstyleitalia.it\/pt-pt\/#website","url":"https:\/\/abstyleitalia.it\/pt-pt\/","name":"ABstyle","description":"One more time for you","publisher":{"@id":"https:\/\/abstyleitalia.it\/pt-pt\/#organization"},"potentialAction":[{"@type":"SearchAction","target":{"@type":"EntryPoint","urlTemplate":"https:\/\/abstyleitalia.it\/pt-pt\/?s={search_term_string}"},"query-input":{"@type":"PropertyValueSpecification","valueRequired":true,"valueName":"search_term_string"}}],"inLanguage":"pt-PT"},{"@type":"Organization","@id":"https:\/\/abstyleitalia.it\/pt-pt\/#organization","name":"ABSTYLE","url":"https:\/\/abstyleitalia.it\/pt-pt\/","logo":{"@type":"ImageObject","inLanguage":"pt-PT","@id":"https:\/\/abstyleitalia.it\/pt-pt\/#\/schema\/logo\/image\/","url":"https:\/\/abstyleitalia.it\/wp-content\/uploads\/2017\/11\/ab-style-logo-76x76.png","contentUrl":"https:\/\/abstyleitalia.it\/wp-content\/uploads\/2017\/11\/ab-style-logo-76x76.png","width":76,"height":76,"caption":"ABSTYLE"},"image":{"@id":"https:\/\/abstyleitalia.it\/pt-pt\/#\/schema\/logo\/image\/"}}]}},"_links":{"self":[{"href":"https:\/\/abstyleitalia.it\/pt-pt\/wp-json\/wp\/v2\/product\/3278","targetHints":{"allow":["GET"]}}],"collection":[{"href":"https:\/\/abstyleitalia.it\/pt-pt\/wp-json\/wp\/v2\/product"}],"about":[{"href":"https:\/\/abstyleitalia.it\/pt-pt\/wp-json\/wp\/v2\/types\/product"}],"replies":[{"embeddable":true,"href":"https:\/\/abstyleitalia.it\/pt-pt\/wp-json\/wp\/v2\/comments?post=3278"}],"wp:featuredmedia":[{"embeddable":true,"href":"https:\/\/abstyleitalia.it\/pt-pt\/wp-json\/wp\/v2\/media\/4705"}],"wp:attachment":[{"href":"https:\/\/abstyleitalia.it\/pt-pt\/wp-json\/wp\/v2\/media?parent=3278"}],"wp:term":[{"taxonomy":"product_brand","embeddable":true,"href":"https:\/\/abstyleitalia.it\/pt-pt\/wp-json\/wp\/v2\/product_brand?post=3278"},{"taxonomy":"product_cat","embeddable":true,"href":"https:\/\/abstyleitalia.it\/pt-pt\/wp-json\/wp\/v2\/product_cat?post=3278"},{"taxonomy":"product_tag","embeddable":true,"href":"https:\/\/abstyleitalia.it\/pt-pt\/wp-json\/wp\/v2\/product_tag?post=3278"}],"curies":[{"name":"wp","href":"https:\/\/api.w.org\/{rel}","templated":true}]}}