{"id":3277,"date":"2015-09-08T11:40:05","date_gmt":"2015-09-08T09:40:05","guid":{"rendered":"https:\/\/abstyleitalia.it\/products\/sem%20categoria\/pure-intensive-champo-energizante-para-cabelos-enfraquecidos\/"},"modified":"2022-05-25T16:30:33","modified_gmt":"2022-05-25T14:30:33","slug":"pure-intensive-champo-energizante-para-cabelos-enfraquecidos","status":"publish","type":"product","link":"https:\/\/abstyleitalia.it\/pt-pt\/products\/treatments-pt\/pure-intensive-pt\/pure-intensive-champo-energizante-para-cabelos-enfraquecidos\/","title":{"rendered":"Pure Intensive &#8211; Champ\u00f4 energizante para cabelos enfraquecidos"},"content":{"rendered":"<p class=\"p1\"><b>Coadjuvante<\/b> antiqueda<span class=\"Apple-converted-space\">\u00a0<\/span><\/p>\n<p class=\"p1\"><b>Melhora<\/b> a microcircula\u00e7\u00e3o perif\u00e9rica<\/p>\n<p class=\"p1\"><b>Oxigena<\/b> o bulbo piloso<\/p>\n<p class=\"p1\">Fortalece a fibra dos <b>cabelos enfraquecidos<\/b><\/p>\n","protected":false},"excerpt":{"rendered":"<p class=\"p1\">O <b>champ\u00f4 energizante<\/b> Pure Intensive, combinado com a aplica\u00e7\u00e3o da lo\u00e7\u00e3o, fortalece a fibra capilar, prolongando o ciclo de vida dos cabelos enfraquecidos: a sua formula\u00e7\u00e3o exclusiva oferece uma <b>limipeza delicada<\/b> do cabelo e do couro cabeludo, melhorando simultaneamente a microcircula\u00e7\u00e3o perif\u00e9rica. Garante uma maior <b>oxigena\u00e7\u00e3o<\/b> do bulbo piloso.<span class=\"Apple-converted-space\">\u00a0<\/span><\/p>\n<p class=\"p1\">Formato de 300 ml<\/p>\n","protected":false},"featured_media":4101,"comment_status":"closed","ping_status":"closed","template":"","meta":[],"product_brand":[],"product_cat":[434,430],"product_tag":[],"class_list":{"0":"post-3277","1":"product","2":"type-product","3":"status-publish","4":"has-post-thumbnail","6":"product_cat-pure-intensive-pt","7":"product_cat-treatments-pt","8":"description-off","10":"first","11":"instock","12":"shipping-taxable","13":"product-type-simple"},"yoast_head":"<!-- This site is optimized with the Yoast SEO plugin v26.8 - https:\/\/yoast.com\/product\/yoast-seo-wordpress\/ -->\n<title>Pure Intensive - Champ\u00f4 energizante para cabelos enfraquecidos | ABstyle<\/title>\n<meta name=\"description\" content=\"O champ\u00f4 energizante Pure Intensive, combinado com a aplica\u00e7\u00e3o da lo\u00e7\u00e3o, fortalece a fibra capilar, prolongando o ciclo de vida dos cabelos enfraquecidos\" \/>\n<meta name=\"robots\" content=\"index, follow, max-snippet:-1, max-image-preview:large, max-video-preview:-1\" \/>\n<link rel=\"canonical\" href=\"https:\/\/abstyleitalia.it\/pt-pt\/products\/treatments-pt\/pure-intensive-pt\/pure-intensive-champo-energizante-para-cabelos-enfraquecidos\/\" \/>\n<meta property=\"og:locale\" content=\"pt_PT\" \/>\n<meta property=\"og:type\" content=\"article\" \/>\n<meta property=\"og:title\" content=\"Pure Intensive - Champ\u00f4 energizante para cabelos enfraquecidos | ABstyle\" \/>\n<meta property=\"og:description\" content=\"O champ\u00f4 energizante Pure Intensive, combinado com a aplica\u00e7\u00e3o da lo\u00e7\u00e3o, fortalece a fibra capilar, prolongando o ciclo de vida dos cabelos enfraquecidos\" \/>\n<meta property=\"og:url\" content=\"https:\/\/abstyleitalia.it\/pt-pt\/products\/treatments-pt\/pure-intensive-pt\/pure-intensive-champo-energizante-para-cabelos-enfraquecidos\/\" \/>\n<meta property=\"og:site_name\" content=\"ABstyle\" \/>\n<meta property=\"article:modified_time\" content=\"2022-05-25T14:30:33+00:00\" \/>\n<meta property=\"og:image\" content=\"https:\/\/abstyleitalia.it\/wp-content\/uploads\/2015\/09\/32012_abstyle_pure_intensive_shampoo_300ml.png\" \/>\n\t<meta property=\"og:image:width\" content=\"600\" \/>\n\t<meta property=\"og:image:height\" content=\"600\" \/>\n\t<meta property=\"og:image:type\" content=\"image\/png\" \/>\n<meta name=\"twitter:card\" content=\"summary_large_image\" \/>\n<script type=\"application\/ld+json\" class=\"yoast-schema-graph\">{\"@context\":\"https:\/\/schema.org\",\"@graph\":[{\"@type\":\"WebPage\",\"@id\":\"https:\/\/abstyleitalia.it\/pt-pt\/products\/treatments-pt\/pure-intensive-pt\/pure-intensive-champo-energizante-para-cabelos-enfraquecidos\/\",\"url\":\"https:\/\/abstyleitalia.it\/pt-pt\/products\/treatments-pt\/pure-intensive-pt\/pure-intensive-champo-energizante-para-cabelos-enfraquecidos\/\",\"name\":\"Pure Intensive - Champ\u00f4 energizante para cabelos enfraquecidos | ABstyle\",\"isPartOf\":{\"@id\":\"https:\/\/abstyleitalia.it\/pt-pt\/#website\"},\"primaryImageOfPage\":{\"@id\":\"https:\/\/abstyleitalia.it\/pt-pt\/products\/treatments-pt\/pure-intensive-pt\/pure-intensive-champo-energizante-para-cabelos-enfraquecidos\/#primaryimage\"},\"image\":{\"@id\":\"https:\/\/abstyleitalia.it\/pt-pt\/products\/treatments-pt\/pure-intensive-pt\/pure-intensive-champo-energizante-para-cabelos-enfraquecidos\/#primaryimage\"},\"thumbnailUrl\":\"https:\/\/abstyleitalia.it\/wp-content\/uploads\/2015\/09\/32012_abstyle_pure_intensive_shampoo_300ml.png\",\"datePublished\":\"2015-09-08T09:40:05+00:00\",\"dateModified\":\"2022-05-25T14:30:33+00:00\",\"description\":\"O champ\u00f4 energizante Pure Intensive, combinado com a aplica\u00e7\u00e3o da lo\u00e7\u00e3o, fortalece a fibra capilar, prolongando o ciclo de vida dos cabelos enfraquecidos\",\"breadcrumb\":{\"@id\":\"https:\/\/abstyleitalia.it\/pt-pt\/products\/treatments-pt\/pure-intensive-pt\/pure-intensive-champo-energizante-para-cabelos-enfraquecidos\/#breadcrumb\"},\"inLanguage\":\"pt-PT\",\"potentialAction\":[{\"@type\":\"ReadAction\",\"target\":[\"https:\/\/abstyleitalia.it\/pt-pt\/products\/treatments-pt\/pure-intensive-pt\/pure-intensive-champo-energizante-para-cabelos-enfraquecidos\/\"]}]},{\"@type\":\"ImageObject\",\"inLanguage\":\"pt-PT\",\"@id\":\"https:\/\/abstyleitalia.it\/pt-pt\/products\/treatments-pt\/pure-intensive-pt\/pure-intensive-champo-energizante-para-cabelos-enfraquecidos\/#primaryimage\",\"url\":\"https:\/\/abstyleitalia.it\/wp-content\/uploads\/2015\/09\/32012_abstyle_pure_intensive_shampoo_300ml.png\",\"contentUrl\":\"https:\/\/abstyleitalia.it\/wp-content\/uploads\/2015\/09\/32012_abstyle_pure_intensive_shampoo_300ml.png\",\"width\":600,\"height\":600},{\"@type\":\"BreadcrumbList\",\"@id\":\"https:\/\/abstyleitalia.it\/pt-pt\/products\/treatments-pt\/pure-intensive-pt\/pure-intensive-champo-energizante-para-cabelos-enfraquecidos\/#breadcrumb\",\"itemListElement\":[{\"@type\":\"ListItem\",\"position\":1,\"name\":\"Home\",\"item\":\"https:\/\/abstyleitalia.it\/pt-pt\/\"},{\"@type\":\"ListItem\",\"position\":2,\"name\":\"Produtos\",\"item\":\"https:\/\/abstyleitalia.it\/pt-pt\/produtos\/\"},{\"@type\":\"ListItem\",\"position\":3,\"name\":\"Pure Intensive &#8211; Champ\u00f4 energizante para cabelos enfraquecidos\"}]},{\"@type\":\"WebSite\",\"@id\":\"https:\/\/abstyleitalia.it\/pt-pt\/#website\",\"url\":\"https:\/\/abstyleitalia.it\/pt-pt\/\",\"name\":\"ABstyle\",\"description\":\"One more time for you\",\"publisher\":{\"@id\":\"https:\/\/abstyleitalia.it\/pt-pt\/#organization\"},\"potentialAction\":[{\"@type\":\"SearchAction\",\"target\":{\"@type\":\"EntryPoint\",\"urlTemplate\":\"https:\/\/abstyleitalia.it\/pt-pt\/?s={search_term_string}\"},\"query-input\":{\"@type\":\"PropertyValueSpecification\",\"valueRequired\":true,\"valueName\":\"search_term_string\"}}],\"inLanguage\":\"pt-PT\"},{\"@type\":\"Organization\",\"@id\":\"https:\/\/abstyleitalia.it\/pt-pt\/#organization\",\"name\":\"ABSTYLE\",\"url\":\"https:\/\/abstyleitalia.it\/pt-pt\/\",\"logo\":{\"@type\":\"ImageObject\",\"inLanguage\":\"pt-PT\",\"@id\":\"https:\/\/abstyleitalia.it\/pt-pt\/#\/schema\/logo\/image\/\",\"url\":\"https:\/\/abstyleitalia.it\/wp-content\/uploads\/2017\/11\/ab-style-logo-76x76.png\",\"contentUrl\":\"https:\/\/abstyleitalia.it\/wp-content\/uploads\/2017\/11\/ab-style-logo-76x76.png\",\"width\":76,\"height\":76,\"caption\":\"ABSTYLE\"},\"image\":{\"@id\":\"https:\/\/abstyleitalia.it\/pt-pt\/#\/schema\/logo\/image\/\"}}]}<\/script>\n<!-- \/ Yoast SEO plugin. -->","yoast_head_json":{"title":"Pure Intensive - Champ\u00f4 energizante para cabelos enfraquecidos | ABstyle","description":"O champ\u00f4 energizante Pure Intensive, combinado com a aplica\u00e7\u00e3o da lo\u00e7\u00e3o, fortalece a fibra capilar, prolongando o ciclo de vida dos cabelos enfraquecidos","robots":{"index":"index","follow":"follow","max-snippet":"max-snippet:-1","max-image-preview":"max-image-preview:large","max-video-preview":"max-video-preview:-1"},"canonical":"https:\/\/abstyleitalia.it\/pt-pt\/products\/treatments-pt\/pure-intensive-pt\/pure-intensive-champo-energizante-para-cabelos-enfraquecidos\/","og_locale":"pt_PT","og_type":"article","og_title":"Pure Intensive - Champ\u00f4 energizante para cabelos enfraquecidos | ABstyle","og_description":"O champ\u00f4 energizante Pure Intensive, combinado com a aplica\u00e7\u00e3o da lo\u00e7\u00e3o, fortalece a fibra capilar, prolongando o ciclo de vida dos cabelos enfraquecidos","og_url":"https:\/\/abstyleitalia.it\/pt-pt\/products\/treatments-pt\/pure-intensive-pt\/pure-intensive-champo-energizante-para-cabelos-enfraquecidos\/","og_site_name":"ABstyle","article_modified_time":"2022-05-25T14:30:33+00:00","og_image":[{"width":600,"height":600,"url":"https:\/\/abstyleitalia.it\/wp-content\/uploads\/2015\/09\/32012_abstyle_pure_intensive_shampoo_300ml.png","type":"image\/png"}],"twitter_card":"summary_large_image","schema":{"@context":"https:\/\/schema.org","@graph":[{"@type":"WebPage","@id":"https:\/\/abstyleitalia.it\/pt-pt\/products\/treatments-pt\/pure-intensive-pt\/pure-intensive-champo-energizante-para-cabelos-enfraquecidos\/","url":"https:\/\/abstyleitalia.it\/pt-pt\/products\/treatments-pt\/pure-intensive-pt\/pure-intensive-champo-energizante-para-cabelos-enfraquecidos\/","name":"Pure Intensive - Champ\u00f4 energizante para cabelos enfraquecidos | ABstyle","isPartOf":{"@id":"https:\/\/abstyleitalia.it\/pt-pt\/#website"},"primaryImageOfPage":{"@id":"https:\/\/abstyleitalia.it\/pt-pt\/products\/treatments-pt\/pure-intensive-pt\/pure-intensive-champo-energizante-para-cabelos-enfraquecidos\/#primaryimage"},"image":{"@id":"https:\/\/abstyleitalia.it\/pt-pt\/products\/treatments-pt\/pure-intensive-pt\/pure-intensive-champo-energizante-para-cabelos-enfraquecidos\/#primaryimage"},"thumbnailUrl":"https:\/\/abstyleitalia.it\/wp-content\/uploads\/2015\/09\/32012_abstyle_pure_intensive_shampoo_300ml.png","datePublished":"2015-09-08T09:40:05+00:00","dateModified":"2022-05-25T14:30:33+00:00","description":"O champ\u00f4 energizante Pure Intensive, combinado com a aplica\u00e7\u00e3o da lo\u00e7\u00e3o, fortalece a fibra capilar, prolongando o ciclo de vida dos cabelos enfraquecidos","breadcrumb":{"@id":"https:\/\/abstyleitalia.it\/pt-pt\/products\/treatments-pt\/pure-intensive-pt\/pure-intensive-champo-energizante-para-cabelos-enfraquecidos\/#breadcrumb"},"inLanguage":"pt-PT","potentialAction":[{"@type":"ReadAction","target":["https:\/\/abstyleitalia.it\/pt-pt\/products\/treatments-pt\/pure-intensive-pt\/pure-intensive-champo-energizante-para-cabelos-enfraquecidos\/"]}]},{"@type":"ImageObject","inLanguage":"pt-PT","@id":"https:\/\/abstyleitalia.it\/pt-pt\/products\/treatments-pt\/pure-intensive-pt\/pure-intensive-champo-energizante-para-cabelos-enfraquecidos\/#primaryimage","url":"https:\/\/abstyleitalia.it\/wp-content\/uploads\/2015\/09\/32012_abstyle_pure_intensive_shampoo_300ml.png","contentUrl":"https:\/\/abstyleitalia.it\/wp-content\/uploads\/2015\/09\/32012_abstyle_pure_intensive_shampoo_300ml.png","width":600,"height":600},{"@type":"BreadcrumbList","@id":"https:\/\/abstyleitalia.it\/pt-pt\/products\/treatments-pt\/pure-intensive-pt\/pure-intensive-champo-energizante-para-cabelos-enfraquecidos\/#breadcrumb","itemListElement":[{"@type":"ListItem","position":1,"name":"Home","item":"https:\/\/abstyleitalia.it\/pt-pt\/"},{"@type":"ListItem","position":2,"name":"Produtos","item":"https:\/\/abstyleitalia.it\/pt-pt\/produtos\/"},{"@type":"ListItem","position":3,"name":"Pure Intensive &#8211; Champ\u00f4 energizante para cabelos enfraquecidos"}]},{"@type":"WebSite","@id":"https:\/\/abstyleitalia.it\/pt-pt\/#website","url":"https:\/\/abstyleitalia.it\/pt-pt\/","name":"ABstyle","description":"One more time for you","publisher":{"@id":"https:\/\/abstyleitalia.it\/pt-pt\/#organization"},"potentialAction":[{"@type":"SearchAction","target":{"@type":"EntryPoint","urlTemplate":"https:\/\/abstyleitalia.it\/pt-pt\/?s={search_term_string}"},"query-input":{"@type":"PropertyValueSpecification","valueRequired":true,"valueName":"search_term_string"}}],"inLanguage":"pt-PT"},{"@type":"Organization","@id":"https:\/\/abstyleitalia.it\/pt-pt\/#organization","name":"ABSTYLE","url":"https:\/\/abstyleitalia.it\/pt-pt\/","logo":{"@type":"ImageObject","inLanguage":"pt-PT","@id":"https:\/\/abstyleitalia.it\/pt-pt\/#\/schema\/logo\/image\/","url":"https:\/\/abstyleitalia.it\/wp-content\/uploads\/2017\/11\/ab-style-logo-76x76.png","contentUrl":"https:\/\/abstyleitalia.it\/wp-content\/uploads\/2017\/11\/ab-style-logo-76x76.png","width":76,"height":76,"caption":"ABSTYLE"},"image":{"@id":"https:\/\/abstyleitalia.it\/pt-pt\/#\/schema\/logo\/image\/"}}]}},"_links":{"self":[{"href":"https:\/\/abstyleitalia.it\/pt-pt\/wp-json\/wp\/v2\/product\/3277","targetHints":{"allow":["GET"]}}],"collection":[{"href":"https:\/\/abstyleitalia.it\/pt-pt\/wp-json\/wp\/v2\/product"}],"about":[{"href":"https:\/\/abstyleitalia.it\/pt-pt\/wp-json\/wp\/v2\/types\/product"}],"replies":[{"embeddable":true,"href":"https:\/\/abstyleitalia.it\/pt-pt\/wp-json\/wp\/v2\/comments?post=3277"}],"wp:featuredmedia":[{"embeddable":true,"href":"https:\/\/abstyleitalia.it\/pt-pt\/wp-json\/wp\/v2\/media\/4101"}],"wp:attachment":[{"href":"https:\/\/abstyleitalia.it\/pt-pt\/wp-json\/wp\/v2\/media?parent=3277"}],"wp:term":[{"taxonomy":"product_brand","embeddable":true,"href":"https:\/\/abstyleitalia.it\/pt-pt\/wp-json\/wp\/v2\/product_brand?post=3277"},{"taxonomy":"product_cat","embeddable":true,"href":"https:\/\/abstyleitalia.it\/pt-pt\/wp-json\/wp\/v2\/product_cat?post=3277"},{"taxonomy":"product_tag","embeddable":true,"href":"https:\/\/abstyleitalia.it\/pt-pt\/wp-json\/wp\/v2\/product_tag?post=3277"}],"curies":[{"name":"wp","href":"https:\/\/api.w.org\/{rel}","templated":true}]}}