{"id":3276,"date":"2015-09-08T11:43:22","date_gmt":"2015-09-08T09:43:22","guid":{"rendered":"https:\/\/abstyleitalia.it\/products\/sem%20categoria\/pure-intensive-tonico-coadjuvante-antiqueda\/"},"modified":"2022-05-25T16:29:15","modified_gmt":"2022-05-25T14:29:15","slug":"pure-intensive-tonico-coadjuvante-antiqueda","status":"publish","type":"product","link":"https:\/\/abstyleitalia.it\/pt-pt\/products\/treatments-pt\/pure-intensive-pt\/pure-intensive-tonico-coadjuvante-antiqueda\/","title":{"rendered":"Pure Intensive &#8211; T\u00f3nico coadjuvante antiqueda"},"content":{"rendered":"<p class=\"p1\"><b>Combate o <\/b>enfraquecimento dos cabelos<\/p>\n<p class=\"p1\"><b>Favorece<\/b> a a\u00e7\u00e3o de fixa\u00e7\u00e3o da raiz no couro cabeludo<\/p>\n<p class=\"p1\">F\u00f3rmula enriquecida <b>com complexos vitam\u00ednicos, \u00f3leos essenciais e complexo aminoac\u00eddico<span class=\"Apple-converted-space\">\u00a0<\/span><\/b><\/p>\n<p class=\"p1\">Ideal para <b>cabelos enfraquecidos<\/b><\/p>\n","protected":false},"excerpt":{"rendered":"<p class=\"p1\">O <b>t\u00f3nico coadjuvante antiqueda<\/b> Pure Intensive oferece resultados \u00f3timos e duradouros aos cabelos particularmente enfraquecidos e sujeitos a um afinamento fisiol\u00f3gico gra\u00e7as \u00e0 presen\u00e7a de um complexo aminoac\u00eddico inovador com \u00f3leos essenciais e complexo vitam\u00ednico. A sua a\u00e7\u00e3o favorece a fixa\u00e7\u00e3o da raiz no couro cabeludo, desenvolvendo uma atua\u00e7\u00e3o contra a forma\u00e7\u00e3o da enzima respons\u00e1vel pelo enfraquecimento e queda dos cabelos.<\/p>\n<p class=\"p2\">Caixa de 10 ampolas monodose<\/p>\n","protected":false},"featured_media":4107,"comment_status":"closed","ping_status":"closed","template":"","meta":[],"product_brand":[],"product_cat":[434,430],"product_tag":[],"class_list":{"0":"post-3276","1":"product","2":"type-product","3":"status-publish","4":"has-post-thumbnail","6":"product_cat-pure-intensive-pt","7":"product_cat-treatments-pt","8":"description-off","10":"first","11":"instock","12":"shipping-taxable","13":"product-type-simple"},"yoast_head":"<!-- This site is optimized with the Yoast SEO plugin v26.8 - https:\/\/yoast.com\/product\/yoast-seo-wordpress\/ -->\n<title>Pure Intensive T\u00f3nico coadjuvante antiqueda | ABstyle<\/title>\n<meta name=\"description\" content=\"O t\u00f3nico coadjuvante antiqueda Pure Intensive oferece resultados \u00f3timos e duradouros aos cabelos particularmente enfraquecidos e sujeitos a um afinamento fisiol\u00f3gico.\" \/>\n<meta name=\"robots\" content=\"index, follow, max-snippet:-1, max-image-preview:large, max-video-preview:-1\" \/>\n<link rel=\"canonical\" href=\"https:\/\/abstyleitalia.it\/pt-pt\/products\/treatments-pt\/pure-intensive-pt\/pure-intensive-tonico-coadjuvante-antiqueda\/\" \/>\n<meta property=\"og:locale\" content=\"pt_PT\" \/>\n<meta property=\"og:type\" content=\"article\" \/>\n<meta property=\"og:title\" content=\"Pure Intensive T\u00f3nico coadjuvante antiqueda | ABstyle\" \/>\n<meta property=\"og:description\" content=\"O t\u00f3nico coadjuvante antiqueda Pure Intensive oferece resultados \u00f3timos e duradouros aos cabelos particularmente enfraquecidos e sujeitos a um afinamento fisiol\u00f3gico.\" \/>\n<meta property=\"og:url\" content=\"https:\/\/abstyleitalia.it\/pt-pt\/products\/treatments-pt\/pure-intensive-pt\/pure-intensive-tonico-coadjuvante-antiqueda\/\" \/>\n<meta property=\"og:site_name\" content=\"ABstyle\" \/>\n<meta property=\"article:modified_time\" content=\"2022-05-25T14:29:15+00:00\" \/>\n<meta property=\"og:image\" content=\"https:\/\/abstyleitalia.it\/wp-content\/uploads\/2015\/09\/32013_abstyle_pure_intensive_adjuvant_tonic_lotion.png\" \/>\n\t<meta property=\"og:image:width\" content=\"600\" \/>\n\t<meta property=\"og:image:height\" content=\"600\" \/>\n\t<meta property=\"og:image:type\" content=\"image\/png\" \/>\n<meta name=\"twitter:card\" content=\"summary_large_image\" \/>\n<script type=\"application\/ld+json\" class=\"yoast-schema-graph\">{\"@context\":\"https:\/\/schema.org\",\"@graph\":[{\"@type\":\"WebPage\",\"@id\":\"https:\/\/abstyleitalia.it\/pt-pt\/products\/treatments-pt\/pure-intensive-pt\/pure-intensive-tonico-coadjuvante-antiqueda\/\",\"url\":\"https:\/\/abstyleitalia.it\/pt-pt\/products\/treatments-pt\/pure-intensive-pt\/pure-intensive-tonico-coadjuvante-antiqueda\/\",\"name\":\"Pure Intensive T\u00f3nico coadjuvante antiqueda | ABstyle\",\"isPartOf\":{\"@id\":\"https:\/\/abstyleitalia.it\/pt-pt\/#website\"},\"primaryImageOfPage\":{\"@id\":\"https:\/\/abstyleitalia.it\/pt-pt\/products\/treatments-pt\/pure-intensive-pt\/pure-intensive-tonico-coadjuvante-antiqueda\/#primaryimage\"},\"image\":{\"@id\":\"https:\/\/abstyleitalia.it\/pt-pt\/products\/treatments-pt\/pure-intensive-pt\/pure-intensive-tonico-coadjuvante-antiqueda\/#primaryimage\"},\"thumbnailUrl\":\"https:\/\/abstyleitalia.it\/wp-content\/uploads\/2015\/09\/32013_abstyle_pure_intensive_adjuvant_tonic_lotion-1.png\",\"datePublished\":\"2015-09-08T09:43:22+00:00\",\"dateModified\":\"2022-05-25T14:29:15+00:00\",\"description\":\"O t\u00f3nico coadjuvante antiqueda Pure Intensive oferece resultados \u00f3timos e duradouros aos cabelos particularmente enfraquecidos e sujeitos a um afinamento fisiol\u00f3gico.\",\"breadcrumb\":{\"@id\":\"https:\/\/abstyleitalia.it\/pt-pt\/products\/treatments-pt\/pure-intensive-pt\/pure-intensive-tonico-coadjuvante-antiqueda\/#breadcrumb\"},\"inLanguage\":\"pt-PT\",\"potentialAction\":[{\"@type\":\"ReadAction\",\"target\":[\"https:\/\/abstyleitalia.it\/pt-pt\/products\/treatments-pt\/pure-intensive-pt\/pure-intensive-tonico-coadjuvante-antiqueda\/\"]}]},{\"@type\":\"ImageObject\",\"inLanguage\":\"pt-PT\",\"@id\":\"https:\/\/abstyleitalia.it\/pt-pt\/products\/treatments-pt\/pure-intensive-pt\/pure-intensive-tonico-coadjuvante-antiqueda\/#primaryimage\",\"url\":\"https:\/\/abstyleitalia.it\/wp-content\/uploads\/2015\/09\/32013_abstyle_pure_intensive_adjuvant_tonic_lotion-1.png\",\"contentUrl\":\"https:\/\/abstyleitalia.it\/wp-content\/uploads\/2015\/09\/32013_abstyle_pure_intensive_adjuvant_tonic_lotion-1.png\",\"width\":600,\"height\":600},{\"@type\":\"BreadcrumbList\",\"@id\":\"https:\/\/abstyleitalia.it\/pt-pt\/products\/treatments-pt\/pure-intensive-pt\/pure-intensive-tonico-coadjuvante-antiqueda\/#breadcrumb\",\"itemListElement\":[{\"@type\":\"ListItem\",\"position\":1,\"name\":\"Home\",\"item\":\"https:\/\/abstyleitalia.it\/pt-pt\/\"},{\"@type\":\"ListItem\",\"position\":2,\"name\":\"Produtos\",\"item\":\"https:\/\/abstyleitalia.it\/pt-pt\/produtos\/\"},{\"@type\":\"ListItem\",\"position\":3,\"name\":\"Pure Intensive &#8211; T\u00f3nico coadjuvante antiqueda\"}]},{\"@type\":\"WebSite\",\"@id\":\"https:\/\/abstyleitalia.it\/pt-pt\/#website\",\"url\":\"https:\/\/abstyleitalia.it\/pt-pt\/\",\"name\":\"ABstyle\",\"description\":\"One more time for you\",\"publisher\":{\"@id\":\"https:\/\/abstyleitalia.it\/pt-pt\/#organization\"},\"potentialAction\":[{\"@type\":\"SearchAction\",\"target\":{\"@type\":\"EntryPoint\",\"urlTemplate\":\"https:\/\/abstyleitalia.it\/pt-pt\/?s={search_term_string}\"},\"query-input\":{\"@type\":\"PropertyValueSpecification\",\"valueRequired\":true,\"valueName\":\"search_term_string\"}}],\"inLanguage\":\"pt-PT\"},{\"@type\":\"Organization\",\"@id\":\"https:\/\/abstyleitalia.it\/pt-pt\/#organization\",\"name\":\"ABSTYLE\",\"url\":\"https:\/\/abstyleitalia.it\/pt-pt\/\",\"logo\":{\"@type\":\"ImageObject\",\"inLanguage\":\"pt-PT\",\"@id\":\"https:\/\/abstyleitalia.it\/pt-pt\/#\/schema\/logo\/image\/\",\"url\":\"https:\/\/abstyleitalia.it\/wp-content\/uploads\/2017\/11\/ab-style-logo-76x76.png\",\"contentUrl\":\"https:\/\/abstyleitalia.it\/wp-content\/uploads\/2017\/11\/ab-style-logo-76x76.png\",\"width\":76,\"height\":76,\"caption\":\"ABSTYLE\"},\"image\":{\"@id\":\"https:\/\/abstyleitalia.it\/pt-pt\/#\/schema\/logo\/image\/\"}}]}<\/script>\n<!-- \/ Yoast SEO plugin. -->","yoast_head_json":{"title":"Pure Intensive T\u00f3nico coadjuvante antiqueda | ABstyle","description":"O t\u00f3nico coadjuvante antiqueda Pure Intensive oferece resultados \u00f3timos e duradouros aos cabelos particularmente enfraquecidos e sujeitos a um afinamento fisiol\u00f3gico.","robots":{"index":"index","follow":"follow","max-snippet":"max-snippet:-1","max-image-preview":"max-image-preview:large","max-video-preview":"max-video-preview:-1"},"canonical":"https:\/\/abstyleitalia.it\/pt-pt\/products\/treatments-pt\/pure-intensive-pt\/pure-intensive-tonico-coadjuvante-antiqueda\/","og_locale":"pt_PT","og_type":"article","og_title":"Pure Intensive T\u00f3nico coadjuvante antiqueda | ABstyle","og_description":"O t\u00f3nico coadjuvante antiqueda Pure Intensive oferece resultados \u00f3timos e duradouros aos cabelos particularmente enfraquecidos e sujeitos a um afinamento fisiol\u00f3gico.","og_url":"https:\/\/abstyleitalia.it\/pt-pt\/products\/treatments-pt\/pure-intensive-pt\/pure-intensive-tonico-coadjuvante-antiqueda\/","og_site_name":"ABstyle","article_modified_time":"2022-05-25T14:29:15+00:00","og_image":[{"width":600,"height":600,"url":"https:\/\/abstyleitalia.it\/wp-content\/uploads\/2015\/09\/32013_abstyle_pure_intensive_adjuvant_tonic_lotion.png","type":"image\/png"}],"twitter_card":"summary_large_image","schema":{"@context":"https:\/\/schema.org","@graph":[{"@type":"WebPage","@id":"https:\/\/abstyleitalia.it\/pt-pt\/products\/treatments-pt\/pure-intensive-pt\/pure-intensive-tonico-coadjuvante-antiqueda\/","url":"https:\/\/abstyleitalia.it\/pt-pt\/products\/treatments-pt\/pure-intensive-pt\/pure-intensive-tonico-coadjuvante-antiqueda\/","name":"Pure Intensive T\u00f3nico coadjuvante antiqueda | ABstyle","isPartOf":{"@id":"https:\/\/abstyleitalia.it\/pt-pt\/#website"},"primaryImageOfPage":{"@id":"https:\/\/abstyleitalia.it\/pt-pt\/products\/treatments-pt\/pure-intensive-pt\/pure-intensive-tonico-coadjuvante-antiqueda\/#primaryimage"},"image":{"@id":"https:\/\/abstyleitalia.it\/pt-pt\/products\/treatments-pt\/pure-intensive-pt\/pure-intensive-tonico-coadjuvante-antiqueda\/#primaryimage"},"thumbnailUrl":"https:\/\/abstyleitalia.it\/wp-content\/uploads\/2015\/09\/32013_abstyle_pure_intensive_adjuvant_tonic_lotion-1.png","datePublished":"2015-09-08T09:43:22+00:00","dateModified":"2022-05-25T14:29:15+00:00","description":"O t\u00f3nico coadjuvante antiqueda Pure Intensive oferece resultados \u00f3timos e duradouros aos cabelos particularmente enfraquecidos e sujeitos a um afinamento fisiol\u00f3gico.","breadcrumb":{"@id":"https:\/\/abstyleitalia.it\/pt-pt\/products\/treatments-pt\/pure-intensive-pt\/pure-intensive-tonico-coadjuvante-antiqueda\/#breadcrumb"},"inLanguage":"pt-PT","potentialAction":[{"@type":"ReadAction","target":["https:\/\/abstyleitalia.it\/pt-pt\/products\/treatments-pt\/pure-intensive-pt\/pure-intensive-tonico-coadjuvante-antiqueda\/"]}]},{"@type":"ImageObject","inLanguage":"pt-PT","@id":"https:\/\/abstyleitalia.it\/pt-pt\/products\/treatments-pt\/pure-intensive-pt\/pure-intensive-tonico-coadjuvante-antiqueda\/#primaryimage","url":"https:\/\/abstyleitalia.it\/wp-content\/uploads\/2015\/09\/32013_abstyle_pure_intensive_adjuvant_tonic_lotion-1.png","contentUrl":"https:\/\/abstyleitalia.it\/wp-content\/uploads\/2015\/09\/32013_abstyle_pure_intensive_adjuvant_tonic_lotion-1.png","width":600,"height":600},{"@type":"BreadcrumbList","@id":"https:\/\/abstyleitalia.it\/pt-pt\/products\/treatments-pt\/pure-intensive-pt\/pure-intensive-tonico-coadjuvante-antiqueda\/#breadcrumb","itemListElement":[{"@type":"ListItem","position":1,"name":"Home","item":"https:\/\/abstyleitalia.it\/pt-pt\/"},{"@type":"ListItem","position":2,"name":"Produtos","item":"https:\/\/abstyleitalia.it\/pt-pt\/produtos\/"},{"@type":"ListItem","position":3,"name":"Pure Intensive &#8211; T\u00f3nico coadjuvante antiqueda"}]},{"@type":"WebSite","@id":"https:\/\/abstyleitalia.it\/pt-pt\/#website","url":"https:\/\/abstyleitalia.it\/pt-pt\/","name":"ABstyle","description":"One more time for you","publisher":{"@id":"https:\/\/abstyleitalia.it\/pt-pt\/#organization"},"potentialAction":[{"@type":"SearchAction","target":{"@type":"EntryPoint","urlTemplate":"https:\/\/abstyleitalia.it\/pt-pt\/?s={search_term_string}"},"query-input":{"@type":"PropertyValueSpecification","valueRequired":true,"valueName":"search_term_string"}}],"inLanguage":"pt-PT"},{"@type":"Organization","@id":"https:\/\/abstyleitalia.it\/pt-pt\/#organization","name":"ABSTYLE","url":"https:\/\/abstyleitalia.it\/pt-pt\/","logo":{"@type":"ImageObject","inLanguage":"pt-PT","@id":"https:\/\/abstyleitalia.it\/pt-pt\/#\/schema\/logo\/image\/","url":"https:\/\/abstyleitalia.it\/wp-content\/uploads\/2017\/11\/ab-style-logo-76x76.png","contentUrl":"https:\/\/abstyleitalia.it\/wp-content\/uploads\/2017\/11\/ab-style-logo-76x76.png","width":76,"height":76,"caption":"ABSTYLE"},"image":{"@id":"https:\/\/abstyleitalia.it\/pt-pt\/#\/schema\/logo\/image\/"}}]}},"_links":{"self":[{"href":"https:\/\/abstyleitalia.it\/pt-pt\/wp-json\/wp\/v2\/product\/3276","targetHints":{"allow":["GET"]}}],"collection":[{"href":"https:\/\/abstyleitalia.it\/pt-pt\/wp-json\/wp\/v2\/product"}],"about":[{"href":"https:\/\/abstyleitalia.it\/pt-pt\/wp-json\/wp\/v2\/types\/product"}],"replies":[{"embeddable":true,"href":"https:\/\/abstyleitalia.it\/pt-pt\/wp-json\/wp\/v2\/comments?post=3276"}],"wp:featuredmedia":[{"embeddable":true,"href":"https:\/\/abstyleitalia.it\/pt-pt\/wp-json\/wp\/v2\/media\/4107"}],"wp:attachment":[{"href":"https:\/\/abstyleitalia.it\/pt-pt\/wp-json\/wp\/v2\/media?parent=3276"}],"wp:term":[{"taxonomy":"product_brand","embeddable":true,"href":"https:\/\/abstyleitalia.it\/pt-pt\/wp-json\/wp\/v2\/product_brand?post=3276"},{"taxonomy":"product_cat","embeddable":true,"href":"https:\/\/abstyleitalia.it\/pt-pt\/wp-json\/wp\/v2\/product_cat?post=3276"},{"taxonomy":"product_tag","embeddable":true,"href":"https:\/\/abstyleitalia.it\/pt-pt\/wp-json\/wp\/v2\/product_tag?post=3276"}],"curies":[{"name":"wp","href":"https:\/\/api.w.org\/{rel}","templated":true}]}}