{"id":3271,"date":"2015-09-08T10:26:48","date_gmt":"2015-09-08T08:26:48","guid":{"rendered":"https:\/\/abstyleitalia.it\/products\/sem%20categoria\/pure-liss-creme-para-cabelos-crespos-e-indisciplinados\/"},"modified":"2022-05-25T16:50:40","modified_gmt":"2022-05-25T14:50:40","slug":"pure-liss-creme-para-cabelos-crespos-e-indisciplinados","status":"publish","type":"product","link":"https:\/\/abstyleitalia.it\/pt-pt\/products\/treatments-pt\/pure-liss-pt\/pure-liss-creme-para-cabelos-crespos-e-indisciplinados\/","title":{"rendered":"Pure Liss &#8211; Creme para cabelos crespos e indisciplinados"},"content":{"rendered":"<p class=\"p1\">Deixa os cabelos <b>lisos e sedosos<\/b><\/p>\n<p class=\"p1\"><b>Atenua o <\/b>efeito crespo<\/p>\n<p class=\"p1\"><b>Hidrata<\/b> em profundidade<span class=\"Apple-converted-space\">\u00a0<\/span><\/p>\n<p class=\"p1\">Ideal para cabelos <b>crespos, indisciplinados e rebeldes<\/b><\/p>\n","protected":false},"excerpt":{"rendered":"<p class=\"p1\">O <b>creme para cabelos crespos e indisciplinados<\/b> Pure Liss desenvolve uma a\u00e7\u00e3o modeladora r\u00e1pida nos cabelos rebeldes, conferindo-lhes a hidrata\u00e7\u00e3o necess\u00e1ria para obter um efeito liso intenso, sem tornar o cabelo pesado. N\u00e3o necessita enxaguamento. Favorece a obten\u00e7\u00e3o de um <b>cabelo disciplinado e sedoso<\/b>.<\/p>\n<p class=\"p1\">Formato de 200 ml<\/p>\n","protected":false},"featured_media":4022,"comment_status":"closed","ping_status":"closed","template":"","meta":[],"product_brand":[],"product_cat":[435,430],"product_tag":[],"class_list":{"0":"post-3271","1":"product","2":"type-product","3":"status-publish","4":"has-post-thumbnail","6":"product_cat-pure-liss-pt","7":"product_cat-treatments-pt","8":"description-off","10":"first","11":"instock","12":"shipping-taxable","13":"product-type-simple"},"yoast_head":"<!-- This site is optimized with the Yoast SEO plugin v26.8 - https:\/\/yoast.com\/product\/yoast-seo-wordpress\/ -->\n<title>Pure Liss Creme para cabelos crespos e indisciplinados | ABstyle<\/title>\n<meta name=\"description\" content=\"O creme para cabelos crespos e indisciplinados Pure Liss desenvolve uma a\u00e7\u00e3o modeladora r\u00e1pida nos cabelos rebeldes.\" \/>\n<meta name=\"robots\" content=\"index, follow, max-snippet:-1, max-image-preview:large, max-video-preview:-1\" \/>\n<link rel=\"canonical\" href=\"https:\/\/abstyleitalia.it\/pt-pt\/products\/treatments-pt\/pure-liss-pt\/pure-liss-creme-para-cabelos-crespos-e-indisciplinados\/\" \/>\n<meta property=\"og:locale\" content=\"pt_PT\" \/>\n<meta property=\"og:type\" content=\"article\" \/>\n<meta property=\"og:title\" content=\"Pure Liss Creme para cabelos crespos e indisciplinados | ABstyle\" \/>\n<meta property=\"og:description\" content=\"O creme para cabelos crespos e indisciplinados Pure Liss desenvolve uma a\u00e7\u00e3o modeladora r\u00e1pida nos cabelos rebeldes.\" \/>\n<meta property=\"og:url\" content=\"https:\/\/abstyleitalia.it\/pt-pt\/products\/treatments-pt\/pure-liss-pt\/pure-liss-creme-para-cabelos-crespos-e-indisciplinados\/\" \/>\n<meta property=\"og:site_name\" content=\"ABstyle\" \/>\n<meta property=\"article:modified_time\" content=\"2022-05-25T14:50:40+00:00\" \/>\n<meta property=\"og:image\" content=\"https:\/\/abstyleitalia.it\/wp-content\/uploads\/2023\/05\/32007_abstyle_pure_liss_cream_200ml.png\" \/>\n\t<meta property=\"og:image:width\" content=\"600\" \/>\n\t<meta property=\"og:image:height\" content=\"600\" \/>\n\t<meta property=\"og:image:type\" content=\"image\/png\" \/>\n<meta name=\"twitter:card\" content=\"summary_large_image\" \/>\n<script type=\"application\/ld+json\" class=\"yoast-schema-graph\">{\"@context\":\"https:\/\/schema.org\",\"@graph\":[{\"@type\":\"WebPage\",\"@id\":\"https:\/\/abstyleitalia.it\/pt-pt\/products\/treatments-pt\/pure-liss-pt\/pure-liss-creme-para-cabelos-crespos-e-indisciplinados\/\",\"url\":\"https:\/\/abstyleitalia.it\/pt-pt\/products\/treatments-pt\/pure-liss-pt\/pure-liss-creme-para-cabelos-crespos-e-indisciplinados\/\",\"name\":\"Pure Liss Creme para cabelos crespos e indisciplinados | ABstyle\",\"isPartOf\":{\"@id\":\"https:\/\/abstyleitalia.it\/pt-pt\/#website\"},\"primaryImageOfPage\":{\"@id\":\"https:\/\/abstyleitalia.it\/pt-pt\/products\/treatments-pt\/pure-liss-pt\/pure-liss-creme-para-cabelos-crespos-e-indisciplinados\/#primaryimage\"},\"image\":{\"@id\":\"https:\/\/abstyleitalia.it\/pt-pt\/products\/treatments-pt\/pure-liss-pt\/pure-liss-creme-para-cabelos-crespos-e-indisciplinados\/#primaryimage\"},\"thumbnailUrl\":\"https:\/\/abstyleitalia.it\/wp-content\/uploads\/2023\/05\/32007_abstyle_pure_liss_cream_200ml.png\",\"datePublished\":\"2015-09-08T08:26:48+00:00\",\"dateModified\":\"2022-05-25T14:50:40+00:00\",\"description\":\"O creme para cabelos crespos e indisciplinados Pure Liss desenvolve uma a\u00e7\u00e3o modeladora r\u00e1pida nos cabelos rebeldes.\",\"breadcrumb\":{\"@id\":\"https:\/\/abstyleitalia.it\/pt-pt\/products\/treatments-pt\/pure-liss-pt\/pure-liss-creme-para-cabelos-crespos-e-indisciplinados\/#breadcrumb\"},\"inLanguage\":\"pt-PT\",\"potentialAction\":[{\"@type\":\"ReadAction\",\"target\":[\"https:\/\/abstyleitalia.it\/pt-pt\/products\/treatments-pt\/pure-liss-pt\/pure-liss-creme-para-cabelos-crespos-e-indisciplinados\/\"]}]},{\"@type\":\"ImageObject\",\"inLanguage\":\"pt-PT\",\"@id\":\"https:\/\/abstyleitalia.it\/pt-pt\/products\/treatments-pt\/pure-liss-pt\/pure-liss-creme-para-cabelos-crespos-e-indisciplinados\/#primaryimage\",\"url\":\"https:\/\/abstyleitalia.it\/wp-content\/uploads\/2023\/05\/32007_abstyle_pure_liss_cream_200ml.png\",\"contentUrl\":\"https:\/\/abstyleitalia.it\/wp-content\/uploads\/2023\/05\/32007_abstyle_pure_liss_cream_200ml.png\",\"width\":600,\"height\":600},{\"@type\":\"BreadcrumbList\",\"@id\":\"https:\/\/abstyleitalia.it\/pt-pt\/products\/treatments-pt\/pure-liss-pt\/pure-liss-creme-para-cabelos-crespos-e-indisciplinados\/#breadcrumb\",\"itemListElement\":[{\"@type\":\"ListItem\",\"position\":1,\"name\":\"Home\",\"item\":\"https:\/\/abstyleitalia.it\/pt-pt\/\"},{\"@type\":\"ListItem\",\"position\":2,\"name\":\"Produtos\",\"item\":\"https:\/\/abstyleitalia.it\/pt-pt\/produtos\/\"},{\"@type\":\"ListItem\",\"position\":3,\"name\":\"Pure Liss &#8211; Creme para cabelos crespos e indisciplinados\"}]},{\"@type\":\"WebSite\",\"@id\":\"https:\/\/abstyleitalia.it\/pt-pt\/#website\",\"url\":\"https:\/\/abstyleitalia.it\/pt-pt\/\",\"name\":\"ABstyle\",\"description\":\"One more time for you\",\"publisher\":{\"@id\":\"https:\/\/abstyleitalia.it\/pt-pt\/#organization\"},\"potentialAction\":[{\"@type\":\"SearchAction\",\"target\":{\"@type\":\"EntryPoint\",\"urlTemplate\":\"https:\/\/abstyleitalia.it\/pt-pt\/?s={search_term_string}\"},\"query-input\":{\"@type\":\"PropertyValueSpecification\",\"valueRequired\":true,\"valueName\":\"search_term_string\"}}],\"inLanguage\":\"pt-PT\"},{\"@type\":\"Organization\",\"@id\":\"https:\/\/abstyleitalia.it\/pt-pt\/#organization\",\"name\":\"ABSTYLE\",\"url\":\"https:\/\/abstyleitalia.it\/pt-pt\/\",\"logo\":{\"@type\":\"ImageObject\",\"inLanguage\":\"pt-PT\",\"@id\":\"https:\/\/abstyleitalia.it\/pt-pt\/#\/schema\/logo\/image\/\",\"url\":\"https:\/\/abstyleitalia.it\/wp-content\/uploads\/2017\/11\/ab-style-logo-76x76.png\",\"contentUrl\":\"https:\/\/abstyleitalia.it\/wp-content\/uploads\/2017\/11\/ab-style-logo-76x76.png\",\"width\":76,\"height\":76,\"caption\":\"ABSTYLE\"},\"image\":{\"@id\":\"https:\/\/abstyleitalia.it\/pt-pt\/#\/schema\/logo\/image\/\"}}]}<\/script>\n<!-- \/ Yoast SEO plugin. -->","yoast_head_json":{"title":"Pure Liss Creme para cabelos crespos e indisciplinados | ABstyle","description":"O creme para cabelos crespos e indisciplinados Pure Liss desenvolve uma a\u00e7\u00e3o modeladora r\u00e1pida nos cabelos rebeldes.","robots":{"index":"index","follow":"follow","max-snippet":"max-snippet:-1","max-image-preview":"max-image-preview:large","max-video-preview":"max-video-preview:-1"},"canonical":"https:\/\/abstyleitalia.it\/pt-pt\/products\/treatments-pt\/pure-liss-pt\/pure-liss-creme-para-cabelos-crespos-e-indisciplinados\/","og_locale":"pt_PT","og_type":"article","og_title":"Pure Liss Creme para cabelos crespos e indisciplinados | ABstyle","og_description":"O creme para cabelos crespos e indisciplinados Pure Liss desenvolve uma a\u00e7\u00e3o modeladora r\u00e1pida nos cabelos rebeldes.","og_url":"https:\/\/abstyleitalia.it\/pt-pt\/products\/treatments-pt\/pure-liss-pt\/pure-liss-creme-para-cabelos-crespos-e-indisciplinados\/","og_site_name":"ABstyle","article_modified_time":"2022-05-25T14:50:40+00:00","og_image":[{"width":600,"height":600,"url":"https:\/\/abstyleitalia.it\/wp-content\/uploads\/2023\/05\/32007_abstyle_pure_liss_cream_200ml.png","type":"image\/png"}],"twitter_card":"summary_large_image","schema":{"@context":"https:\/\/schema.org","@graph":[{"@type":"WebPage","@id":"https:\/\/abstyleitalia.it\/pt-pt\/products\/treatments-pt\/pure-liss-pt\/pure-liss-creme-para-cabelos-crespos-e-indisciplinados\/","url":"https:\/\/abstyleitalia.it\/pt-pt\/products\/treatments-pt\/pure-liss-pt\/pure-liss-creme-para-cabelos-crespos-e-indisciplinados\/","name":"Pure Liss Creme para cabelos crespos e indisciplinados | ABstyle","isPartOf":{"@id":"https:\/\/abstyleitalia.it\/pt-pt\/#website"},"primaryImageOfPage":{"@id":"https:\/\/abstyleitalia.it\/pt-pt\/products\/treatments-pt\/pure-liss-pt\/pure-liss-creme-para-cabelos-crespos-e-indisciplinados\/#primaryimage"},"image":{"@id":"https:\/\/abstyleitalia.it\/pt-pt\/products\/treatments-pt\/pure-liss-pt\/pure-liss-creme-para-cabelos-crespos-e-indisciplinados\/#primaryimage"},"thumbnailUrl":"https:\/\/abstyleitalia.it\/wp-content\/uploads\/2023\/05\/32007_abstyle_pure_liss_cream_200ml.png","datePublished":"2015-09-08T08:26:48+00:00","dateModified":"2022-05-25T14:50:40+00:00","description":"O creme para cabelos crespos e indisciplinados Pure Liss desenvolve uma a\u00e7\u00e3o modeladora r\u00e1pida nos cabelos rebeldes.","breadcrumb":{"@id":"https:\/\/abstyleitalia.it\/pt-pt\/products\/treatments-pt\/pure-liss-pt\/pure-liss-creme-para-cabelos-crespos-e-indisciplinados\/#breadcrumb"},"inLanguage":"pt-PT","potentialAction":[{"@type":"ReadAction","target":["https:\/\/abstyleitalia.it\/pt-pt\/products\/treatments-pt\/pure-liss-pt\/pure-liss-creme-para-cabelos-crespos-e-indisciplinados\/"]}]},{"@type":"ImageObject","inLanguage":"pt-PT","@id":"https:\/\/abstyleitalia.it\/pt-pt\/products\/treatments-pt\/pure-liss-pt\/pure-liss-creme-para-cabelos-crespos-e-indisciplinados\/#primaryimage","url":"https:\/\/abstyleitalia.it\/wp-content\/uploads\/2023\/05\/32007_abstyle_pure_liss_cream_200ml.png","contentUrl":"https:\/\/abstyleitalia.it\/wp-content\/uploads\/2023\/05\/32007_abstyle_pure_liss_cream_200ml.png","width":600,"height":600},{"@type":"BreadcrumbList","@id":"https:\/\/abstyleitalia.it\/pt-pt\/products\/treatments-pt\/pure-liss-pt\/pure-liss-creme-para-cabelos-crespos-e-indisciplinados\/#breadcrumb","itemListElement":[{"@type":"ListItem","position":1,"name":"Home","item":"https:\/\/abstyleitalia.it\/pt-pt\/"},{"@type":"ListItem","position":2,"name":"Produtos","item":"https:\/\/abstyleitalia.it\/pt-pt\/produtos\/"},{"@type":"ListItem","position":3,"name":"Pure Liss &#8211; Creme para cabelos crespos e indisciplinados"}]},{"@type":"WebSite","@id":"https:\/\/abstyleitalia.it\/pt-pt\/#website","url":"https:\/\/abstyleitalia.it\/pt-pt\/","name":"ABstyle","description":"One more time for you","publisher":{"@id":"https:\/\/abstyleitalia.it\/pt-pt\/#organization"},"potentialAction":[{"@type":"SearchAction","target":{"@type":"EntryPoint","urlTemplate":"https:\/\/abstyleitalia.it\/pt-pt\/?s={search_term_string}"},"query-input":{"@type":"PropertyValueSpecification","valueRequired":true,"valueName":"search_term_string"}}],"inLanguage":"pt-PT"},{"@type":"Organization","@id":"https:\/\/abstyleitalia.it\/pt-pt\/#organization","name":"ABSTYLE","url":"https:\/\/abstyleitalia.it\/pt-pt\/","logo":{"@type":"ImageObject","inLanguage":"pt-PT","@id":"https:\/\/abstyleitalia.it\/pt-pt\/#\/schema\/logo\/image\/","url":"https:\/\/abstyleitalia.it\/wp-content\/uploads\/2017\/11\/ab-style-logo-76x76.png","contentUrl":"https:\/\/abstyleitalia.it\/wp-content\/uploads\/2017\/11\/ab-style-logo-76x76.png","width":76,"height":76,"caption":"ABSTYLE"},"image":{"@id":"https:\/\/abstyleitalia.it\/pt-pt\/#\/schema\/logo\/image\/"}}]}},"_links":{"self":[{"href":"https:\/\/abstyleitalia.it\/pt-pt\/wp-json\/wp\/v2\/product\/3271","targetHints":{"allow":["GET"]}}],"collection":[{"href":"https:\/\/abstyleitalia.it\/pt-pt\/wp-json\/wp\/v2\/product"}],"about":[{"href":"https:\/\/abstyleitalia.it\/pt-pt\/wp-json\/wp\/v2\/types\/product"}],"replies":[{"embeddable":true,"href":"https:\/\/abstyleitalia.it\/pt-pt\/wp-json\/wp\/v2\/comments?post=3271"}],"wp:featuredmedia":[{"embeddable":true,"href":"https:\/\/abstyleitalia.it\/pt-pt\/wp-json\/wp\/v2\/media\/4022"}],"wp:attachment":[{"href":"https:\/\/abstyleitalia.it\/pt-pt\/wp-json\/wp\/v2\/media?parent=3271"}],"wp:term":[{"taxonomy":"product_brand","embeddable":true,"href":"https:\/\/abstyleitalia.it\/pt-pt\/wp-json\/wp\/v2\/product_brand?post=3271"},{"taxonomy":"product_cat","embeddable":true,"href":"https:\/\/abstyleitalia.it\/pt-pt\/wp-json\/wp\/v2\/product_cat?post=3271"},{"taxonomy":"product_tag","embeddable":true,"href":"https:\/\/abstyleitalia.it\/pt-pt\/wp-json\/wp\/v2\/product_tag?post=3271"}],"curies":[{"name":"wp","href":"https:\/\/api.w.org\/{rel}","templated":true}]}}