{"id":3269,"date":"2018-07-30T11:30:52","date_gmt":"2018-07-30T09:30:52","guid":{"rendered":"https:\/\/abstyleitalia.it\/products\/sem%20categoria\/pure-liss-champo-para-cabelos-crespos-e-indisciplinados\/"},"modified":"2022-05-25T17:25:50","modified_gmt":"2022-05-25T15:25:50","slug":"pure-liss-champo-para-cabelos-crespos-e-indisciplinados","status":"publish","type":"product","link":"https:\/\/abstyleitalia.it\/pt-pt\/products\/treatments-pt\/pure-liss-pt\/pure-liss-champo-para-cabelos-crespos-e-indisciplinados\/","title":{"rendered":"Pure Liss &#8211; Champ\u00f4 para cabelos crespos e indisciplinados"},"content":{"rendered":"<p class=\"p1\">Garante <b>controlo e penteabilidade<\/b> ao cabelo<\/p>\n<p class=\"p1\"><b>Hidrata, desembara\u00e7a e suaviza<\/b> o cabelo<\/p>\n<p class=\"p1\">F\u00f3rmula enriquecida com <strong>Extrato de L\u00fapulo<\/strong><\/p>\n<p class=\"p1\">Ideal para <b>cabelos crespos e indisciplinados<\/b><\/p>\n","protected":false},"excerpt":{"rendered":"<p class=\"p1\">O <b>champ\u00f4<\/b> Pure Liss \u00e9 ideal para <b>cabelos crespos e indisciplinados<\/b>: desenvolve uma a\u00e7\u00e3o <b>suavizante e desembara\u00e7ante<\/b> que garante o controlo e a penteabilidade dos cabelos mais rebeldes. A sua fun\u00e7\u00e3o calmante e nutritiva espec\u00edfica \u00e9 suportada pela presen\u00e7a de ingredientes naturais preciosos, como <strong>Extrato de L\u00fapulo<\/strong> que s\u00e3o combinados com agentes antiest\u00e1ticos e alisadores, ideais para <b>deixar os cabelos lisos e sedosos<\/b>.<\/p>\n<p class=\"p1\">Formato de 300 ml<\/p>\n","protected":false},"featured_media":4028,"comment_status":"closed","ping_status":"closed","template":"","meta":[],"product_brand":[],"product_cat":[435,430],"product_tag":[],"class_list":{"0":"post-3269","1":"product","2":"type-product","3":"status-publish","4":"has-post-thumbnail","6":"product_cat-pure-liss-pt","7":"product_cat-treatments-pt","8":"description-off","10":"first","11":"instock","12":"shipping-taxable","13":"product-type-simple"},"yoast_head":"<!-- This site is optimized with the Yoast SEO plugin v26.8 - https:\/\/yoast.com\/product\/yoast-seo-wordpress\/ -->\n<title>Pure Liss - Champ\u00f4 para cabelos crespos e indisciplinados | ABstyle<\/title>\n<meta name=\"description\" content=\"O champ\u00f4 Pure Liss \u00e9 ideal para cabelos crespos e indisciplinados: desenvolve uma a\u00e7\u00e3o suavizante e desembara\u00e7ante que garante o controlo e a penteabilidade dos cabelos mais rebeldes.\" \/>\n<meta name=\"robots\" content=\"index, follow, max-snippet:-1, max-image-preview:large, max-video-preview:-1\" \/>\n<link rel=\"canonical\" href=\"https:\/\/abstyleitalia.it\/pt-pt\/products\/treatments-pt\/pure-liss-pt\/pure-liss-champo-para-cabelos-crespos-e-indisciplinados\/\" \/>\n<meta property=\"og:locale\" content=\"pt_PT\" \/>\n<meta property=\"og:type\" content=\"article\" \/>\n<meta property=\"og:title\" content=\"Pure Liss - Champ\u00f4 para cabelos crespos e indisciplinados | ABstyle\" \/>\n<meta property=\"og:description\" content=\"O champ\u00f4 Pure Liss \u00e9 ideal para cabelos crespos e indisciplinados: desenvolve uma a\u00e7\u00e3o suavizante e desembara\u00e7ante que garante o controlo e a penteabilidade dos cabelos mais rebeldes.\" \/>\n<meta property=\"og:url\" content=\"https:\/\/abstyleitalia.it\/pt-pt\/products\/treatments-pt\/pure-liss-pt\/pure-liss-champo-para-cabelos-crespos-e-indisciplinados\/\" \/>\n<meta property=\"og:site_name\" content=\"ABstyle\" \/>\n<meta property=\"article:modified_time\" content=\"2022-05-25T15:25:50+00:00\" \/>\n<meta property=\"og:image\" content=\"https:\/\/abstyleitalia.it\/wp-content\/uploads\/2019\/03\/abstyle_pure_liss_shampoo_300ml.png\" \/>\n\t<meta property=\"og:image:width\" content=\"600\" \/>\n\t<meta property=\"og:image:height\" content=\"600\" \/>\n\t<meta property=\"og:image:type\" content=\"image\/png\" \/>\n<meta name=\"twitter:card\" content=\"summary_large_image\" \/>\n<script type=\"application\/ld+json\" class=\"yoast-schema-graph\">{\"@context\":\"https:\/\/schema.org\",\"@graph\":[{\"@type\":\"WebPage\",\"@id\":\"https:\/\/abstyleitalia.it\/pt-pt\/products\/treatments-pt\/pure-liss-pt\/pure-liss-champo-para-cabelos-crespos-e-indisciplinados\/\",\"url\":\"https:\/\/abstyleitalia.it\/pt-pt\/products\/treatments-pt\/pure-liss-pt\/pure-liss-champo-para-cabelos-crespos-e-indisciplinados\/\",\"name\":\"Pure Liss - Champ\u00f4 para cabelos crespos e indisciplinados | ABstyle\",\"isPartOf\":{\"@id\":\"https:\/\/abstyleitalia.it\/pt-pt\/#website\"},\"primaryImageOfPage\":{\"@id\":\"https:\/\/abstyleitalia.it\/pt-pt\/products\/treatments-pt\/pure-liss-pt\/pure-liss-champo-para-cabelos-crespos-e-indisciplinados\/#primaryimage\"},\"image\":{\"@id\":\"https:\/\/abstyleitalia.it\/pt-pt\/products\/treatments-pt\/pure-liss-pt\/pure-liss-champo-para-cabelos-crespos-e-indisciplinados\/#primaryimage\"},\"thumbnailUrl\":\"https:\/\/abstyleitalia.it\/wp-content\/uploads\/2023\/05\/32033_abstyle_pure_liss_shampoo_300ml.png\",\"datePublished\":\"2018-07-30T09:30:52+00:00\",\"dateModified\":\"2022-05-25T15:25:50+00:00\",\"description\":\"O champ\u00f4 Pure Liss \u00e9 ideal para cabelos crespos e indisciplinados: desenvolve uma a\u00e7\u00e3o suavizante e desembara\u00e7ante que garante o controlo e a penteabilidade dos cabelos mais rebeldes.\",\"breadcrumb\":{\"@id\":\"https:\/\/abstyleitalia.it\/pt-pt\/products\/treatments-pt\/pure-liss-pt\/pure-liss-champo-para-cabelos-crespos-e-indisciplinados\/#breadcrumb\"},\"inLanguage\":\"pt-PT\",\"potentialAction\":[{\"@type\":\"ReadAction\",\"target\":[\"https:\/\/abstyleitalia.it\/pt-pt\/products\/treatments-pt\/pure-liss-pt\/pure-liss-champo-para-cabelos-crespos-e-indisciplinados\/\"]}]},{\"@type\":\"ImageObject\",\"inLanguage\":\"pt-PT\",\"@id\":\"https:\/\/abstyleitalia.it\/pt-pt\/products\/treatments-pt\/pure-liss-pt\/pure-liss-champo-para-cabelos-crespos-e-indisciplinados\/#primaryimage\",\"url\":\"https:\/\/abstyleitalia.it\/wp-content\/uploads\/2023\/05\/32033_abstyle_pure_liss_shampoo_300ml.png\",\"contentUrl\":\"https:\/\/abstyleitalia.it\/wp-content\/uploads\/2023\/05\/32033_abstyle_pure_liss_shampoo_300ml.png\",\"width\":600,\"height\":600},{\"@type\":\"BreadcrumbList\",\"@id\":\"https:\/\/abstyleitalia.it\/pt-pt\/products\/treatments-pt\/pure-liss-pt\/pure-liss-champo-para-cabelos-crespos-e-indisciplinados\/#breadcrumb\",\"itemListElement\":[{\"@type\":\"ListItem\",\"position\":1,\"name\":\"Home\",\"item\":\"https:\/\/abstyleitalia.it\/pt-pt\/\"},{\"@type\":\"ListItem\",\"position\":2,\"name\":\"Produtos\",\"item\":\"https:\/\/abstyleitalia.it\/pt-pt\/produtos\/\"},{\"@type\":\"ListItem\",\"position\":3,\"name\":\"Pure Liss &#8211; Champ\u00f4 para cabelos crespos e indisciplinados\"}]},{\"@type\":\"WebSite\",\"@id\":\"https:\/\/abstyleitalia.it\/pt-pt\/#website\",\"url\":\"https:\/\/abstyleitalia.it\/pt-pt\/\",\"name\":\"ABstyle\",\"description\":\"One more time for you\",\"publisher\":{\"@id\":\"https:\/\/abstyleitalia.it\/pt-pt\/#organization\"},\"potentialAction\":[{\"@type\":\"SearchAction\",\"target\":{\"@type\":\"EntryPoint\",\"urlTemplate\":\"https:\/\/abstyleitalia.it\/pt-pt\/?s={search_term_string}\"},\"query-input\":{\"@type\":\"PropertyValueSpecification\",\"valueRequired\":true,\"valueName\":\"search_term_string\"}}],\"inLanguage\":\"pt-PT\"},{\"@type\":\"Organization\",\"@id\":\"https:\/\/abstyleitalia.it\/pt-pt\/#organization\",\"name\":\"ABSTYLE\",\"url\":\"https:\/\/abstyleitalia.it\/pt-pt\/\",\"logo\":{\"@type\":\"ImageObject\",\"inLanguage\":\"pt-PT\",\"@id\":\"https:\/\/abstyleitalia.it\/pt-pt\/#\/schema\/logo\/image\/\",\"url\":\"https:\/\/abstyleitalia.it\/wp-content\/uploads\/2017\/11\/ab-style-logo-76x76.png\",\"contentUrl\":\"https:\/\/abstyleitalia.it\/wp-content\/uploads\/2017\/11\/ab-style-logo-76x76.png\",\"width\":76,\"height\":76,\"caption\":\"ABSTYLE\"},\"image\":{\"@id\":\"https:\/\/abstyleitalia.it\/pt-pt\/#\/schema\/logo\/image\/\"}}]}<\/script>\n<!-- \/ Yoast SEO plugin. -->","yoast_head_json":{"title":"Pure Liss - Champ\u00f4 para cabelos crespos e indisciplinados | ABstyle","description":"O champ\u00f4 Pure Liss \u00e9 ideal para cabelos crespos e indisciplinados: desenvolve uma a\u00e7\u00e3o suavizante e desembara\u00e7ante que garante o controlo e a penteabilidade dos cabelos mais rebeldes.","robots":{"index":"index","follow":"follow","max-snippet":"max-snippet:-1","max-image-preview":"max-image-preview:large","max-video-preview":"max-video-preview:-1"},"canonical":"https:\/\/abstyleitalia.it\/pt-pt\/products\/treatments-pt\/pure-liss-pt\/pure-liss-champo-para-cabelos-crespos-e-indisciplinados\/","og_locale":"pt_PT","og_type":"article","og_title":"Pure Liss - Champ\u00f4 para cabelos crespos e indisciplinados | ABstyle","og_description":"O champ\u00f4 Pure Liss \u00e9 ideal para cabelos crespos e indisciplinados: desenvolve uma a\u00e7\u00e3o suavizante e desembara\u00e7ante que garante o controlo e a penteabilidade dos cabelos mais rebeldes.","og_url":"https:\/\/abstyleitalia.it\/pt-pt\/products\/treatments-pt\/pure-liss-pt\/pure-liss-champo-para-cabelos-crespos-e-indisciplinados\/","og_site_name":"ABstyle","article_modified_time":"2022-05-25T15:25:50+00:00","og_image":[{"width":600,"height":600,"url":"https:\/\/abstyleitalia.it\/wp-content\/uploads\/2019\/03\/abstyle_pure_liss_shampoo_300ml.png","type":"image\/png"}],"twitter_card":"summary_large_image","schema":{"@context":"https:\/\/schema.org","@graph":[{"@type":"WebPage","@id":"https:\/\/abstyleitalia.it\/pt-pt\/products\/treatments-pt\/pure-liss-pt\/pure-liss-champo-para-cabelos-crespos-e-indisciplinados\/","url":"https:\/\/abstyleitalia.it\/pt-pt\/products\/treatments-pt\/pure-liss-pt\/pure-liss-champo-para-cabelos-crespos-e-indisciplinados\/","name":"Pure Liss - Champ\u00f4 para cabelos crespos e indisciplinados | ABstyle","isPartOf":{"@id":"https:\/\/abstyleitalia.it\/pt-pt\/#website"},"primaryImageOfPage":{"@id":"https:\/\/abstyleitalia.it\/pt-pt\/products\/treatments-pt\/pure-liss-pt\/pure-liss-champo-para-cabelos-crespos-e-indisciplinados\/#primaryimage"},"image":{"@id":"https:\/\/abstyleitalia.it\/pt-pt\/products\/treatments-pt\/pure-liss-pt\/pure-liss-champo-para-cabelos-crespos-e-indisciplinados\/#primaryimage"},"thumbnailUrl":"https:\/\/abstyleitalia.it\/wp-content\/uploads\/2023\/05\/32033_abstyle_pure_liss_shampoo_300ml.png","datePublished":"2018-07-30T09:30:52+00:00","dateModified":"2022-05-25T15:25:50+00:00","description":"O champ\u00f4 Pure Liss \u00e9 ideal para cabelos crespos e indisciplinados: desenvolve uma a\u00e7\u00e3o suavizante e desembara\u00e7ante que garante o controlo e a penteabilidade dos cabelos mais rebeldes.","breadcrumb":{"@id":"https:\/\/abstyleitalia.it\/pt-pt\/products\/treatments-pt\/pure-liss-pt\/pure-liss-champo-para-cabelos-crespos-e-indisciplinados\/#breadcrumb"},"inLanguage":"pt-PT","potentialAction":[{"@type":"ReadAction","target":["https:\/\/abstyleitalia.it\/pt-pt\/products\/treatments-pt\/pure-liss-pt\/pure-liss-champo-para-cabelos-crespos-e-indisciplinados\/"]}]},{"@type":"ImageObject","inLanguage":"pt-PT","@id":"https:\/\/abstyleitalia.it\/pt-pt\/products\/treatments-pt\/pure-liss-pt\/pure-liss-champo-para-cabelos-crespos-e-indisciplinados\/#primaryimage","url":"https:\/\/abstyleitalia.it\/wp-content\/uploads\/2023\/05\/32033_abstyle_pure_liss_shampoo_300ml.png","contentUrl":"https:\/\/abstyleitalia.it\/wp-content\/uploads\/2023\/05\/32033_abstyle_pure_liss_shampoo_300ml.png","width":600,"height":600},{"@type":"BreadcrumbList","@id":"https:\/\/abstyleitalia.it\/pt-pt\/products\/treatments-pt\/pure-liss-pt\/pure-liss-champo-para-cabelos-crespos-e-indisciplinados\/#breadcrumb","itemListElement":[{"@type":"ListItem","position":1,"name":"Home","item":"https:\/\/abstyleitalia.it\/pt-pt\/"},{"@type":"ListItem","position":2,"name":"Produtos","item":"https:\/\/abstyleitalia.it\/pt-pt\/produtos\/"},{"@type":"ListItem","position":3,"name":"Pure Liss &#8211; Champ\u00f4 para cabelos crespos e indisciplinados"}]},{"@type":"WebSite","@id":"https:\/\/abstyleitalia.it\/pt-pt\/#website","url":"https:\/\/abstyleitalia.it\/pt-pt\/","name":"ABstyle","description":"One more time for you","publisher":{"@id":"https:\/\/abstyleitalia.it\/pt-pt\/#organization"},"potentialAction":[{"@type":"SearchAction","target":{"@type":"EntryPoint","urlTemplate":"https:\/\/abstyleitalia.it\/pt-pt\/?s={search_term_string}"},"query-input":{"@type":"PropertyValueSpecification","valueRequired":true,"valueName":"search_term_string"}}],"inLanguage":"pt-PT"},{"@type":"Organization","@id":"https:\/\/abstyleitalia.it\/pt-pt\/#organization","name":"ABSTYLE","url":"https:\/\/abstyleitalia.it\/pt-pt\/","logo":{"@type":"ImageObject","inLanguage":"pt-PT","@id":"https:\/\/abstyleitalia.it\/pt-pt\/#\/schema\/logo\/image\/","url":"https:\/\/abstyleitalia.it\/wp-content\/uploads\/2017\/11\/ab-style-logo-76x76.png","contentUrl":"https:\/\/abstyleitalia.it\/wp-content\/uploads\/2017\/11\/ab-style-logo-76x76.png","width":76,"height":76,"caption":"ABSTYLE"},"image":{"@id":"https:\/\/abstyleitalia.it\/pt-pt\/#\/schema\/logo\/image\/"}}]}},"_links":{"self":[{"href":"https:\/\/abstyleitalia.it\/pt-pt\/wp-json\/wp\/v2\/product\/3269","targetHints":{"allow":["GET"]}}],"collection":[{"href":"https:\/\/abstyleitalia.it\/pt-pt\/wp-json\/wp\/v2\/product"}],"about":[{"href":"https:\/\/abstyleitalia.it\/pt-pt\/wp-json\/wp\/v2\/types\/product"}],"replies":[{"embeddable":true,"href":"https:\/\/abstyleitalia.it\/pt-pt\/wp-json\/wp\/v2\/comments?post=3269"}],"wp:featuredmedia":[{"embeddable":true,"href":"https:\/\/abstyleitalia.it\/pt-pt\/wp-json\/wp\/v2\/media\/4028"}],"wp:attachment":[{"href":"https:\/\/abstyleitalia.it\/pt-pt\/wp-json\/wp\/v2\/media?parent=3269"}],"wp:term":[{"taxonomy":"product_brand","embeddable":true,"href":"https:\/\/abstyleitalia.it\/pt-pt\/wp-json\/wp\/v2\/product_brand?post=3269"},{"taxonomy":"product_cat","embeddable":true,"href":"https:\/\/abstyleitalia.it\/pt-pt\/wp-json\/wp\/v2\/product_cat?post=3269"},{"taxonomy":"product_tag","embeddable":true,"href":"https:\/\/abstyleitalia.it\/pt-pt\/wp-json\/wp\/v2\/product_tag?post=3269"}],"curies":[{"name":"wp","href":"https:\/\/api.w.org\/{rel}","templated":true}]}}