{"id":3268,"date":"2015-09-08T11:27:27","date_gmt":"2015-09-08T09:27:27","guid":{"rendered":"https:\/\/abstyleitalia.it\/products\/sem%20categoria\/pure-nutri-mascara-em-spray-sem-enxaguamento\/"},"modified":"2022-05-25T16:54:45","modified_gmt":"2022-05-25T14:54:45","slug":"pure-nutri-mascara-em-spray-sem-enxaguamento","status":"publish","type":"product","link":"https:\/\/abstyleitalia.it\/pt-pt\/products\/treatments-pt\/pure-nutri-pt\/pure-nutri-mascara-em-spray-sem-enxaguamento\/","title":{"rendered":"Pure Nutri &#8211; M\u00e1scara em spray sem enxaguamento"},"content":{"rendered":"<p class=\"p1\"><b>Hidrata, nutre e regenera<\/b> o cabelo em profundidade<\/p>\n<p class=\"p1\"><b>Ilumina, d\u00e1 volume e suaviza<\/b> o cabelo<\/p>\n<p class=\"p1\">Desenvolve uma a\u00e7\u00e3o m\u00faltipla <b>condicionadora, anti-crespo e suavizante<\/b><\/p>\n<p class=\"p1\"><b>Protege <\/b>o cabelo das fontes de calor<\/p>\n","protected":false},"excerpt":{"rendered":"<p class=\"p1\">A <b>m\u00e1scara em spray sem enxaguamento<\/b> Pure Nutri representa um tratamento inovador que re\u00fane dez efeitos surpreendentes. Gra\u00e7as \u00e0 sua formula\u00e7\u00e3o de a\u00e7\u00e3o m\u00faltipla, enriquecida em ingredientes altamente hidratantes, confere aos cabelos um <b>aspeto saud\u00e1vel, resistente e brilhante<\/b> desde a primeira aplica\u00e7\u00e3o. Particularmente indicado para <b>prevenir as pontas duplas<\/b>. Desenvolve uma a\u00e7\u00e3o termoprotetora in\u00e9dita contra as fontes de calor.<\/p>\n<p class=\"p2\">Formato de 180 ml<\/p>\n","protected":false},"featured_media":3980,"comment_status":"closed","ping_status":"closed","template":"","meta":[],"product_brand":[],"product_cat":[436,430],"product_tag":[],"class_list":{"0":"post-3268","1":"product","2":"type-product","3":"status-publish","4":"has-post-thumbnail","6":"product_cat-pure-nutri-pt","7":"product_cat-treatments-pt","8":"description-off","10":"first","11":"instock","12":"shipping-taxable","13":"product-type-simple"},"yoast_head":"<!-- This site is optimized with the Yoast SEO plugin v26.8 - https:\/\/yoast.com\/product\/yoast-seo-wordpress\/ -->\n<title>Pure Nutri - M\u00e1scara em spray sem enxaguamento | ABstyle<\/title>\n<meta name=\"description\" content=\"A m\u00e1scara em spray sem enxaguamento Pure Nutri representa um tratamento inovador que re\u00fane dez efeitos surpreendentes.\" \/>\n<meta name=\"robots\" content=\"index, follow, max-snippet:-1, max-image-preview:large, max-video-preview:-1\" \/>\n<link rel=\"canonical\" href=\"https:\/\/abstyleitalia.it\/pt-pt\/products\/treatments-pt\/pure-nutri-pt\/pure-nutri-mascara-em-spray-sem-enxaguamento\/\" \/>\n<meta property=\"og:locale\" content=\"pt_PT\" \/>\n<meta property=\"og:type\" content=\"article\" \/>\n<meta property=\"og:title\" content=\"Pure Nutri - M\u00e1scara em spray sem enxaguamento | ABstyle\" \/>\n<meta property=\"og:description\" content=\"A m\u00e1scara em spray sem enxaguamento Pure Nutri representa um tratamento inovador que re\u00fane dez efeitos surpreendentes.\" \/>\n<meta property=\"og:url\" content=\"https:\/\/abstyleitalia.it\/pt-pt\/products\/treatments-pt\/pure-nutri-pt\/pure-nutri-mascara-em-spray-sem-enxaguamento\/\" \/>\n<meta property=\"og:site_name\" content=\"ABstyle\" \/>\n<meta property=\"article:modified_time\" content=\"2022-05-25T14:54:45+00:00\" \/>\n<meta property=\"og:image\" content=\"https:\/\/abstyleitalia.it\/wp-content\/uploads\/2023\/05\/32017_abstyle_pure_nutri_instant-spray_mask_180ml.png\" \/>\n\t<meta property=\"og:image:width\" content=\"600\" \/>\n\t<meta property=\"og:image:height\" content=\"600\" \/>\n\t<meta property=\"og:image:type\" content=\"image\/png\" \/>\n<meta name=\"twitter:card\" content=\"summary_large_image\" \/>\n<script type=\"application\/ld+json\" class=\"yoast-schema-graph\">{\"@context\":\"https:\/\/schema.org\",\"@graph\":[{\"@type\":\"WebPage\",\"@id\":\"https:\/\/abstyleitalia.it\/pt-pt\/products\/treatments-pt\/pure-nutri-pt\/pure-nutri-mascara-em-spray-sem-enxaguamento\/\",\"url\":\"https:\/\/abstyleitalia.it\/pt-pt\/products\/treatments-pt\/pure-nutri-pt\/pure-nutri-mascara-em-spray-sem-enxaguamento\/\",\"name\":\"Pure Nutri - M\u00e1scara em spray sem enxaguamento | ABstyle\",\"isPartOf\":{\"@id\":\"https:\/\/abstyleitalia.it\/pt-pt\/#website\"},\"primaryImageOfPage\":{\"@id\":\"https:\/\/abstyleitalia.it\/pt-pt\/products\/treatments-pt\/pure-nutri-pt\/pure-nutri-mascara-em-spray-sem-enxaguamento\/#primaryimage\"},\"image\":{\"@id\":\"https:\/\/abstyleitalia.it\/pt-pt\/products\/treatments-pt\/pure-nutri-pt\/pure-nutri-mascara-em-spray-sem-enxaguamento\/#primaryimage\"},\"thumbnailUrl\":\"https:\/\/abstyleitalia.it\/wp-content\/uploads\/2023\/05\/32017_abstyle_pure_nutri_instant-spray_mask_180ml.png\",\"datePublished\":\"2015-09-08T09:27:27+00:00\",\"dateModified\":\"2022-05-25T14:54:45+00:00\",\"description\":\"A m\u00e1scara em spray sem enxaguamento Pure Nutri representa um tratamento inovador que re\u00fane dez efeitos surpreendentes.\",\"breadcrumb\":{\"@id\":\"https:\/\/abstyleitalia.it\/pt-pt\/products\/treatments-pt\/pure-nutri-pt\/pure-nutri-mascara-em-spray-sem-enxaguamento\/#breadcrumb\"},\"inLanguage\":\"pt-PT\",\"potentialAction\":[{\"@type\":\"ReadAction\",\"target\":[\"https:\/\/abstyleitalia.it\/pt-pt\/products\/treatments-pt\/pure-nutri-pt\/pure-nutri-mascara-em-spray-sem-enxaguamento\/\"]}]},{\"@type\":\"ImageObject\",\"inLanguage\":\"pt-PT\",\"@id\":\"https:\/\/abstyleitalia.it\/pt-pt\/products\/treatments-pt\/pure-nutri-pt\/pure-nutri-mascara-em-spray-sem-enxaguamento\/#primaryimage\",\"url\":\"https:\/\/abstyleitalia.it\/wp-content\/uploads\/2023\/05\/32017_abstyle_pure_nutri_instant-spray_mask_180ml.png\",\"contentUrl\":\"https:\/\/abstyleitalia.it\/wp-content\/uploads\/2023\/05\/32017_abstyle_pure_nutri_instant-spray_mask_180ml.png\",\"width\":600,\"height\":600},{\"@type\":\"BreadcrumbList\",\"@id\":\"https:\/\/abstyleitalia.it\/pt-pt\/products\/treatments-pt\/pure-nutri-pt\/pure-nutri-mascara-em-spray-sem-enxaguamento\/#breadcrumb\",\"itemListElement\":[{\"@type\":\"ListItem\",\"position\":1,\"name\":\"Home\",\"item\":\"https:\/\/abstyleitalia.it\/pt-pt\/\"},{\"@type\":\"ListItem\",\"position\":2,\"name\":\"Produtos\",\"item\":\"https:\/\/abstyleitalia.it\/pt-pt\/produtos\/\"},{\"@type\":\"ListItem\",\"position\":3,\"name\":\"Pure Nutri &#8211; M\u00e1scara em spray sem enxaguamento\"}]},{\"@type\":\"WebSite\",\"@id\":\"https:\/\/abstyleitalia.it\/pt-pt\/#website\",\"url\":\"https:\/\/abstyleitalia.it\/pt-pt\/\",\"name\":\"ABstyle\",\"description\":\"One more time for you\",\"publisher\":{\"@id\":\"https:\/\/abstyleitalia.it\/pt-pt\/#organization\"},\"potentialAction\":[{\"@type\":\"SearchAction\",\"target\":{\"@type\":\"EntryPoint\",\"urlTemplate\":\"https:\/\/abstyleitalia.it\/pt-pt\/?s={search_term_string}\"},\"query-input\":{\"@type\":\"PropertyValueSpecification\",\"valueRequired\":true,\"valueName\":\"search_term_string\"}}],\"inLanguage\":\"pt-PT\"},{\"@type\":\"Organization\",\"@id\":\"https:\/\/abstyleitalia.it\/pt-pt\/#organization\",\"name\":\"ABSTYLE\",\"url\":\"https:\/\/abstyleitalia.it\/pt-pt\/\",\"logo\":{\"@type\":\"ImageObject\",\"inLanguage\":\"pt-PT\",\"@id\":\"https:\/\/abstyleitalia.it\/pt-pt\/#\/schema\/logo\/image\/\",\"url\":\"https:\/\/abstyleitalia.it\/wp-content\/uploads\/2017\/11\/ab-style-logo-76x76.png\",\"contentUrl\":\"https:\/\/abstyleitalia.it\/wp-content\/uploads\/2017\/11\/ab-style-logo-76x76.png\",\"width\":76,\"height\":76,\"caption\":\"ABSTYLE\"},\"image\":{\"@id\":\"https:\/\/abstyleitalia.it\/pt-pt\/#\/schema\/logo\/image\/\"}}]}<\/script>\n<!-- \/ Yoast SEO plugin. -->","yoast_head_json":{"title":"Pure Nutri - M\u00e1scara em spray sem enxaguamento | ABstyle","description":"A m\u00e1scara em spray sem enxaguamento Pure Nutri representa um tratamento inovador que re\u00fane dez efeitos surpreendentes.","robots":{"index":"index","follow":"follow","max-snippet":"max-snippet:-1","max-image-preview":"max-image-preview:large","max-video-preview":"max-video-preview:-1"},"canonical":"https:\/\/abstyleitalia.it\/pt-pt\/products\/treatments-pt\/pure-nutri-pt\/pure-nutri-mascara-em-spray-sem-enxaguamento\/","og_locale":"pt_PT","og_type":"article","og_title":"Pure Nutri - M\u00e1scara em spray sem enxaguamento | ABstyle","og_description":"A m\u00e1scara em spray sem enxaguamento Pure Nutri representa um tratamento inovador que re\u00fane dez efeitos surpreendentes.","og_url":"https:\/\/abstyleitalia.it\/pt-pt\/products\/treatments-pt\/pure-nutri-pt\/pure-nutri-mascara-em-spray-sem-enxaguamento\/","og_site_name":"ABstyle","article_modified_time":"2022-05-25T14:54:45+00:00","og_image":[{"width":600,"height":600,"url":"https:\/\/abstyleitalia.it\/wp-content\/uploads\/2023\/05\/32017_abstyle_pure_nutri_instant-spray_mask_180ml.png","type":"image\/png"}],"twitter_card":"summary_large_image","schema":{"@context":"https:\/\/schema.org","@graph":[{"@type":"WebPage","@id":"https:\/\/abstyleitalia.it\/pt-pt\/products\/treatments-pt\/pure-nutri-pt\/pure-nutri-mascara-em-spray-sem-enxaguamento\/","url":"https:\/\/abstyleitalia.it\/pt-pt\/products\/treatments-pt\/pure-nutri-pt\/pure-nutri-mascara-em-spray-sem-enxaguamento\/","name":"Pure Nutri - M\u00e1scara em spray sem enxaguamento | ABstyle","isPartOf":{"@id":"https:\/\/abstyleitalia.it\/pt-pt\/#website"},"primaryImageOfPage":{"@id":"https:\/\/abstyleitalia.it\/pt-pt\/products\/treatments-pt\/pure-nutri-pt\/pure-nutri-mascara-em-spray-sem-enxaguamento\/#primaryimage"},"image":{"@id":"https:\/\/abstyleitalia.it\/pt-pt\/products\/treatments-pt\/pure-nutri-pt\/pure-nutri-mascara-em-spray-sem-enxaguamento\/#primaryimage"},"thumbnailUrl":"https:\/\/abstyleitalia.it\/wp-content\/uploads\/2023\/05\/32017_abstyle_pure_nutri_instant-spray_mask_180ml.png","datePublished":"2015-09-08T09:27:27+00:00","dateModified":"2022-05-25T14:54:45+00:00","description":"A m\u00e1scara em spray sem enxaguamento Pure Nutri representa um tratamento inovador que re\u00fane dez efeitos surpreendentes.","breadcrumb":{"@id":"https:\/\/abstyleitalia.it\/pt-pt\/products\/treatments-pt\/pure-nutri-pt\/pure-nutri-mascara-em-spray-sem-enxaguamento\/#breadcrumb"},"inLanguage":"pt-PT","potentialAction":[{"@type":"ReadAction","target":["https:\/\/abstyleitalia.it\/pt-pt\/products\/treatments-pt\/pure-nutri-pt\/pure-nutri-mascara-em-spray-sem-enxaguamento\/"]}]},{"@type":"ImageObject","inLanguage":"pt-PT","@id":"https:\/\/abstyleitalia.it\/pt-pt\/products\/treatments-pt\/pure-nutri-pt\/pure-nutri-mascara-em-spray-sem-enxaguamento\/#primaryimage","url":"https:\/\/abstyleitalia.it\/wp-content\/uploads\/2023\/05\/32017_abstyle_pure_nutri_instant-spray_mask_180ml.png","contentUrl":"https:\/\/abstyleitalia.it\/wp-content\/uploads\/2023\/05\/32017_abstyle_pure_nutri_instant-spray_mask_180ml.png","width":600,"height":600},{"@type":"BreadcrumbList","@id":"https:\/\/abstyleitalia.it\/pt-pt\/products\/treatments-pt\/pure-nutri-pt\/pure-nutri-mascara-em-spray-sem-enxaguamento\/#breadcrumb","itemListElement":[{"@type":"ListItem","position":1,"name":"Home","item":"https:\/\/abstyleitalia.it\/pt-pt\/"},{"@type":"ListItem","position":2,"name":"Produtos","item":"https:\/\/abstyleitalia.it\/pt-pt\/produtos\/"},{"@type":"ListItem","position":3,"name":"Pure Nutri &#8211; M\u00e1scara em spray sem enxaguamento"}]},{"@type":"WebSite","@id":"https:\/\/abstyleitalia.it\/pt-pt\/#website","url":"https:\/\/abstyleitalia.it\/pt-pt\/","name":"ABstyle","description":"One more time for you","publisher":{"@id":"https:\/\/abstyleitalia.it\/pt-pt\/#organization"},"potentialAction":[{"@type":"SearchAction","target":{"@type":"EntryPoint","urlTemplate":"https:\/\/abstyleitalia.it\/pt-pt\/?s={search_term_string}"},"query-input":{"@type":"PropertyValueSpecification","valueRequired":true,"valueName":"search_term_string"}}],"inLanguage":"pt-PT"},{"@type":"Organization","@id":"https:\/\/abstyleitalia.it\/pt-pt\/#organization","name":"ABSTYLE","url":"https:\/\/abstyleitalia.it\/pt-pt\/","logo":{"@type":"ImageObject","inLanguage":"pt-PT","@id":"https:\/\/abstyleitalia.it\/pt-pt\/#\/schema\/logo\/image\/","url":"https:\/\/abstyleitalia.it\/wp-content\/uploads\/2017\/11\/ab-style-logo-76x76.png","contentUrl":"https:\/\/abstyleitalia.it\/wp-content\/uploads\/2017\/11\/ab-style-logo-76x76.png","width":76,"height":76,"caption":"ABSTYLE"},"image":{"@id":"https:\/\/abstyleitalia.it\/pt-pt\/#\/schema\/logo\/image\/"}}]}},"_links":{"self":[{"href":"https:\/\/abstyleitalia.it\/pt-pt\/wp-json\/wp\/v2\/product\/3268","targetHints":{"allow":["GET"]}}],"collection":[{"href":"https:\/\/abstyleitalia.it\/pt-pt\/wp-json\/wp\/v2\/product"}],"about":[{"href":"https:\/\/abstyleitalia.it\/pt-pt\/wp-json\/wp\/v2\/types\/product"}],"replies":[{"embeddable":true,"href":"https:\/\/abstyleitalia.it\/pt-pt\/wp-json\/wp\/v2\/comments?post=3268"}],"wp:featuredmedia":[{"embeddable":true,"href":"https:\/\/abstyleitalia.it\/pt-pt\/wp-json\/wp\/v2\/media\/3980"}],"wp:attachment":[{"href":"https:\/\/abstyleitalia.it\/pt-pt\/wp-json\/wp\/v2\/media?parent=3268"}],"wp:term":[{"taxonomy":"product_brand","embeddable":true,"href":"https:\/\/abstyleitalia.it\/pt-pt\/wp-json\/wp\/v2\/product_brand?post=3268"},{"taxonomy":"product_cat","embeddable":true,"href":"https:\/\/abstyleitalia.it\/pt-pt\/wp-json\/wp\/v2\/product_cat?post=3268"},{"taxonomy":"product_tag","embeddable":true,"href":"https:\/\/abstyleitalia.it\/pt-pt\/wp-json\/wp\/v2\/product_tag?post=3268"}],"curies":[{"name":"wp","href":"https:\/\/api.w.org\/{rel}","templated":true}]}}