{"id":3266,"date":"2015-09-08T10:07:04","date_gmt":"2015-09-08T08:07:04","guid":{"rendered":"https:\/\/abstyleitalia.it\/products\/sem categoria\/pure-curl-creme-para-cabelos-ondulados-e-com-permanente\/"},"modified":"2015-09-08T10:07:04","modified_gmt":"2015-09-08T08:07:04","slug":"pure-curl-creme-para-cabelos-ondulados-e-com-permanente","status":"publish","type":"product","link":"https:\/\/abstyleitalia.it\/pt-pt\/products\/treatments-pt\/pure-curl-pt\/pure-curl-creme-para-cabelos-ondulados-e-com-permanente\/","title":{"rendered":"Pure Curl &#8211; Creme para cabelos ondulados e com permanente"},"content":{"rendered":"<p class=\"p1\"><b>Nutre e hidrata<\/b> em profundidade<\/p>\n<p class=\"p1\">Garante <b>vitalidade e defini\u00e7\u00e3o<\/b><\/p>\n<p class=\"p1\"><b>Acentua<\/b> a ondula\u00e7\u00e3o dos cabelos<span class=\"Apple-converted-space\">\u00a0<\/span><\/p>\n<p class=\"p1\">Ideal <b>para cabelos ondulados e com permanente<\/b><span class=\"Apple-converted-space\">\u00a0<\/span><\/p>\n","protected":false},"excerpt":{"rendered":"<p class=\"p1\">O <b>creme<\/b> <b>para cabelos ondulados e com permanente<\/b> Pure Curl \u00e9 ideal para nutrir em profundidade o cabelo, conferindo uma hidrata\u00e7\u00e3o e uma a\u00e7\u00e3o condicionadora \u00fanica que o tornam num produto essencial para melhorar a defini\u00e7\u00e3o dos cabelos ondulados e acentuar as ondula\u00e7\u00f5es naturais. A sua formula\u00e7\u00e3o rica em princ\u00edpios ativos, proporciona <b>elasticidade e for\u00e7a<\/b> ao cabelo. N\u00e3o necessita enxaguamento.<span class=\"Apple-converted-space\">\u00a0<\/span><\/p>\n<p class=\"p1\">Formato de 200 ml<\/p>\n","protected":false},"featured_media":4007,"comment_status":"closed","ping_status":"closed","template":"","meta":[],"product_brand":[],"product_cat":[433,430],"product_tag":[],"class_list":{"0":"post-3266","1":"product","2":"type-product","3":"status-publish","4":"has-post-thumbnail","6":"product_cat-pure-curl-pt","7":"product_cat-treatments-pt","8":"description-off","10":"first","11":"instock","12":"shipping-taxable","13":"product-type-simple"},"yoast_head":"<!-- This site is optimized with the Yoast SEO plugin v26.8 - https:\/\/yoast.com\/product\/yoast-seo-wordpress\/ -->\n<title>Pure Curl - Creme para cabelos ondulados e com permanente | ABSTYLE<\/title>\n<meta name=\"description\" content=\"O creme para cabelos ondulados e com permanente Pure Curl \u00e9 ideal para nutrir em profundidade o cabelo, conferindo uma hidrata\u00e7\u00e3o e uma a\u00e7\u00e3o condicionadora \u00fanica.\" \/>\n<meta name=\"robots\" content=\"index, follow, max-snippet:-1, max-image-preview:large, max-video-preview:-1\" \/>\n<link rel=\"canonical\" href=\"https:\/\/abstyleitalia.it\/pt-pt\/products\/treatments-pt\/pure-curl-pt\/pure-curl-creme-para-cabelos-ondulados-e-com-permanente\/\" \/>\n<meta property=\"og:locale\" content=\"pt_PT\" \/>\n<meta property=\"og:type\" content=\"article\" \/>\n<meta property=\"og:title\" content=\"Pure Curl - Creme para cabelos ondulados e com permanente | ABSTYLE\" \/>\n<meta property=\"og:description\" content=\"O creme para cabelos ondulados e com permanente Pure Curl \u00e9 ideal para nutrir em profundidade o cabelo, conferindo uma hidrata\u00e7\u00e3o e uma a\u00e7\u00e3o condicionadora \u00fanica.\" \/>\n<meta property=\"og:url\" content=\"https:\/\/abstyleitalia.it\/pt-pt\/products\/treatments-pt\/pure-curl-pt\/pure-curl-creme-para-cabelos-ondulados-e-com-permanente\/\" \/>\n<meta property=\"og:site_name\" content=\"ABstyle\" \/>\n<meta property=\"og:image\" content=\"https:\/\/abstyleitalia.it\/wp-content\/uploads\/2023\/05\/32003_abstyle_pure_curl_cream_200ml.png\" \/>\n\t<meta property=\"og:image:width\" content=\"600\" \/>\n\t<meta property=\"og:image:height\" content=\"600\" \/>\n\t<meta property=\"og:image:type\" content=\"image\/png\" \/>\n<meta name=\"twitter:card\" content=\"summary_large_image\" \/>\n<script type=\"application\/ld+json\" class=\"yoast-schema-graph\">{\"@context\":\"https:\/\/schema.org\",\"@graph\":[{\"@type\":\"WebPage\",\"@id\":\"https:\/\/abstyleitalia.it\/pt-pt\/products\/treatments-pt\/pure-curl-pt\/pure-curl-creme-para-cabelos-ondulados-e-com-permanente\/\",\"url\":\"https:\/\/abstyleitalia.it\/pt-pt\/products\/treatments-pt\/pure-curl-pt\/pure-curl-creme-para-cabelos-ondulados-e-com-permanente\/\",\"name\":\"Pure Curl - Creme para cabelos ondulados e com permanente | ABSTYLE\",\"isPartOf\":{\"@id\":\"https:\/\/abstyleitalia.it\/pt-pt\/#website\"},\"primaryImageOfPage\":{\"@id\":\"https:\/\/abstyleitalia.it\/pt-pt\/products\/treatments-pt\/pure-curl-pt\/pure-curl-creme-para-cabelos-ondulados-e-com-permanente\/#primaryimage\"},\"image\":{\"@id\":\"https:\/\/abstyleitalia.it\/pt-pt\/products\/treatments-pt\/pure-curl-pt\/pure-curl-creme-para-cabelos-ondulados-e-com-permanente\/#primaryimage\"},\"thumbnailUrl\":\"https:\/\/abstyleitalia.it\/wp-content\/uploads\/2023\/05\/32003_abstyle_pure_curl_cream_200ml.png\",\"datePublished\":\"2015-09-08T08:07:04+00:00\",\"description\":\"O creme para cabelos ondulados e com permanente Pure Curl \u00e9 ideal para nutrir em profundidade o cabelo, conferindo uma hidrata\u00e7\u00e3o e uma a\u00e7\u00e3o condicionadora \u00fanica.\",\"breadcrumb\":{\"@id\":\"https:\/\/abstyleitalia.it\/pt-pt\/products\/treatments-pt\/pure-curl-pt\/pure-curl-creme-para-cabelos-ondulados-e-com-permanente\/#breadcrumb\"},\"inLanguage\":\"pt-PT\",\"potentialAction\":[{\"@type\":\"ReadAction\",\"target\":[\"https:\/\/abstyleitalia.it\/pt-pt\/products\/treatments-pt\/pure-curl-pt\/pure-curl-creme-para-cabelos-ondulados-e-com-permanente\/\"]}]},{\"@type\":\"ImageObject\",\"inLanguage\":\"pt-PT\",\"@id\":\"https:\/\/abstyleitalia.it\/pt-pt\/products\/treatments-pt\/pure-curl-pt\/pure-curl-creme-para-cabelos-ondulados-e-com-permanente\/#primaryimage\",\"url\":\"https:\/\/abstyleitalia.it\/wp-content\/uploads\/2023\/05\/32003_abstyle_pure_curl_cream_200ml.png\",\"contentUrl\":\"https:\/\/abstyleitalia.it\/wp-content\/uploads\/2023\/05\/32003_abstyle_pure_curl_cream_200ml.png\",\"width\":600,\"height\":600},{\"@type\":\"BreadcrumbList\",\"@id\":\"https:\/\/abstyleitalia.it\/pt-pt\/products\/treatments-pt\/pure-curl-pt\/pure-curl-creme-para-cabelos-ondulados-e-com-permanente\/#breadcrumb\",\"itemListElement\":[{\"@type\":\"ListItem\",\"position\":1,\"name\":\"Home\",\"item\":\"https:\/\/abstyleitalia.it\/pt-pt\/\"},{\"@type\":\"ListItem\",\"position\":2,\"name\":\"Produtos\",\"item\":\"https:\/\/abstyleitalia.it\/pt-pt\/produtos\/\"},{\"@type\":\"ListItem\",\"position\":3,\"name\":\"Pure Curl &#8211; Creme para cabelos ondulados e com permanente\"}]},{\"@type\":\"WebSite\",\"@id\":\"https:\/\/abstyleitalia.it\/pt-pt\/#website\",\"url\":\"https:\/\/abstyleitalia.it\/pt-pt\/\",\"name\":\"ABstyle\",\"description\":\"One more time for you\",\"publisher\":{\"@id\":\"https:\/\/abstyleitalia.it\/pt-pt\/#organization\"},\"potentialAction\":[{\"@type\":\"SearchAction\",\"target\":{\"@type\":\"EntryPoint\",\"urlTemplate\":\"https:\/\/abstyleitalia.it\/pt-pt\/?s={search_term_string}\"},\"query-input\":{\"@type\":\"PropertyValueSpecification\",\"valueRequired\":true,\"valueName\":\"search_term_string\"}}],\"inLanguage\":\"pt-PT\"},{\"@type\":\"Organization\",\"@id\":\"https:\/\/abstyleitalia.it\/pt-pt\/#organization\",\"name\":\"ABSTYLE\",\"url\":\"https:\/\/abstyleitalia.it\/pt-pt\/\",\"logo\":{\"@type\":\"ImageObject\",\"inLanguage\":\"pt-PT\",\"@id\":\"https:\/\/abstyleitalia.it\/pt-pt\/#\/schema\/logo\/image\/\",\"url\":\"https:\/\/abstyleitalia.it\/wp-content\/uploads\/2017\/11\/ab-style-logo-76x76.png\",\"contentUrl\":\"https:\/\/abstyleitalia.it\/wp-content\/uploads\/2017\/11\/ab-style-logo-76x76.png\",\"width\":76,\"height\":76,\"caption\":\"ABSTYLE\"},\"image\":{\"@id\":\"https:\/\/abstyleitalia.it\/pt-pt\/#\/schema\/logo\/image\/\"}}]}<\/script>\n<!-- \/ Yoast SEO plugin. -->","yoast_head_json":{"title":"Pure Curl - Creme para cabelos ondulados e com permanente | ABSTYLE","description":"O creme para cabelos ondulados e com permanente Pure Curl \u00e9 ideal para nutrir em profundidade o cabelo, conferindo uma hidrata\u00e7\u00e3o e uma a\u00e7\u00e3o condicionadora \u00fanica.","robots":{"index":"index","follow":"follow","max-snippet":"max-snippet:-1","max-image-preview":"max-image-preview:large","max-video-preview":"max-video-preview:-1"},"canonical":"https:\/\/abstyleitalia.it\/pt-pt\/products\/treatments-pt\/pure-curl-pt\/pure-curl-creme-para-cabelos-ondulados-e-com-permanente\/","og_locale":"pt_PT","og_type":"article","og_title":"Pure Curl - Creme para cabelos ondulados e com permanente | ABSTYLE","og_description":"O creme para cabelos ondulados e com permanente Pure Curl \u00e9 ideal para nutrir em profundidade o cabelo, conferindo uma hidrata\u00e7\u00e3o e uma a\u00e7\u00e3o condicionadora \u00fanica.","og_url":"https:\/\/abstyleitalia.it\/pt-pt\/products\/treatments-pt\/pure-curl-pt\/pure-curl-creme-para-cabelos-ondulados-e-com-permanente\/","og_site_name":"ABstyle","og_image":[{"width":600,"height":600,"url":"https:\/\/abstyleitalia.it\/wp-content\/uploads\/2023\/05\/32003_abstyle_pure_curl_cream_200ml.png","type":"image\/png"}],"twitter_card":"summary_large_image","schema":{"@context":"https:\/\/schema.org","@graph":[{"@type":"WebPage","@id":"https:\/\/abstyleitalia.it\/pt-pt\/products\/treatments-pt\/pure-curl-pt\/pure-curl-creme-para-cabelos-ondulados-e-com-permanente\/","url":"https:\/\/abstyleitalia.it\/pt-pt\/products\/treatments-pt\/pure-curl-pt\/pure-curl-creme-para-cabelos-ondulados-e-com-permanente\/","name":"Pure Curl - Creme para cabelos ondulados e com permanente | ABSTYLE","isPartOf":{"@id":"https:\/\/abstyleitalia.it\/pt-pt\/#website"},"primaryImageOfPage":{"@id":"https:\/\/abstyleitalia.it\/pt-pt\/products\/treatments-pt\/pure-curl-pt\/pure-curl-creme-para-cabelos-ondulados-e-com-permanente\/#primaryimage"},"image":{"@id":"https:\/\/abstyleitalia.it\/pt-pt\/products\/treatments-pt\/pure-curl-pt\/pure-curl-creme-para-cabelos-ondulados-e-com-permanente\/#primaryimage"},"thumbnailUrl":"https:\/\/abstyleitalia.it\/wp-content\/uploads\/2023\/05\/32003_abstyle_pure_curl_cream_200ml.png","datePublished":"2015-09-08T08:07:04+00:00","description":"O creme para cabelos ondulados e com permanente Pure Curl \u00e9 ideal para nutrir em profundidade o cabelo, conferindo uma hidrata\u00e7\u00e3o e uma a\u00e7\u00e3o condicionadora \u00fanica.","breadcrumb":{"@id":"https:\/\/abstyleitalia.it\/pt-pt\/products\/treatments-pt\/pure-curl-pt\/pure-curl-creme-para-cabelos-ondulados-e-com-permanente\/#breadcrumb"},"inLanguage":"pt-PT","potentialAction":[{"@type":"ReadAction","target":["https:\/\/abstyleitalia.it\/pt-pt\/products\/treatments-pt\/pure-curl-pt\/pure-curl-creme-para-cabelos-ondulados-e-com-permanente\/"]}]},{"@type":"ImageObject","inLanguage":"pt-PT","@id":"https:\/\/abstyleitalia.it\/pt-pt\/products\/treatments-pt\/pure-curl-pt\/pure-curl-creme-para-cabelos-ondulados-e-com-permanente\/#primaryimage","url":"https:\/\/abstyleitalia.it\/wp-content\/uploads\/2023\/05\/32003_abstyle_pure_curl_cream_200ml.png","contentUrl":"https:\/\/abstyleitalia.it\/wp-content\/uploads\/2023\/05\/32003_abstyle_pure_curl_cream_200ml.png","width":600,"height":600},{"@type":"BreadcrumbList","@id":"https:\/\/abstyleitalia.it\/pt-pt\/products\/treatments-pt\/pure-curl-pt\/pure-curl-creme-para-cabelos-ondulados-e-com-permanente\/#breadcrumb","itemListElement":[{"@type":"ListItem","position":1,"name":"Home","item":"https:\/\/abstyleitalia.it\/pt-pt\/"},{"@type":"ListItem","position":2,"name":"Produtos","item":"https:\/\/abstyleitalia.it\/pt-pt\/produtos\/"},{"@type":"ListItem","position":3,"name":"Pure Curl &#8211; Creme para cabelos ondulados e com permanente"}]},{"@type":"WebSite","@id":"https:\/\/abstyleitalia.it\/pt-pt\/#website","url":"https:\/\/abstyleitalia.it\/pt-pt\/","name":"ABstyle","description":"One more time for you","publisher":{"@id":"https:\/\/abstyleitalia.it\/pt-pt\/#organization"},"potentialAction":[{"@type":"SearchAction","target":{"@type":"EntryPoint","urlTemplate":"https:\/\/abstyleitalia.it\/pt-pt\/?s={search_term_string}"},"query-input":{"@type":"PropertyValueSpecification","valueRequired":true,"valueName":"search_term_string"}}],"inLanguage":"pt-PT"},{"@type":"Organization","@id":"https:\/\/abstyleitalia.it\/pt-pt\/#organization","name":"ABSTYLE","url":"https:\/\/abstyleitalia.it\/pt-pt\/","logo":{"@type":"ImageObject","inLanguage":"pt-PT","@id":"https:\/\/abstyleitalia.it\/pt-pt\/#\/schema\/logo\/image\/","url":"https:\/\/abstyleitalia.it\/wp-content\/uploads\/2017\/11\/ab-style-logo-76x76.png","contentUrl":"https:\/\/abstyleitalia.it\/wp-content\/uploads\/2017\/11\/ab-style-logo-76x76.png","width":76,"height":76,"caption":"ABSTYLE"},"image":{"@id":"https:\/\/abstyleitalia.it\/pt-pt\/#\/schema\/logo\/image\/"}}]}},"_links":{"self":[{"href":"https:\/\/abstyleitalia.it\/pt-pt\/wp-json\/wp\/v2\/product\/3266","targetHints":{"allow":["GET"]}}],"collection":[{"href":"https:\/\/abstyleitalia.it\/pt-pt\/wp-json\/wp\/v2\/product"}],"about":[{"href":"https:\/\/abstyleitalia.it\/pt-pt\/wp-json\/wp\/v2\/types\/product"}],"replies":[{"embeddable":true,"href":"https:\/\/abstyleitalia.it\/pt-pt\/wp-json\/wp\/v2\/comments?post=3266"}],"wp:featuredmedia":[{"embeddable":true,"href":"https:\/\/abstyleitalia.it\/pt-pt\/wp-json\/wp\/v2\/media\/4007"}],"wp:attachment":[{"href":"https:\/\/abstyleitalia.it\/pt-pt\/wp-json\/wp\/v2\/media?parent=3266"}],"wp:term":[{"taxonomy":"product_brand","embeddable":true,"href":"https:\/\/abstyleitalia.it\/pt-pt\/wp-json\/wp\/v2\/product_brand?post=3266"},{"taxonomy":"product_cat","embeddable":true,"href":"https:\/\/abstyleitalia.it\/pt-pt\/wp-json\/wp\/v2\/product_cat?post=3266"},{"taxonomy":"product_tag","embeddable":true,"href":"https:\/\/abstyleitalia.it\/pt-pt\/wp-json\/wp\/v2\/product_tag?post=3266"}],"curies":[{"name":"wp","href":"https:\/\/api.w.org\/{rel}","templated":true}]}}