{"id":3258,"date":"2019-03-14T18:00:43","date_gmt":"2019-03-14T17:00:43","guid":{"rendered":"https:\/\/abstyleitalia.it\/products\/sem%20categoria\/pure-nutri-champo-para-cabelos-secos-e-sem-brilho-2\/"},"modified":"2022-05-25T16:51:45","modified_gmt":"2022-05-25T14:51:45","slug":"pure-nutri-champo-para-cabelos-secos-e-sem-brilho-2","status":"publish","type":"product","link":"https:\/\/abstyleitalia.it\/pt-pt\/products\/treatments-pt\/pure-nutri-pt\/pure-nutri-champo-para-cabelos-secos-e-sem-brilho-2\/","title":{"rendered":"Pure Nutri &#8211; Champ\u00f4 para cabelos secos e sem brilho"},"content":{"rendered":"<p>Luminosidade extrema para cabelos sem brilho<\/p>\n<p>Os cabelos secos e sensibilizados ficam novamente brilhantes<span class=\"Apple-converted-space\">\u00a0<\/span><\/p>\n<p>O cabelo resplandece de beleza<\/p>\n<p>Previne as pontas duplas e hidrata a fibra<\/p>\n<p>Facilita o trabalho com pincel<\/p>\n","protected":false},"excerpt":{"rendered":"<p class=\"p1\">O <b>champ\u00f4 Pure Nutri<\/b> foi desenvolvido para devolver <b>o brilho natural<\/b>, gra\u00e7as \u00e0s propriedades dos <b>extratos de sementes de linho<\/b> e dos<b> extratos de rosa mosqueta<\/b>. Uma limpeza delicada e espec\u00edfica prepara o cabelo ao <b>tratamento cosm\u00e9tico<\/b> para <b>cabelos secos e sem brilho<\/b>: o champ\u00f4 confere nutri\u00e7\u00e3o e hidrata\u00e7\u00e3o gra\u00e7as ao fornecimento dos princ\u00edpios ativos contidos na f\u00f3rmula que <b>combatem n\u00e3o s\u00f3 a falta de brilho e secura<\/b>, como ainda desenvolvem um a\u00e7\u00e3o excecional de <b>preven\u00e7\u00e3o de pontas duplas<\/b>.<span class=\"Apple-converted-space\">\u00a0<\/span><\/p>\n<p>1000 ml<\/p>\n","protected":false},"featured_media":4651,"comment_status":"closed","ping_status":"closed","template":"","meta":[],"product_brand":[],"product_cat":[436,430],"product_tag":[],"class_list":{"0":"post-3258","1":"product","2":"type-product","3":"status-publish","4":"has-post-thumbnail","6":"product_cat-pure-nutri-pt","7":"product_cat-treatments-pt","8":"description-off","10":"first","11":"instock","12":"shipping-taxable","13":"product-type-simple"},"yoast_head":"<!-- This site is optimized with the Yoast SEO plugin v26.8 - https:\/\/yoast.com\/product\/yoast-seo-wordpress\/ -->\n<title>Pure Nutri - Champ\u00f4 para cabelos secos e sem brilho | ABstyle<\/title>\n<meta name=\"description\" content=\"O champ\u00f4 Pure Nutri foi desenvolvido para devolver o brilho natural, gra\u00e7as \u00e0s propriedades dos extratos de sementes de linho e dos extratos de rosa mosqueta.\" \/>\n<meta name=\"robots\" content=\"index, follow, max-snippet:-1, max-image-preview:large, max-video-preview:-1\" \/>\n<link rel=\"canonical\" href=\"https:\/\/abstyleitalia.it\/pt-pt\/products\/treatments-pt\/pure-nutri-pt\/pure-nutri-champo-para-cabelos-secos-e-sem-brilho-2\/\" \/>\n<meta property=\"og:locale\" content=\"pt_PT\" \/>\n<meta property=\"og:type\" content=\"article\" \/>\n<meta property=\"og:title\" content=\"Pure Nutri - Champ\u00f4 para cabelos secos e sem brilho | ABstyle\" \/>\n<meta property=\"og:description\" content=\"O champ\u00f4 Pure Nutri foi desenvolvido para devolver o brilho natural, gra\u00e7as \u00e0s propriedades dos extratos de sementes de linho e dos extratos de rosa mosqueta.\" \/>\n<meta property=\"og:url\" content=\"https:\/\/abstyleitalia.it\/pt-pt\/products\/treatments-pt\/pure-nutri-pt\/pure-nutri-champo-para-cabelos-secos-e-sem-brilho-2\/\" \/>\n<meta property=\"og:site_name\" content=\"ABstyle\" \/>\n<meta property=\"article:modified_time\" content=\"2022-05-25T14:51:45+00:00\" \/>\n<meta property=\"og:image\" content=\"https:\/\/abstyleitalia.it\/wp-content\/uploads\/2023\/05\/32040_abstyle_pure_nutri_shampoo_1000ml.png\" \/>\n\t<meta property=\"og:image:width\" content=\"600\" \/>\n\t<meta property=\"og:image:height\" content=\"600\" \/>\n\t<meta property=\"og:image:type\" content=\"image\/png\" \/>\n<meta name=\"twitter:card\" content=\"summary_large_image\" \/>\n<meta name=\"twitter:label1\" content=\"Tempo estimado de leitura\" \/>\n\t<meta name=\"twitter:data1\" content=\"1 minuto\" \/>\n<script type=\"application\/ld+json\" class=\"yoast-schema-graph\">{\"@context\":\"https:\/\/schema.org\",\"@graph\":[{\"@type\":\"WebPage\",\"@id\":\"https:\/\/abstyleitalia.it\/pt-pt\/products\/treatments-pt\/pure-nutri-pt\/pure-nutri-champo-para-cabelos-secos-e-sem-brilho-2\/\",\"url\":\"https:\/\/abstyleitalia.it\/pt-pt\/products\/treatments-pt\/pure-nutri-pt\/pure-nutri-champo-para-cabelos-secos-e-sem-brilho-2\/\",\"name\":\"Pure Nutri - Champ\u00f4 para cabelos secos e sem brilho | ABstyle\",\"isPartOf\":{\"@id\":\"https:\/\/abstyleitalia.it\/pt-pt\/#website\"},\"primaryImageOfPage\":{\"@id\":\"https:\/\/abstyleitalia.it\/pt-pt\/products\/treatments-pt\/pure-nutri-pt\/pure-nutri-champo-para-cabelos-secos-e-sem-brilho-2\/#primaryimage\"},\"image\":{\"@id\":\"https:\/\/abstyleitalia.it\/pt-pt\/products\/treatments-pt\/pure-nutri-pt\/pure-nutri-champo-para-cabelos-secos-e-sem-brilho-2\/#primaryimage\"},\"thumbnailUrl\":\"https:\/\/abstyleitalia.it\/wp-content\/uploads\/2019\/03\/32040_abstyle_pure_nutri_shampoo_1000ml.png\",\"datePublished\":\"2019-03-14T17:00:43+00:00\",\"dateModified\":\"2022-05-25T14:51:45+00:00\",\"description\":\"O champ\u00f4 Pure Nutri foi desenvolvido para devolver o brilho natural, gra\u00e7as \u00e0s propriedades dos extratos de sementes de linho e dos extratos de rosa mosqueta.\",\"breadcrumb\":{\"@id\":\"https:\/\/abstyleitalia.it\/pt-pt\/products\/treatments-pt\/pure-nutri-pt\/pure-nutri-champo-para-cabelos-secos-e-sem-brilho-2\/#breadcrumb\"},\"inLanguage\":\"pt-PT\",\"potentialAction\":[{\"@type\":\"ReadAction\",\"target\":[\"https:\/\/abstyleitalia.it\/pt-pt\/products\/treatments-pt\/pure-nutri-pt\/pure-nutri-champo-para-cabelos-secos-e-sem-brilho-2\/\"]}]},{\"@type\":\"ImageObject\",\"inLanguage\":\"pt-PT\",\"@id\":\"https:\/\/abstyleitalia.it\/pt-pt\/products\/treatments-pt\/pure-nutri-pt\/pure-nutri-champo-para-cabelos-secos-e-sem-brilho-2\/#primaryimage\",\"url\":\"https:\/\/abstyleitalia.it\/wp-content\/uploads\/2019\/03\/32040_abstyle_pure_nutri_shampoo_1000ml.png\",\"contentUrl\":\"https:\/\/abstyleitalia.it\/wp-content\/uploads\/2019\/03\/32040_abstyle_pure_nutri_shampoo_1000ml.png\",\"width\":600,\"height\":600},{\"@type\":\"BreadcrumbList\",\"@id\":\"https:\/\/abstyleitalia.it\/pt-pt\/products\/treatments-pt\/pure-nutri-pt\/pure-nutri-champo-para-cabelos-secos-e-sem-brilho-2\/#breadcrumb\",\"itemListElement\":[{\"@type\":\"ListItem\",\"position\":1,\"name\":\"Home\",\"item\":\"https:\/\/abstyleitalia.it\/pt-pt\/\"},{\"@type\":\"ListItem\",\"position\":2,\"name\":\"Produtos\",\"item\":\"https:\/\/abstyleitalia.it\/pt-pt\/produtos\/\"},{\"@type\":\"ListItem\",\"position\":3,\"name\":\"Pure Nutri &#8211; Champ\u00f4 para cabelos secos e sem brilho\"}]},{\"@type\":\"WebSite\",\"@id\":\"https:\/\/abstyleitalia.it\/pt-pt\/#website\",\"url\":\"https:\/\/abstyleitalia.it\/pt-pt\/\",\"name\":\"ABstyle\",\"description\":\"One more time for you\",\"publisher\":{\"@id\":\"https:\/\/abstyleitalia.it\/pt-pt\/#organization\"},\"potentialAction\":[{\"@type\":\"SearchAction\",\"target\":{\"@type\":\"EntryPoint\",\"urlTemplate\":\"https:\/\/abstyleitalia.it\/pt-pt\/?s={search_term_string}\"},\"query-input\":{\"@type\":\"PropertyValueSpecification\",\"valueRequired\":true,\"valueName\":\"search_term_string\"}}],\"inLanguage\":\"pt-PT\"},{\"@type\":\"Organization\",\"@id\":\"https:\/\/abstyleitalia.it\/pt-pt\/#organization\",\"name\":\"ABSTYLE\",\"url\":\"https:\/\/abstyleitalia.it\/pt-pt\/\",\"logo\":{\"@type\":\"ImageObject\",\"inLanguage\":\"pt-PT\",\"@id\":\"https:\/\/abstyleitalia.it\/pt-pt\/#\/schema\/logo\/image\/\",\"url\":\"https:\/\/abstyleitalia.it\/wp-content\/uploads\/2017\/11\/ab-style-logo-76x76.png\",\"contentUrl\":\"https:\/\/abstyleitalia.it\/wp-content\/uploads\/2017\/11\/ab-style-logo-76x76.png\",\"width\":76,\"height\":76,\"caption\":\"ABSTYLE\"},\"image\":{\"@id\":\"https:\/\/abstyleitalia.it\/pt-pt\/#\/schema\/logo\/image\/\"}}]}<\/script>\n<!-- \/ Yoast SEO plugin. -->","yoast_head_json":{"title":"Pure Nutri - Champ\u00f4 para cabelos secos e sem brilho | ABstyle","description":"O champ\u00f4 Pure Nutri foi desenvolvido para devolver o brilho natural, gra\u00e7as \u00e0s propriedades dos extratos de sementes de linho e dos extratos de rosa mosqueta.","robots":{"index":"index","follow":"follow","max-snippet":"max-snippet:-1","max-image-preview":"max-image-preview:large","max-video-preview":"max-video-preview:-1"},"canonical":"https:\/\/abstyleitalia.it\/pt-pt\/products\/treatments-pt\/pure-nutri-pt\/pure-nutri-champo-para-cabelos-secos-e-sem-brilho-2\/","og_locale":"pt_PT","og_type":"article","og_title":"Pure Nutri - Champ\u00f4 para cabelos secos e sem brilho | ABstyle","og_description":"O champ\u00f4 Pure Nutri foi desenvolvido para devolver o brilho natural, gra\u00e7as \u00e0s propriedades dos extratos de sementes de linho e dos extratos de rosa mosqueta.","og_url":"https:\/\/abstyleitalia.it\/pt-pt\/products\/treatments-pt\/pure-nutri-pt\/pure-nutri-champo-para-cabelos-secos-e-sem-brilho-2\/","og_site_name":"ABstyle","article_modified_time":"2022-05-25T14:51:45+00:00","og_image":[{"width":600,"height":600,"url":"https:\/\/abstyleitalia.it\/wp-content\/uploads\/2023\/05\/32040_abstyle_pure_nutri_shampoo_1000ml.png","type":"image\/png"}],"twitter_card":"summary_large_image","twitter_misc":{"Tempo estimado de leitura":"1 minuto"},"schema":{"@context":"https:\/\/schema.org","@graph":[{"@type":"WebPage","@id":"https:\/\/abstyleitalia.it\/pt-pt\/products\/treatments-pt\/pure-nutri-pt\/pure-nutri-champo-para-cabelos-secos-e-sem-brilho-2\/","url":"https:\/\/abstyleitalia.it\/pt-pt\/products\/treatments-pt\/pure-nutri-pt\/pure-nutri-champo-para-cabelos-secos-e-sem-brilho-2\/","name":"Pure Nutri - Champ\u00f4 para cabelos secos e sem brilho | ABstyle","isPartOf":{"@id":"https:\/\/abstyleitalia.it\/pt-pt\/#website"},"primaryImageOfPage":{"@id":"https:\/\/abstyleitalia.it\/pt-pt\/products\/treatments-pt\/pure-nutri-pt\/pure-nutri-champo-para-cabelos-secos-e-sem-brilho-2\/#primaryimage"},"image":{"@id":"https:\/\/abstyleitalia.it\/pt-pt\/products\/treatments-pt\/pure-nutri-pt\/pure-nutri-champo-para-cabelos-secos-e-sem-brilho-2\/#primaryimage"},"thumbnailUrl":"https:\/\/abstyleitalia.it\/wp-content\/uploads\/2019\/03\/32040_abstyle_pure_nutri_shampoo_1000ml.png","datePublished":"2019-03-14T17:00:43+00:00","dateModified":"2022-05-25T14:51:45+00:00","description":"O champ\u00f4 Pure Nutri foi desenvolvido para devolver o brilho natural, gra\u00e7as \u00e0s propriedades dos extratos de sementes de linho e dos extratos de rosa mosqueta.","breadcrumb":{"@id":"https:\/\/abstyleitalia.it\/pt-pt\/products\/treatments-pt\/pure-nutri-pt\/pure-nutri-champo-para-cabelos-secos-e-sem-brilho-2\/#breadcrumb"},"inLanguage":"pt-PT","potentialAction":[{"@type":"ReadAction","target":["https:\/\/abstyleitalia.it\/pt-pt\/products\/treatments-pt\/pure-nutri-pt\/pure-nutri-champo-para-cabelos-secos-e-sem-brilho-2\/"]}]},{"@type":"ImageObject","inLanguage":"pt-PT","@id":"https:\/\/abstyleitalia.it\/pt-pt\/products\/treatments-pt\/pure-nutri-pt\/pure-nutri-champo-para-cabelos-secos-e-sem-brilho-2\/#primaryimage","url":"https:\/\/abstyleitalia.it\/wp-content\/uploads\/2019\/03\/32040_abstyle_pure_nutri_shampoo_1000ml.png","contentUrl":"https:\/\/abstyleitalia.it\/wp-content\/uploads\/2019\/03\/32040_abstyle_pure_nutri_shampoo_1000ml.png","width":600,"height":600},{"@type":"BreadcrumbList","@id":"https:\/\/abstyleitalia.it\/pt-pt\/products\/treatments-pt\/pure-nutri-pt\/pure-nutri-champo-para-cabelos-secos-e-sem-brilho-2\/#breadcrumb","itemListElement":[{"@type":"ListItem","position":1,"name":"Home","item":"https:\/\/abstyleitalia.it\/pt-pt\/"},{"@type":"ListItem","position":2,"name":"Produtos","item":"https:\/\/abstyleitalia.it\/pt-pt\/produtos\/"},{"@type":"ListItem","position":3,"name":"Pure Nutri &#8211; Champ\u00f4 para cabelos secos e sem brilho"}]},{"@type":"WebSite","@id":"https:\/\/abstyleitalia.it\/pt-pt\/#website","url":"https:\/\/abstyleitalia.it\/pt-pt\/","name":"ABstyle","description":"One more time for you","publisher":{"@id":"https:\/\/abstyleitalia.it\/pt-pt\/#organization"},"potentialAction":[{"@type":"SearchAction","target":{"@type":"EntryPoint","urlTemplate":"https:\/\/abstyleitalia.it\/pt-pt\/?s={search_term_string}"},"query-input":{"@type":"PropertyValueSpecification","valueRequired":true,"valueName":"search_term_string"}}],"inLanguage":"pt-PT"},{"@type":"Organization","@id":"https:\/\/abstyleitalia.it\/pt-pt\/#organization","name":"ABSTYLE","url":"https:\/\/abstyleitalia.it\/pt-pt\/","logo":{"@type":"ImageObject","inLanguage":"pt-PT","@id":"https:\/\/abstyleitalia.it\/pt-pt\/#\/schema\/logo\/image\/","url":"https:\/\/abstyleitalia.it\/wp-content\/uploads\/2017\/11\/ab-style-logo-76x76.png","contentUrl":"https:\/\/abstyleitalia.it\/wp-content\/uploads\/2017\/11\/ab-style-logo-76x76.png","width":76,"height":76,"caption":"ABSTYLE"},"image":{"@id":"https:\/\/abstyleitalia.it\/pt-pt\/#\/schema\/logo\/image\/"}}]}},"_links":{"self":[{"href":"https:\/\/abstyleitalia.it\/pt-pt\/wp-json\/wp\/v2\/product\/3258","targetHints":{"allow":["GET"]}}],"collection":[{"href":"https:\/\/abstyleitalia.it\/pt-pt\/wp-json\/wp\/v2\/product"}],"about":[{"href":"https:\/\/abstyleitalia.it\/pt-pt\/wp-json\/wp\/v2\/types\/product"}],"replies":[{"embeddable":true,"href":"https:\/\/abstyleitalia.it\/pt-pt\/wp-json\/wp\/v2\/comments?post=3258"}],"wp:featuredmedia":[{"embeddable":true,"href":"https:\/\/abstyleitalia.it\/pt-pt\/wp-json\/wp\/v2\/media\/4651"}],"wp:attachment":[{"href":"https:\/\/abstyleitalia.it\/pt-pt\/wp-json\/wp\/v2\/media?parent=3258"}],"wp:term":[{"taxonomy":"product_brand","embeddable":true,"href":"https:\/\/abstyleitalia.it\/pt-pt\/wp-json\/wp\/v2\/product_brand?post=3258"},{"taxonomy":"product_cat","embeddable":true,"href":"https:\/\/abstyleitalia.it\/pt-pt\/wp-json\/wp\/v2\/product_cat?post=3258"},{"taxonomy":"product_tag","embeddable":true,"href":"https:\/\/abstyleitalia.it\/pt-pt\/wp-json\/wp\/v2\/product_tag?post=3258"}],"curies":[{"name":"wp","href":"https:\/\/api.w.org\/{rel}","templated":true}]}}