{"id":3249,"date":"2015-09-07T16:39:20","date_gmt":"2015-09-07T14:39:20","guid":{"rendered":"https:\/\/abstyleitalia.it\/products\/sem%20categoria\/emulsao-oxidante-30-vol-9-1000-ml\/"},"modified":"2023-10-16T09:15:27","modified_gmt":"2023-10-16T07:15:27","slug":"emulsao-oxidante-30-vol-9-1000-ml","status":"publish","type":"product","link":"https:\/\/abstyleitalia.it\/pt-pt\/products\/salon-technics-pt\/oxidacao-pt\/emulsao-oxidante-30-vol-9-1000-ml\/","title":{"rendered":"Oxystyle | Emuls\u00e3o oxidante 30 vol. (9%) 1000 ml"},"content":{"rendered":"<p class=\"p1\">Garante uma <b>elevada estabilidade <\/b>\u00e0 colora\u00e7\u00e3o<\/p>\n<p class=\"p1\">Descolora <b>at\u00e9 4\/5 tons<\/b><\/p>\n<p class=\"p1\">Permite uma <b>cobertura \u00f3tima<\/b> dos cabelos brancos<\/p>\n<p class=\"p1\">F\u00f3rmula exclusiva e com <b>consist\u00eancia cremosa<\/b><\/p>\n","protected":false},"excerpt":{"rendered":"<p class=\"p1\"><b>A emuls\u00e3o oxidante 30 volumes (9%) <\/b>garante servi\u00e7os de <b>colora\u00e7\u00e3o e descolora\u00e7\u00e3o<\/b> \u00f3timos.<span class=\"Apple-converted-space\">\u00a0 <\/span>Gra\u00e7as \u00e0 composi\u00e7\u00e3o enriquecida em <b>subst\u00e2ncias funcionais<\/b>, n\u00e3o stressa a estrutura capilar. Ativa e favorece uma gest\u00e3o funcional da <b>cess\u00e3o do oxig\u00e9nio<\/b> durante a fase de coloca\u00e7\u00e3o, descolorando <b>at\u00e9 4\/5 tons<\/b>. Formula\u00e7\u00e3o <b>est\u00e1vel e cremosa<\/b>, para um resultado cosm\u00e9tico exclusivo.<\/p>\n<p class=\"p1\">Uso profissional<\/p>\n<p class=\"p1\">Formato de 1000 ml<\/p>\n<p class=\"p1\">30 volumes (9%)<\/p>\n","protected":false},"featured_media":4120,"comment_status":"closed","ping_status":"closed","template":"","meta":[],"product_brand":[],"product_cat":[428],"product_tag":[],"class_list":{"0":"post-3249","1":"product","2":"type-product","3":"status-publish","4":"has-post-thumbnail","6":"product_cat-oxidacao-pt","7":"description-off","9":"first","10":"instock","11":"shipping-taxable","12":"product-type-simple"},"yoast_head":"<!-- This site is optimized with the Yoast SEO plugin v26.8 - https:\/\/yoast.com\/product\/yoast-seo-wordpress\/ -->\n<title>Emuls\u00e3o oxidante 30 vol. (9%) 1000 ml<\/title>\n<meta name=\"description\" content=\"A emuls\u00e3o oxidante 30 volumes (9%) garante servi\u00e7os de colora\u00e7\u00e3o e descolora\u00e7\u00e3o \u00f3timos.\" \/>\n<meta name=\"robots\" content=\"index, follow, max-snippet:-1, max-image-preview:large, max-video-preview:-1\" \/>\n<link rel=\"canonical\" href=\"https:\/\/abstyleitalia.it\/pt-pt\/products\/salon-technics-pt\/oxidacao-pt\/emulsao-oxidante-30-vol-9-1000-ml\/\" \/>\n<meta property=\"og:locale\" content=\"pt_PT\" \/>\n<meta property=\"og:type\" content=\"article\" \/>\n<meta property=\"og:title\" content=\"Emuls\u00e3o oxidante 30 vol. (9%) 1000 ml\" \/>\n<meta property=\"og:description\" content=\"A emuls\u00e3o oxidante 30 volumes (9%) garante servi\u00e7os de colora\u00e7\u00e3o e descolora\u00e7\u00e3o \u00f3timos.\" \/>\n<meta property=\"og:url\" content=\"https:\/\/abstyleitalia.it\/pt-pt\/products\/salon-technics-pt\/oxidacao-pt\/emulsao-oxidante-30-vol-9-1000-ml\/\" \/>\n<meta property=\"og:site_name\" content=\"ABstyle\" \/>\n<meta property=\"article:modified_time\" content=\"2023-10-16T07:15:27+00:00\" \/>\n<meta property=\"og:image\" content=\"https:\/\/abstyleitalia.it\/wp-content\/uploads\/2015\/09\/31002_abstyle_oxidizing_emulsion_30vol_1000ml.png\" \/>\n\t<meta property=\"og:image:width\" content=\"600\" \/>\n\t<meta property=\"og:image:height\" content=\"600\" \/>\n\t<meta property=\"og:image:type\" content=\"image\/png\" \/>\n<meta name=\"twitter:card\" content=\"summary_large_image\" \/>\n<meta name=\"twitter:label1\" content=\"Tempo estimado de leitura\" \/>\n\t<meta name=\"twitter:data1\" content=\"1 minuto\" \/>\n<script type=\"application\/ld+json\" class=\"yoast-schema-graph\">{\"@context\":\"https:\/\/schema.org\",\"@graph\":[{\"@type\":\"WebPage\",\"@id\":\"https:\/\/abstyleitalia.it\/pt-pt\/products\/salon-technics-pt\/oxidacao-pt\/emulsao-oxidante-30-vol-9-1000-ml\/\",\"url\":\"https:\/\/abstyleitalia.it\/pt-pt\/products\/salon-technics-pt\/oxidacao-pt\/emulsao-oxidante-30-vol-9-1000-ml\/\",\"name\":\"Emuls\u00e3o oxidante 30 vol. (9%) 1000 ml\",\"isPartOf\":{\"@id\":\"https:\/\/abstyleitalia.it\/pt-pt\/#website\"},\"primaryImageOfPage\":{\"@id\":\"https:\/\/abstyleitalia.it\/pt-pt\/products\/salon-technics-pt\/oxidacao-pt\/emulsao-oxidante-30-vol-9-1000-ml\/#primaryimage\"},\"image\":{\"@id\":\"https:\/\/abstyleitalia.it\/pt-pt\/products\/salon-technics-pt\/oxidacao-pt\/emulsao-oxidante-30-vol-9-1000-ml\/#primaryimage\"},\"thumbnailUrl\":\"https:\/\/abstyleitalia.it\/wp-content\/uploads\/2015\/09\/31002_abstyle_oxidizing_emulsion_30vol_1000ml.png\",\"datePublished\":\"2015-09-07T14:39:20+00:00\",\"dateModified\":\"2023-10-16T07:15:27+00:00\",\"description\":\"A emuls\u00e3o oxidante 30 volumes (9%) garante servi\u00e7os de colora\u00e7\u00e3o e descolora\u00e7\u00e3o \u00f3timos.\",\"breadcrumb\":{\"@id\":\"https:\/\/abstyleitalia.it\/pt-pt\/products\/salon-technics-pt\/oxidacao-pt\/emulsao-oxidante-30-vol-9-1000-ml\/#breadcrumb\"},\"inLanguage\":\"pt-PT\",\"potentialAction\":[{\"@type\":\"ReadAction\",\"target\":[\"https:\/\/abstyleitalia.it\/pt-pt\/products\/salon-technics-pt\/oxidacao-pt\/emulsao-oxidante-30-vol-9-1000-ml\/\"]}]},{\"@type\":\"ImageObject\",\"inLanguage\":\"pt-PT\",\"@id\":\"https:\/\/abstyleitalia.it\/pt-pt\/products\/salon-technics-pt\/oxidacao-pt\/emulsao-oxidante-30-vol-9-1000-ml\/#primaryimage\",\"url\":\"https:\/\/abstyleitalia.it\/wp-content\/uploads\/2015\/09\/31002_abstyle_oxidizing_emulsion_30vol_1000ml.png\",\"contentUrl\":\"https:\/\/abstyleitalia.it\/wp-content\/uploads\/2015\/09\/31002_abstyle_oxidizing_emulsion_30vol_1000ml.png\",\"width\":600,\"height\":600},{\"@type\":\"BreadcrumbList\",\"@id\":\"https:\/\/abstyleitalia.it\/pt-pt\/products\/salon-technics-pt\/oxidacao-pt\/emulsao-oxidante-30-vol-9-1000-ml\/#breadcrumb\",\"itemListElement\":[{\"@type\":\"ListItem\",\"position\":1,\"name\":\"Home\",\"item\":\"https:\/\/abstyleitalia.it\/pt-pt\/\"},{\"@type\":\"ListItem\",\"position\":2,\"name\":\"Produtos\",\"item\":\"https:\/\/abstyleitalia.it\/pt-pt\/produtos\/\"},{\"@type\":\"ListItem\",\"position\":3,\"name\":\"Oxystyle | Emuls\u00e3o oxidante 30 vol. (9%) 1000 ml\"}]},{\"@type\":\"WebSite\",\"@id\":\"https:\/\/abstyleitalia.it\/pt-pt\/#website\",\"url\":\"https:\/\/abstyleitalia.it\/pt-pt\/\",\"name\":\"ABstyle\",\"description\":\"One more time for you\",\"publisher\":{\"@id\":\"https:\/\/abstyleitalia.it\/pt-pt\/#organization\"},\"potentialAction\":[{\"@type\":\"SearchAction\",\"target\":{\"@type\":\"EntryPoint\",\"urlTemplate\":\"https:\/\/abstyleitalia.it\/pt-pt\/?s={search_term_string}\"},\"query-input\":{\"@type\":\"PropertyValueSpecification\",\"valueRequired\":true,\"valueName\":\"search_term_string\"}}],\"inLanguage\":\"pt-PT\"},{\"@type\":\"Organization\",\"@id\":\"https:\/\/abstyleitalia.it\/pt-pt\/#organization\",\"name\":\"ABSTYLE\",\"url\":\"https:\/\/abstyleitalia.it\/pt-pt\/\",\"logo\":{\"@type\":\"ImageObject\",\"inLanguage\":\"pt-PT\",\"@id\":\"https:\/\/abstyleitalia.it\/pt-pt\/#\/schema\/logo\/image\/\",\"url\":\"https:\/\/abstyleitalia.it\/wp-content\/uploads\/2017\/11\/ab-style-logo-76x76.png\",\"contentUrl\":\"https:\/\/abstyleitalia.it\/wp-content\/uploads\/2017\/11\/ab-style-logo-76x76.png\",\"width\":76,\"height\":76,\"caption\":\"ABSTYLE\"},\"image\":{\"@id\":\"https:\/\/abstyleitalia.it\/pt-pt\/#\/schema\/logo\/image\/\"}}]}<\/script>\n<!-- \/ Yoast SEO plugin. -->","yoast_head_json":{"title":"Emuls\u00e3o oxidante 30 vol. (9%) 1000 ml","description":"A emuls\u00e3o oxidante 30 volumes (9%) garante servi\u00e7os de colora\u00e7\u00e3o e descolora\u00e7\u00e3o \u00f3timos.","robots":{"index":"index","follow":"follow","max-snippet":"max-snippet:-1","max-image-preview":"max-image-preview:large","max-video-preview":"max-video-preview:-1"},"canonical":"https:\/\/abstyleitalia.it\/pt-pt\/products\/salon-technics-pt\/oxidacao-pt\/emulsao-oxidante-30-vol-9-1000-ml\/","og_locale":"pt_PT","og_type":"article","og_title":"Emuls\u00e3o oxidante 30 vol. (9%) 1000 ml","og_description":"A emuls\u00e3o oxidante 30 volumes (9%) garante servi\u00e7os de colora\u00e7\u00e3o e descolora\u00e7\u00e3o \u00f3timos.","og_url":"https:\/\/abstyleitalia.it\/pt-pt\/products\/salon-technics-pt\/oxidacao-pt\/emulsao-oxidante-30-vol-9-1000-ml\/","og_site_name":"ABstyle","article_modified_time":"2023-10-16T07:15:27+00:00","og_image":[{"width":600,"height":600,"url":"https:\/\/abstyleitalia.it\/wp-content\/uploads\/2015\/09\/31002_abstyle_oxidizing_emulsion_30vol_1000ml.png","type":"image\/png"}],"twitter_card":"summary_large_image","twitter_misc":{"Tempo estimado de leitura":"1 minuto"},"schema":{"@context":"https:\/\/schema.org","@graph":[{"@type":"WebPage","@id":"https:\/\/abstyleitalia.it\/pt-pt\/products\/salon-technics-pt\/oxidacao-pt\/emulsao-oxidante-30-vol-9-1000-ml\/","url":"https:\/\/abstyleitalia.it\/pt-pt\/products\/salon-technics-pt\/oxidacao-pt\/emulsao-oxidante-30-vol-9-1000-ml\/","name":"Emuls\u00e3o oxidante 30 vol. (9%) 1000 ml","isPartOf":{"@id":"https:\/\/abstyleitalia.it\/pt-pt\/#website"},"primaryImageOfPage":{"@id":"https:\/\/abstyleitalia.it\/pt-pt\/products\/salon-technics-pt\/oxidacao-pt\/emulsao-oxidante-30-vol-9-1000-ml\/#primaryimage"},"image":{"@id":"https:\/\/abstyleitalia.it\/pt-pt\/products\/salon-technics-pt\/oxidacao-pt\/emulsao-oxidante-30-vol-9-1000-ml\/#primaryimage"},"thumbnailUrl":"https:\/\/abstyleitalia.it\/wp-content\/uploads\/2015\/09\/31002_abstyle_oxidizing_emulsion_30vol_1000ml.png","datePublished":"2015-09-07T14:39:20+00:00","dateModified":"2023-10-16T07:15:27+00:00","description":"A emuls\u00e3o oxidante 30 volumes (9%) garante servi\u00e7os de colora\u00e7\u00e3o e descolora\u00e7\u00e3o \u00f3timos.","breadcrumb":{"@id":"https:\/\/abstyleitalia.it\/pt-pt\/products\/salon-technics-pt\/oxidacao-pt\/emulsao-oxidante-30-vol-9-1000-ml\/#breadcrumb"},"inLanguage":"pt-PT","potentialAction":[{"@type":"ReadAction","target":["https:\/\/abstyleitalia.it\/pt-pt\/products\/salon-technics-pt\/oxidacao-pt\/emulsao-oxidante-30-vol-9-1000-ml\/"]}]},{"@type":"ImageObject","inLanguage":"pt-PT","@id":"https:\/\/abstyleitalia.it\/pt-pt\/products\/salon-technics-pt\/oxidacao-pt\/emulsao-oxidante-30-vol-9-1000-ml\/#primaryimage","url":"https:\/\/abstyleitalia.it\/wp-content\/uploads\/2015\/09\/31002_abstyle_oxidizing_emulsion_30vol_1000ml.png","contentUrl":"https:\/\/abstyleitalia.it\/wp-content\/uploads\/2015\/09\/31002_abstyle_oxidizing_emulsion_30vol_1000ml.png","width":600,"height":600},{"@type":"BreadcrumbList","@id":"https:\/\/abstyleitalia.it\/pt-pt\/products\/salon-technics-pt\/oxidacao-pt\/emulsao-oxidante-30-vol-9-1000-ml\/#breadcrumb","itemListElement":[{"@type":"ListItem","position":1,"name":"Home","item":"https:\/\/abstyleitalia.it\/pt-pt\/"},{"@type":"ListItem","position":2,"name":"Produtos","item":"https:\/\/abstyleitalia.it\/pt-pt\/produtos\/"},{"@type":"ListItem","position":3,"name":"Oxystyle | Emuls\u00e3o oxidante 30 vol. (9%) 1000 ml"}]},{"@type":"WebSite","@id":"https:\/\/abstyleitalia.it\/pt-pt\/#website","url":"https:\/\/abstyleitalia.it\/pt-pt\/","name":"ABstyle","description":"One more time for you","publisher":{"@id":"https:\/\/abstyleitalia.it\/pt-pt\/#organization"},"potentialAction":[{"@type":"SearchAction","target":{"@type":"EntryPoint","urlTemplate":"https:\/\/abstyleitalia.it\/pt-pt\/?s={search_term_string}"},"query-input":{"@type":"PropertyValueSpecification","valueRequired":true,"valueName":"search_term_string"}}],"inLanguage":"pt-PT"},{"@type":"Organization","@id":"https:\/\/abstyleitalia.it\/pt-pt\/#organization","name":"ABSTYLE","url":"https:\/\/abstyleitalia.it\/pt-pt\/","logo":{"@type":"ImageObject","inLanguage":"pt-PT","@id":"https:\/\/abstyleitalia.it\/pt-pt\/#\/schema\/logo\/image\/","url":"https:\/\/abstyleitalia.it\/wp-content\/uploads\/2017\/11\/ab-style-logo-76x76.png","contentUrl":"https:\/\/abstyleitalia.it\/wp-content\/uploads\/2017\/11\/ab-style-logo-76x76.png","width":76,"height":76,"caption":"ABSTYLE"},"image":{"@id":"https:\/\/abstyleitalia.it\/pt-pt\/#\/schema\/logo\/image\/"}}]}},"_links":{"self":[{"href":"https:\/\/abstyleitalia.it\/pt-pt\/wp-json\/wp\/v2\/product\/3249","targetHints":{"allow":["GET"]}}],"collection":[{"href":"https:\/\/abstyleitalia.it\/pt-pt\/wp-json\/wp\/v2\/product"}],"about":[{"href":"https:\/\/abstyleitalia.it\/pt-pt\/wp-json\/wp\/v2\/types\/product"}],"replies":[{"embeddable":true,"href":"https:\/\/abstyleitalia.it\/pt-pt\/wp-json\/wp\/v2\/comments?post=3249"}],"wp:featuredmedia":[{"embeddable":true,"href":"https:\/\/abstyleitalia.it\/pt-pt\/wp-json\/wp\/v2\/media\/4120"}],"wp:attachment":[{"href":"https:\/\/abstyleitalia.it\/pt-pt\/wp-json\/wp\/v2\/media?parent=3249"}],"wp:term":[{"taxonomy":"product_brand","embeddable":true,"href":"https:\/\/abstyleitalia.it\/pt-pt\/wp-json\/wp\/v2\/product_brand?post=3249"},{"taxonomy":"product_cat","embeddable":true,"href":"https:\/\/abstyleitalia.it\/pt-pt\/wp-json\/wp\/v2\/product_cat?post=3249"},{"taxonomy":"product_tag","embeddable":true,"href":"https:\/\/abstyleitalia.it\/pt-pt\/wp-json\/wp\/v2\/product_tag?post=3249"}],"curies":[{"name":"wp","href":"https:\/\/api.w.org\/{rel}","templated":true}]}}