{"id":3245,"date":"2015-09-08T09:39:41","date_gmt":"2015-09-08T07:39:41","guid":{"rendered":"https:\/\/abstyleitalia.it\/products\/sem%20categoria\/abstyle-emulsao-oxidante-20-vol-6-200-ml\/"},"modified":"2021-05-11T15:57:21","modified_gmt":"2021-05-11T13:57:21","slug":"emulsao-oxidante-20-vol-6-200-ml","status":"publish","type":"product","link":"https:\/\/abstyleitalia.it\/pt-pt\/products\/salon-technics-pt\/oxidacao-pt\/emulsao-oxidante-20-vol-6-200-ml\/","title":{"rendered":"Emuls\u00e3o oxidante 20 vol. (6%) 200 ml"},"content":{"rendered":"<p class=\"p1\">Ideal para descolorar <b>at\u00e9 2 tons<\/b><span class=\"Apple-converted-space\">\u00a0<\/span><\/p>\n<p class=\"p1\">Indicado para <b>colora\u00e7\u00f5es de cobertura<\/b><\/p>\n<p class=\"p1\">Caracteriza-se por uma <b>consist\u00eancia cremosa exclusiva<\/b><\/p>\n<p class=\"p1\">Combina uma <b>f\u00f3rmula delicada<\/b> com um <b>aroma agrad\u00e1vel<\/b><\/p>\n","protected":false},"excerpt":{"rendered":"<p class=\"p1\">A <b>Emuls\u00e3o oxidante 20 volumes (6%)<\/b>, com consist\u00eancia fluida e cremosa, liberta o oxig\u00e9nio e favorece a fixa\u00e7\u00e3o da cor. Produto altamente est\u00e1vel, combina uma <b>seguran\u00e7a<\/b> <b>elevada <\/b>para o hairstylist e para a cliente, com a excelente a\u00e7\u00e3o de <b>fixa\u00e7\u00e3o da cor<\/b>. Emuls\u00e3o com uma confiabilidade \u00fanica, <b>n\u00e3o agride<\/b> a estrutura capilar e participa na <b>a\u00e7\u00e3o emoliente <\/b>no cabelo atrav\u00e9s das subst\u00e2ncias nutritivas da sua formula\u00e7\u00e3o.<\/p>\n<p class=\"p1\">Uso profissional<span class=\"Apple-converted-space\">\u00a0<\/span><\/p>\n<p class=\"p1\">Formato de 200 ml<\/p>\n<p class=\"p1\">20 volumes (6%)<\/p>\n","protected":false},"featured_media":3410,"comment_status":"closed","ping_status":"closed","template":"","meta":[],"product_brand":[],"product_cat":[428],"product_tag":[],"class_list":{"0":"post-3245","1":"product","2":"type-product","3":"status-publish","4":"has-post-thumbnail","6":"product_cat-oxidacao-pt","7":"description-off","9":"first","10":"instock","11":"shipping-taxable","12":"product-type-simple"},"yoast_head":"<!-- This site is optimized with the Yoast SEO plugin v26.8 - https:\/\/yoast.com\/product\/yoast-seo-wordpress\/ -->\n<title>Emuls\u00e3o oxidante 20 vol. (6%) 200 ml<\/title>\n<meta name=\"description\" content=\"A Emuls\u00e3o oxidante 20 volumes (6%), com consist\u00eancia fluida e cremosa, liberta o oxig\u00e9nio e favorece a fixa\u00e7\u00e3o da cor.\" \/>\n<meta name=\"robots\" content=\"index, follow, max-snippet:-1, max-image-preview:large, max-video-preview:-1\" \/>\n<link rel=\"canonical\" href=\"https:\/\/abstyleitalia.it\/pt-pt\/products\/salon-technics-pt\/oxidacao-pt\/emulsao-oxidante-20-vol-6-200-ml\/\" \/>\n<meta property=\"og:locale\" content=\"pt_PT\" \/>\n<meta property=\"og:type\" content=\"article\" \/>\n<meta property=\"og:title\" content=\"Emuls\u00e3o oxidante 20 vol. (6%) 200 ml\" \/>\n<meta property=\"og:description\" content=\"A Emuls\u00e3o oxidante 20 volumes (6%), com consist\u00eancia fluida e cremosa, liberta o oxig\u00e9nio e favorece a fixa\u00e7\u00e3o da cor.\" \/>\n<meta property=\"og:url\" content=\"https:\/\/abstyleitalia.it\/pt-pt\/products\/salon-technics-pt\/oxidacao-pt\/emulsao-oxidante-20-vol-6-200-ml\/\" \/>\n<meta property=\"og:site_name\" content=\"ABstyle\" \/>\n<meta property=\"article:modified_time\" content=\"2021-05-11T13:57:21+00:00\" \/>\n<meta property=\"og:image\" content=\"https:\/\/abstyleitalia.it\/wp-content\/uploads\/2021\/09\/31004_abstyle_vol_oxidizing_emulsion_20vol_200ml.png\" \/>\n\t<meta property=\"og:image:width\" content=\"600\" \/>\n\t<meta property=\"og:image:height\" content=\"600\" \/>\n\t<meta property=\"og:image:type\" content=\"image\/png\" \/>\n<meta name=\"twitter:card\" content=\"summary_large_image\" \/>\n<script type=\"application\/ld+json\" class=\"yoast-schema-graph\">{\"@context\":\"https:\/\/schema.org\",\"@graph\":[{\"@type\":\"WebPage\",\"@id\":\"https:\/\/abstyleitalia.it\/pt-pt\/products\/salon-technics-pt\/oxidacao-pt\/emulsao-oxidante-20-vol-6-200-ml\/\",\"url\":\"https:\/\/abstyleitalia.it\/pt-pt\/products\/salon-technics-pt\/oxidacao-pt\/emulsao-oxidante-20-vol-6-200-ml\/\",\"name\":\"Emuls\u00e3o oxidante 20 vol. (6%) 200 ml\",\"isPartOf\":{\"@id\":\"https:\/\/abstyleitalia.it\/pt-pt\/#website\"},\"primaryImageOfPage\":{\"@id\":\"https:\/\/abstyleitalia.it\/pt-pt\/products\/salon-technics-pt\/oxidacao-pt\/emulsao-oxidante-20-vol-6-200-ml\/#primaryimage\"},\"image\":{\"@id\":\"https:\/\/abstyleitalia.it\/pt-pt\/products\/salon-technics-pt\/oxidacao-pt\/emulsao-oxidante-20-vol-6-200-ml\/#primaryimage\"},\"thumbnailUrl\":\"https:\/\/abstyleitalia.it\/wp-content\/uploads\/2021\/09\/31004_abstyle_vol_oxidizing_emulsion_20vol_200ml.png\",\"datePublished\":\"2015-09-08T07:39:41+00:00\",\"dateModified\":\"2021-05-11T13:57:21+00:00\",\"description\":\"A Emuls\u00e3o oxidante 20 volumes (6%), com consist\u00eancia fluida e cremosa, liberta o oxig\u00e9nio e favorece a fixa\u00e7\u00e3o da cor.\",\"breadcrumb\":{\"@id\":\"https:\/\/abstyleitalia.it\/pt-pt\/products\/salon-technics-pt\/oxidacao-pt\/emulsao-oxidante-20-vol-6-200-ml\/#breadcrumb\"},\"inLanguage\":\"pt-PT\",\"potentialAction\":[{\"@type\":\"ReadAction\",\"target\":[\"https:\/\/abstyleitalia.it\/pt-pt\/products\/salon-technics-pt\/oxidacao-pt\/emulsao-oxidante-20-vol-6-200-ml\/\"]}]},{\"@type\":\"ImageObject\",\"inLanguage\":\"pt-PT\",\"@id\":\"https:\/\/abstyleitalia.it\/pt-pt\/products\/salon-technics-pt\/oxidacao-pt\/emulsao-oxidante-20-vol-6-200-ml\/#primaryimage\",\"url\":\"https:\/\/abstyleitalia.it\/wp-content\/uploads\/2021\/09\/31004_abstyle_vol_oxidizing_emulsion_20vol_200ml.png\",\"contentUrl\":\"https:\/\/abstyleitalia.it\/wp-content\/uploads\/2021\/09\/31004_abstyle_vol_oxidizing_emulsion_20vol_200ml.png\",\"width\":600,\"height\":600},{\"@type\":\"BreadcrumbList\",\"@id\":\"https:\/\/abstyleitalia.it\/pt-pt\/products\/salon-technics-pt\/oxidacao-pt\/emulsao-oxidante-20-vol-6-200-ml\/#breadcrumb\",\"itemListElement\":[{\"@type\":\"ListItem\",\"position\":1,\"name\":\"Home\",\"item\":\"https:\/\/abstyleitalia.it\/pt-pt\/\"},{\"@type\":\"ListItem\",\"position\":2,\"name\":\"Produtos\",\"item\":\"https:\/\/abstyleitalia.it\/pt-pt\/produtos\/\"},{\"@type\":\"ListItem\",\"position\":3,\"name\":\"Emuls\u00e3o oxidante 20 vol. (6%) 200 ml\"}]},{\"@type\":\"WebSite\",\"@id\":\"https:\/\/abstyleitalia.it\/pt-pt\/#website\",\"url\":\"https:\/\/abstyleitalia.it\/pt-pt\/\",\"name\":\"ABstyle\",\"description\":\"One more time for you\",\"publisher\":{\"@id\":\"https:\/\/abstyleitalia.it\/pt-pt\/#organization\"},\"potentialAction\":[{\"@type\":\"SearchAction\",\"target\":{\"@type\":\"EntryPoint\",\"urlTemplate\":\"https:\/\/abstyleitalia.it\/pt-pt\/?s={search_term_string}\"},\"query-input\":{\"@type\":\"PropertyValueSpecification\",\"valueRequired\":true,\"valueName\":\"search_term_string\"}}],\"inLanguage\":\"pt-PT\"},{\"@type\":\"Organization\",\"@id\":\"https:\/\/abstyleitalia.it\/pt-pt\/#organization\",\"name\":\"ABSTYLE\",\"url\":\"https:\/\/abstyleitalia.it\/pt-pt\/\",\"logo\":{\"@type\":\"ImageObject\",\"inLanguage\":\"pt-PT\",\"@id\":\"https:\/\/abstyleitalia.it\/pt-pt\/#\/schema\/logo\/image\/\",\"url\":\"https:\/\/abstyleitalia.it\/wp-content\/uploads\/2017\/11\/ab-style-logo-76x76.png\",\"contentUrl\":\"https:\/\/abstyleitalia.it\/wp-content\/uploads\/2017\/11\/ab-style-logo-76x76.png\",\"width\":76,\"height\":76,\"caption\":\"ABSTYLE\"},\"image\":{\"@id\":\"https:\/\/abstyleitalia.it\/pt-pt\/#\/schema\/logo\/image\/\"}}]}<\/script>\n<!-- \/ Yoast SEO plugin. -->","yoast_head_json":{"title":"Emuls\u00e3o oxidante 20 vol. (6%) 200 ml","description":"A Emuls\u00e3o oxidante 20 volumes (6%), com consist\u00eancia fluida e cremosa, liberta o oxig\u00e9nio e favorece a fixa\u00e7\u00e3o da cor.","robots":{"index":"index","follow":"follow","max-snippet":"max-snippet:-1","max-image-preview":"max-image-preview:large","max-video-preview":"max-video-preview:-1"},"canonical":"https:\/\/abstyleitalia.it\/pt-pt\/products\/salon-technics-pt\/oxidacao-pt\/emulsao-oxidante-20-vol-6-200-ml\/","og_locale":"pt_PT","og_type":"article","og_title":"Emuls\u00e3o oxidante 20 vol. (6%) 200 ml","og_description":"A Emuls\u00e3o oxidante 20 volumes (6%), com consist\u00eancia fluida e cremosa, liberta o oxig\u00e9nio e favorece a fixa\u00e7\u00e3o da cor.","og_url":"https:\/\/abstyleitalia.it\/pt-pt\/products\/salon-technics-pt\/oxidacao-pt\/emulsao-oxidante-20-vol-6-200-ml\/","og_site_name":"ABstyle","article_modified_time":"2021-05-11T13:57:21+00:00","og_image":[{"width":600,"height":600,"url":"https:\/\/abstyleitalia.it\/wp-content\/uploads\/2021\/09\/31004_abstyle_vol_oxidizing_emulsion_20vol_200ml.png","type":"image\/png"}],"twitter_card":"summary_large_image","schema":{"@context":"https:\/\/schema.org","@graph":[{"@type":"WebPage","@id":"https:\/\/abstyleitalia.it\/pt-pt\/products\/salon-technics-pt\/oxidacao-pt\/emulsao-oxidante-20-vol-6-200-ml\/","url":"https:\/\/abstyleitalia.it\/pt-pt\/products\/salon-technics-pt\/oxidacao-pt\/emulsao-oxidante-20-vol-6-200-ml\/","name":"Emuls\u00e3o oxidante 20 vol. (6%) 200 ml","isPartOf":{"@id":"https:\/\/abstyleitalia.it\/pt-pt\/#website"},"primaryImageOfPage":{"@id":"https:\/\/abstyleitalia.it\/pt-pt\/products\/salon-technics-pt\/oxidacao-pt\/emulsao-oxidante-20-vol-6-200-ml\/#primaryimage"},"image":{"@id":"https:\/\/abstyleitalia.it\/pt-pt\/products\/salon-technics-pt\/oxidacao-pt\/emulsao-oxidante-20-vol-6-200-ml\/#primaryimage"},"thumbnailUrl":"https:\/\/abstyleitalia.it\/wp-content\/uploads\/2021\/09\/31004_abstyle_vol_oxidizing_emulsion_20vol_200ml.png","datePublished":"2015-09-08T07:39:41+00:00","dateModified":"2021-05-11T13:57:21+00:00","description":"A Emuls\u00e3o oxidante 20 volumes (6%), com consist\u00eancia fluida e cremosa, liberta o oxig\u00e9nio e favorece a fixa\u00e7\u00e3o da cor.","breadcrumb":{"@id":"https:\/\/abstyleitalia.it\/pt-pt\/products\/salon-technics-pt\/oxidacao-pt\/emulsao-oxidante-20-vol-6-200-ml\/#breadcrumb"},"inLanguage":"pt-PT","potentialAction":[{"@type":"ReadAction","target":["https:\/\/abstyleitalia.it\/pt-pt\/products\/salon-technics-pt\/oxidacao-pt\/emulsao-oxidante-20-vol-6-200-ml\/"]}]},{"@type":"ImageObject","inLanguage":"pt-PT","@id":"https:\/\/abstyleitalia.it\/pt-pt\/products\/salon-technics-pt\/oxidacao-pt\/emulsao-oxidante-20-vol-6-200-ml\/#primaryimage","url":"https:\/\/abstyleitalia.it\/wp-content\/uploads\/2021\/09\/31004_abstyle_vol_oxidizing_emulsion_20vol_200ml.png","contentUrl":"https:\/\/abstyleitalia.it\/wp-content\/uploads\/2021\/09\/31004_abstyle_vol_oxidizing_emulsion_20vol_200ml.png","width":600,"height":600},{"@type":"BreadcrumbList","@id":"https:\/\/abstyleitalia.it\/pt-pt\/products\/salon-technics-pt\/oxidacao-pt\/emulsao-oxidante-20-vol-6-200-ml\/#breadcrumb","itemListElement":[{"@type":"ListItem","position":1,"name":"Home","item":"https:\/\/abstyleitalia.it\/pt-pt\/"},{"@type":"ListItem","position":2,"name":"Produtos","item":"https:\/\/abstyleitalia.it\/pt-pt\/produtos\/"},{"@type":"ListItem","position":3,"name":"Emuls\u00e3o oxidante 20 vol. (6%) 200 ml"}]},{"@type":"WebSite","@id":"https:\/\/abstyleitalia.it\/pt-pt\/#website","url":"https:\/\/abstyleitalia.it\/pt-pt\/","name":"ABstyle","description":"One more time for you","publisher":{"@id":"https:\/\/abstyleitalia.it\/pt-pt\/#organization"},"potentialAction":[{"@type":"SearchAction","target":{"@type":"EntryPoint","urlTemplate":"https:\/\/abstyleitalia.it\/pt-pt\/?s={search_term_string}"},"query-input":{"@type":"PropertyValueSpecification","valueRequired":true,"valueName":"search_term_string"}}],"inLanguage":"pt-PT"},{"@type":"Organization","@id":"https:\/\/abstyleitalia.it\/pt-pt\/#organization","name":"ABSTYLE","url":"https:\/\/abstyleitalia.it\/pt-pt\/","logo":{"@type":"ImageObject","inLanguage":"pt-PT","@id":"https:\/\/abstyleitalia.it\/pt-pt\/#\/schema\/logo\/image\/","url":"https:\/\/abstyleitalia.it\/wp-content\/uploads\/2017\/11\/ab-style-logo-76x76.png","contentUrl":"https:\/\/abstyleitalia.it\/wp-content\/uploads\/2017\/11\/ab-style-logo-76x76.png","width":76,"height":76,"caption":"ABSTYLE"},"image":{"@id":"https:\/\/abstyleitalia.it\/pt-pt\/#\/schema\/logo\/image\/"}}]}},"_links":{"self":[{"href":"https:\/\/abstyleitalia.it\/pt-pt\/wp-json\/wp\/v2\/product\/3245","targetHints":{"allow":["GET"]}}],"collection":[{"href":"https:\/\/abstyleitalia.it\/pt-pt\/wp-json\/wp\/v2\/product"}],"about":[{"href":"https:\/\/abstyleitalia.it\/pt-pt\/wp-json\/wp\/v2\/types\/product"}],"replies":[{"embeddable":true,"href":"https:\/\/abstyleitalia.it\/pt-pt\/wp-json\/wp\/v2\/comments?post=3245"}],"wp:featuredmedia":[{"embeddable":true,"href":"https:\/\/abstyleitalia.it\/pt-pt\/wp-json\/wp\/v2\/media\/3410"}],"wp:attachment":[{"href":"https:\/\/abstyleitalia.it\/pt-pt\/wp-json\/wp\/v2\/media?parent=3245"}],"wp:term":[{"taxonomy":"product_brand","embeddable":true,"href":"https:\/\/abstyleitalia.it\/pt-pt\/wp-json\/wp\/v2\/product_brand?post=3245"},{"taxonomy":"product_cat","embeddable":true,"href":"https:\/\/abstyleitalia.it\/pt-pt\/wp-json\/wp\/v2\/product_cat?post=3245"},{"taxonomy":"product_tag","embeddable":true,"href":"https:\/\/abstyleitalia.it\/pt-pt\/wp-json\/wp\/v2\/product_tag?post=3245"}],"curies":[{"name":"wp","href":"https:\/\/api.w.org\/{rel}","templated":true}]}}