{"id":3042,"date":"2015-09-08T12:11:54","date_gmt":"2015-09-08T10:11:54","guid":{"rendered":"https:\/\/abstyleitalia.it\/products\/sem%20categoria\/abstyle-sincolor-cream\/"},"modified":"2024-03-20T16:15:34","modified_gmt":"2024-03-20T15:15:34","slug":"sincolor-cream","status":"publish","type":"product","link":"https:\/\/abstyleitalia.it\/pt-pt\/products\/colouring-pt\/sincolor-cream\/","title":{"rendered":"Sincolor Cream &#8211; Tratamento de colora\u00e7\u00e3o em creme"},"content":{"rendered":"<p class=\"p1\"><b>98 nuances<\/b> dispon\u00edveis mistur\u00e1veis entre si<\/p>\n<p class=\"p1\"><b>Textura cremosa<\/b> para uma ader\u00eancia perfeita ao cabelo<\/p>\n<p class=\"p1\">F\u00f3rmula <b>delicada <\/b>e<b> perfumada<\/b><\/p>\n<p class=\"p2\">Resultado <b>uma cor brilhante<\/b>, <b>intensa <\/b>e de<b> longa dura\u00e7\u00e3o<\/b><\/p>\n<p class=\"p2\">R\u00e1cio de<b> mistura 1:1<\/b><\/p>\n","protected":false},"excerpt":{"rendered":"<p class=\"p1\">Tratamento <b>colorante em creme por oxida\u00e7\u00e3o in\u00e9dito<\/b> desenvolvido por ABstyle. A sua f\u00f3rmula inovadora garante uma <b>cobertura total <\/b>dos cabelos brancos e uma<b> dura\u00e7\u00e3o excecional da cor<\/b>. A composi\u00e7\u00e3o do creme colorante Sincolor foi desenvolvida de forma a obter reflexos intensos e vibrantes nos cabelos, <b>respeitando totalmente a fibra capilar<\/b>.<\/p>\n<p class=\"p1\">Formato de 100 ml<\/p>\n<p class=\"p1\">Mistura 1:1<\/p>\n","protected":false},"featured_media":4129,"comment_status":"closed","ping_status":"closed","template":"","meta":[],"product_brand":[],"product_cat":[416,418],"product_tag":[],"class_list":{"0":"post-3042","1":"product","2":"type-product","3":"status-publish","4":"has-post-thumbnail","6":"product_cat-colouring-pt","7":"product_cat-sincolor-pt","8":"description-off","10":"first","11":"instock","12":"featured","13":"shipping-taxable","14":"purchasable","15":"product-type-variable"},"yoast_head":"<!-- This site is optimized with the Yoast SEO plugin v26.8 - https:\/\/yoast.com\/product\/yoast-seo-wordpress\/ -->\n<title>ABstyle | Sincolor Cream - Tratamento de colora\u00e7\u00e3o em creme<\/title>\n<meta name=\"description\" content=\"Tratamento colorante em creme por oxida\u00e7\u00e3o in\u00e9dito desenvolvido por ABstyle.\" \/>\n<meta name=\"robots\" content=\"index, follow, max-snippet:-1, max-image-preview:large, max-video-preview:-1\" \/>\n<link rel=\"canonical\" href=\"https:\/\/abstyleitalia.it\/pt-pt\/products\/colouring-pt\/sincolor-cream\/\" \/>\n<meta property=\"og:locale\" content=\"pt_PT\" \/>\n<meta property=\"og:type\" content=\"article\" \/>\n<meta property=\"og:title\" content=\"ABstyle | Sincolor Cream - Tratamento de colora\u00e7\u00e3o em creme\" \/>\n<meta property=\"og:description\" content=\"Tratamento colorante em creme por oxida\u00e7\u00e3o in\u00e9dito desenvolvido por ABstyle.\" \/>\n<meta property=\"og:url\" content=\"https:\/\/abstyleitalia.it\/pt-pt\/products\/colouring-pt\/sincolor-cream\/\" \/>\n<meta property=\"og:site_name\" content=\"ABstyle\" \/>\n<meta property=\"article:modified_time\" content=\"2024-03-20T15:15:34+00:00\" \/>\n<meta property=\"og:image\" content=\"https:\/\/abstyleitalia.it\/wp-content\/uploads\/2015\/09\/30000_abstyle_sin_color_hair_colouring_cream_100ml.png\" \/>\n\t<meta property=\"og:image:width\" content=\"600\" \/>\n\t<meta property=\"og:image:height\" content=\"600\" \/>\n\t<meta property=\"og:image:type\" content=\"image\/png\" \/>\n<meta name=\"twitter:card\" content=\"summary_large_image\" \/>\n<script type=\"application\/ld+json\" class=\"yoast-schema-graph\">{\"@context\":\"https:\/\/schema.org\",\"@graph\":[{\"@type\":\"WebPage\",\"@id\":\"https:\/\/abstyleitalia.it\/pt-pt\/products\/colouring-pt\/sincolor-cream\/\",\"url\":\"https:\/\/abstyleitalia.it\/pt-pt\/products\/colouring-pt\/sincolor-cream\/\",\"name\":\"ABstyle | Sincolor Cream - Tratamento de colora\u00e7\u00e3o em creme\",\"isPartOf\":{\"@id\":\"https:\/\/abstyleitalia.it\/pt-pt\/#website\"},\"primaryImageOfPage\":{\"@id\":\"https:\/\/abstyleitalia.it\/pt-pt\/products\/colouring-pt\/sincolor-cream\/#primaryimage\"},\"image\":{\"@id\":\"https:\/\/abstyleitalia.it\/pt-pt\/products\/colouring-pt\/sincolor-cream\/#primaryimage\"},\"thumbnailUrl\":\"https:\/\/abstyleitalia.it\/wp-content\/uploads\/2015\/09\/30000_abstyle_sin_color_hair_colouring_cream_100ml.png\",\"datePublished\":\"2015-09-08T10:11:54+00:00\",\"dateModified\":\"2024-03-20T15:15:34+00:00\",\"description\":\"Tratamento colorante em creme por oxida\u00e7\u00e3o in\u00e9dito desenvolvido por ABstyle.\",\"breadcrumb\":{\"@id\":\"https:\/\/abstyleitalia.it\/pt-pt\/products\/colouring-pt\/sincolor-cream\/#breadcrumb\"},\"inLanguage\":\"pt-PT\",\"potentialAction\":[{\"@type\":\"ReadAction\",\"target\":[\"https:\/\/abstyleitalia.it\/pt-pt\/products\/colouring-pt\/sincolor-cream\/\"]}]},{\"@type\":\"ImageObject\",\"inLanguage\":\"pt-PT\",\"@id\":\"https:\/\/abstyleitalia.it\/pt-pt\/products\/colouring-pt\/sincolor-cream\/#primaryimage\",\"url\":\"https:\/\/abstyleitalia.it\/wp-content\/uploads\/2015\/09\/30000_abstyle_sin_color_hair_colouring_cream_100ml.png\",\"contentUrl\":\"https:\/\/abstyleitalia.it\/wp-content\/uploads\/2015\/09\/30000_abstyle_sin_color_hair_colouring_cream_100ml.png\",\"width\":600,\"height\":600},{\"@type\":\"BreadcrumbList\",\"@id\":\"https:\/\/abstyleitalia.it\/pt-pt\/products\/colouring-pt\/sincolor-cream\/#breadcrumb\",\"itemListElement\":[{\"@type\":\"ListItem\",\"position\":1,\"name\":\"Home\",\"item\":\"https:\/\/abstyleitalia.it\/pt-pt\/\"},{\"@type\":\"ListItem\",\"position\":2,\"name\":\"Produtos\",\"item\":\"https:\/\/abstyleitalia.it\/pt-pt\/produtos\/\"},{\"@type\":\"ListItem\",\"position\":3,\"name\":\"Sincolor Cream &#8211; Tratamento de colora\u00e7\u00e3o em creme\"}]},{\"@type\":\"WebSite\",\"@id\":\"https:\/\/abstyleitalia.it\/pt-pt\/#website\",\"url\":\"https:\/\/abstyleitalia.it\/pt-pt\/\",\"name\":\"ABstyle\",\"description\":\"One more time for you\",\"publisher\":{\"@id\":\"https:\/\/abstyleitalia.it\/pt-pt\/#organization\"},\"potentialAction\":[{\"@type\":\"SearchAction\",\"target\":{\"@type\":\"EntryPoint\",\"urlTemplate\":\"https:\/\/abstyleitalia.it\/pt-pt\/?s={search_term_string}\"},\"query-input\":{\"@type\":\"PropertyValueSpecification\",\"valueRequired\":true,\"valueName\":\"search_term_string\"}}],\"inLanguage\":\"pt-PT\"},{\"@type\":\"Organization\",\"@id\":\"https:\/\/abstyleitalia.it\/pt-pt\/#organization\",\"name\":\"ABSTYLE\",\"url\":\"https:\/\/abstyleitalia.it\/pt-pt\/\",\"logo\":{\"@type\":\"ImageObject\",\"inLanguage\":\"pt-PT\",\"@id\":\"https:\/\/abstyleitalia.it\/pt-pt\/#\/schema\/logo\/image\/\",\"url\":\"https:\/\/abstyleitalia.it\/wp-content\/uploads\/2017\/11\/ab-style-logo-76x76.png\",\"contentUrl\":\"https:\/\/abstyleitalia.it\/wp-content\/uploads\/2017\/11\/ab-style-logo-76x76.png\",\"width\":76,\"height\":76,\"caption\":\"ABSTYLE\"},\"image\":{\"@id\":\"https:\/\/abstyleitalia.it\/pt-pt\/#\/schema\/logo\/image\/\"}}]}<\/script>\n<!-- \/ Yoast SEO plugin. -->","yoast_head_json":{"title":"ABstyle | Sincolor Cream - Tratamento de colora\u00e7\u00e3o em creme","description":"Tratamento colorante em creme por oxida\u00e7\u00e3o in\u00e9dito desenvolvido por ABstyle.","robots":{"index":"index","follow":"follow","max-snippet":"max-snippet:-1","max-image-preview":"max-image-preview:large","max-video-preview":"max-video-preview:-1"},"canonical":"https:\/\/abstyleitalia.it\/pt-pt\/products\/colouring-pt\/sincolor-cream\/","og_locale":"pt_PT","og_type":"article","og_title":"ABstyle | Sincolor Cream - Tratamento de colora\u00e7\u00e3o em creme","og_description":"Tratamento colorante em creme por oxida\u00e7\u00e3o in\u00e9dito desenvolvido por ABstyle.","og_url":"https:\/\/abstyleitalia.it\/pt-pt\/products\/colouring-pt\/sincolor-cream\/","og_site_name":"ABstyle","article_modified_time":"2024-03-20T15:15:34+00:00","og_image":[{"width":600,"height":600,"url":"https:\/\/abstyleitalia.it\/wp-content\/uploads\/2015\/09\/30000_abstyle_sin_color_hair_colouring_cream_100ml.png","type":"image\/png"}],"twitter_card":"summary_large_image","schema":{"@context":"https:\/\/schema.org","@graph":[{"@type":"WebPage","@id":"https:\/\/abstyleitalia.it\/pt-pt\/products\/colouring-pt\/sincolor-cream\/","url":"https:\/\/abstyleitalia.it\/pt-pt\/products\/colouring-pt\/sincolor-cream\/","name":"ABstyle | Sincolor Cream - Tratamento de colora\u00e7\u00e3o em creme","isPartOf":{"@id":"https:\/\/abstyleitalia.it\/pt-pt\/#website"},"primaryImageOfPage":{"@id":"https:\/\/abstyleitalia.it\/pt-pt\/products\/colouring-pt\/sincolor-cream\/#primaryimage"},"image":{"@id":"https:\/\/abstyleitalia.it\/pt-pt\/products\/colouring-pt\/sincolor-cream\/#primaryimage"},"thumbnailUrl":"https:\/\/abstyleitalia.it\/wp-content\/uploads\/2015\/09\/30000_abstyle_sin_color_hair_colouring_cream_100ml.png","datePublished":"2015-09-08T10:11:54+00:00","dateModified":"2024-03-20T15:15:34+00:00","description":"Tratamento colorante em creme por oxida\u00e7\u00e3o in\u00e9dito desenvolvido por ABstyle.","breadcrumb":{"@id":"https:\/\/abstyleitalia.it\/pt-pt\/products\/colouring-pt\/sincolor-cream\/#breadcrumb"},"inLanguage":"pt-PT","potentialAction":[{"@type":"ReadAction","target":["https:\/\/abstyleitalia.it\/pt-pt\/products\/colouring-pt\/sincolor-cream\/"]}]},{"@type":"ImageObject","inLanguage":"pt-PT","@id":"https:\/\/abstyleitalia.it\/pt-pt\/products\/colouring-pt\/sincolor-cream\/#primaryimage","url":"https:\/\/abstyleitalia.it\/wp-content\/uploads\/2015\/09\/30000_abstyle_sin_color_hair_colouring_cream_100ml.png","contentUrl":"https:\/\/abstyleitalia.it\/wp-content\/uploads\/2015\/09\/30000_abstyle_sin_color_hair_colouring_cream_100ml.png","width":600,"height":600},{"@type":"BreadcrumbList","@id":"https:\/\/abstyleitalia.it\/pt-pt\/products\/colouring-pt\/sincolor-cream\/#breadcrumb","itemListElement":[{"@type":"ListItem","position":1,"name":"Home","item":"https:\/\/abstyleitalia.it\/pt-pt\/"},{"@type":"ListItem","position":2,"name":"Produtos","item":"https:\/\/abstyleitalia.it\/pt-pt\/produtos\/"},{"@type":"ListItem","position":3,"name":"Sincolor Cream &#8211; Tratamento de colora\u00e7\u00e3o em creme"}]},{"@type":"WebSite","@id":"https:\/\/abstyleitalia.it\/pt-pt\/#website","url":"https:\/\/abstyleitalia.it\/pt-pt\/","name":"ABstyle","description":"One more time for you","publisher":{"@id":"https:\/\/abstyleitalia.it\/pt-pt\/#organization"},"potentialAction":[{"@type":"SearchAction","target":{"@type":"EntryPoint","urlTemplate":"https:\/\/abstyleitalia.it\/pt-pt\/?s={search_term_string}"},"query-input":{"@type":"PropertyValueSpecification","valueRequired":true,"valueName":"search_term_string"}}],"inLanguage":"pt-PT"},{"@type":"Organization","@id":"https:\/\/abstyleitalia.it\/pt-pt\/#organization","name":"ABSTYLE","url":"https:\/\/abstyleitalia.it\/pt-pt\/","logo":{"@type":"ImageObject","inLanguage":"pt-PT","@id":"https:\/\/abstyleitalia.it\/pt-pt\/#\/schema\/logo\/image\/","url":"https:\/\/abstyleitalia.it\/wp-content\/uploads\/2017\/11\/ab-style-logo-76x76.png","contentUrl":"https:\/\/abstyleitalia.it\/wp-content\/uploads\/2017\/11\/ab-style-logo-76x76.png","width":76,"height":76,"caption":"ABSTYLE"},"image":{"@id":"https:\/\/abstyleitalia.it\/pt-pt\/#\/schema\/logo\/image\/"}}]}},"_links":{"self":[{"href":"https:\/\/abstyleitalia.it\/pt-pt\/wp-json\/wp\/v2\/product\/3042","targetHints":{"allow":["GET"]}}],"collection":[{"href":"https:\/\/abstyleitalia.it\/pt-pt\/wp-json\/wp\/v2\/product"}],"about":[{"href":"https:\/\/abstyleitalia.it\/pt-pt\/wp-json\/wp\/v2\/types\/product"}],"replies":[{"embeddable":true,"href":"https:\/\/abstyleitalia.it\/pt-pt\/wp-json\/wp\/v2\/comments?post=3042"}],"wp:featuredmedia":[{"embeddable":true,"href":"https:\/\/abstyleitalia.it\/pt-pt\/wp-json\/wp\/v2\/media\/4129"}],"wp:attachment":[{"href":"https:\/\/abstyleitalia.it\/pt-pt\/wp-json\/wp\/v2\/media?parent=3042"}],"wp:term":[{"taxonomy":"product_brand","embeddable":true,"href":"https:\/\/abstyleitalia.it\/pt-pt\/wp-json\/wp\/v2\/product_brand?post=3042"},{"taxonomy":"product_cat","embeddable":true,"href":"https:\/\/abstyleitalia.it\/pt-pt\/wp-json\/wp\/v2\/product_cat?post=3042"},{"taxonomy":"product_tag","embeddable":true,"href":"https:\/\/abstyleitalia.it\/pt-pt\/wp-json\/wp\/v2\/product_tag?post=3042"}],"curies":[{"name":"wp","href":"https:\/\/api.w.org\/{rel}","templated":true}]}}