{"id":3022,"date":"2020-06-09T10:41:35","date_gmt":"2020-06-09T08:41:35","guid":{"rendered":"https:\/\/abstyleitalia.it\/products\/sem%20categoria\/slykolor-mascara-tonalizante\/"},"modified":"2022-05-25T14:18:52","modified_gmt":"2022-05-25T12:18:52","slug":"slykolor-mascara-tonalizante","status":"publish","type":"product","link":"https:\/\/abstyleitalia.it\/pt-pt\/products\/colouring-pt\/slykolor-mascara-tonalizante\/","title":{"rendered":"Slykolor  \u2013 M\u00e1scara tonalizante"},"content":{"rendered":"<p class=\"p1\">Elevada <b>defini\u00e7\u00e3o <\/b>da cor natural e <b>realce <\/b>dos reflexos<\/p>\n<p class=\"p1\"><b>Repara e hidrata<\/b>, garantindo um incr\u00edvel efeito seda<\/p>\n<p class=\"p1\">Ideal para <b>misturar v\u00e1rias nuances<\/b><\/p>\n<p class=\"p1\"><b>F\u00f3rmula delicada<\/b>, sem parabenos e sem amon\u00edaco, enriquecida com <b>queratina de caxemira<\/b><\/p>\n","protected":false},"excerpt":{"rendered":"<p class=\"p1\"><b>Slykolor <\/b>\u00e9 a nova <b>m\u00e1scara tonalizante com pigmentos diretos<\/b> da ABstyle: dispon\u00edvel em <b>7 nuances in\u00e9ditas<\/b> mistur\u00e1veis entre si, uma mistura de cores da moda e cl\u00e1ssicas intemporais, a m\u00e1scara tonalizante garante uma elevada <b>defini\u00e7\u00e3o <\/b>da cor natural, aumentando os reflexos dos cabelos pintados. Gra\u00e7as \u00e0 sua formula\u00e7\u00e3o <b>delicada,<\/b> sem amon\u00edaco e parabenos, contribui para a <b>hidrata\u00e7\u00e3o e repara\u00e7\u00e3o<\/b> da fibra capilar durante o servi\u00e7o: a <b>queratina de caxemira<\/b> \u00e9 o princ\u00edpio ativo precioso que enriquece a composi\u00e7\u00e3o hi-tech de Slykolor , proporcionando um efeito terap\u00eautico e cosm\u00e9tico que <b>energiza, fortalece, repara e d\u00e1 brilho<\/b> a todos os tipos de cabelos.<\/p>\n<p class=\"p2\">Uso profissional<\/p>\n<p class=\"p2\">Bisnaga de 200 ml<\/p>\n<p class=\"p2\">Nuance: \u00c2mbar &#8211; Iris\u00e9 &#8211; Cacau &#8211; Vermelho &#8211; Cobre &#8211; Prata &#8211; Preto<\/p>\n","protected":false},"featured_media":3789,"comment_status":"closed","ping_status":"closed","template":"","meta":[],"product_brand":[],"product_cat":[416,419],"product_tag":[],"class_list":{"0":"post-3022","1":"product","2":"type-product","3":"status-publish","4":"has-post-thumbnail","6":"product_cat-colouring-pt","7":"product_cat-slykolor","8":"description-off","10":"first","11":"instock","12":"shipping-taxable","13":"purchasable","14":"product-type-variable"},"yoast_head":"<!-- This site is optimized with the Yoast SEO plugin v26.8 - https:\/\/yoast.com\/product\/yoast-seo-wordpress\/ -->\n<title>Slykolor \u2013 M\u00e1scara com pigmentos diretos<\/title>\n<meta name=\"description\" content=\"Slykolor \u00e9 a nova m\u00e1scara tonalizante com pigmentos diretos da ABSTYLE: dispon\u00edvel em 7 nuances in\u00e9ditas\" \/>\n<meta name=\"robots\" content=\"index, follow, max-snippet:-1, max-image-preview:large, max-video-preview:-1\" \/>\n<link rel=\"canonical\" href=\"https:\/\/abstyleitalia.it\/pt-pt\/products\/colouring-pt\/slykolor-mascara-tonalizante\/\" \/>\n<meta property=\"og:locale\" content=\"pt_PT\" \/>\n<meta property=\"og:type\" content=\"article\" \/>\n<meta property=\"og:title\" content=\"Slykolor \u2013 M\u00e1scara com pigmentos diretos\" \/>\n<meta property=\"og:description\" content=\"Slykolor \u00e9 a nova m\u00e1scara tonalizante com pigmentos diretos da ABSTYLE: dispon\u00edvel em 7 nuances in\u00e9ditas\" \/>\n<meta property=\"og:url\" content=\"https:\/\/abstyleitalia.it\/pt-pt\/products\/colouring-pt\/slykolor-mascara-tonalizante\/\" \/>\n<meta property=\"og:site_name\" content=\"ABstyle\" \/>\n<meta property=\"article:modified_time\" content=\"2022-05-25T12:18:52+00:00\" \/>\n<meta property=\"og:image\" content=\"https:\/\/abstyleitalia.it\/wp-content\/uploads\/2019\/03\/abstyle_slykolor_direct_colouring_black.png\" \/>\n\t<meta property=\"og:image:width\" content=\"600\" \/>\n\t<meta property=\"og:image:height\" content=\"600\" \/>\n\t<meta property=\"og:image:type\" content=\"image\/png\" \/>\n<meta name=\"twitter:card\" content=\"summary_large_image\" \/>\n<script type=\"application\/ld+json\" class=\"yoast-schema-graph\">{\"@context\":\"https:\/\/schema.org\",\"@graph\":[{\"@type\":\"WebPage\",\"@id\":\"https:\/\/abstyleitalia.it\/pt-pt\/products\/colouring-pt\/slykolor-mascara-tonalizante\/\",\"url\":\"https:\/\/abstyleitalia.it\/pt-pt\/products\/colouring-pt\/slykolor-mascara-tonalizante\/\",\"name\":\"Slykolor \u2013 M\u00e1scara com pigmentos diretos\",\"isPartOf\":{\"@id\":\"https:\/\/abstyleitalia.it\/pt-pt\/#website\"},\"primaryImageOfPage\":{\"@id\":\"https:\/\/abstyleitalia.it\/pt-pt\/products\/colouring-pt\/slykolor-mascara-tonalizante\/#primaryimage\"},\"image\":{\"@id\":\"https:\/\/abstyleitalia.it\/pt-pt\/products\/colouring-pt\/slykolor-mascara-tonalizante\/#primaryimage\"},\"thumbnailUrl\":\"https:\/\/abstyleitalia.it\/wp-content\/uploads\/2020\/06\/30606_abstyle_slykolor_direct_colouring_200ml_irise.png\",\"datePublished\":\"2020-06-09T08:41:35+00:00\",\"dateModified\":\"2022-05-25T12:18:52+00:00\",\"description\":\"Slykolor \u00e9 a nova m\u00e1scara tonalizante com pigmentos diretos da ABSTYLE: dispon\u00edvel em 7 nuances in\u00e9ditas\",\"breadcrumb\":{\"@id\":\"https:\/\/abstyleitalia.it\/pt-pt\/products\/colouring-pt\/slykolor-mascara-tonalizante\/#breadcrumb\"},\"inLanguage\":\"pt-PT\",\"potentialAction\":[{\"@type\":\"ReadAction\",\"target\":[\"https:\/\/abstyleitalia.it\/pt-pt\/products\/colouring-pt\/slykolor-mascara-tonalizante\/\"]}]},{\"@type\":\"ImageObject\",\"inLanguage\":\"pt-PT\",\"@id\":\"https:\/\/abstyleitalia.it\/pt-pt\/products\/colouring-pt\/slykolor-mascara-tonalizante\/#primaryimage\",\"url\":\"https:\/\/abstyleitalia.it\/wp-content\/uploads\/2020\/06\/30606_abstyle_slykolor_direct_colouring_200ml_irise.png\",\"contentUrl\":\"https:\/\/abstyleitalia.it\/wp-content\/uploads\/2020\/06\/30606_abstyle_slykolor_direct_colouring_200ml_irise.png\",\"width\":600,\"height\":600},{\"@type\":\"BreadcrumbList\",\"@id\":\"https:\/\/abstyleitalia.it\/pt-pt\/products\/colouring-pt\/slykolor-mascara-tonalizante\/#breadcrumb\",\"itemListElement\":[{\"@type\":\"ListItem\",\"position\":1,\"name\":\"Home\",\"item\":\"https:\/\/abstyleitalia.it\/pt-pt\/\"},{\"@type\":\"ListItem\",\"position\":2,\"name\":\"Produtos\",\"item\":\"https:\/\/abstyleitalia.it\/pt-pt\/produtos\/\"},{\"@type\":\"ListItem\",\"position\":3,\"name\":\"Slykolor \u2013 M\u00e1scara tonalizante\"}]},{\"@type\":\"WebSite\",\"@id\":\"https:\/\/abstyleitalia.it\/pt-pt\/#website\",\"url\":\"https:\/\/abstyleitalia.it\/pt-pt\/\",\"name\":\"ABstyle\",\"description\":\"One more time for you\",\"publisher\":{\"@id\":\"https:\/\/abstyleitalia.it\/pt-pt\/#organization\"},\"potentialAction\":[{\"@type\":\"SearchAction\",\"target\":{\"@type\":\"EntryPoint\",\"urlTemplate\":\"https:\/\/abstyleitalia.it\/pt-pt\/?s={search_term_string}\"},\"query-input\":{\"@type\":\"PropertyValueSpecification\",\"valueRequired\":true,\"valueName\":\"search_term_string\"}}],\"inLanguage\":\"pt-PT\"},{\"@type\":\"Organization\",\"@id\":\"https:\/\/abstyleitalia.it\/pt-pt\/#organization\",\"name\":\"ABSTYLE\",\"url\":\"https:\/\/abstyleitalia.it\/pt-pt\/\",\"logo\":{\"@type\":\"ImageObject\",\"inLanguage\":\"pt-PT\",\"@id\":\"https:\/\/abstyleitalia.it\/pt-pt\/#\/schema\/logo\/image\/\",\"url\":\"https:\/\/abstyleitalia.it\/wp-content\/uploads\/2017\/11\/ab-style-logo-76x76.png\",\"contentUrl\":\"https:\/\/abstyleitalia.it\/wp-content\/uploads\/2017\/11\/ab-style-logo-76x76.png\",\"width\":76,\"height\":76,\"caption\":\"ABSTYLE\"},\"image\":{\"@id\":\"https:\/\/abstyleitalia.it\/pt-pt\/#\/schema\/logo\/image\/\"}}]}<\/script>\n<!-- \/ Yoast SEO plugin. -->","yoast_head_json":{"title":"Slykolor \u2013 M\u00e1scara com pigmentos diretos","description":"Slykolor \u00e9 a nova m\u00e1scara tonalizante com pigmentos diretos da ABSTYLE: dispon\u00edvel em 7 nuances in\u00e9ditas","robots":{"index":"index","follow":"follow","max-snippet":"max-snippet:-1","max-image-preview":"max-image-preview:large","max-video-preview":"max-video-preview:-1"},"canonical":"https:\/\/abstyleitalia.it\/pt-pt\/products\/colouring-pt\/slykolor-mascara-tonalizante\/","og_locale":"pt_PT","og_type":"article","og_title":"Slykolor \u2013 M\u00e1scara com pigmentos diretos","og_description":"Slykolor \u00e9 a nova m\u00e1scara tonalizante com pigmentos diretos da ABSTYLE: dispon\u00edvel em 7 nuances in\u00e9ditas","og_url":"https:\/\/abstyleitalia.it\/pt-pt\/products\/colouring-pt\/slykolor-mascara-tonalizante\/","og_site_name":"ABstyle","article_modified_time":"2022-05-25T12:18:52+00:00","og_image":[{"width":600,"height":600,"url":"https:\/\/abstyleitalia.it\/wp-content\/uploads\/2019\/03\/abstyle_slykolor_direct_colouring_black.png","type":"image\/png"}],"twitter_card":"summary_large_image","schema":{"@context":"https:\/\/schema.org","@graph":[{"@type":"WebPage","@id":"https:\/\/abstyleitalia.it\/pt-pt\/products\/colouring-pt\/slykolor-mascara-tonalizante\/","url":"https:\/\/abstyleitalia.it\/pt-pt\/products\/colouring-pt\/slykolor-mascara-tonalizante\/","name":"Slykolor \u2013 M\u00e1scara com pigmentos diretos","isPartOf":{"@id":"https:\/\/abstyleitalia.it\/pt-pt\/#website"},"primaryImageOfPage":{"@id":"https:\/\/abstyleitalia.it\/pt-pt\/products\/colouring-pt\/slykolor-mascara-tonalizante\/#primaryimage"},"image":{"@id":"https:\/\/abstyleitalia.it\/pt-pt\/products\/colouring-pt\/slykolor-mascara-tonalizante\/#primaryimage"},"thumbnailUrl":"https:\/\/abstyleitalia.it\/wp-content\/uploads\/2020\/06\/30606_abstyle_slykolor_direct_colouring_200ml_irise.png","datePublished":"2020-06-09T08:41:35+00:00","dateModified":"2022-05-25T12:18:52+00:00","description":"Slykolor \u00e9 a nova m\u00e1scara tonalizante com pigmentos diretos da ABSTYLE: dispon\u00edvel em 7 nuances in\u00e9ditas","breadcrumb":{"@id":"https:\/\/abstyleitalia.it\/pt-pt\/products\/colouring-pt\/slykolor-mascara-tonalizante\/#breadcrumb"},"inLanguage":"pt-PT","potentialAction":[{"@type":"ReadAction","target":["https:\/\/abstyleitalia.it\/pt-pt\/products\/colouring-pt\/slykolor-mascara-tonalizante\/"]}]},{"@type":"ImageObject","inLanguage":"pt-PT","@id":"https:\/\/abstyleitalia.it\/pt-pt\/products\/colouring-pt\/slykolor-mascara-tonalizante\/#primaryimage","url":"https:\/\/abstyleitalia.it\/wp-content\/uploads\/2020\/06\/30606_abstyle_slykolor_direct_colouring_200ml_irise.png","contentUrl":"https:\/\/abstyleitalia.it\/wp-content\/uploads\/2020\/06\/30606_abstyle_slykolor_direct_colouring_200ml_irise.png","width":600,"height":600},{"@type":"BreadcrumbList","@id":"https:\/\/abstyleitalia.it\/pt-pt\/products\/colouring-pt\/slykolor-mascara-tonalizante\/#breadcrumb","itemListElement":[{"@type":"ListItem","position":1,"name":"Home","item":"https:\/\/abstyleitalia.it\/pt-pt\/"},{"@type":"ListItem","position":2,"name":"Produtos","item":"https:\/\/abstyleitalia.it\/pt-pt\/produtos\/"},{"@type":"ListItem","position":3,"name":"Slykolor \u2013 M\u00e1scara tonalizante"}]},{"@type":"WebSite","@id":"https:\/\/abstyleitalia.it\/pt-pt\/#website","url":"https:\/\/abstyleitalia.it\/pt-pt\/","name":"ABstyle","description":"One more time for you","publisher":{"@id":"https:\/\/abstyleitalia.it\/pt-pt\/#organization"},"potentialAction":[{"@type":"SearchAction","target":{"@type":"EntryPoint","urlTemplate":"https:\/\/abstyleitalia.it\/pt-pt\/?s={search_term_string}"},"query-input":{"@type":"PropertyValueSpecification","valueRequired":true,"valueName":"search_term_string"}}],"inLanguage":"pt-PT"},{"@type":"Organization","@id":"https:\/\/abstyleitalia.it\/pt-pt\/#organization","name":"ABSTYLE","url":"https:\/\/abstyleitalia.it\/pt-pt\/","logo":{"@type":"ImageObject","inLanguage":"pt-PT","@id":"https:\/\/abstyleitalia.it\/pt-pt\/#\/schema\/logo\/image\/","url":"https:\/\/abstyleitalia.it\/wp-content\/uploads\/2017\/11\/ab-style-logo-76x76.png","contentUrl":"https:\/\/abstyleitalia.it\/wp-content\/uploads\/2017\/11\/ab-style-logo-76x76.png","width":76,"height":76,"caption":"ABSTYLE"},"image":{"@id":"https:\/\/abstyleitalia.it\/pt-pt\/#\/schema\/logo\/image\/"}}]}},"_links":{"self":[{"href":"https:\/\/abstyleitalia.it\/pt-pt\/wp-json\/wp\/v2\/product\/3022","targetHints":{"allow":["GET"]}}],"collection":[{"href":"https:\/\/abstyleitalia.it\/pt-pt\/wp-json\/wp\/v2\/product"}],"about":[{"href":"https:\/\/abstyleitalia.it\/pt-pt\/wp-json\/wp\/v2\/types\/product"}],"replies":[{"embeddable":true,"href":"https:\/\/abstyleitalia.it\/pt-pt\/wp-json\/wp\/v2\/comments?post=3022"}],"wp:featuredmedia":[{"embeddable":true,"href":"https:\/\/abstyleitalia.it\/pt-pt\/wp-json\/wp\/v2\/media\/3789"}],"wp:attachment":[{"href":"https:\/\/abstyleitalia.it\/pt-pt\/wp-json\/wp\/v2\/media?parent=3022"}],"wp:term":[{"taxonomy":"product_brand","embeddable":true,"href":"https:\/\/abstyleitalia.it\/pt-pt\/wp-json\/wp\/v2\/product_brand?post=3022"},{"taxonomy":"product_cat","embeddable":true,"href":"https:\/\/abstyleitalia.it\/pt-pt\/wp-json\/wp\/v2\/product_cat?post=3022"},{"taxonomy":"product_tag","embeddable":true,"href":"https:\/\/abstyleitalia.it\/pt-pt\/wp-json\/wp\/v2\/product_tag?post=3022"}],"curies":[{"name":"wp","href":"https:\/\/api.w.org\/{rel}","templated":true}]}}