{"id":2788,"date":"2021-05-11T09:38:06","date_gmt":"2021-05-11T07:38:06","guid":{"rendered":"https:\/\/abstyleitalia.it\/the-abstyle\/"},"modified":"2022-05-25T14:13:17","modified_gmt":"2022-05-25T12:13:17","slug":"r-evolution-hair","status":"publish","type":"page","link":"https:\/\/abstyleitalia.it\/pt-pt\/r-evolution-hair\/","title":{"rendered":"R-Evolution Hair"},"content":{"rendered":"<div class=\"wpb-content-wrapper\"><p>[vc_row][vc_column css=&#8221;.vc_custom_1443017291685{padding-top: 0% !important;padding-right: 0% !important;padding-bottom: 0% !important;padding-left: 0% !important;}&#8221;][layerslider_vc id=&#8221;23&#8243;][\/vc_column][\/vc_row][vc_row][vc_column offset=&#8221;vc_hidden-sm vc_hidden-xs&#8221;][vc_row_inner][vc_column_inner width=&#8221;1\/2&#8243;][vc_single_image image=&#8221;2795&#8243; img_size=&#8221;1800&#215;920&#8243;][\/vc_column_inner][vc_column_inner width=&#8221;1\/2&#8243;][vc_column_text css=&#8221;.vc_custom_1650015885620{padding-top: 20% !important;}&#8221;]<\/p>\n<p><span style=\"font-weight: 400;\">Nossa miss\u00e3o \u00e9 derrubar os c\u00e2nones cl\u00e1ssicos do penteado e do tratamento do cabelo, oferecendo produtos sempre contempor\u00e2neos e apoiando os cabeleireiros num novo caminho estil\u00edstico criativo, n\u00e3o convencional e irreverente.<\/span><\/p>\n<p>[\/vc_column_text][\/vc_column_inner][\/vc_row_inner][vc_row_inner][vc_column_inner width=&#8221;1\/2&#8243;][vc_column_text css=&#8221;.vc_custom_1649320685852{padding-top: 10% !important;}&#8221;]<span style=\"font-weight: 400;\">Liberdade de express\u00e3o, experimenta\u00e7\u00e3o, n\u00e3o convencional \u2013 \u00e9 tudo em que acreditamos.<\/span><\/p>\n<p><span style=\"font-weight: 400;\">N\u00e3o h\u00e1 regras para o estilo, mas apenas m\u00faltiplas exce\u00e7\u00f5es para ousar e expressar todas as diferentes facetas da personalidade de uma pessoa.<\/span>[\/vc_column_text][\/vc_column_inner][vc_column_inner width=&#8221;1\/2&#8243;][vc_single_image image=&#8221;2796&#8243; img_size=&#8221;1800&#215;920&#8243;][\/vc_column_inner][\/vc_row_inner][\/vc_column][\/vc_row][vc_row][vc_column offset=&#8221;vc_hidden-lg vc_hidden-md&#8221;][vc_row_inner][vc_column_inner width=&#8221;1\/2&#8243;][vc_single_image image=&#8221;2795&#8243; img_size=&#8221;1800&#215;920&#8243;][\/vc_column_inner][vc_column_inner width=&#8221;1\/2&#8243;][vc_column_text]<\/p>\n<p><span style=\"font-weight: 400;\">Nossa miss\u00e3o \u00e9 derrubar os c\u00e2nones cl\u00e1ssicos do penteado e do tratamento do cabelo, oferecendo produtos sempre contempor\u00e2neos e apoiando os cabeleireiros num novo caminho estil\u00edstico criativo, n\u00e3o convencional e irreverente.<\/span><\/p>\n<p>[\/vc_column_text][\/vc_column_inner][\/vc_row_inner][vc_row_inner][vc_column_inner width=&#8221;1\/2&#8243;][vc_single_image image=&#8221;2796&#8243; img_size=&#8221;1800&#215;920&#8243;][\/vc_column_inner][vc_column_inner width=&#8221;1\/2&#8243;][vc_column_text]<span style=\"font-weight: 400;\">Liberdade de express\u00e3o, experimenta\u00e7\u00e3o, n\u00e3o convencional \u2013 \u00e9 tudo em que acreditamos.<\/span><\/p>\n<p><span style=\"font-weight: 400;\">N\u00e3o h\u00e1 regras para o estilo, mas apenas m\u00faltiplas exce\u00e7\u00f5es para ousar e expressar todas as diferentes facetas da personalidade de uma pessoa.<\/span>[\/vc_column_text][\/vc_column_inner][\/vc_row_inner][\/vc_column][\/vc_row][vc_row][vc_column][vc_separator][\/vc_column][\/vc_row][vc_row][vc_column][vc_column_text]<\/p>\n<p class=\"p1\"><img loading=\"lazy\" decoding=\"async\" class=\"wp-image-1862 alignleft\" src=\"https:\/\/abstyleitalia.it\/wp-content\/uploads\/2020\/06\/the_italian.png\" alt=\"\" width=\"176\" height=\"71\" srcset=\"https:\/\/abstyleitalia.it\/wp-content\/uploads\/2020\/06\/the_italian.png 1482w, https:\/\/abstyleitalia.it\/wp-content\/uploads\/2020\/06\/the_italian-600x243.png 600w, https:\/\/abstyleitalia.it\/wp-content\/uploads\/2020\/06\/the_italian-800x324.png 800w, https:\/\/abstyleitalia.it\/wp-content\/uploads\/2020\/06\/the_italian-768x311.png 768w\" sizes=\"auto, (max-width: 176px) 100vw, 176px\" \/><span style=\"font-weight: 400;\">Promovemos a liberdade em todas as suas formas e com os nossos produtos incentivamos a investiga\u00e7\u00e3o e a express\u00e3o m\u00e1xima da personalidade fora dos c\u00e2nones cl\u00e1ssicos da beleza.Apoiamos a originalidade, o novo provocativo, a experimenta\u00e7\u00e3o que ajuda a definir novos paradigmas para exaltar o esp\u00edrito rebelde de cada um.<\/span><\/p>\n<p>[\/vc_column_text][\/vc_column][\/vc_row]<\/p>\n<\/div>","protected":false},"excerpt":{"rendered":"<p>[vc_row][vc_column css=&#8221;.vc_custom_1443017291685{padding-top: 0% !important;padding-right: 0% !important;padding-bottom: 0% !important;padding-left: 0% !important;}&#8221;][layerslider_vc id=&#8221;23&#8243;][\/vc_column][\/vc_row][vc_row][vc_column offset=&#8221;vc_hidden-sm vc_hidden-xs&#8221;][vc_row_inner][vc_column_inner width=&#8221;1\/2&#8243;][vc_single_image image=&#8221;2795&#8243; img_size=&#8221;1800&#215;920&#8243;][\/vc_column_inner][vc_column_inner width=&#8221;1\/2&#8243;][vc_column_text css=&#8221;.vc_custom_1650015885620{padding-top: 20% !important;}&#8221;] Nossa miss\u00e3o \u00e9 derrubar os c\u00e2nones cl\u00e1ssicos do penteado e do tratamento do cabelo, oferecendo produtos sempre contempor\u00e2neos e apoiando os cabeleireiros num novo caminho estil\u00edstico criativo, n\u00e3o convencional e irreverente. [\/vc_column_text][\/vc_column_inner][\/vc_row_inner][vc_row_inner][vc_column_inner width=&#8221;1\/2&#8243;][vc_column_text css=&#8221;.vc_custom_1649320685852{padding-top: 10%&hellip;<\/p>\n","protected":false},"author":4,"featured_media":0,"parent":0,"menu_order":0,"comment_status":"closed","ping_status":"closed","template":"","meta":{"footnotes":""},"class_list":["post-2788","page","type-page","status-publish","hentry","description-off"],"yoast_head":"<!-- This site is optimized with the Yoast SEO plugin v26.8 - https:\/\/yoast.com\/product\/yoast-seo-wordpress\/ -->\n<title>The ABstyle Comprof | About us<\/title>\n<meta name=\"description\" content=\"N\u00e3o se trata apenas de produtos capilares, mas tamb\u00e9m de uma tend\u00eancia, de inspira\u00e7\u00e3o e de estilo\u2026The ABstyle.\" \/>\n<meta name=\"robots\" content=\"index, follow, max-snippet:-1, max-image-preview:large, max-video-preview:-1\" \/>\n<link rel=\"canonical\" href=\"https:\/\/abstyleitalia.it\/pt-pt\/r-evolution-hair\/\" \/>\n<meta property=\"og:locale\" content=\"pt_PT\" \/>\n<meta property=\"og:type\" content=\"article\" \/>\n<meta property=\"og:title\" content=\"The ABstyle Comprof | About us\" \/>\n<meta property=\"og:description\" content=\"N\u00e3o se trata apenas de produtos capilares, mas tamb\u00e9m de uma tend\u00eancia, de inspira\u00e7\u00e3o e de estilo\u2026The ABstyle.\" \/>\n<meta property=\"og:url\" content=\"https:\/\/abstyleitalia.it\/pt-pt\/r-evolution-hair\/\" \/>\n<meta property=\"og:site_name\" content=\"ABstyle\" \/>\n<meta property=\"article:modified_time\" content=\"2022-05-25T12:13:17+00:00\" \/>\n<meta property=\"og:image\" content=\"https:\/\/abstyleitalia.it\/wp-content\/uploads\/2020\/06\/the_italian.png\" \/>\n<meta name=\"twitter:card\" content=\"summary_large_image\" \/>\n<meta name=\"twitter:label1\" content=\"Tempo estimado de leitura\" \/>\n\t<meta name=\"twitter:data1\" content=\"2 minutos\" \/>\n<script type=\"application\/ld+json\" class=\"yoast-schema-graph\">{\"@context\":\"https:\/\/schema.org\",\"@graph\":[{\"@type\":\"WebPage\",\"@id\":\"https:\/\/abstyleitalia.it\/pt-pt\/r-evolution-hair\/\",\"url\":\"https:\/\/abstyleitalia.it\/pt-pt\/r-evolution-hair\/\",\"name\":\"The ABstyle Comprof | About us\",\"isPartOf\":{\"@id\":\"https:\/\/abstyleitalia.it\/pt-pt\/#website\"},\"primaryImageOfPage\":{\"@id\":\"https:\/\/abstyleitalia.it\/pt-pt\/r-evolution-hair\/#primaryimage\"},\"image\":{\"@id\":\"https:\/\/abstyleitalia.it\/pt-pt\/r-evolution-hair\/#primaryimage\"},\"thumbnailUrl\":\"https:\/\/abstyleitalia.it\/wp-content\/uploads\/2020\/06\/the_italian.png\",\"datePublished\":\"2021-05-11T07:38:06+00:00\",\"dateModified\":\"2022-05-25T12:13:17+00:00\",\"description\":\"N\u00e3o se trata apenas de produtos capilares, mas tamb\u00e9m de uma tend\u00eancia, de inspira\u00e7\u00e3o e de estilo\u2026The ABstyle.\",\"breadcrumb\":{\"@id\":\"https:\/\/abstyleitalia.it\/pt-pt\/r-evolution-hair\/#breadcrumb\"},\"inLanguage\":\"pt-PT\",\"potentialAction\":[{\"@type\":\"ReadAction\",\"target\":[\"https:\/\/abstyleitalia.it\/pt-pt\/r-evolution-hair\/\"]}]},{\"@type\":\"ImageObject\",\"inLanguage\":\"pt-PT\",\"@id\":\"https:\/\/abstyleitalia.it\/pt-pt\/r-evolution-hair\/#primaryimage\",\"url\":\"https:\/\/abstyleitalia.it\/wp-content\/uploads\/2020\/06\/the_italian.png\",\"contentUrl\":\"https:\/\/abstyleitalia.it\/wp-content\/uploads\/2020\/06\/the_italian.png\"},{\"@type\":\"BreadcrumbList\",\"@id\":\"https:\/\/abstyleitalia.it\/pt-pt\/r-evolution-hair\/#breadcrumb\",\"itemListElement\":[{\"@type\":\"ListItem\",\"position\":1,\"name\":\"Home\",\"item\":\"https:\/\/abstyleitalia.it\/pt-pt\/\"},{\"@type\":\"ListItem\",\"position\":2,\"name\":\"R-Evolution Hair\"}]},{\"@type\":\"WebSite\",\"@id\":\"https:\/\/abstyleitalia.it\/pt-pt\/#website\",\"url\":\"https:\/\/abstyleitalia.it\/pt-pt\/\",\"name\":\"ABstyle\",\"description\":\"One more time for you\",\"publisher\":{\"@id\":\"https:\/\/abstyleitalia.it\/pt-pt\/#organization\"},\"potentialAction\":[{\"@type\":\"SearchAction\",\"target\":{\"@type\":\"EntryPoint\",\"urlTemplate\":\"https:\/\/abstyleitalia.it\/pt-pt\/?s={search_term_string}\"},\"query-input\":{\"@type\":\"PropertyValueSpecification\",\"valueRequired\":true,\"valueName\":\"search_term_string\"}}],\"inLanguage\":\"pt-PT\"},{\"@type\":\"Organization\",\"@id\":\"https:\/\/abstyleitalia.it\/pt-pt\/#organization\",\"name\":\"ABSTYLE\",\"url\":\"https:\/\/abstyleitalia.it\/pt-pt\/\",\"logo\":{\"@type\":\"ImageObject\",\"inLanguage\":\"pt-PT\",\"@id\":\"https:\/\/abstyleitalia.it\/pt-pt\/#\/schema\/logo\/image\/\",\"url\":\"https:\/\/abstyleitalia.it\/wp-content\/uploads\/2017\/11\/ab-style-logo-76x76.png\",\"contentUrl\":\"https:\/\/abstyleitalia.it\/wp-content\/uploads\/2017\/11\/ab-style-logo-76x76.png\",\"width\":76,\"height\":76,\"caption\":\"ABSTYLE\"},\"image\":{\"@id\":\"https:\/\/abstyleitalia.it\/pt-pt\/#\/schema\/logo\/image\/\"}}]}<\/script>\n<!-- \/ Yoast SEO plugin. -->","yoast_head_json":{"title":"The ABstyle Comprof | About us","description":"N\u00e3o se trata apenas de produtos capilares, mas tamb\u00e9m de uma tend\u00eancia, de inspira\u00e7\u00e3o e de estilo\u2026The ABstyle.","robots":{"index":"index","follow":"follow","max-snippet":"max-snippet:-1","max-image-preview":"max-image-preview:large","max-video-preview":"max-video-preview:-1"},"canonical":"https:\/\/abstyleitalia.it\/pt-pt\/r-evolution-hair\/","og_locale":"pt_PT","og_type":"article","og_title":"The ABstyle Comprof | About us","og_description":"N\u00e3o se trata apenas de produtos capilares, mas tamb\u00e9m de uma tend\u00eancia, de inspira\u00e7\u00e3o e de estilo\u2026The ABstyle.","og_url":"https:\/\/abstyleitalia.it\/pt-pt\/r-evolution-hair\/","og_site_name":"ABstyle","article_modified_time":"2022-05-25T12:13:17+00:00","og_image":[{"url":"https:\/\/abstyleitalia.it\/wp-content\/uploads\/2020\/06\/the_italian.png","type":"","width":"","height":""}],"twitter_card":"summary_large_image","twitter_misc":{"Tempo estimado de leitura":"2 minutos"},"schema":{"@context":"https:\/\/schema.org","@graph":[{"@type":"WebPage","@id":"https:\/\/abstyleitalia.it\/pt-pt\/r-evolution-hair\/","url":"https:\/\/abstyleitalia.it\/pt-pt\/r-evolution-hair\/","name":"The ABstyle Comprof | About us","isPartOf":{"@id":"https:\/\/abstyleitalia.it\/pt-pt\/#website"},"primaryImageOfPage":{"@id":"https:\/\/abstyleitalia.it\/pt-pt\/r-evolution-hair\/#primaryimage"},"image":{"@id":"https:\/\/abstyleitalia.it\/pt-pt\/r-evolution-hair\/#primaryimage"},"thumbnailUrl":"https:\/\/abstyleitalia.it\/wp-content\/uploads\/2020\/06\/the_italian.png","datePublished":"2021-05-11T07:38:06+00:00","dateModified":"2022-05-25T12:13:17+00:00","description":"N\u00e3o se trata apenas de produtos capilares, mas tamb\u00e9m de uma tend\u00eancia, de inspira\u00e7\u00e3o e de estilo\u2026The ABstyle.","breadcrumb":{"@id":"https:\/\/abstyleitalia.it\/pt-pt\/r-evolution-hair\/#breadcrumb"},"inLanguage":"pt-PT","potentialAction":[{"@type":"ReadAction","target":["https:\/\/abstyleitalia.it\/pt-pt\/r-evolution-hair\/"]}]},{"@type":"ImageObject","inLanguage":"pt-PT","@id":"https:\/\/abstyleitalia.it\/pt-pt\/r-evolution-hair\/#primaryimage","url":"https:\/\/abstyleitalia.it\/wp-content\/uploads\/2020\/06\/the_italian.png","contentUrl":"https:\/\/abstyleitalia.it\/wp-content\/uploads\/2020\/06\/the_italian.png"},{"@type":"BreadcrumbList","@id":"https:\/\/abstyleitalia.it\/pt-pt\/r-evolution-hair\/#breadcrumb","itemListElement":[{"@type":"ListItem","position":1,"name":"Home","item":"https:\/\/abstyleitalia.it\/pt-pt\/"},{"@type":"ListItem","position":2,"name":"R-Evolution Hair"}]},{"@type":"WebSite","@id":"https:\/\/abstyleitalia.it\/pt-pt\/#website","url":"https:\/\/abstyleitalia.it\/pt-pt\/","name":"ABstyle","description":"One more time for you","publisher":{"@id":"https:\/\/abstyleitalia.it\/pt-pt\/#organization"},"potentialAction":[{"@type":"SearchAction","target":{"@type":"EntryPoint","urlTemplate":"https:\/\/abstyleitalia.it\/pt-pt\/?s={search_term_string}"},"query-input":{"@type":"PropertyValueSpecification","valueRequired":true,"valueName":"search_term_string"}}],"inLanguage":"pt-PT"},{"@type":"Organization","@id":"https:\/\/abstyleitalia.it\/pt-pt\/#organization","name":"ABSTYLE","url":"https:\/\/abstyleitalia.it\/pt-pt\/","logo":{"@type":"ImageObject","inLanguage":"pt-PT","@id":"https:\/\/abstyleitalia.it\/pt-pt\/#\/schema\/logo\/image\/","url":"https:\/\/abstyleitalia.it\/wp-content\/uploads\/2017\/11\/ab-style-logo-76x76.png","contentUrl":"https:\/\/abstyleitalia.it\/wp-content\/uploads\/2017\/11\/ab-style-logo-76x76.png","width":76,"height":76,"caption":"ABSTYLE"},"image":{"@id":"https:\/\/abstyleitalia.it\/pt-pt\/#\/schema\/logo\/image\/"}}]}},"_links":{"self":[{"href":"https:\/\/abstyleitalia.it\/pt-pt\/wp-json\/wp\/v2\/pages\/2788","targetHints":{"allow":["GET"]}}],"collection":[{"href":"https:\/\/abstyleitalia.it\/pt-pt\/wp-json\/wp\/v2\/pages"}],"about":[{"href":"https:\/\/abstyleitalia.it\/pt-pt\/wp-json\/wp\/v2\/types\/page"}],"author":[{"embeddable":true,"href":"https:\/\/abstyleitalia.it\/pt-pt\/wp-json\/wp\/v2\/users\/4"}],"replies":[{"embeddable":true,"href":"https:\/\/abstyleitalia.it\/pt-pt\/wp-json\/wp\/v2\/comments?post=2788"}],"version-history":[{"count":12,"href":"https:\/\/abstyleitalia.it\/pt-pt\/wp-json\/wp\/v2\/pages\/2788\/revisions"}],"predecessor-version":[{"id":3643,"href":"https:\/\/abstyleitalia.it\/pt-pt\/wp-json\/wp\/v2\/pages\/2788\/revisions\/3643"}],"wp:attachment":[{"href":"https:\/\/abstyleitalia.it\/pt-pt\/wp-json\/wp\/v2\/media?parent=2788"}],"curies":[{"name":"wp","href":"https:\/\/api.w.org\/{rel}","templated":true}]}}