{"id":2737,"date":"2021-05-10T15:57:48","date_gmt":"2021-05-10T13:57:48","guid":{"rendered":"https:\/\/abstyleitalia.it\/contactos\/"},"modified":"2026-04-09T15:48:58","modified_gmt":"2026-04-09T13:48:58","slug":"contactos","status":"publish","type":"page","link":"https:\/\/abstyleitalia.it\/pt-pt\/contactos\/","title":{"rendered":"Contacts"},"content":{"rendered":"<div class=\"wpb-content-wrapper\"><p>[vc_row][vc_column width=&#8221;2\/3&#8243;][vc_column_text]Se quiser fazer um pedido espec\u00edfico, colocar uma pergunta ou pedir informa\u00e7\u00f5es, preencha o formul\u00e1rio e entraremos em contacto o mais r\u00e1pido poss\u00edvel:[\/vc_column_text][vc_raw_html css=&#8221;&#8221;]JTNDJTIxLS0lMjBDdXN0b20lMjBGb3JtJTNBJTIwQUJTdHlsZSUyMFBUJTIwLS0lM0UlMEElM0NsaW5rJTIwcmVsJTNEJTIyc3R5bGVzaGVldCUyMiUyMGhyZWYlM0QlMjJodHRwcyUzQSUyRiUyRmhlbHBkZXNrLmNvbXByb2YuaXQlMkZhc3NldHMlMkZjdXN0b20tZm9ybSUyRmN1c3RvbS1mb3JtLmNzcyUyMiUzRSUwQSUzQ2RpdiUyMGlkJTNEJTIyY3VzdG9tLWZvcm0tUWVVQ0xiaE8lMjIlM0UlM0MlMkZkaXYlM0UlMEElM0NzY3JpcHQlMjBzcmMlM0QlMjJodHRwcyUzQSUyRiUyRmhlbHBkZXNrLmNvbXByb2YuaXQlMkZhc3NldHMlMkZjdXN0b20tZm9ybSUyRmN1c3RvbS1mb3JtLmpzJTIyJTNFJTNDJTJGc2NyaXB0JTNFJTBBJTNDc2NyaXB0JTNFJTBBJTIwJTIwWmFtbWFkQ3VzdG9tRm9ybS5pbml0JTI4JTdCJTBBJTIwJTIwJTIwJTIwZWwlM0ElMjAlMjAlMjAlMjAlMjAlMjAlMjclMjNjdXN0b20tZm9ybS1RZVVDTGJoTyUyNyUyQyUwQSUyMCUyMCUyMCUyMHRva2VuJTNBJTIwJTIwJTIwJTI3UWVVQ0xiaE9WbTZlQnAwTGxaM05JcUdyODlwRGJOa0ZuSERoNEJXR2RLQmxEdHpkRnlJeDR2VVQ4ekxJUDlhQiUyNyUyQyUwQSUyMCUyMCUyMCUyMGJhc2VVcmwlM0ElMjAlMjdodHRwcyUzQSUyRiUyRmhlbHBkZXNrLmNvbXByb2YuaXQlMjclMEElMjAlMjAlN0QlMjklM0IlMEElM0MlMkZzY3JpcHQlM0U=[\/vc_raw_html][vc_separator][vc_column_text]<\/p>\n<p style=\"text-align: left;\"><img loading=\"lazy\" decoding=\"async\" class=\"wp-image-1578 alignleft\" src=\"https:\/\/abstyleitalia.it\/wp-content\/uploads\/2019\/03\/icon_download_catalog_ab.png\" alt=\"\" width=\"25\" height=\"25\" \/> \u00a0<a href=\"https:\/\/comprof.it\/cataloghi\/abstyle\/abstyle_products_book.pdf\" target=\"_blank\" rel=\"nofollow noopener\">Descargar cat\u00e1logo de productos<\/a><\/p>\n<p>[\/vc_column_text][\/vc_column][vc_column width=&#8221;1\/3&#8243;][vc_single_image image=&#8221;2741&#8243; img_size=&#8221;full&#8221;][\/vc_column][\/vc_row]<\/p>\n<\/div>","protected":false},"excerpt":{"rendered":"<p>[vc_row][vc_column width=&#8221;2\/3&#8243;][vc_column_text]Se quiser fazer um pedido espec\u00edfico, colocar uma pergunta ou pedir informa\u00e7\u00f5es, preencha o formul\u00e1rio e entraremos em contacto o mais r\u00e1pido poss\u00edvel:[\/vc_column_text][vc_raw_html css=&#8221;&#8221;]JTNDJTIxLS0lMjBDdXN0b20lMjBGb3JtJTNBJTIwQUJTdHlsZSUyMFBUJTIwLS0lM0UlMEElM0NsaW5rJTIwcmVsJTNEJTIyc3R5bGVzaGVldCUyMiUyMGhyZWYlM0QlMjJodHRwcyUzQSUyRiUyRmhlbHBkZXNrLmNvbXByb2YuaXQlMkZhc3NldHMlMkZjdXN0b20tZm9ybSUyRmN1c3RvbS1mb3JtLmNzcyUyMiUzRSUwQSUzQ2RpdiUyMGlkJTNEJTIyY3VzdG9tLWZvcm0tUWVVQ0xiaE8lMjIlM0UlM0MlMkZkaXYlM0UlMEElM0NzY3JpcHQlMjBzcmMlM0QlMjJodHRwcyUzQSUyRiUyRmhlbHBkZXNrLmNvbXByb2YuaXQlMkZhc3NldHMlMkZjdXN0b20tZm9ybSUyRmN1c3RvbS1mb3JtLmpzJTIyJTNFJTNDJTJGc2NyaXB0JTNFJTBBJTNDc2NyaXB0JTNFJTBBJTIwJTIwWmFtbWFkQ3VzdG9tRm9ybS5pbml0JTI4JTdCJTBBJTIwJTIwJTIwJTIwZWwlM0ElMjAlMjAlMjAlMjAlMjAlMjAlMjclMjNjdXN0b20tZm9ybS1RZVVDTGJoTyUyNyUyQyUwQSUyMCUyMCUyMCUyMHRva2VuJTNBJTIwJTIwJTIwJTI3UWVVQ0xiaE9WbTZlQnAwTGxaM05JcUdyODlwRGJOa0ZuSERoNEJXR2RLQmxEdHpkRnlJeDR2VVQ4ekxJUDlhQiUyNyUyQyUwQSUyMCUyMCUyMCUyMGJhc2VVcmwlM0ElMjAlMjdodHRwcyUzQSUyRiUyRmhlbHBkZXNrLmNvbXByb2YuaXQlMjclMEElMjAlMjAlN0QlMjklM0IlMEElM0MlMkZzY3JpcHQlM0U=[\/vc_raw_html][vc_separator][vc_column_text] \u00a0Descargar cat\u00e1logo de productos [\/vc_column_text][\/vc_column][vc_column width=&#8221;1\/3&#8243;][vc_single_image image=&#8221;2741&#8243; img_size=&#8221;full&#8221;][\/vc_column][\/vc_row]<\/p>\n","protected":false},"author":4,"featured_media":0,"parent":0,"menu_order":0,"comment_status":"closed","ping_status":"closed","template":"","meta":{"footnotes":""},"class_list":["post-2737","page","type-page","status-publish","hentry","description-off"],"yoast_head":"<!-- This site is optimized with the Yoast SEO plugin v26.8 - https:\/\/yoast.com\/product\/yoast-seo-wordpress\/ -->\n<title>Contacts | ABstyle<\/title>\n<meta name=\"description\" content=\"Se quiser fazer um pedido espec\u00edfico, colocar uma pergunta ou pedir informa\u00e7\u00f5es, preencha o formul\u00e1rio e entraremos em contacto o mais r\u00e1pido poss\u00edvel.\" \/>\n<meta name=\"robots\" content=\"index, follow, max-snippet:-1, max-image-preview:large, max-video-preview:-1\" \/>\n<link rel=\"canonical\" href=\"https:\/\/abstyleitalia.it\/pt-pt\/contactos\/\" \/>\n<meta property=\"og:locale\" content=\"pt_PT\" \/>\n<meta property=\"og:type\" content=\"article\" \/>\n<meta property=\"og:title\" content=\"Contacts | ABstyle\" \/>\n<meta property=\"og:description\" content=\"Se quiser fazer um pedido espec\u00edfico, colocar uma pergunta ou pedir informa\u00e7\u00f5es, preencha o formul\u00e1rio e entraremos em contacto o mais r\u00e1pido poss\u00edvel.\" \/>\n<meta property=\"og:url\" content=\"https:\/\/abstyleitalia.it\/pt-pt\/contactos\/\" \/>\n<meta property=\"og:site_name\" content=\"ABstyle\" \/>\n<meta property=\"article:modified_time\" content=\"2026-04-09T13:48:58+00:00\" \/>\n<meta property=\"og:image\" content=\"https:\/\/abstyleitalia.it\/wp-content\/uploads\/2019\/03\/icon_download_catalog_ab.png\" \/>\n\t<meta property=\"og:image:width\" content=\"40\" \/>\n\t<meta property=\"og:image:height\" content=\"40\" \/>\n\t<meta property=\"og:image:type\" content=\"image\/png\" \/>\n<meta name=\"twitter:card\" content=\"summary_large_image\" \/>\n<meta name=\"twitter:label1\" content=\"Tempo estimado de leitura\" \/>\n\t<meta name=\"twitter:data1\" content=\"1 minuto\" \/>\n<script type=\"application\/ld+json\" class=\"yoast-schema-graph\">{\"@context\":\"https:\/\/schema.org\",\"@graph\":[{\"@type\":\"WebPage\",\"@id\":\"https:\/\/abstyleitalia.it\/pt-pt\/contactos\/\",\"url\":\"https:\/\/abstyleitalia.it\/pt-pt\/contactos\/\",\"name\":\"Contacts | ABstyle\",\"isPartOf\":{\"@id\":\"https:\/\/abstyleitalia.it\/pt-pt\/#website\"},\"primaryImageOfPage\":{\"@id\":\"https:\/\/abstyleitalia.it\/pt-pt\/contactos\/#primaryimage\"},\"image\":{\"@id\":\"https:\/\/abstyleitalia.it\/pt-pt\/contactos\/#primaryimage\"},\"thumbnailUrl\":\"https:\/\/abstyleitalia.it\/wp-content\/uploads\/2019\/03\/icon_download_catalog_ab.png\",\"datePublished\":\"2021-05-10T13:57:48+00:00\",\"dateModified\":\"2026-04-09T13:48:58+00:00\",\"description\":\"Se quiser fazer um pedido espec\u00edfico, colocar uma pergunta ou pedir informa\u00e7\u00f5es, preencha o formul\u00e1rio e entraremos em contacto o mais r\u00e1pido poss\u00edvel.\",\"breadcrumb\":{\"@id\":\"https:\/\/abstyleitalia.it\/pt-pt\/contactos\/#breadcrumb\"},\"inLanguage\":\"pt-PT\",\"potentialAction\":[{\"@type\":\"ReadAction\",\"target\":[\"https:\/\/abstyleitalia.it\/pt-pt\/contactos\/\"]}]},{\"@type\":\"ImageObject\",\"inLanguage\":\"pt-PT\",\"@id\":\"https:\/\/abstyleitalia.it\/pt-pt\/contactos\/#primaryimage\",\"url\":\"https:\/\/abstyleitalia.it\/wp-content\/uploads\/2019\/03\/icon_download_catalog_ab.png\",\"contentUrl\":\"https:\/\/abstyleitalia.it\/wp-content\/uploads\/2019\/03\/icon_download_catalog_ab.png\"},{\"@type\":\"BreadcrumbList\",\"@id\":\"https:\/\/abstyleitalia.it\/pt-pt\/contactos\/#breadcrumb\",\"itemListElement\":[{\"@type\":\"ListItem\",\"position\":1,\"name\":\"Home\",\"item\":\"https:\/\/abstyleitalia.it\/pt-pt\/\"},{\"@type\":\"ListItem\",\"position\":2,\"name\":\"Contacts\"}]},{\"@type\":\"WebSite\",\"@id\":\"https:\/\/abstyleitalia.it\/pt-pt\/#website\",\"url\":\"https:\/\/abstyleitalia.it\/pt-pt\/\",\"name\":\"ABstyle\",\"description\":\"One more time for you\",\"publisher\":{\"@id\":\"https:\/\/abstyleitalia.it\/pt-pt\/#organization\"},\"potentialAction\":[{\"@type\":\"SearchAction\",\"target\":{\"@type\":\"EntryPoint\",\"urlTemplate\":\"https:\/\/abstyleitalia.it\/pt-pt\/?s={search_term_string}\"},\"query-input\":{\"@type\":\"PropertyValueSpecification\",\"valueRequired\":true,\"valueName\":\"search_term_string\"}}],\"inLanguage\":\"pt-PT\"},{\"@type\":\"Organization\",\"@id\":\"https:\/\/abstyleitalia.it\/pt-pt\/#organization\",\"name\":\"ABSTYLE\",\"url\":\"https:\/\/abstyleitalia.it\/pt-pt\/\",\"logo\":{\"@type\":\"ImageObject\",\"inLanguage\":\"pt-PT\",\"@id\":\"https:\/\/abstyleitalia.it\/pt-pt\/#\/schema\/logo\/image\/\",\"url\":\"https:\/\/abstyleitalia.it\/wp-content\/uploads\/2017\/11\/ab-style-logo-76x76.png\",\"contentUrl\":\"https:\/\/abstyleitalia.it\/wp-content\/uploads\/2017\/11\/ab-style-logo-76x76.png\",\"width\":76,\"height\":76,\"caption\":\"ABSTYLE\"},\"image\":{\"@id\":\"https:\/\/abstyleitalia.it\/pt-pt\/#\/schema\/logo\/image\/\"}}]}<\/script>\n<!-- \/ Yoast SEO plugin. -->","yoast_head_json":{"title":"Contacts | ABstyle","description":"Se quiser fazer um pedido espec\u00edfico, colocar uma pergunta ou pedir informa\u00e7\u00f5es, preencha o formul\u00e1rio e entraremos em contacto o mais r\u00e1pido poss\u00edvel.","robots":{"index":"index","follow":"follow","max-snippet":"max-snippet:-1","max-image-preview":"max-image-preview:large","max-video-preview":"max-video-preview:-1"},"canonical":"https:\/\/abstyleitalia.it\/pt-pt\/contactos\/","og_locale":"pt_PT","og_type":"article","og_title":"Contacts | ABstyle","og_description":"Se quiser fazer um pedido espec\u00edfico, colocar uma pergunta ou pedir informa\u00e7\u00f5es, preencha o formul\u00e1rio e entraremos em contacto o mais r\u00e1pido poss\u00edvel.","og_url":"https:\/\/abstyleitalia.it\/pt-pt\/contactos\/","og_site_name":"ABstyle","article_modified_time":"2026-04-09T13:48:58+00:00","og_image":[{"width":40,"height":40,"url":"https:\/\/abstyleitalia.it\/wp-content\/uploads\/2019\/03\/icon_download_catalog_ab.png","type":"image\/png"}],"twitter_card":"summary_large_image","twitter_misc":{"Tempo estimado de leitura":"1 minuto"},"schema":{"@context":"https:\/\/schema.org","@graph":[{"@type":"WebPage","@id":"https:\/\/abstyleitalia.it\/pt-pt\/contactos\/","url":"https:\/\/abstyleitalia.it\/pt-pt\/contactos\/","name":"Contacts | ABstyle","isPartOf":{"@id":"https:\/\/abstyleitalia.it\/pt-pt\/#website"},"primaryImageOfPage":{"@id":"https:\/\/abstyleitalia.it\/pt-pt\/contactos\/#primaryimage"},"image":{"@id":"https:\/\/abstyleitalia.it\/pt-pt\/contactos\/#primaryimage"},"thumbnailUrl":"https:\/\/abstyleitalia.it\/wp-content\/uploads\/2019\/03\/icon_download_catalog_ab.png","datePublished":"2021-05-10T13:57:48+00:00","dateModified":"2026-04-09T13:48:58+00:00","description":"Se quiser fazer um pedido espec\u00edfico, colocar uma pergunta ou pedir informa\u00e7\u00f5es, preencha o formul\u00e1rio e entraremos em contacto o mais r\u00e1pido poss\u00edvel.","breadcrumb":{"@id":"https:\/\/abstyleitalia.it\/pt-pt\/contactos\/#breadcrumb"},"inLanguage":"pt-PT","potentialAction":[{"@type":"ReadAction","target":["https:\/\/abstyleitalia.it\/pt-pt\/contactos\/"]}]},{"@type":"ImageObject","inLanguage":"pt-PT","@id":"https:\/\/abstyleitalia.it\/pt-pt\/contactos\/#primaryimage","url":"https:\/\/abstyleitalia.it\/wp-content\/uploads\/2019\/03\/icon_download_catalog_ab.png","contentUrl":"https:\/\/abstyleitalia.it\/wp-content\/uploads\/2019\/03\/icon_download_catalog_ab.png"},{"@type":"BreadcrumbList","@id":"https:\/\/abstyleitalia.it\/pt-pt\/contactos\/#breadcrumb","itemListElement":[{"@type":"ListItem","position":1,"name":"Home","item":"https:\/\/abstyleitalia.it\/pt-pt\/"},{"@type":"ListItem","position":2,"name":"Contacts"}]},{"@type":"WebSite","@id":"https:\/\/abstyleitalia.it\/pt-pt\/#website","url":"https:\/\/abstyleitalia.it\/pt-pt\/","name":"ABstyle","description":"One more time for you","publisher":{"@id":"https:\/\/abstyleitalia.it\/pt-pt\/#organization"},"potentialAction":[{"@type":"SearchAction","target":{"@type":"EntryPoint","urlTemplate":"https:\/\/abstyleitalia.it\/pt-pt\/?s={search_term_string}"},"query-input":{"@type":"PropertyValueSpecification","valueRequired":true,"valueName":"search_term_string"}}],"inLanguage":"pt-PT"},{"@type":"Organization","@id":"https:\/\/abstyleitalia.it\/pt-pt\/#organization","name":"ABSTYLE","url":"https:\/\/abstyleitalia.it\/pt-pt\/","logo":{"@type":"ImageObject","inLanguage":"pt-PT","@id":"https:\/\/abstyleitalia.it\/pt-pt\/#\/schema\/logo\/image\/","url":"https:\/\/abstyleitalia.it\/wp-content\/uploads\/2017\/11\/ab-style-logo-76x76.png","contentUrl":"https:\/\/abstyleitalia.it\/wp-content\/uploads\/2017\/11\/ab-style-logo-76x76.png","width":76,"height":76,"caption":"ABSTYLE"},"image":{"@id":"https:\/\/abstyleitalia.it\/pt-pt\/#\/schema\/logo\/image\/"}}]}},"_links":{"self":[{"href":"https:\/\/abstyleitalia.it\/pt-pt\/wp-json\/wp\/v2\/pages\/2737","targetHints":{"allow":["GET"]}}],"collection":[{"href":"https:\/\/abstyleitalia.it\/pt-pt\/wp-json\/wp\/v2\/pages"}],"about":[{"href":"https:\/\/abstyleitalia.it\/pt-pt\/wp-json\/wp\/v2\/types\/page"}],"author":[{"embeddable":true,"href":"https:\/\/abstyleitalia.it\/pt-pt\/wp-json\/wp\/v2\/users\/4"}],"replies":[{"embeddable":true,"href":"https:\/\/abstyleitalia.it\/pt-pt\/wp-json\/wp\/v2\/comments?post=2737"}],"version-history":[{"count":34,"href":"https:\/\/abstyleitalia.it\/pt-pt\/wp-json\/wp\/v2\/pages\/2737\/revisions"}],"predecessor-version":[{"id":5176,"href":"https:\/\/abstyleitalia.it\/pt-pt\/wp-json\/wp\/v2\/pages\/2737\/revisions\/5176"}],"wp:attachment":[{"href":"https:\/\/abstyleitalia.it\/pt-pt\/wp-json\/wp\/v2\/media?parent=2737"}],"curies":[{"name":"wp","href":"https:\/\/api.w.org\/{rel}","templated":true}]}}